{"id":15,"date":"2019-06-25T17:01:30","date_gmt":"2019-06-25T15:01:30","guid":{"rendered":"https:\/\/ffyh.unc.edu.ar\/academica\/?page_id=15"},"modified":"2025-08-21T13:59:24","modified_gmt":"2025-08-21T16:59:24","slug":"institucional","status":"publish","type":"page","link":"https:\/\/ffyh.unc.edu.ar\/academica\/institucional\/","title":{"rendered":"Institucional"},"content":{"rendered":"\t\t<div data-elementor-type=\"wp-page\" data-elementor-id=\"15\" class=\"elementor elementor-15\">\n\t\t\t\t\t\t<section class=\"elementor-section elementor-top-section elementor-element elementor-element-84c5aaa elementor-section-boxed elementor-section-height-default elementor-section-height-default\" data-id=\"84c5aaa\" data-element_type=\"section\" data-e-type=\"section\">\n\t\t\t\t\t\t<div class=\"elementor-container elementor-column-gap-default\">\n\t\t\t\t\t<div class=\"elementor-column elementor-col-33 elementor-top-column elementor-element elementor-element-a770efd\" data-id=\"a770efd\" data-element_type=\"column\" data-e-type=\"column\">\n\t\t\t<div class=\"elementor-widget-wrap elementor-element-populated\">\n\t\t\t\t\t\t<div class=\"elementor-element elementor-element-cab268c elementor-view-default elementor-invisible elementor-widget elementor-widget-icon\" data-id=\"cab268c\" data-element_type=\"widget\" data-e-type=\"widget\" data-settings=\"{&quot;_animation&quot;:&quot;fadeInLeft&quot;}\" data-widget_type=\"icon.default\">\n\t\t\t\t<div class=\"elementor-widget-container\">\n\t\t\t\t\t\t\t<div class=\"elementor-icon-wrapper\">\n\t\t\t<div class=\"elementor-icon\">\n\t\t\t<i aria-hidden=\"true\" class=\"fas fa-angle-double-right\"><\/i>\t\t\t<\/div>\n\t\t<\/div>\n\t\t\t\t\t\t<\/div>\n\t\t\t\t<\/div>\n\t\t\t\t\t<\/div>\n\t\t<\/div>\n\t\t\t\t<div class=\"elementor-column elementor-col-66 elementor-top-column elementor-element elementor-element-9c83d5f\" data-id=\"9c83d5f\" data-element_type=\"column\" data-e-type=\"column\">\n\t\t\t<div class=\"elementor-widget-wrap elementor-element-populated\">\n\t\t\t\t\t\t<div class=\"elementor-element elementor-element-7f57772 elementor-widget elementor-widget-heading\" data-id=\"7f57772\" data-element_type=\"widget\" data-e-type=\"widget\" data-widget_type=\"heading.default\">\n\t\t\t\t<div class=\"elementor-widget-container\">\n\t\t\t\t\t<h2 class=\"elementor-heading-title elementor-size-default\">Autoridades<\/h2>\t\t\t\t<\/div>\n\t\t\t\t<\/div>\n\t\t\t\t\t<\/div>\n\t\t<\/div>\n\t\t\t\t\t<\/div>\n\t\t<\/section>\n\t\t\t\t<section class=\"elementor-section elementor-top-section elementor-element elementor-element-9591569 elementor-section-boxed elementor-section-height-default elementor-section-height-default\" data-id=\"9591569\" data-element_type=\"section\" data-e-type=\"section\">\n\t\t\t\t\t\t<div class=\"elementor-container elementor-column-gap-default\">\n\t\t\t\t\t<div class=\"elementor-column elementor-col-33 elementor-top-column elementor-element elementor-element-ef1d1a6\" data-id=\"ef1d1a6\" data-element_type=\"column\" data-e-type=\"column\">\n\t\t\t<div class=\"elementor-widget-wrap\">\n\t\t\t\t\t\t\t<\/div>\n\t\t<\/div>\n\t\t\t\t<div class=\"elementor-column elementor-col-66 elementor-top-column elementor-element elementor-element-8dd0c3b\" data-id=\"8dd0c3b\" data-element_type=\"column\" data-e-type=\"column\">\n\t\t\t<div class=\"elementor-widget-wrap elementor-element-populated\">\n\t\t\t\t\t\t<div class=\"elementor-element elementor-element-6bde434 elementor-widget elementor-widget-text-editor\" data-id=\"6bde434\" data-element_type=\"widget\" data-e-type=\"widget\" data-widget_type=\"text-editor.default\">\n\t\t\t\t<div class=\"elementor-widget-container\">\n\t\t\t\t\t\t\t\t\t<p><span style=\"font-size: 1rem\">Secretario Acad\u00e9mico:\u00a0<\/span>Dr. Domingo C\u00e9sar Manuel IGHINA\u00a0<\/p>\t\t\t\t\t\t\t\t<\/div>\n\t\t\t\t<\/div>\n\t\t\t\t<div class=\"elementor-element elementor-element-6fc8c42 elementor-widget elementor-widget-text-editor\" data-id=\"6fc8c42\" data-element_type=\"widget\" data-e-type=\"widget\" data-widget_type=\"text-editor.default\">\n\t\t\t\t<div class=\"elementor-widget-container\">\n\t\t\t\t\t\t\t\t\t<p>Subsecretaria Acad\u00e9mica: Lic. Agustina Mar\u00eda ZAMANILLO<\/p>\t\t\t\t\t\t\t\t<\/div>\n\t\t\t\t<\/div>\n\t\t\t\t\t<\/div>\n\t\t<\/div>\n\t\t\t\t\t<\/div>\n\t\t<\/section>\n\t\t\t\t<section class=\"elementor-section elementor-top-section elementor-element elementor-element-aef1b7d elementor-section-boxed elementor-section-height-default elementor-section-height-default\" data-id=\"aef1b7d\" data-element_type=\"section\" data-e-type=\"section\">\n\t\t\t\t\t\t<div class=\"elementor-container elementor-column-gap-default\">\n\t\t\t\t\t<div class=\"elementor-column elementor-col-33 elementor-top-column elementor-element elementor-element-100c91b\" data-id=\"100c91b\" data-element_type=\"column\" data-e-type=\"column\">\n\t\t\t<div class=\"elementor-widget-wrap elementor-element-populated\">\n\t\t\t\t\t\t<div class=\"elementor-element elementor-element-417baff elementor-view-default elementor-invisible elementor-widget elementor-widget-icon\" data-id=\"417baff\" data-element_type=\"widget\" data-e-type=\"widget\" data-settings=\"{&quot;_animation&quot;:&quot;fadeInLeft&quot;}\" data-widget_type=\"icon.default\">\n\t\t\t\t<div class=\"elementor-widget-container\">\n\t\t\t\t\t\t\t<div class=\"elementor-icon-wrapper\">\n\t\t\t<div class=\"elementor-icon\">\n\t\t\t<i aria-hidden=\"true\" class=\"fas fa-angle-double-right\"><\/i>\t\t\t<\/div>\n\t\t<\/div>\n\t\t\t\t\t\t<\/div>\n\t\t\t\t<\/div>\n\t\t\t\t\t<\/div>\n\t\t<\/div>\n\t\t\t\t<div class=\"elementor-column elementor-col-66 elementor-top-column elementor-element elementor-element-14ceca8\" data-id=\"14ceca8\" data-element_type=\"column\" data-e-type=\"column\">\n\t\t\t<div class=\"elementor-widget-wrap elementor-element-populated\">\n\t\t\t\t\t\t<div class=\"elementor-element elementor-element-1733b68 elementor-widget elementor-widget-heading\" data-id=\"1733b68\" data-element_type=\"widget\" data-e-type=\"widget\" data-widget_type=\"heading.default\">\n\t\t\t\t<div class=\"elementor-widget-container\">\n\t\t\t\t\t<h2 class=\"elementor-heading-title elementor-size-default\">Funciones<\/h2>\t\t\t\t<\/div>\n\t\t\t\t<\/div>\n\t\t\t\t\t<\/div>\n\t\t<\/div>\n\t\t\t\t\t<\/div>\n\t\t<\/section>\n\t\t\t\t<section class=\"elementor-section elementor-top-section elementor-element elementor-element-8955fa1 elementor-section-boxed elementor-section-height-default elementor-section-height-default\" data-id=\"8955fa1\" data-element_type=\"section\" data-e-type=\"section\">\n\t\t\t\t\t\t<div class=\"elementor-container elementor-column-gap-default\">\n\t\t\t\t\t<div class=\"elementor-column elementor-col-100 elementor-top-column elementor-element elementor-element-02993f2\" data-id=\"02993f2\" data-element_type=\"column\" data-e-type=\"column\">\n\t\t\t<div class=\"elementor-widget-wrap elementor-element-populated\">\n\t\t\t\t\t\t<div class=\"elementor-element elementor-element-8d72f74 elementor-widget elementor-widget-text-editor\" data-id=\"8d72f74\" data-element_type=\"widget\" data-e-type=\"widget\" data-widget_type=\"text-editor.default\">\n\t\t\t\t<div class=\"elementor-widget-container\">\n\t\t\t\t\t\t\t\t\t<h4>\u00a0<\/h4><p>Las funciones de la Secretar\u00eda Acad\u00e9mica son las de generar e implementar proyectos acad\u00e9micos que tiendan a mejorar la calidad educativa, especialmente en lo relacionado con el dictado de las distintas carreras de grado, y asesorar a la comunidad acad\u00e9mica de la Facultad (HCD, Decanato, Escuelas, docentes, estudiantes, etc.), sobre temas de su competencia. Entre otras actividades, debe entender en las designaciones y licencias docentes, sustanciaci\u00f3n de concursos, reformas y aspectos vinculados con la implementaci\u00f3n de planes de estudio, curso de nivelaci\u00f3n, coordinaci\u00f3n y supervisi\u00f3n de las actuaciones de los alumnos ante el \u00c1rea de Ense\u00f1anza (Despacho de alumnos), interpretaci\u00f3n y modificaci\u00f3n de reglamentaciones acad\u00e9micas, proyectos de articulaci\u00f3n y en todo nuevo proyecto acad\u00e9mico de grado de car\u00e1cter curricular.<\/p><p>Por otra parte, trabaja coordinadamente con:<\/p><ol><li>Secretar\u00eda de Coordinaci\u00f3n General, con relaci\u00f3n a actuaciones y tr\u00e1mites que deben ser resueltos por el Honorable Consejo Directivo.<\/li><li><a href=\"http:\/\/blogs.ffyh.unc.edu.ar\/casaverde\/\">\u00c1rea Ense\u00f1anza<\/a>, respecto a coordinaci\u00f3n y supervisi\u00f3n de actuaciones de alumnos.<\/li><li><a href=\"http:\/\/blogs.ffyh.unc.edu.ar\/personalysueldos\/\">\u00c1rea Personal y Sueldos<\/a>, en lo que se refiere a la supervisi\u00f3n de designaciones de personal.<\/li><li>\u00c1rea Econ\u00f3mico Financiera, respecto a la asignaci\u00f3n presupuestaria para planta docente.<\/li><li><a href=\"http:\/\/blogs.ffyh.unc.edu.ar\/concursos\/\">\u00c1rea Profesorado y Concurso<\/a>s con relaci\u00f3n a sustanciaci\u00f3n de concursos, designaciones de docentes, licencias, etc.<\/li><li><a href=\"http:\/\/blogs.ffyh.unc.edu.ar\/tecnoedu\/\">\u00c1rea de Tecnolog\u00eda Educativa<\/a> se trabaja en torno a propuestas actualizadas y de acceso libre para la producci\u00f3n de materiales, adem\u00e1s del uso de Aulas Virtuales y la capacitaci\u00f3n continua.\u00a0<\/li><\/ol>\t\t\t\t\t\t\t\t<\/div>\n\t\t\t\t<\/div>\n\t\t\t\t\t<\/div>\n\t\t<\/div>\n\t\t\t\t\t<\/div>\n\t\t<\/section>\n\t\t\t\t<\/div>\n\t\t","protected":false},"excerpt":{"rendered":"<p>Autoridades Secretario Acad\u00e9mico:\u00a0Dr. Domingo C\u00e9sar Manuel IGHINA\u00a0 Subsecretaria Acad\u00e9mica: Lic. Agustina Mar\u00eda ZAMANILLO Funciones \u00a0 Las funciones de la Secretar\u00eda Acad\u00e9mica son las de generar e implementar proyectos acad\u00e9micos que tiendan a mejorar la calidad educativa, especialmente en lo relacionado con el dictado de las distintas carreras de grado, y asesorar a la comunidad acad\u00e9mica &hellip; <\/p>\n<p class=\"link-more\"><a href=\"https:\/\/ffyh.unc.edu.ar\/academica\/institucional\/\" class=\"more-link\">Continuar leyendo<span class=\"screen-reader-text\"> \u00abInstitucional\u00bb<\/span><\/a><\/p>\n","protected":false},"author":2,"featured_media":0,"parent":0,"menu_order":0,"comment_status":"closed","ping_status":"closed","template":"","meta":{"_acf_changed":false,"footnotes":""},"class_list":["post-15","page","type-page","status-publish","hentry"],"acf":[],"_links":{"self":[{"href":"https:\/\/ffyh.unc.edu.ar\/academica\/wp-json\/wp\/v2\/pages\/15","targetHints":{"allow":["GET"]}}],"collection":[{"href":"https:\/\/ffyh.unc.edu.ar\/academica\/wp-json\/wp\/v2\/pages"}],"about":[{"href":"https:\/\/ffyh.unc.edu.ar\/academica\/wp-json\/wp\/v2\/types\/page"}],"author":[{"embeddable":true,"href":"https:\/\/ffyh.unc.edu.ar\/academica\/wp-json\/wp\/v2\/users\/2"}],"replies":[{"embeddable":true,"href":"https:\/\/ffyh.unc.edu.ar\/academica\/wp-json\/wp\/v2\/comments?post=15"}],"version-history":[{"count":18,"href":"https:\/\/ffyh.unc.edu.ar\/academica\/wp-json\/wp\/v2\/pages\/15\/revisions"}],"predecessor-version":[{"id":2059,"href":"https:\/\/ffyh.unc.edu.ar\/academica\/wp-json\/wp\/v2\/pages\/15\/revisions\/2059"}],"wp:attachment":[{"href":"https:\/\/ffyh.unc.edu.ar\/academica\/wp-json\/wp\/v2\/media?parent=15"}],"curies":[{"name":"wp","href":"https:\/\/api.w.org\/{rel}","templated":true}]}}