{"id":34,"date":"2026-02-06T11:00:44","date_gmt":"2026-02-06T14:00:44","guid":{"rendered":"https:\/\/ffyh.unc.edu.ar\/academica\/?page_id=34"},"modified":"2026-02-06T11:11:55","modified_gmt":"2026-02-06T14:11:55","slug":"alumnxs-vocacionales","status":"publish","type":"page","link":"https:\/\/ffyh.unc.edu.ar\/academica\/alumnxs-vocacionales\/","title":{"rendered":"Alumnxs Vocacionales"},"content":{"rendered":"\t\t<div data-elementor-type=\"wp-page\" data-elementor-id=\"34\" class=\"elementor elementor-34\">\n\t\t\t\t\t\t<section class=\"elementor-section elementor-top-section elementor-element elementor-element-419d3a88 elementor-section-boxed elementor-section-height-default elementor-section-height-default\" data-id=\"419d3a88\" data-element_type=\"section\" data-e-type=\"section\">\n\t\t\t\t\t\t<div class=\"elementor-container elementor-column-gap-default\">\n\t\t\t\t\t<div class=\"elementor-column elementor-col-100 elementor-top-column elementor-element elementor-element-7d1525e1\" data-id=\"7d1525e1\" data-element_type=\"column\" data-e-type=\"column\">\n\t\t\t<div class=\"elementor-widget-wrap elementor-element-populated\">\n\t\t\t\t\t\t<div class=\"elementor-element elementor-element-2e22fa91 elementor-widget elementor-widget-text-editor\" data-id=\"2e22fa91\" data-element_type=\"widget\" data-e-type=\"widget\" data-widget_type=\"text-editor.default\">\n\t\t\t\t<div class=\"elementor-widget-container\">\n\t\t\t\t\t\t\t\t\t<div class=\"entry-content\"><p style=\"text-align: center\"><strong>Procedimiento de recepci\u00f3n de Solicitudes de Inscripci\u00f3n y evaluaci\u00f3n de <\/strong><strong style=\"font-size: 1rem\">ESTUDIANTES VOCACIONALES para espacios curriculares de las Carreras de Grado\u00a0<\/strong><\/p><p style=\"text-align: center\"><strong>1\u00ba Cuatrimestre y anuales de 2026*<\/strong><\/p><p><\/p><\/div><\/div><\/div><\/div><\/div><\/div><\/section><\/div> <a href=\"https:\/\/ffyh.unc.edu.ar\/academica\/alumnxs-vocacionales\/#more-34\" class=\"more-link elementor-more-link\"><span aria-label=\"Sigue leyendo Alumnxs Vocacionales\">(m\u00e1s&hellip;)<\/span><\/a>","protected":false},"excerpt":{"rendered":"<p>Procedimiento de recepci\u00f3n de Solicitudes de Inscripci\u00f3n y evaluaci\u00f3n de ESTUDIANTES VOCACIONALES para espacios curriculares de las Carreras de Grado\u00a0 1\u00ba Cuatrimestre y anuales de 2026*<\/p>\n","protected":false},"author":2,"featured_media":2234,"parent":0,"menu_order":0,"comment_status":"closed","ping_status":"closed","template":"","meta":{"_acf_changed":false,"footnotes":""},"class_list":["post-34","page","type-page","status-publish","has-post-thumbnail","hentry"],"acf":[],"_links":{"self":[{"href":"https:\/\/ffyh.unc.edu.ar\/academica\/wp-json\/wp\/v2\/pages\/34","targetHints":{"allow":["GET"]}}],"collection":[{"href":"https:\/\/ffyh.unc.edu.ar\/academica\/wp-json\/wp\/v2\/pages"}],"about":[{"href":"https:\/\/ffyh.unc.edu.ar\/academica\/wp-json\/wp\/v2\/types\/page"}],"author":[{"embeddable":true,"href":"https:\/\/ffyh.unc.edu.ar\/academica\/wp-json\/wp\/v2\/users\/2"}],"replies":[{"embeddable":true,"href":"https:\/\/ffyh.unc.edu.ar\/academica\/wp-json\/wp\/v2\/comments?post=34"}],"version-history":[{"count":33,"href":"https:\/\/ffyh.unc.edu.ar\/academica\/wp-json\/wp\/v2\/pages\/34\/revisions"}],"predecessor-version":[{"id":2236,"href":"https:\/\/ffyh.unc.edu.ar\/academica\/wp-json\/wp\/v2\/pages\/34\/revisions\/2236"}],"wp:featuredmedia":[{"embeddable":true,"href":"https:\/\/ffyh.unc.edu.ar\/academica\/wp-json\/wp\/v2\/media\/2234"}],"wp:attachment":[{"href":"https:\/\/ffyh.unc.edu.ar\/academica\/wp-json\/wp\/v2\/media?parent=34"}],"curies":[{"name":"wp","href":"https:\/\/api.w.org\/{rel}","templated":true}]}}