{"id":401,"date":"2012-11-19T15:20:12","date_gmt":"2012-11-19T15:20:12","guid":{"rendered":"http:\/\/www.ffyh.unc.edu.ar\/alfilo\/?page_id=401"},"modified":"2017-09-05T15:57:50","modified_gmt":"2017-09-05T15:57:50","slug":"excavacion-arqueologica-en-ongamira","status":"publish","type":"page","link":"https:\/\/ffyh.unc.edu.ar\/alfilo\/especiales\/excavacion-arqueologica-en-ongamira\/","title":{"rendered":"Excavaci\u00f3n arqueol\u00f3gica en Ongamira"},"content":{"rendered":"<p>Durante el mes de abril de 2010, la\u00a0<a href=\"http:\/\/www.ffyh.unc.edu.ar\/alfilo\" target=\"_blank\" rel=\"noopener\">Revista Alfilo<\/a>\u00a0acompa\u00f1\u00f3 a un grupo de profesionales del\u00a0<strong>Museo de Antropolog\u00eda<\/strong>\u00a0a una excavaci\u00f3n arqueol\u00f3gica en el\u00a0<strong>Valle de Ongamira<\/strong>, situado a 122 kil\u00f3metros de la ciudad de C\u00f3rdoba.<\/p>\n<p>Tambi\u00e9n participaron algunos\u00a0<strong>estudiantes de primer a\u00f1o de la carrera de Antropolog\u00eda<\/strong>, recientemente inaugurada en la\u00a0<a href=\"http:\/\/www.ffyh.unc.edu.ar\/\" target=\"_blank\" rel=\"noopener\">Facultad de Filosof\u00eda y Humanidades<\/a>\u00a0de la UNC.<br \/>\nLos trabajos se llevaron a cabo durante\u00a0<strong>10 d\u00edas<\/strong>\u00a0en el\u00a0<strong>Alero Deodoro Roca<\/strong>, ubicado dentro de la estancia perteneciente a la familia Supaga, y este nuevo proyecto tiene previsto continuar con las investigaciones iniciadas all\u00ed por An\u00edbal Montes, Alberto Rex Gonz\u00e1lez y Osvaldo Menghin en las d\u00e9cadas del 40 y 50.<\/p>\n<p>En esta campa\u00f1a\u00a0<strong>se realizaron excavaciones<\/strong>\u00a0en un \u00e1rea no trabajada a\u00fan y se limpiaron algunos sitios previos, para estudiar los perfiles de los pozos y comparar las interpretaciones que hicieron a mediados del siglo XX.<\/p>\n<p><a href=\"https:\/\/ffyh.unc.edu.ar\/alfilo\/ongamira\/\" target=\"_blank\" rel=\"noopener\">Ver multimedia<\/a><\/p>\n","protected":false},"excerpt":{"rendered":"<div class=\"mh-excerpt\"><p>Durante el mes de abril de 2010, la\u00a0Revista Alfilo\u00a0acompa\u00f1\u00f3 a un grupo de profesionales del\u00a0Museo de Antropolog\u00eda\u00a0a una excavaci\u00f3n arqueol\u00f3gica en el\u00a0Valle de Ongamira, situado a 122 kil\u00f3metros de la ciudad de C\u00f3rdoba. Tambi\u00e9n participaron algunos\u00a0estudiantes de primer a\u00f1o de <a class=\"mh-excerpt-more\" href=\"https:\/\/ffyh.unc.edu.ar\/alfilo\/especiales\/excavacion-arqueologica-en-ongamira\/\" title=\"Excavaci\u00f3n arqueol\u00f3gica en Ongamira\">[Leer m\u00e1s]<\/a><\/p>\n<\/div>","protected":false},"author":1,"featured_media":0,"parent":396,"menu_order":0,"comment_status":"closed","ping_status":"closed","template":"template-full.php","meta":{"_acf_changed":false,"_monsterinsights_skip_tracking":false,"_monsterinsights_sitenote_active":false,"_monsterinsights_sitenote_note":"","_monsterinsights_sitenote_category":0,"footnotes":""},"class_list":["post-401","page","type-page","status-publish","hentry"],"acf":[],"yoast_head":"<!-- This site is optimized with the Yoast SEO plugin v27.1.1 - https:\/\/yoast.com\/product\/yoast-seo-wordpress\/ -->\n<title>Excavaci\u00f3n arqueol\u00f3gica en Ongamira - Alfilo<\/title>\n<meta name=\"robots\" content=\"index, follow, max-snippet:-1, max-image-preview:large, max-video-preview:-1\" \/>\n<link rel=\"canonical\" href=\"https:\/\/ffyh.unc.edu.ar\/alfilo\/especiales\/excavacion-arqueologica-en-ongamira\/\" \/>\n<meta property=\"og:locale\" content=\"es_ES\" \/>\n<meta property=\"og:type\" content=\"article\" \/>\n<meta property=\"og:title\" content=\"Excavaci\u00f3n arqueol\u00f3gica en Ongamira - Alfilo\" \/>\n<meta property=\"og:description\" content=\"Durante el mes de abril de 2010, la\u00a0Revista Alfilo\u00a0acompa\u00f1\u00f3 a un grupo de profesionales del\u00a0Museo de Antropolog\u00eda\u00a0a una excavaci\u00f3n arqueol\u00f3gica en el\u00a0Valle de Ongamira, situado a 122 kil\u00f3metros de la ciudad de C\u00f3rdoba. Tambi\u00e9n participaron algunos\u00a0estudiantes de primer a\u00f1o de [Leer m\u00e1s]\" \/>\n<meta property=\"og:url\" content=\"https:\/\/ffyh.unc.edu.ar\/alfilo\/especiales\/excavacion-arqueologica-en-ongamira\/\" \/>\n<meta property=\"og:site_name\" content=\"Alfilo\" \/>\n<meta property=\"article:publisher\" content=\"https:\/\/www.facebook.com\/ffyh.unc\/\" \/>\n<meta property=\"article:modified_time\" content=\"2017-09-05T15:57:50+00:00\" \/>\n<meta property=\"og:image\" content=\"https:\/\/ffyh.unc.edu.ar\/alfilo\/wp-content\/uploads\/sites\/11\/2015\/04\/banner-alfilo-2015-ico.jpg\" \/>\n\t<meta property=\"og:image:width\" content=\"253\" \/>\n\t<meta property=\"og:image:height\" content=\"128\" \/>\n\t<meta property=\"og:image:type\" content=\"image\/jpeg\" \/>\n<meta name=\"twitter:card\" content=\"summary_large_image\" \/>\n<meta name=\"twitter:site\" content=\"@ffyh_unc\" \/>\n<meta name=\"twitter:label1\" content=\"Tiempo de lectura\" \/>\n\t<meta name=\"twitter:data1\" content=\"1 minuto\" \/>\n<script type=\"application\/ld+json\" class=\"yoast-schema-graph\">{\"@context\":\"https:\/\/schema.org\",\"@graph\":[{\"@type\":\"WebPage\",\"@id\":\"https:\/\/ffyh.unc.edu.ar\/alfilo\/especiales\/excavacion-arqueologica-en-ongamira\/\",\"url\":\"https:\/\/ffyh.unc.edu.ar\/alfilo\/especiales\/excavacion-arqueologica-en-ongamira\/\",\"name\":\"Excavaci\u00f3n arqueol\u00f3gica en Ongamira - Alfilo\",\"isPartOf\":{\"@id\":\"https:\/\/ffyh.unc.edu.ar\/alfilo\/#website\"},\"datePublished\":\"2012-11-19T15:20:12+00:00\",\"dateModified\":\"2017-09-05T15:57:50+00:00\",\"breadcrumb\":{\"@id\":\"https:\/\/ffyh.unc.edu.ar\/alfilo\/especiales\/excavacion-arqueologica-en-ongamira\/#breadcrumb\"},\"inLanguage\":\"es\",\"potentialAction\":[{\"@type\":\"ReadAction\",\"target\":[\"https:\/\/ffyh.unc.edu.ar\/alfilo\/especiales\/excavacion-arqueologica-en-ongamira\/\"]}]},{\"@type\":\"BreadcrumbList\",\"@id\":\"https:\/\/ffyh.unc.edu.ar\/alfilo\/especiales\/excavacion-arqueologica-en-ongamira\/#breadcrumb\",\"itemListElement\":[{\"@type\":\"ListItem\",\"position\":1,\"name\":\"Portada\",\"item\":\"https:\/\/ffyh.unc.edu.ar\/alfilo\/\"},{\"@type\":\"ListItem\",\"position\":2,\"name\":\"Especiales\",\"item\":\"https:\/\/ffyh.unc.edu.ar\/alfilo\/especiales\/\"},{\"@type\":\"ListItem\",\"position\":3,\"name\":\"Excavaci\u00f3n arqueol\u00f3gica en Ongamira\"}]},{\"@type\":\"WebSite\",\"@id\":\"https:\/\/ffyh.unc.edu.ar\/alfilo\/#website\",\"url\":\"https:\/\/ffyh.unc.edu.ar\/alfilo\/\",\"name\":\"Alfilo\",\"description\":\"Revista digital de la Facultad de Filosof\u00eda y Humanidades - Universidad Nacional de C\u00f3rdoba\",\"publisher\":{\"@id\":\"https:\/\/ffyh.unc.edu.ar\/alfilo\/#organization\"},\"potentialAction\":[{\"@type\":\"SearchAction\",\"target\":{\"@type\":\"EntryPoint\",\"urlTemplate\":\"https:\/\/ffyh.unc.edu.ar\/alfilo\/?s={search_term_string}\"},\"query-input\":{\"@type\":\"PropertyValueSpecification\",\"valueRequired\":true,\"valueName\":\"search_term_string\"}}],\"inLanguage\":\"es\"},{\"@type\":\"Organization\",\"@id\":\"https:\/\/ffyh.unc.edu.ar\/alfilo\/#organization\",\"name\":\"Alfilo | Revista digital de la Facultad de Filosof\u00eda y Humanidades | UNC\",\"url\":\"https:\/\/ffyh.unc.edu.ar\/alfilo\/\",\"logo\":{\"@type\":\"ImageObject\",\"inLanguage\":\"es\",\"@id\":\"https:\/\/ffyh.unc.edu.ar\/alfilo\/#\/schema\/logo\/image\/\",\"url\":\"https:\/\/ffyh.unc.edu.ar\/alfilo\/wp-content\/uploads\/sites\/11\/2015\/04\/banner-alfilo-2015-ico.jpg\",\"contentUrl\":\"https:\/\/ffyh.unc.edu.ar\/alfilo\/wp-content\/uploads\/sites\/11\/2015\/04\/banner-alfilo-2015-ico.jpg\",\"width\":253,\"height\":128,\"caption\":\"Alfilo | Revista digital de la Facultad de Filosof\u00eda y Humanidades | UNC\"},\"image\":{\"@id\":\"https:\/\/ffyh.unc.edu.ar\/alfilo\/#\/schema\/logo\/image\/\"},\"sameAs\":[\"https:\/\/www.facebook.com\/ffyh.unc\/\",\"https:\/\/x.com\/ffyh_unc\",\"https:\/\/www.instagram.com\/ffyhunc\/\",\"https:\/\/www.youtube.com\/user\/comunicacionfilo\"]}]}<\/script>\n<!-- \/ Yoast SEO plugin. -->","yoast_head_json":{"title":"Excavaci\u00f3n arqueol\u00f3gica en Ongamira - Alfilo","robots":{"index":"index","follow":"follow","max-snippet":"max-snippet:-1","max-image-preview":"max-image-preview:large","max-video-preview":"max-video-preview:-1"},"canonical":"https:\/\/ffyh.unc.edu.ar\/alfilo\/especiales\/excavacion-arqueologica-en-ongamira\/","og_locale":"es_ES","og_type":"article","og_title":"Excavaci\u00f3n arqueol\u00f3gica en Ongamira - Alfilo","og_description":"Durante el mes de abril de 2010, la\u00a0Revista Alfilo\u00a0acompa\u00f1\u00f3 a un grupo de profesionales del\u00a0Museo de Antropolog\u00eda\u00a0a una excavaci\u00f3n arqueol\u00f3gica en el\u00a0Valle de Ongamira, situado a 122 kil\u00f3metros de la ciudad de C\u00f3rdoba. Tambi\u00e9n participaron algunos\u00a0estudiantes de primer a\u00f1o de [Leer m\u00e1s]","og_url":"https:\/\/ffyh.unc.edu.ar\/alfilo\/especiales\/excavacion-arqueologica-en-ongamira\/","og_site_name":"Alfilo","article_publisher":"https:\/\/www.facebook.com\/ffyh.unc\/","article_modified_time":"2017-09-05T15:57:50+00:00","og_image":[{"width":253,"height":128,"url":"https:\/\/ffyh.unc.edu.ar\/alfilo\/wp-content\/uploads\/sites\/11\/2015\/04\/banner-alfilo-2015-ico.jpg","type":"image\/jpeg"}],"twitter_card":"summary_large_image","twitter_site":"@ffyh_unc","twitter_misc":{"Tiempo de lectura":"1 minuto"},"schema":{"@context":"https:\/\/schema.org","@graph":[{"@type":"WebPage","@id":"https:\/\/ffyh.unc.edu.ar\/alfilo\/especiales\/excavacion-arqueologica-en-ongamira\/","url":"https:\/\/ffyh.unc.edu.ar\/alfilo\/especiales\/excavacion-arqueologica-en-ongamira\/","name":"Excavaci\u00f3n arqueol\u00f3gica en Ongamira - Alfilo","isPartOf":{"@id":"https:\/\/ffyh.unc.edu.ar\/alfilo\/#website"},"datePublished":"2012-11-19T15:20:12+00:00","dateModified":"2017-09-05T15:57:50+00:00","breadcrumb":{"@id":"https:\/\/ffyh.unc.edu.ar\/alfilo\/especiales\/excavacion-arqueologica-en-ongamira\/#breadcrumb"},"inLanguage":"es","potentialAction":[{"@type":"ReadAction","target":["https:\/\/ffyh.unc.edu.ar\/alfilo\/especiales\/excavacion-arqueologica-en-ongamira\/"]}]},{"@type":"BreadcrumbList","@id":"https:\/\/ffyh.unc.edu.ar\/alfilo\/especiales\/excavacion-arqueologica-en-ongamira\/#breadcrumb","itemListElement":[{"@type":"ListItem","position":1,"name":"Portada","item":"https:\/\/ffyh.unc.edu.ar\/alfilo\/"},{"@type":"ListItem","position":2,"name":"Especiales","item":"https:\/\/ffyh.unc.edu.ar\/alfilo\/especiales\/"},{"@type":"ListItem","position":3,"name":"Excavaci\u00f3n arqueol\u00f3gica en Ongamira"}]},{"@type":"WebSite","@id":"https:\/\/ffyh.unc.edu.ar\/alfilo\/#website","url":"https:\/\/ffyh.unc.edu.ar\/alfilo\/","name":"Alfilo","description":"Revista digital de la Facultad de Filosof\u00eda y Humanidades - Universidad Nacional de C\u00f3rdoba","publisher":{"@id":"https:\/\/ffyh.unc.edu.ar\/alfilo\/#organization"},"potentialAction":[{"@type":"SearchAction","target":{"@type":"EntryPoint","urlTemplate":"https:\/\/ffyh.unc.edu.ar\/alfilo\/?s={search_term_string}"},"query-input":{"@type":"PropertyValueSpecification","valueRequired":true,"valueName":"search_term_string"}}],"inLanguage":"es"},{"@type":"Organization","@id":"https:\/\/ffyh.unc.edu.ar\/alfilo\/#organization","name":"Alfilo | Revista digital de la Facultad de Filosof\u00eda y Humanidades | UNC","url":"https:\/\/ffyh.unc.edu.ar\/alfilo\/","logo":{"@type":"ImageObject","inLanguage":"es","@id":"https:\/\/ffyh.unc.edu.ar\/alfilo\/#\/schema\/logo\/image\/","url":"https:\/\/ffyh.unc.edu.ar\/alfilo\/wp-content\/uploads\/sites\/11\/2015\/04\/banner-alfilo-2015-ico.jpg","contentUrl":"https:\/\/ffyh.unc.edu.ar\/alfilo\/wp-content\/uploads\/sites\/11\/2015\/04\/banner-alfilo-2015-ico.jpg","width":253,"height":128,"caption":"Alfilo | Revista digital de la Facultad de Filosof\u00eda y Humanidades | UNC"},"image":{"@id":"https:\/\/ffyh.unc.edu.ar\/alfilo\/#\/schema\/logo\/image\/"},"sameAs":["https:\/\/www.facebook.com\/ffyh.unc\/","https:\/\/x.com\/ffyh_unc","https:\/\/www.instagram.com\/ffyhunc\/","https:\/\/www.youtube.com\/user\/comunicacionfilo"]}]}},"jetpack_sharing_enabled":true,"_links":{"self":[{"href":"https:\/\/ffyh.unc.edu.ar\/alfilo\/wp-json\/wp\/v2\/pages\/401","targetHints":{"allow":["GET"]}}],"collection":[{"href":"https:\/\/ffyh.unc.edu.ar\/alfilo\/wp-json\/wp\/v2\/pages"}],"about":[{"href":"https:\/\/ffyh.unc.edu.ar\/alfilo\/wp-json\/wp\/v2\/types\/page"}],"author":[{"embeddable":true,"href":"https:\/\/ffyh.unc.edu.ar\/alfilo\/wp-json\/wp\/v2\/users\/1"}],"replies":[{"embeddable":true,"href":"https:\/\/ffyh.unc.edu.ar\/alfilo\/wp-json\/wp\/v2\/comments?post=401"}],"version-history":[{"count":4,"href":"https:\/\/ffyh.unc.edu.ar\/alfilo\/wp-json\/wp\/v2\/pages\/401\/revisions"}],"predecessor-version":[{"id":4709,"href":"https:\/\/ffyh.unc.edu.ar\/alfilo\/wp-json\/wp\/v2\/pages\/401\/revisions\/4709"}],"up":[{"embeddable":true,"href":"https:\/\/ffyh.unc.edu.ar\/alfilo\/wp-json\/wp\/v2\/pages\/396"}],"wp:attachment":[{"href":"https:\/\/ffyh.unc.edu.ar\/alfilo\/wp-json\/wp\/v2\/media?parent=401"}],"curies":[{"name":"wp","href":"https:\/\/api.w.org\/{rel}","templated":true}]}}