{"id":501,"date":"2012-12-11T15:51:48","date_gmt":"2012-12-11T15:51:48","guid":{"rendered":"http:\/\/www.ffyh.unc.edu.ar\/alfilo\/?page_id=501"},"modified":"2018-10-18T14:51:07","modified_gmt":"2018-10-18T14:51:07","slug":"obregon-cano-el-ultimo-gobierno-popular","status":"publish","type":"page","link":"https:\/\/ffyh.unc.edu.ar\/alfilo\/especiales\/obregon-cano-el-ultimo-gobierno-popular\/","title":{"rendered":"Obreg\u00f3n Cano, el \u00faltimo gobierno popular"},"content":{"rendered":"<p>Dossier especial sobre las jornadas de homenaje a Ricardo Obreg\u00f3n Cano realizadas por la FFyH, que incluye un documental y el programa especial de Canal 10 sobre los momentos m\u00e1s trascendentes de aquella experiencia inolvidable, recuperada en im\u00e1genes de archivo y entrevistas a protagonistas de la \u00e9poca. Adem\u00e1s, se encuentra una completa galer\u00eda de fotos sobre las actividades en Radio Nacional y el Pabell\u00f3n Argentina los d\u00edas 30 y 31 de octubre y una editorial acerca de la figura del ex-gobernador cordob\u00e9s.<\/p>\n<p><a href=\"https:\/\/ffyh.unc.edu.ar\/obregon-cano\/\" target=\"_blank\" rel=\"noopener\">Ver multimedia<\/a><\/p>\n","protected":false},"excerpt":{"rendered":"<div class=\"mh-excerpt\"><p>Dossier especial sobre las jornadas de homenaje a Ricardo Obreg\u00f3n Cano realizadas por la FFyH, que incluye un documental y el programa especial de Canal 10 sobre los momentos m\u00e1s trascendentes de aquella experiencia inolvidable, recuperada en im\u00e1genes de archivo <a class=\"mh-excerpt-more\" href=\"https:\/\/ffyh.unc.edu.ar\/alfilo\/especiales\/obregon-cano-el-ultimo-gobierno-popular\/\" title=\"Obreg\u00f3n Cano, el \u00faltimo gobierno popular\">[Leer m\u00e1s]<\/a><\/p>\n<\/div>","protected":false},"author":1,"featured_media":0,"parent":396,"menu_order":0,"comment_status":"closed","ping_status":"closed","template":"template-full.php","meta":{"_acf_changed":false,"_monsterinsights_skip_tracking":false,"_monsterinsights_sitenote_active":false,"_monsterinsights_sitenote_note":"","_monsterinsights_sitenote_category":0,"footnotes":""},"class_list":["post-501","page","type-page","status-publish","hentry"],"acf":[],"yoast_head":"<!-- This site is optimized with the Yoast SEO plugin v27.1.1 - https:\/\/yoast.com\/product\/yoast-seo-wordpress\/ -->\n<title>Obreg\u00f3n Cano, el \u00faltimo gobierno popular - Alfilo<\/title>\n<meta name=\"robots\" content=\"index, follow, max-snippet:-1, max-image-preview:large, max-video-preview:-1\" \/>\n<link rel=\"canonical\" href=\"https:\/\/ffyh.unc.edu.ar\/alfilo\/especiales\/obregon-cano-el-ultimo-gobierno-popular\/\" \/>\n<meta property=\"og:locale\" content=\"es_ES\" \/>\n<meta property=\"og:type\" content=\"article\" \/>\n<meta property=\"og:title\" content=\"Obreg\u00f3n Cano, el \u00faltimo gobierno popular - Alfilo\" \/>\n<meta property=\"og:description\" content=\"Dossier especial sobre las jornadas de homenaje a Ricardo Obreg\u00f3n Cano realizadas por la FFyH, que incluye un documental y el programa especial de Canal 10 sobre los momentos m\u00e1s trascendentes de aquella experiencia inolvidable, recuperada en im\u00e1genes de archivo [Leer m\u00e1s]\" \/>\n<meta property=\"og:url\" content=\"https:\/\/ffyh.unc.edu.ar\/alfilo\/especiales\/obregon-cano-el-ultimo-gobierno-popular\/\" \/>\n<meta property=\"og:site_name\" content=\"Alfilo\" \/>\n<meta property=\"article:publisher\" content=\"https:\/\/www.facebook.com\/ffyh.unc\/\" \/>\n<meta property=\"article:modified_time\" content=\"2018-10-18T14:51:07+00:00\" \/>\n<meta property=\"og:image\" content=\"https:\/\/ffyh.unc.edu.ar\/alfilo\/wp-content\/uploads\/sites\/11\/2015\/04\/banner-alfilo-2015-ico.jpg\" \/>\n\t<meta property=\"og:image:width\" content=\"253\" \/>\n\t<meta property=\"og:image:height\" content=\"128\" \/>\n\t<meta property=\"og:image:type\" content=\"image\/jpeg\" \/>\n<meta name=\"twitter:card\" content=\"summary_large_image\" \/>\n<meta name=\"twitter:site\" content=\"@ffyh_unc\" \/>\n<script type=\"application\/ld+json\" class=\"yoast-schema-graph\">{\"@context\":\"https:\/\/schema.org\",\"@graph\":[{\"@type\":\"WebPage\",\"@id\":\"https:\/\/ffyh.unc.edu.ar\/alfilo\/especiales\/obregon-cano-el-ultimo-gobierno-popular\/\",\"url\":\"https:\/\/ffyh.unc.edu.ar\/alfilo\/especiales\/obregon-cano-el-ultimo-gobierno-popular\/\",\"name\":\"Obreg\u00f3n Cano, el \u00faltimo gobierno popular - Alfilo\",\"isPartOf\":{\"@id\":\"https:\/\/ffyh.unc.edu.ar\/alfilo\/#website\"},\"datePublished\":\"2012-12-11T15:51:48+00:00\",\"dateModified\":\"2018-10-18T14:51:07+00:00\",\"breadcrumb\":{\"@id\":\"https:\/\/ffyh.unc.edu.ar\/alfilo\/especiales\/obregon-cano-el-ultimo-gobierno-popular\/#breadcrumb\"},\"inLanguage\":\"es\",\"potentialAction\":[{\"@type\":\"ReadAction\",\"target\":[\"https:\/\/ffyh.unc.edu.ar\/alfilo\/especiales\/obregon-cano-el-ultimo-gobierno-popular\/\"]}]},{\"@type\":\"BreadcrumbList\",\"@id\":\"https:\/\/ffyh.unc.edu.ar\/alfilo\/especiales\/obregon-cano-el-ultimo-gobierno-popular\/#breadcrumb\",\"itemListElement\":[{\"@type\":\"ListItem\",\"position\":1,\"name\":\"Portada\",\"item\":\"https:\/\/ffyh.unc.edu.ar\/alfilo\/\"},{\"@type\":\"ListItem\",\"position\":2,\"name\":\"Especiales\",\"item\":\"https:\/\/ffyh.unc.edu.ar\/alfilo\/especiales\/\"},{\"@type\":\"ListItem\",\"position\":3,\"name\":\"Obreg\u00f3n Cano, el \u00faltimo gobierno popular\"}]},{\"@type\":\"WebSite\",\"@id\":\"https:\/\/ffyh.unc.edu.ar\/alfilo\/#website\",\"url\":\"https:\/\/ffyh.unc.edu.ar\/alfilo\/\",\"name\":\"Alfilo\",\"description\":\"Revista digital de la Facultad de Filosof\u00eda y Humanidades - Universidad Nacional de C\u00f3rdoba\",\"publisher\":{\"@id\":\"https:\/\/ffyh.unc.edu.ar\/alfilo\/#organization\"},\"potentialAction\":[{\"@type\":\"SearchAction\",\"target\":{\"@type\":\"EntryPoint\",\"urlTemplate\":\"https:\/\/ffyh.unc.edu.ar\/alfilo\/?s={search_term_string}\"},\"query-input\":{\"@type\":\"PropertyValueSpecification\",\"valueRequired\":true,\"valueName\":\"search_term_string\"}}],\"inLanguage\":\"es\"},{\"@type\":\"Organization\",\"@id\":\"https:\/\/ffyh.unc.edu.ar\/alfilo\/#organization\",\"name\":\"Alfilo | Revista digital de la Facultad de Filosof\u00eda y Humanidades | UNC\",\"url\":\"https:\/\/ffyh.unc.edu.ar\/alfilo\/\",\"logo\":{\"@type\":\"ImageObject\",\"inLanguage\":\"es\",\"@id\":\"https:\/\/ffyh.unc.edu.ar\/alfilo\/#\/schema\/logo\/image\/\",\"url\":\"https:\/\/ffyh.unc.edu.ar\/alfilo\/wp-content\/uploads\/sites\/11\/2015\/04\/banner-alfilo-2015-ico.jpg\",\"contentUrl\":\"https:\/\/ffyh.unc.edu.ar\/alfilo\/wp-content\/uploads\/sites\/11\/2015\/04\/banner-alfilo-2015-ico.jpg\",\"width\":253,\"height\":128,\"caption\":\"Alfilo | Revista digital de la Facultad de Filosof\u00eda y Humanidades | UNC\"},\"image\":{\"@id\":\"https:\/\/ffyh.unc.edu.ar\/alfilo\/#\/schema\/logo\/image\/\"},\"sameAs\":[\"https:\/\/www.facebook.com\/ffyh.unc\/\",\"https:\/\/x.com\/ffyh_unc\",\"https:\/\/www.instagram.com\/ffyhunc\/\",\"https:\/\/www.youtube.com\/user\/comunicacionfilo\"]}]}<\/script>\n<!-- \/ Yoast SEO plugin. -->","yoast_head_json":{"title":"Obreg\u00f3n Cano, el \u00faltimo gobierno popular - Alfilo","robots":{"index":"index","follow":"follow","max-snippet":"max-snippet:-1","max-image-preview":"max-image-preview:large","max-video-preview":"max-video-preview:-1"},"canonical":"https:\/\/ffyh.unc.edu.ar\/alfilo\/especiales\/obregon-cano-el-ultimo-gobierno-popular\/","og_locale":"es_ES","og_type":"article","og_title":"Obreg\u00f3n Cano, el \u00faltimo gobierno popular - Alfilo","og_description":"Dossier especial sobre las jornadas de homenaje a Ricardo Obreg\u00f3n Cano realizadas por la FFyH, que incluye un documental y el programa especial de Canal 10 sobre los momentos m\u00e1s trascendentes de aquella experiencia inolvidable, recuperada en im\u00e1genes de archivo [Leer m\u00e1s]","og_url":"https:\/\/ffyh.unc.edu.ar\/alfilo\/especiales\/obregon-cano-el-ultimo-gobierno-popular\/","og_site_name":"Alfilo","article_publisher":"https:\/\/www.facebook.com\/ffyh.unc\/","article_modified_time":"2018-10-18T14:51:07+00:00","og_image":[{"width":253,"height":128,"url":"https:\/\/ffyh.unc.edu.ar\/alfilo\/wp-content\/uploads\/sites\/11\/2015\/04\/banner-alfilo-2015-ico.jpg","type":"image\/jpeg"}],"twitter_card":"summary_large_image","twitter_site":"@ffyh_unc","schema":{"@context":"https:\/\/schema.org","@graph":[{"@type":"WebPage","@id":"https:\/\/ffyh.unc.edu.ar\/alfilo\/especiales\/obregon-cano-el-ultimo-gobierno-popular\/","url":"https:\/\/ffyh.unc.edu.ar\/alfilo\/especiales\/obregon-cano-el-ultimo-gobierno-popular\/","name":"Obreg\u00f3n Cano, el \u00faltimo gobierno popular - Alfilo","isPartOf":{"@id":"https:\/\/ffyh.unc.edu.ar\/alfilo\/#website"},"datePublished":"2012-12-11T15:51:48+00:00","dateModified":"2018-10-18T14:51:07+00:00","breadcrumb":{"@id":"https:\/\/ffyh.unc.edu.ar\/alfilo\/especiales\/obregon-cano-el-ultimo-gobierno-popular\/#breadcrumb"},"inLanguage":"es","potentialAction":[{"@type":"ReadAction","target":["https:\/\/ffyh.unc.edu.ar\/alfilo\/especiales\/obregon-cano-el-ultimo-gobierno-popular\/"]}]},{"@type":"BreadcrumbList","@id":"https:\/\/ffyh.unc.edu.ar\/alfilo\/especiales\/obregon-cano-el-ultimo-gobierno-popular\/#breadcrumb","itemListElement":[{"@type":"ListItem","position":1,"name":"Portada","item":"https:\/\/ffyh.unc.edu.ar\/alfilo\/"},{"@type":"ListItem","position":2,"name":"Especiales","item":"https:\/\/ffyh.unc.edu.ar\/alfilo\/especiales\/"},{"@type":"ListItem","position":3,"name":"Obreg\u00f3n Cano, el \u00faltimo gobierno popular"}]},{"@type":"WebSite","@id":"https:\/\/ffyh.unc.edu.ar\/alfilo\/#website","url":"https:\/\/ffyh.unc.edu.ar\/alfilo\/","name":"Alfilo","description":"Revista digital de la Facultad de Filosof\u00eda y Humanidades - Universidad Nacional de C\u00f3rdoba","publisher":{"@id":"https:\/\/ffyh.unc.edu.ar\/alfilo\/#organization"},"potentialAction":[{"@type":"SearchAction","target":{"@type":"EntryPoint","urlTemplate":"https:\/\/ffyh.unc.edu.ar\/alfilo\/?s={search_term_string}"},"query-input":{"@type":"PropertyValueSpecification","valueRequired":true,"valueName":"search_term_string"}}],"inLanguage":"es"},{"@type":"Organization","@id":"https:\/\/ffyh.unc.edu.ar\/alfilo\/#organization","name":"Alfilo | Revista digital de la Facultad de Filosof\u00eda y Humanidades | UNC","url":"https:\/\/ffyh.unc.edu.ar\/alfilo\/","logo":{"@type":"ImageObject","inLanguage":"es","@id":"https:\/\/ffyh.unc.edu.ar\/alfilo\/#\/schema\/logo\/image\/","url":"https:\/\/ffyh.unc.edu.ar\/alfilo\/wp-content\/uploads\/sites\/11\/2015\/04\/banner-alfilo-2015-ico.jpg","contentUrl":"https:\/\/ffyh.unc.edu.ar\/alfilo\/wp-content\/uploads\/sites\/11\/2015\/04\/banner-alfilo-2015-ico.jpg","width":253,"height":128,"caption":"Alfilo | Revista digital de la Facultad de Filosof\u00eda y Humanidades | UNC"},"image":{"@id":"https:\/\/ffyh.unc.edu.ar\/alfilo\/#\/schema\/logo\/image\/"},"sameAs":["https:\/\/www.facebook.com\/ffyh.unc\/","https:\/\/x.com\/ffyh_unc","https:\/\/www.instagram.com\/ffyhunc\/","https:\/\/www.youtube.com\/user\/comunicacionfilo"]}]}},"jetpack_sharing_enabled":true,"_links":{"self":[{"href":"https:\/\/ffyh.unc.edu.ar\/alfilo\/wp-json\/wp\/v2\/pages\/501","targetHints":{"allow":["GET"]}}],"collection":[{"href":"https:\/\/ffyh.unc.edu.ar\/alfilo\/wp-json\/wp\/v2\/pages"}],"about":[{"href":"https:\/\/ffyh.unc.edu.ar\/alfilo\/wp-json\/wp\/v2\/types\/page"}],"author":[{"embeddable":true,"href":"https:\/\/ffyh.unc.edu.ar\/alfilo\/wp-json\/wp\/v2\/users\/1"}],"replies":[{"embeddable":true,"href":"https:\/\/ffyh.unc.edu.ar\/alfilo\/wp-json\/wp\/v2\/comments?post=501"}],"version-history":[{"count":2,"href":"https:\/\/ffyh.unc.edu.ar\/alfilo\/wp-json\/wp\/v2\/pages\/501\/revisions"}],"predecessor-version":[{"id":5585,"href":"https:\/\/ffyh.unc.edu.ar\/alfilo\/wp-json\/wp\/v2\/pages\/501\/revisions\/5585"}],"up":[{"embeddable":true,"href":"https:\/\/ffyh.unc.edu.ar\/alfilo\/wp-json\/wp\/v2\/pages\/396"}],"wp:attachment":[{"href":"https:\/\/ffyh.unc.edu.ar\/alfilo\/wp-json\/wp\/v2\/media?parent=501"}],"curies":[{"name":"wp","href":"https:\/\/api.w.org\/{rel}","templated":true}]}}