{"id":19,"date":"2013-12-18T19:29:13","date_gmt":"2013-12-18T19:29:13","guid":{"rendered":"http:\/\/www.ffyh.unc.edu.ar\/biblioteca1\/?page_id=19"},"modified":"2013-12-18T19:29:13","modified_gmt":"2013-12-18T19:29:13","slug":"historia","status":"publish","type":"page","link":"https:\/\/ffyh.unc.edu.ar\/biblioteca\/sobre-la-biblioteca\/historia\/","title":{"rendered":"Historia"},"content":{"rendered":"<p>La\u00a0<strong>Biblioteca \u201cElma K. de Estrabou\u201d<\/strong>surgi\u00f3 al crearse el Instituto de Filosof\u00eda de la UNC el 13 de junio de 1934 con la direcci\u00f3n del Prof. Emile Gouiran. Sobre la base de esta estructura, el 18 de enero de 1940, el Honorable Consejo Superior de la Universidad Nacional de C\u00f3rdoba cre\u00f3 el Instituto de Filosof\u00eda y Humanidades y, posteriormente, el 25 de septiembre de 1946, lo transform\u00f3 en Facultad de Filosof\u00eda y Humanidades.<\/p>\n<p>Como Facultad de Filosof\u00eda y Humanidades agrup\u00f3 las escuelas de Archivolog\u00eda, Artes, Bibliotecolog\u00eda, Ciencias de la Educaci\u00f3n, Filosof\u00eda, Historia, Letras Cl\u00e1sicas, Letras Modernas y Psicolog\u00eda y sus respectivas bibliotecas, aunque durante muchos a\u00f1os \u00e9stas funcionaron en distintos pabellones y con denominaciones diferentes tales como biblioteca Central, Biblioteca de Artes, de Archivolog\u00eda, de Bibliotecolog\u00eda, del Instituto de Antropolog\u00eda y del Instituto de Estudios Americanistas.<\/p>\n<p><img data-recalc-dims=\"1\" loading=\"lazy\" decoding=\"async\" class=\"alignright\" alt=\"\" src=\"https:\/\/i0.wp.com\/www.ffyh.unc.edu.ar\/sites\/default\/files\/biblio2.jpg?resize=315%2C236\" width=\"315\" height=\"236\" \/>A partir del 1\u00ba de Septiembre de 1999, se unificaron todas las bibliotecas, con excepci\u00f3n de la Biblioteca de la Escuela de Artes (que contin\u00faa independiente), para prestar sus servicios a todas las escuelas dependientes de la Facultad de Filosof\u00eda y Humanidades, en el nuevo edificio \u201cPabell\u00f3n Agust\u00edn Tosco\u201d ubicado en el M\u00f3dulo \u201cC\u201d, de la Ciudad Universitaria.<\/p>\n<p>Con la transformaci\u00f3n de la Escuela de Psicolog\u00eda en Facultad de Psicolog\u00eda, la Biblioteca pas\u00f3 a depender de las dos facultades por decisi\u00f3n de ambos Decanatos de continuar desarrollando la interdisciplinariedad en las investigaciones y potenciar los recursos.<\/p>\n<p>La Biblioteca Central \u201cElma K. de Estrabou\u201d cuenta con un\u00a0<strong>fondo bibliogr\u00e1fico<\/strong>\u00a0de 150.000 vol\u00famenes, 3.800 publicaciones peri\u00f3dicas, 14.000 documentos hist\u00f3ricos manuscritos, mapas, planos, fotograf\u00edas, facs\u00edmiles de c\u00f3dices, etc.<\/p>\n<p>Est\u00e1 estructurada en los siguientes\u00a0\u00a0<strong>cuatro Departamentos y cinco Secciones<\/strong>:<\/p>\n<table border=\"1\" cellspacing=\"0\" cellpadding=\"0\">\n<tbody>\n<tr>\n<td valign=\"top\" width=\"144\">\n<p align=\"center\"><strong>Dto. de Servicios al p\u00fablico<\/strong><\/p>\n<\/td>\n<td valign=\"top\" width=\"144\">\n<p align=\"center\"><strong>Dto. de Procesos T\u00e9cnicos<\/strong><\/p>\n<\/td>\n<td valign=\"top\" width=\"144\">\n<p align=\"center\"><strong>Dto de Biblioteconom\u00eda<\/strong><\/p>\n<\/td>\n<td valign=\"top\" width=\"144\">\n<p align=\"center\"><strong>Dto.de Comunicaci\u00f3n Institucional y Biblioteca Virtual<\/strong><\/p>\n<\/td>\n<\/tr>\n<tr>\n<td valign=\"top\" width=\"144\">Secci\u00f3n \u201cEstudios Americanistas y Antropolog\u00eda\u201dSecci\u00f3n \u201cHemeroteca\u201d<\/p>\n<p>Secci\u00f3n \u201cHumanidades\u201d<\/p>\n<p>Secci\u00f3n \u00abReferencia\u00bb<\/p>\n<p align=\"center\">\n<\/td>\n<td valign=\"top\" width=\"144\"><\/td>\n<td valign=\"top\" width=\"144\">Secci\u00f3n \u201cCanje y Donaci\u00f3n\u201d<\/td>\n<\/tr>\n<\/tbody>\n<\/table>\n","protected":false},"excerpt":{"rendered":"<div class=\"entry-summary\">\nLa\u00a0Biblioteca \u201cElma K. de Estrabou\u201dsurgi\u00f3 al crearse el Instituto de Filosof\u00eda de la UNC el 13 de junio de 1934&hellip;\n<\/div>\n<div class=\"link-more\"><a href=\"https:\/\/ffyh.unc.edu.ar\/biblioteca\/sobre-la-biblioteca\/historia\/\" class=\"more-link\">Continuar leyendo<span class=\"screen-reader-text\"> &ldquo;Historia&rdquo;<\/span>&hellip;<\/a><\/div>\n","protected":false},"author":1,"featured_media":0,"parent":7,"menu_order":1,"comment_status":"closed","ping_status":"closed","template":"","meta":{"_acf_changed":false,"saved_in_kubio":false,"jetpack_post_was_ever_published":false,"footnotes":""},"class_list":["post-19","page","type-page","status-publish","hentry","entry"],"acf":[],"kubio_ai_page_context":{"short_desc":"","purpose":"general"},"jetpack_shortlink":"https:\/\/wp.me\/P9UJM9-j","jetpack-related-posts":[],"jetpack_sharing_enabled":true,"_links":{"self":[{"href":"https:\/\/ffyh.unc.edu.ar\/biblioteca\/wp-json\/wp\/v2\/pages\/19","targetHints":{"allow":["GET"]}}],"collection":[{"href":"https:\/\/ffyh.unc.edu.ar\/biblioteca\/wp-json\/wp\/v2\/pages"}],"about":[{"href":"https:\/\/ffyh.unc.edu.ar\/biblioteca\/wp-json\/wp\/v2\/types\/page"}],"author":[{"embeddable":true,"href":"https:\/\/ffyh.unc.edu.ar\/biblioteca\/wp-json\/wp\/v2\/users\/1"}],"replies":[{"embeddable":true,"href":"https:\/\/ffyh.unc.edu.ar\/biblioteca\/wp-json\/wp\/v2\/comments?post=19"}],"version-history":[{"count":0,"href":"https:\/\/ffyh.unc.edu.ar\/biblioteca\/wp-json\/wp\/v2\/pages\/19\/revisions"}],"up":[{"embeddable":true,"href":"https:\/\/ffyh.unc.edu.ar\/biblioteca\/wp-json\/wp\/v2\/pages\/7"}],"wp:attachment":[{"href":"https:\/\/ffyh.unc.edu.ar\/biblioteca\/wp-json\/wp\/v2\/media?parent=19"}],"curies":[{"name":"wp","href":"https:\/\/api.w.org\/{rel}","templated":true}]}}