{"id":1910,"date":"2018-05-07T18:31:40","date_gmt":"2018-05-07T18:31:40","guid":{"rendered":"http:\/\/ffyh.unc.edu.ar\/biblioteca\/?page_id=1910"},"modified":"2025-07-24T19:52:57","modified_gmt":"2025-07-24T19:52:57","slug":"presentacion","status":"publish","type":"page","link":"https:\/\/ffyh.unc.edu.ar\/biblioteca\/presentacion\/","title":{"rendered":"Presentaci\u00f3n"},"content":{"rendered":"<p style=\"text-align: justify\"><span style=\"font-size: 14pt\"><strong>La Biblioteca\u00a0<\/strong><strong><a href=\"#lectura\">\u00abElma Kohlmeyer de Estrabou\u00bb<\/a>,\u00a0<\/strong>pertenece a la Facultad de Filosof\u00eda y Humanidades y Facultad de Psicolog\u00eda de la UNC, funciona en el Pabell\u00f3n Agust\u00edn Tosco de la Ciudad Universitaria.<\/span><\/p>\n<p style=\"text-align: justify\"><img data-recalc-dims=\"1\" loading=\"lazy\" decoding=\"async\" data-attachment-id=\"2412\" data-permalink=\"https:\/\/ffyh.unc.edu.ar\/biblioteca\/presentacion\/a\/\" data-orig-file=\"https:\/\/i0.wp.com\/ffyh.unc.edu.ar\/biblioteca\/wp-content\/uploads\/sites\/4\/2018\/05\/a.jpg?fit=744%2C133&amp;ssl=1\" data-orig-size=\"744,133\" data-comments-opened=\"0\" data-image-meta=\"{&quot;aperture&quot;:&quot;0&quot;,&quot;credit&quot;:&quot;&quot;,&quot;camera&quot;:&quot;&quot;,&quot;caption&quot;:&quot;&quot;,&quot;created_timestamp&quot;:&quot;0&quot;,&quot;copyright&quot;:&quot;&quot;,&quot;focal_length&quot;:&quot;0&quot;,&quot;iso&quot;:&quot;0&quot;,&quot;shutter_speed&quot;:&quot;0&quot;,&quot;title&quot;:&quot;&quot;,&quot;orientation&quot;:&quot;0&quot;}\" data-image-title=\"a\" data-image-description=\"\" data-image-caption=\"\" data-medium-file=\"https:\/\/i0.wp.com\/ffyh.unc.edu.ar\/biblioteca\/wp-content\/uploads\/sites\/4\/2018\/05\/a.jpg?fit=300%2C54&amp;ssl=1\" data-large-file=\"https:\/\/i0.wp.com\/ffyh.unc.edu.ar\/biblioteca\/wp-content\/uploads\/sites\/4\/2018\/05\/a.jpg?fit=744%2C133&amp;ssl=1\" class=\"alignnone size-full wp-image-2412\" src=\"https:\/\/i0.wp.com\/ffyh.unc.edu.ar\/biblioteca\/wp-content\/uploads\/sites\/4\/2018\/05\/a.jpg?resize=744%2C133\" alt=\"\" width=\"744\" height=\"133\" srcset=\"https:\/\/i0.wp.com\/ffyh.unc.edu.ar\/biblioteca\/wp-content\/uploads\/sites\/4\/2018\/05\/a.jpg?w=744&amp;ssl=1 744w, https:\/\/i0.wp.com\/ffyh.unc.edu.ar\/biblioteca\/wp-content\/uploads\/sites\/4\/2018\/05\/a.jpg?resize=300%2C54&amp;ssl=1 300w\" sizes=\"auto, (max-width: 744px) 100vw, 744px\" \/><\/p>\n<p style=\"text-align: justify\"><span style=\"font-size: 14pt\">Presta sus servicios a alumnos de grado y de postgrado, docentes, investigadores, egresados, nodocentes de ambas Facultades y p\u00fablico en general, tambi\u00e9n con otras Facultades y Universidades Nacionales a trav\u00e9s del\u00a0<strong><a href=\"http:\/\/www.abuc.org.ar\/portal\/interna2020_2.php?sec=6&amp;pag=25#lectura\" target=\"_blank\" rel=\"noopener noreferrer\">pr\u00e9stamo interbibliotecario ABUC<\/a><\/strong>.<\/span><\/p>\n<p style=\"text-align: justify\"><span style=\"font-size: 14pt\">Cuenta con un fondo Bibliogr\u00e1fico aproximado de 160.000 vol\u00famenes (libros, folletos, tesis de licenciatura, pr\u00e1cticas supervisadas, tesis de maestr\u00eda, doctorado y carreras de especializaci\u00f3n, traducciones, etc.), 14.000 Documentos hist\u00f3ricos siglos XVI a XX y 3.800 t\u00edtulos de publicaciones peri\u00f3dicas.<\/span><\/p>\n<p style=\"text-align: justify\"><span style=\"font-size: 14pt\">Posee material referido a las \u00e1reas de\u00a0 Antropolog\u00eda, Archivolog\u00eda, Artes, Bibliotecolog\u00eda, Ciencias de la Educaci\u00f3n,\u00a0 Filosof\u00eda, Geograf\u00eda, Historia, Letras Modernas y Cl\u00e1sicas y Psicolog\u00eda. Su acervo bibliogr\u00e1fico se ha enriquecido con la donaci\u00f3n de numerosas colecciones que cubren las \u00e1reas de humanidades y ciencias sociales.<\/span><\/p>\n<p style=\"text-align: justify\"><span style=\"font-size: 14pt\">Las inscripciones se realizan de lunes a viernes de 9:00\u00a0 a 18:00 hs. en el mostrador de atenci\u00f3n al p\u00fablico.<\/span><\/p>\n<p style=\"text-align: justify\"><span style=\"font-size: 14pt\">Pueden asociarse estudiantes, docentes, investigadores, egresados, nodocentes y alumnos de intercambio de ambas Facultades. Tambi\u00e9n docentes, investigadores y nodocentes de otras Facultades de la UNC.<\/span><\/p>\n<p style=\"text-align: justify\"><span style=\"font-size: 14pt\">Las disposiciones y normas que contemplan derechos y obligaciones de los usuarios, sanciones, excepciones, etc. se encuentran establecidos en el\u00a0<a href=\"https:\/\/ffyh.unc.edu.ar\/biblioteca\/reglamento-de-la-biblioteca\/\">Reglamento<\/a>\u00a0de la biblioteca.<\/span><\/p>\n<p style=\"text-align: justify\"><span style=\"font-size: 14pt\">La consulta del material bibliogr\u00e1fico se realiza a trav\u00e9s del\u00a0<a href=\"http:\/\/ffyh.biblio.unc.edu.ar\/\" target=\"_blank\" rel=\"noopener noreferrer\">Cat\u00e1logo general\u00a0<\/a>que corre bajo el Sistema integrado KOHA.<\/span><\/p>\n<p style=\"text-align: justify\"><span style=\"font-size: 14pt\">La Biblioteca es p\u00fablica, y est\u00e1 abierta de lunes a viernes de 9:00 a 20:00 hs.<\/span><\/p>\n<p style=\"text-align: justify\"><span style=\"color: #ff0000\"><img data-recalc-dims=\"1\" loading=\"lazy\" decoding=\"async\" data-attachment-id=\"2413\" data-permalink=\"https:\/\/ffyh.unc.edu.ar\/biblioteca\/presentacion\/b\/\" data-orig-file=\"https:\/\/i0.wp.com\/ffyh.unc.edu.ar\/biblioteca\/wp-content\/uploads\/sites\/4\/2018\/05\/b.jpg?fit=744%2C558&amp;ssl=1\" data-orig-size=\"744,558\" data-comments-opened=\"0\" data-image-meta=\"{&quot;aperture&quot;:&quot;0&quot;,&quot;credit&quot;:&quot;&quot;,&quot;camera&quot;:&quot;&quot;,&quot;caption&quot;:&quot;&quot;,&quot;created_timestamp&quot;:&quot;0&quot;,&quot;copyright&quot;:&quot;&quot;,&quot;focal_length&quot;:&quot;0&quot;,&quot;iso&quot;:&quot;0&quot;,&quot;shutter_speed&quot;:&quot;0&quot;,&quot;title&quot;:&quot;&quot;,&quot;orientation&quot;:&quot;0&quot;}\" data-image-title=\"b\" data-image-description=\"\" data-image-caption=\"\" data-medium-file=\"https:\/\/i0.wp.com\/ffyh.unc.edu.ar\/biblioteca\/wp-content\/uploads\/sites\/4\/2018\/05\/b.jpg?fit=300%2C225&amp;ssl=1\" data-large-file=\"https:\/\/i0.wp.com\/ffyh.unc.edu.ar\/biblioteca\/wp-content\/uploads\/sites\/4\/2018\/05\/b.jpg?fit=744%2C558&amp;ssl=1\" class=\"size-full wp-image-2413 aligncenter\" src=\"https:\/\/i0.wp.com\/ffyh.unc.edu.ar\/biblioteca\/wp-content\/uploads\/sites\/4\/2018\/05\/b.jpg?resize=744%2C558\" alt=\"\" width=\"744\" height=\"558\" srcset=\"https:\/\/i0.wp.com\/ffyh.unc.edu.ar\/biblioteca\/wp-content\/uploads\/sites\/4\/2018\/05\/b.jpg?w=744&amp;ssl=1 744w, https:\/\/i0.wp.com\/ffyh.unc.edu.ar\/biblioteca\/wp-content\/uploads\/sites\/4\/2018\/05\/b.jpg?resize=300%2C225&amp;ssl=1 300w\" sizes=\"auto, (max-width: 744px) 100vw, 744px\" \/><\/span><\/p>\n<p style=\"text-align: justify\"><strong>LOGO DE LA BIBLIOTECA<\/strong><\/p>\n<p style=\"text-align: justify\"><img data-recalc-dims=\"1\" loading=\"lazy\" decoding=\"async\" data-attachment-id=\"2397\" data-permalink=\"https:\/\/ffyh.unc.edu.ar\/biblioteca\/actividades-de-extension\/attachment\/8\/\" data-orig-file=\"https:\/\/i0.wp.com\/ffyh.unc.edu.ar\/biblioteca\/wp-content\/uploads\/sites\/4\/2018\/05\/8.jpg?fit=744%2C600&amp;ssl=1\" data-orig-size=\"744,600\" data-comments-opened=\"0\" data-image-meta=\"{&quot;aperture&quot;:&quot;0&quot;,&quot;credit&quot;:&quot;&quot;,&quot;camera&quot;:&quot;&quot;,&quot;caption&quot;:&quot;&quot;,&quot;created_timestamp&quot;:&quot;0&quot;,&quot;copyright&quot;:&quot;&quot;,&quot;focal_length&quot;:&quot;0&quot;,&quot;iso&quot;:&quot;0&quot;,&quot;shutter_speed&quot;:&quot;0&quot;,&quot;title&quot;:&quot;&quot;,&quot;orientation&quot;:&quot;0&quot;}\" data-image-title=\"8\" data-image-description=\"\" data-image-caption=\"\" data-medium-file=\"https:\/\/i0.wp.com\/ffyh.unc.edu.ar\/biblioteca\/wp-content\/uploads\/sites\/4\/2018\/05\/8.jpg?fit=300%2C242&amp;ssl=1\" data-large-file=\"https:\/\/i0.wp.com\/ffyh.unc.edu.ar\/biblioteca\/wp-content\/uploads\/sites\/4\/2018\/05\/8.jpg?fit=744%2C600&amp;ssl=1\" class=\"wp-image-2397 alignleft\" src=\"https:\/\/i0.wp.com\/ffyh.unc.edu.ar\/biblioteca\/wp-content\/uploads\/sites\/4\/2018\/05\/8.jpg?resize=302%2C244\" alt=\"\" width=\"302\" height=\"244\" srcset=\"https:\/\/i0.wp.com\/ffyh.unc.edu.ar\/biblioteca\/wp-content\/uploads\/sites\/4\/2018\/05\/8.jpg?w=744&amp;ssl=1 744w, https:\/\/i0.wp.com\/ffyh.unc.edu.ar\/biblioteca\/wp-content\/uploads\/sites\/4\/2018\/05\/8.jpg?resize=300%2C242&amp;ssl=1 300w\" sizes=\"auto, (max-width: 302px) 100vw, 302px\" \/><\/p>\n<p style=\"text-align: justify\">El nuevo logo de la Biblioteca est\u00e1 basado en una imagen de los c\u00f3dices aztecas y mayas. La l\u00ednea de base que est\u00e1 ubicada sobre la palabra \u201cBiblioteca\u201d, remite a la virgulilla de la letra \u00d1. Esta combinaci\u00f3n es una forma de recuperar el conocimiento de los pueblos originarios del continente americano y agregar un s\u00edmbolo del alfabeto espa\u00f1ol, rasgo que lo diferencia de los otros. Adem\u00e1s, la idea de lostres puntos sobre su l\u00ednea se basa en el nuevo isologotipo de la Facultad, al que se le agrega un punto, que simboliza la pertenencia de la Biblioteca a la FFyH de la UNC.<\/p>\n<p id=\"lectura\" style=\"text-align: justify\">Por \u00faltimo, el nuevo logo de la Biblioteca tambi\u00e9n puede interpretarse como un dibujo que alude a una mesa en la que est\u00e1n reunidos varios lectores, tal como se observa si se mira desde el primer piso del Pabell\u00f3n hacia la sala de lectura de la Biblioteca.<\/p>\n<p><b>BIOGRAF\u00cdA DE ELMA KOHLMEYER<\/b><\/p>\n<p style=\"text-align: justify\"><span style=\"font-size: 14pt\">Naci\u00f3 en la ciudad de\u00a0Punta Alta,\u00a0provincia de Buenos Aires. Fueron sus padres Ernesto Kohlmeyer (ingeniero naval\u00a0alem\u00e1n) y Margarita Napal. Estudi\u00f3 como\u00a0bachiller\u00a0en el Liceo Nacional de Se\u00f1oritas, de la ciudad capital de C\u00f3rdoba. Y en\u00a01957, obtuvo la\u00a0licenciatura\u00a0en filosof\u00eda por la\u00a0<a href=\"https:\/\/es.wikipedia.org\/wiki\/Facultad_de_Filosof%C3%ADa_y_Humanidades_%28Universidad_Nacional_de_C%C3%B3rdoba%29\">Facultad de Filosof\u00eda y Humanidades<\/a>\u00a0de la\u00a0<a href=\"https:\/\/es.wikipedia.org\/wiki\/Universidad_Nacional_de_C%C3%B3rdoba\">Universidad Nacional de C\u00f3rdoba<\/a>. All\u00ed desarroll\u00f3 actividades acad\u00e9micas, y en\u00a01959\u00a0fue nombrada como directora de la Biblioteca y estuvo en ese cargo hasta 1962.<\/span><\/p>\n<p style=\"text-align: justify\"><span style=\"font-size: 14pt\">Estrabou fue cesanteada el 14 de mayo de 1975 junto a Saleme de Burnichon y No\u00e9 Jitrik, entre otros reconocidos docentes. Solamente, para el 29 de abril de 1985 fue reintegrada definitivamente, despu\u00e9s de superar dificultades administrativas en relaci\u00f3n a su cargo docente<\/span><\/p>\n<p style=\"text-align: justify\"><span style=\"font-size: 14pt\">Falleci\u00f3 en la ciudad de\u00a0Viedma,\u00a0provincia de R\u00edo Negro, el\u00a07 de julio\u00a0de\u00a01997.<\/span><\/p>\n","protected":false},"excerpt":{"rendered":"<div class=\"entry-summary\">\nLa Biblioteca\u00a0\u00abElma Kohlmeyer de Estrabou\u00bb,\u00a0pertenece a la Facultad de Filosof\u00eda y Humanidades y Facultad de Psicolog\u00eda de la UNC, funciona&hellip;\n<\/div>\n<div class=\"link-more\"><a href=\"https:\/\/ffyh.unc.edu.ar\/biblioteca\/presentacion\/\" class=\"more-link\">Continuar leyendo<span class=\"screen-reader-text\"> &ldquo;Presentaci\u00f3n&rdquo;<\/span>&hellip;<\/a><\/div>\n","protected":false},"author":7,"featured_media":0,"parent":0,"menu_order":0,"comment_status":"closed","ping_status":"closed","template":"","meta":{"_acf_changed":false,"jetpack_post_was_ever_published":false,"footnotes":""},"class_list":["post-1910","page","type-page","status-publish","hentry","entry"],"acf":[],"jetpack_shortlink":"https:\/\/wp.me\/P9UJM9-uO","jetpack-related-posts":[],"jetpack_sharing_enabled":true,"_links":{"self":[{"href":"https:\/\/ffyh.unc.edu.ar\/biblioteca\/wp-json\/wp\/v2\/pages\/1910","targetHints":{"allow":["GET"]}}],"collection":[{"href":"https:\/\/ffyh.unc.edu.ar\/biblioteca\/wp-json\/wp\/v2\/pages"}],"about":[{"href":"https:\/\/ffyh.unc.edu.ar\/biblioteca\/wp-json\/wp\/v2\/types\/page"}],"author":[{"embeddable":true,"href":"https:\/\/ffyh.unc.edu.ar\/biblioteca\/wp-json\/wp\/v2\/users\/7"}],"replies":[{"embeddable":true,"href":"https:\/\/ffyh.unc.edu.ar\/biblioteca\/wp-json\/wp\/v2\/comments?post=1910"}],"version-history":[{"count":11,"href":"https:\/\/ffyh.unc.edu.ar\/biblioteca\/wp-json\/wp\/v2\/pages\/1910\/revisions"}],"predecessor-version":[{"id":4837,"href":"https:\/\/ffyh.unc.edu.ar\/biblioteca\/wp-json\/wp\/v2\/pages\/1910\/revisions\/4837"}],"wp:attachment":[{"href":"https:\/\/ffyh.unc.edu.ar\/biblioteca\/wp-json\/wp\/v2\/media?parent=1910"}],"curies":[{"name":"wp","href":"https:\/\/api.w.org\/{rel}","templated":true}]}}