{"id":1913,"date":"2018-05-07T18:38:52","date_gmt":"2018-05-07T18:38:52","guid":{"rendered":"http:\/\/ffyh.unc.edu.ar\/biblioteca\/?page_id=1913"},"modified":"2026-03-13T16:24:27","modified_gmt":"2026-03-13T16:24:27","slug":"quienes-somos","status":"publish","type":"page","link":"https:\/\/ffyh.unc.edu.ar\/biblioteca\/quienes-somos\/","title":{"rendered":"Quienes somos"},"content":{"rendered":"<p>&nbsp;<\/p>\n<p>&nbsp;<\/p>\n<table width=\"625\">\n<tbody>\n<tr>\n<td colspan=\"2\"><strong>DIRECCI\u00d3N<\/strong><\/td>\n<\/tr>\n<tr>\n<td width=\"40%\"><strong>Directora<\/strong><\/td>\n<td>Lic. Alejandra Greiff<br \/>\n<a href=\"mailto:agreiff@ffyh.unc.edu.ar\">agreiff@ffyh.unc.edu.ar<\/a><\/td>\n<\/tr>\n<tr>\n<td colspan=\"2\"><strong>DEPARTAMENTO DE BIBLIOTECONOM\u00cdA<\/strong><\/td>\n<\/tr>\n<tr>\n<td><strong>Jefe de Dpto.<\/strong><\/td>\n<td>Lic. Claudia Candia<br \/>\n<a href=\"mailto:claudia.candia@ffyh.unc.edu.ar\">claudia.candia@ffyh.unc.edu.ar<\/a><\/td>\n<\/tr>\n<tr>\n<td><strong>Secci\u00f3n Canje y Donaci\u00f3n<\/strong><\/td>\n<td>Bibl. Andrea Marasca <a href=\"mailto:andrearmarasca@ffyh.unc.edu.ar\">andrearmarasca@ffyh.unc.edu.ar<\/a><\/td>\n<\/tr>\n<tr>\n<td colspan=\"2\"><strong>DEPARTAMENTO DE PROCESOS T\u00c9CNICOS<\/strong><\/td>\n<\/tr>\n<tr>\n<td><strong>Jefe de Dpto.<\/strong><\/p>\n<p>&nbsp;<\/p>\n<p>&nbsp;<\/p>\n<p><strong>Secci\u00f3n Patrimonio Bibliogr\u00e1fico y Documental<\/strong><\/p>\n<p>&nbsp;<\/td>\n<td>Lic. Jos\u00e9 Luis D\u00edaz <a style=\"font-family: inherit;font-size: inherit\" href=\"mailto:joseluisdiaz@ffyh.unc.edu.ar\">joseluisdiaz@ffyh.unc.edu.ar<\/a><span style=\"font-family: inherit;font-size: inherit;background-color: var(--color_content_background);color: var(--color_content_text)\">\u00a0<\/span><\/p>\n<p>Lic. Claudia Anal\u00eda L\u00f3pez<\/p>\n<p>&nbsp;<\/p>\n<p>Bibl. Luciana Cabrera<\/p>\n<p>&nbsp;<\/td>\n<\/tr>\n<tr>\n<td colspan=\"2\"><strong>DEPARTAMENTO DE HUMANIDADES<\/strong><\/td>\n<\/tr>\n<tr>\n<td><strong>Jefe de Dpto.<\/strong><\/td>\n<td>Bibl. Alejandra D\u00edaz<br \/>\n<a href=\"mailto:adiaz@ffyh.unc.edu.ar\">adiaz@ffyh.unc.edu.ar<\/a><\/td>\n<\/tr>\n<tr>\n<td><strong>Turno Ma\u00f1ana:<\/strong><\/td>\n<td>Bibl. Yesica Torrez<\/p>\n<p>&nbsp;<\/td>\n<\/tr>\n<tr>\n<td><strong>Turno Tarde:<\/strong><\/td>\n<td>Lic. Miguel Candia\u00a0 \u00a0 \u00a0 \u00a0<a href=\"mailto:mcandia@ffyh.unc.edu.ar\">mcandia@ffyh.unc.edu.ar<\/a><\/p>\n<p>Lic. Valeria Bringa<\/p>\n<p>Bibl. Giselle Fern\u00e1ndez<\/p>\n<p>Lic. Mar\u00eda Victoria Reuter<\/p>\n<p>Sr. Fausto Chiacchietta<\/p>\n<p>Srta. Luc\u00eda Irastorza<\/td>\n<\/tr>\n<tr>\n<td><strong>Banco de Tesis de Psicolog\u00eda<\/strong><\/td>\n<td>Bibl. Carla Poletto<\/td>\n<\/tr>\n<tr>\n<td colspan=\"2\"><strong>DEPARTAMENTO DE ESTUDIOS AMERICANISTAS Y DE ANTROPOLOG\u00cdA<\/strong><\/td>\n<\/tr>\n<tr>\n<td><strong>Jefe de Dpto.:<\/strong><\/p>\n<p><strong>\u00a0 \u00a0 \u00a0 \u00a0 \u00a0 \u00a0 \u00a0 \u00a0 \u00a0 \u00a0 \u00a0 \u00a0 \u00a0 \u00a0 \u00a0 \u00a0 \u00a0 \u00a0 \u00a0 \u00a0 \u00a0 \u00a0Turno Ma\u00f1ana:<\/strong><\/td>\n<td>Lic. Mar\u00eda Luz Chaves<br \/>\n<a href=\"mailto:mlchaves@ffyh.unc.edu.ar\">mlchaves@ffyh.unc.edu.ar<\/a><\/p>\n<p style=\"margin: 0cm;margin-bottom: .0001pt\">Sr. Javier Gonz\u00e1lez<\/p>\n<p style=\"margin: 0cm;margin-bottom: .0001pt\"><a href=\"mailto:javiergonzalez@ffyh.unc.edu.ar\">javiergonzalez@ffyh.unc.edu.ar<\/a><\/p>\n<\/td>\n<\/tr>\n<tr>\n<td colspan=\"2\"><strong>DEPARTAMENTO DE HEMEROTECA Y DE REFERENCIA<\/strong><\/td>\n<\/tr>\n<tr>\n<td><strong>Jefe de Dpto.:<\/strong><\/p>\n<p><strong>\u00a0 \u00a0 \u00a0 \u00a0 \u00a0 \u00a0 \u00a0 \u00a0 \u00a0 \u00a0 \u00a0 \u00a0 \u00a0 \u00a0 \u00a0 \u00a0 \u00a0 \u00a0 \u00a0 \u00a0 \u00a0 \u00a0Turno Tarde:<\/strong><\/td>\n<td>Lic. Federico Zeballos<br \/>\n<a href=\"mailto:fazeballos@ffyh.unc.edu.ar\">fazeballos@ffyh.unc.edu.ar<\/a><\/p>\n<p>Bibl. Teresita Aldana<\/td>\n<\/tr>\n<tr>\n<td colspan=\"2\"><strong>DEPARTAMENTO DE COMUNICACI\u00d3N INSTITUCIONAL Y BIBLIOTECA DIGITAL<\/strong><\/td>\n<\/tr>\n<tr>\n<td><strong>Jefe de Dpto.:<\/strong><\/td>\n<td>Bibl. Nora Fern\u00e1ndez<br \/>\n<a href=\"mailto:norafernandez@ffyh.unc.edu.ar\">norafernandez@ffyh.unc.edu.ar<\/a><\/td>\n<\/tr>\n<tr>\n<td><strong>\u00a0Turno tarde:<\/strong><\/td>\n<td>Lic. Carolina Salazar<\/td>\n<\/tr>\n<\/tbody>\n<\/table>\n<p>&nbsp;<\/p>\n<p><img data-recalc-dims=\"1\" loading=\"lazy\" decoding=\"async\" data-attachment-id=\"3619\" data-permalink=\"https:\/\/ffyh.unc.edu.ar\/biblioteca\/quienes-somos\/pagina-web\/\" data-orig-file=\"https:\/\/i0.wp.com\/ffyh.unc.edu.ar\/biblioteca\/wp-content\/uploads\/sites\/4\/2019\/08\/pagina-web.jpg?fit=1040%2C780&amp;ssl=1\" data-orig-size=\"1040,780\" data-comments-opened=\"0\" data-image-meta=\"{&quot;aperture&quot;:&quot;0&quot;,&quot;credit&quot;:&quot;&quot;,&quot;camera&quot;:&quot;&quot;,&quot;caption&quot;:&quot;&quot;,&quot;created_timestamp&quot;:&quot;0&quot;,&quot;copyright&quot;:&quot;&quot;,&quot;focal_length&quot;:&quot;0&quot;,&quot;iso&quot;:&quot;0&quot;,&quot;shutter_speed&quot;:&quot;0&quot;,&quot;title&quot;:&quot;&quot;,&quot;orientation&quot;:&quot;0&quot;}\" data-image-title=\"pagina web\" data-image-description=\"\" data-image-caption=\"\" data-medium-file=\"https:\/\/i0.wp.com\/ffyh.unc.edu.ar\/biblioteca\/wp-content\/uploads\/sites\/4\/2019\/08\/pagina-web.jpg?fit=300%2C225&amp;ssl=1\" data-large-file=\"https:\/\/i0.wp.com\/ffyh.unc.edu.ar\/biblioteca\/wp-content\/uploads\/sites\/4\/2019\/08\/pagina-web.jpg?fit=1024%2C768&amp;ssl=1\" class=\"alignnone size-large wp-image-3619\" src=\"https:\/\/i0.wp.com\/ffyh.unc.edu.ar\/biblioteca\/wp-content\/uploads\/sites\/4\/2019\/08\/pagina-web.jpg?resize=1024%2C768\" alt=\"\" width=\"1024\" height=\"768\" srcset=\"https:\/\/i0.wp.com\/ffyh.unc.edu.ar\/biblioteca\/wp-content\/uploads\/sites\/4\/2019\/08\/pagina-web.jpg?resize=1024%2C768&amp;ssl=1 1024w, https:\/\/i0.wp.com\/ffyh.unc.edu.ar\/biblioteca\/wp-content\/uploads\/sites\/4\/2019\/08\/pagina-web.jpg?resize=300%2C225&amp;ssl=1 300w, https:\/\/i0.wp.com\/ffyh.unc.edu.ar\/biblioteca\/wp-content\/uploads\/sites\/4\/2019\/08\/pagina-web.jpg?resize=768%2C576&amp;ssl=1 768w, https:\/\/i0.wp.com\/ffyh.unc.edu.ar\/biblioteca\/wp-content\/uploads\/sites\/4\/2019\/08\/pagina-web.jpg?w=1040&amp;ssl=1 1040w\" sizes=\"auto, (max-width: 1024px) 100vw, 1024px\" \/><\/p>\n","protected":false},"excerpt":{"rendered":"<div class=\"entry-summary\">\n&nbsp; &nbsp; DIRECCI\u00d3N Directora Lic. Alejandra Greiff agreiff@ffyh.unc.edu.ar DEPARTAMENTO DE BIBLIOTECONOM\u00cdA Jefe de Dpto. Lic. Claudia Candia claudia.candia@ffyh.unc.edu.ar Secci\u00f3n Canje&hellip;\n<\/div>\n<div class=\"link-more\"><a href=\"https:\/\/ffyh.unc.edu.ar\/biblioteca\/quienes-somos\/\" class=\"more-link\">Continuar leyendo<span class=\"screen-reader-text\"> &ldquo;Quienes somos&rdquo;<\/span>&hellip;<\/a><\/div>\n","protected":false},"author":7,"featured_media":0,"parent":0,"menu_order":0,"comment_status":"closed","ping_status":"closed","template":"","meta":{"_acf_changed":false,"jetpack_post_was_ever_published":false,"footnotes":""},"class_list":["post-1913","page","type-page","status-publish","hentry","entry"],"acf":[],"jetpack_shortlink":"https:\/\/wp.me\/P9UJM9-uR","jetpack-related-posts":[],"jetpack_sharing_enabled":true,"_links":{"self":[{"href":"https:\/\/ffyh.unc.edu.ar\/biblioteca\/wp-json\/wp\/v2\/pages\/1913","targetHints":{"allow":["GET"]}}],"collection":[{"href":"https:\/\/ffyh.unc.edu.ar\/biblioteca\/wp-json\/wp\/v2\/pages"}],"about":[{"href":"https:\/\/ffyh.unc.edu.ar\/biblioteca\/wp-json\/wp\/v2\/types\/page"}],"author":[{"embeddable":true,"href":"https:\/\/ffyh.unc.edu.ar\/biblioteca\/wp-json\/wp\/v2\/users\/7"}],"replies":[{"embeddable":true,"href":"https:\/\/ffyh.unc.edu.ar\/biblioteca\/wp-json\/wp\/v2\/comments?post=1913"}],"version-history":[{"count":56,"href":"https:\/\/ffyh.unc.edu.ar\/biblioteca\/wp-json\/wp\/v2\/pages\/1913\/revisions"}],"predecessor-version":[{"id":20830,"href":"https:\/\/ffyh.unc.edu.ar\/biblioteca\/wp-json\/wp\/v2\/pages\/1913\/revisions\/20830"}],"wp:attachment":[{"href":"https:\/\/ffyh.unc.edu.ar\/biblioteca\/wp-json\/wp\/v2\/media?parent=1913"}],"curies":[{"name":"wp","href":"https:\/\/api.w.org\/{rel}","templated":true}]}}