{"id":1922,"date":"2018-05-07T18:48:02","date_gmt":"2018-05-07T18:48:02","guid":{"rendered":"http:\/\/ffyh.unc.edu.ar\/biblioteca\/?page_id=1922"},"modified":"2018-06-04T17:28:26","modified_gmt":"2018-06-04T17:28:26","slug":"conociendo-la-biblioteca","status":"publish","type":"page","link":"https:\/\/ffyh.unc.edu.ar\/biblioteca\/conociendo-la-biblioteca\/","title":{"rendered":"Conociendo la biblioteca"},"content":{"rendered":"<p style=\"text-align: justify\">La Biblioteca, es un complejo sistema en constante movimiento, para conocerla, les proponemos un breve recorrido a partir de su acervo bibliogr\u00e1fico, su organizaci\u00f3n, proyectos y actividades de extensi\u00f3n que cobran vida en sus Salas de Lectura.<\/p>\n<p class=\"jetpack-slideshow-noscript robots-nocontent\">El pase de diapositivas requiere JavaScript.<\/p><div id=\"gallery-1922-1-slideshow\" class=\"jetpack-slideshow-window jetpack-slideshow jetpack-slideshow-black\" data-trans=\"fade\" data-autostart=\"1\" data-gallery=\"[{&quot;src&quot;:&quot;https:\\\/\\\/i0.wp.com\\\/ffyh.unc.edu.ar\\\/biblioteca\\\/wp-content\\\/uploads\\\/sites\\\/4\\\/2018\\\/05\\\/e.jpg?fit=744%2C558\\u0026ssl=1&quot;,&quot;id&quot;:&quot;2419&quot;,&quot;title&quot;:&quot;e&quot;,&quot;alt&quot;:&quot;&quot;,&quot;caption&quot;:&quot;&quot;,&quot;itemprop&quot;:&quot;image&quot;},{&quot;src&quot;:&quot;https:\\\/\\\/i0.wp.com\\\/ffyh.unc.edu.ar\\\/biblioteca\\\/wp-content\\\/uploads\\\/sites\\\/4\\\/2018\\\/05\\\/f.jpg?fit=744%2C558\\u0026ssl=1&quot;,&quot;id&quot;:&quot;2420&quot;,&quot;title&quot;:&quot;f&quot;,&quot;alt&quot;:&quot;&quot;,&quot;caption&quot;:&quot;&quot;,&quot;itemprop&quot;:&quot;image&quot;},{&quot;src&quot;:&quot;https:\\\/\\\/i0.wp.com\\\/ffyh.unc.edu.ar\\\/biblioteca\\\/wp-content\\\/uploads\\\/sites\\\/4\\\/2018\\\/05\\\/g.jpg?fit=744%2C558\\u0026ssl=1&quot;,&quot;id&quot;:&quot;2421&quot;,&quot;title&quot;:&quot;g&quot;,&quot;alt&quot;:&quot;&quot;,&quot;caption&quot;:&quot;&quot;,&quot;itemprop&quot;:&quot;image&quot;},{&quot;src&quot;:&quot;https:\\\/\\\/i0.wp.com\\\/ffyh.unc.edu.ar\\\/biblioteca\\\/wp-content\\\/uploads\\\/sites\\\/4\\\/2018\\\/05\\\/h.jpg?fit=744%2C558\\u0026ssl=1&quot;,&quot;id&quot;:&quot;2422&quot;,&quot;title&quot;:&quot;&quot;,&quot;alt&quot;:&quot;&quot;,&quot;caption&quot;:&quot;&quot;,&quot;itemprop&quot;:&quot;image&quot;}]\" itemscope itemtype=\"https:\/\/schema.org\/ImageGallery\"><\/div>\n<div class=\"media-widget-control selected\">\n<div class=\"media-widget-fields\"><\/div>\n<\/div>\n","protected":false},"excerpt":{"rendered":"<div class=\"entry-summary\">\nLa Biblioteca, es un complejo sistema en constante movimiento, para conocerla, les proponemos un breve recorrido a partir de su&hellip;\n<\/div>\n<div class=\"link-more\"><a href=\"https:\/\/ffyh.unc.edu.ar\/biblioteca\/conociendo-la-biblioteca\/\" class=\"more-link\">Continuar leyendo<span class=\"screen-reader-text\"> &ldquo;Conociendo la biblioteca&rdquo;<\/span>&hellip;<\/a><\/div>\n","protected":false},"author":7,"featured_media":0,"parent":0,"menu_order":0,"comment_status":"closed","ping_status":"closed","template":"","meta":{"_acf_changed":false,"jetpack_post_was_ever_published":false,"footnotes":""},"class_list":["post-1922","page","type-page","status-publish","hentry","entry"],"acf":[],"jetpack_shortlink":"https:\/\/wp.me\/P9UJM9-v0","jetpack-related-posts":[],"jetpack_sharing_enabled":false,"_links":{"self":[{"href":"https:\/\/ffyh.unc.edu.ar\/biblioteca\/wp-json\/wp\/v2\/pages\/1922","targetHints":{"allow":["GET"]}}],"collection":[{"href":"https:\/\/ffyh.unc.edu.ar\/biblioteca\/wp-json\/wp\/v2\/pages"}],"about":[{"href":"https:\/\/ffyh.unc.edu.ar\/biblioteca\/wp-json\/wp\/v2\/types\/page"}],"author":[{"embeddable":true,"href":"https:\/\/ffyh.unc.edu.ar\/biblioteca\/wp-json\/wp\/v2\/users\/7"}],"replies":[{"embeddable":true,"href":"https:\/\/ffyh.unc.edu.ar\/biblioteca\/wp-json\/wp\/v2\/comments?post=1922"}],"version-history":[{"count":9,"href":"https:\/\/ffyh.unc.edu.ar\/biblioteca\/wp-json\/wp\/v2\/pages\/1922\/revisions"}],"predecessor-version":[{"id":2719,"href":"https:\/\/ffyh.unc.edu.ar\/biblioteca\/wp-json\/wp\/v2\/pages\/1922\/revisions\/2719"}],"wp:attachment":[{"href":"https:\/\/ffyh.unc.edu.ar\/biblioteca\/wp-json\/wp\/v2\/media?parent=1922"}],"curies":[{"name":"wp","href":"https:\/\/api.w.org\/{rel}","templated":true}]}}