{"id":1929,"date":"2018-05-08T17:58:52","date_gmt":"2018-05-08T17:58:52","guid":{"rendered":"http:\/\/ffyh.unc.edu.ar\/biblioteca\/?page_id=1929"},"modified":"2018-05-23T17:24:49","modified_gmt":"2018-05-23T17:24:49","slug":"organizacion","status":"publish","type":"page","link":"https:\/\/ffyh.unc.edu.ar\/biblioteca\/organizacion\/","title":{"rendered":"Organizaci\u00f3n"},"content":{"rendered":"<p style=\"text-align: justify\"><span style=\"font-size: 14pt\">El personal de la Biblioteca se encuentra conformado por\u00a0<strong>nodocentes, docentes, contratados y pasantes\u00a0<\/strong>los que presentan un perfil adecuado a las necesidades de la Instituci\u00f3n y una capacitaci\u00f3n acorde a los cambios tecnol\u00f3gicos que se van suscitando.<\/span><\/p>\n<p style=\"text-align: justify\"><span style=\"font-size: 14pt\">A los efectos de lograr un funcionamiento din\u00e1mico y eficiente, la Biblioteca se encuentra organizada de la siguiente manera:<\/span><\/p>\n<ul>\n<li style=\"text-align: justify\"><a href=\"https:\/\/ffyh.unc.edu.ar\/biblioteca\/direccion\/\"><span style=\"font-size: 14pt\">DIRECCI\u00d3N<\/span><\/a><\/li>\n<li style=\"text-align: justify\"><a href=\"https:\/\/ffyh.unc.edu.ar\/biblioteca\/dpto-de-biblioteconomia\/\"><span style=\"font-size: 14pt\">DPTO. DE BIBLIOTECONOM\u00cdA<\/span><\/a><\/li>\n<li style=\"text-align: justify\"><a href=\"https:\/\/ffyh.unc.edu.ar\/biblioteca\/dpto-de-procesos-tecnicos\/\"><span style=\"font-size: 14pt\">DPTO. DE PROCESOS T\u00c9CNICOS<\/span><\/a><\/li>\n<li style=\"text-align: justify\"><a href=\"https:\/\/ffyh.unc.edu.ar\/biblioteca\/dpto-de-humanidades\/\"><span style=\"font-size: 14pt\">DPTO. DE HUMANIDADES<\/span><\/a><\/li>\n<li style=\"text-align: justify\"><a href=\"https:\/\/ffyh.unc.edu.ar\/biblioteca\/dpto-de-estudios-americanistas-y-de-antropologia\/\"><span style=\"font-size: 14pt\">DPTO. DE ESTUDIOS AMERICANISTAS Y DE ANTROPOLOG\u00cdA<\/span><\/a><\/li>\n<li style=\"text-align: justify\"><a href=\"https:\/\/ffyh.unc.edu.ar\/biblioteca\/dpto-de-hemeroteca\/\"><span style=\"font-size: 14pt\">DPTO. DE HEMEROTECA<\/span><\/a><\/li>\n<li style=\"text-align: justify\"><a href=\"https:\/\/ffyh.unc.edu.ar\/biblioteca\/dpto-de-referencia\/\"><span style=\"font-size: 14pt\">DPTO. DE REFERENCIA<\/span><\/a><\/li>\n<li style=\"text-align: justify\"><a href=\"https:\/\/ffyh.unc.edu.ar\/biblioteca\/dpto-de-comunicacion-institucional-y-biblioteca-digital\/\"><span style=\"font-size: 14pt\">DPTO. DE COMUNICACI\u00d3N INSTITUCIONAL Y BIBLIOTECA DIGITAL<\/span><\/a><\/li>\n<\/ul>\n","protected":false},"excerpt":{"rendered":"<div class=\"entry-summary\">\nEl personal de la Biblioteca se encuentra conformado por\u00a0nodocentes, docentes, contratados y pasantes\u00a0los que presentan un perfil adecuado a las&hellip;\n<\/div>\n<div class=\"link-more\"><a href=\"https:\/\/ffyh.unc.edu.ar\/biblioteca\/organizacion\/\" class=\"more-link\">Continuar leyendo<span class=\"screen-reader-text\"> &ldquo;Organizaci\u00f3n&rdquo;<\/span>&hellip;<\/a><\/div>\n","protected":false},"author":7,"featured_media":0,"parent":0,"menu_order":0,"comment_status":"closed","ping_status":"closed","template":"","meta":{"_acf_changed":false,"jetpack_post_was_ever_published":false,"footnotes":""},"class_list":["post-1929","page","type-page","status-publish","hentry","entry"],"acf":[],"jetpack_shortlink":"https:\/\/wp.me\/P9UJM9-v7","jetpack-related-posts":[],"jetpack_sharing_enabled":true,"_links":{"self":[{"href":"https:\/\/ffyh.unc.edu.ar\/biblioteca\/wp-json\/wp\/v2\/pages\/1929","targetHints":{"allow":["GET"]}}],"collection":[{"href":"https:\/\/ffyh.unc.edu.ar\/biblioteca\/wp-json\/wp\/v2\/pages"}],"about":[{"href":"https:\/\/ffyh.unc.edu.ar\/biblioteca\/wp-json\/wp\/v2\/types\/page"}],"author":[{"embeddable":true,"href":"https:\/\/ffyh.unc.edu.ar\/biblioteca\/wp-json\/wp\/v2\/users\/7"}],"replies":[{"embeddable":true,"href":"https:\/\/ffyh.unc.edu.ar\/biblioteca\/wp-json\/wp\/v2\/comments?post=1929"}],"version-history":[{"count":5,"href":"https:\/\/ffyh.unc.edu.ar\/biblioteca\/wp-json\/wp\/v2\/pages\/1929\/revisions"}],"predecessor-version":[{"id":2576,"href":"https:\/\/ffyh.unc.edu.ar\/biblioteca\/wp-json\/wp\/v2\/pages\/1929\/revisions\/2576"}],"wp:attachment":[{"href":"https:\/\/ffyh.unc.edu.ar\/biblioteca\/wp-json\/wp\/v2\/media?parent=1929"}],"curies":[{"name":"wp","href":"https:\/\/api.w.org\/{rel}","templated":true}]}}