{"id":1931,"date":"2018-05-08T18:04:22","date_gmt":"2018-05-08T18:04:22","guid":{"rendered":"http:\/\/ffyh.unc.edu.ar\/biblioteca\/?page_id=1931"},"modified":"2018-09-18T16:16:27","modified_gmt":"2018-09-18T16:16:27","slug":"direccion","status":"publish","type":"page","link":"https:\/\/ffyh.unc.edu.ar\/biblioteca\/direccion\/","title":{"rendered":"Direcci\u00f3n"},"content":{"rendered":"<table>\n<tbody>\n<tr>\n<td>\n<ul>\n<li>\u00a0<strong>Directora: Lic. Alejandra Greiff<\/strong><\/li>\n<li><strong>Correo electr\u00f3nico: agreiff@ffyh.unc.edu.ar<\/strong><\/li>\n<li><strong>Tel\u00e9fono IP: 5353610, int. 50030<\/strong><\/li>\n<\/ul>\n<\/td>\n<\/tr>\n<tr>\n<td>\n<p style=\"text-align: justify\"><strong><span style=\"font-size: 14.0pt\">La Direcci\u00f3n<\/span><\/strong><span style=\"font-size: 14.0pt\">\u00a0desarrolla su gesti\u00f3n, en concordancia con las pol\u00edticas Decanales de ambas Facultades y de la Universidad en general, a trav\u00e9s de un plan estrat\u00e9gico de actividades anuales que incluye acciones de coordinaci\u00f3n y control de la Biblioteca, planificaci\u00f3n de las pol\u00edticas de adquisici\u00f3n, gesti\u00f3n de recursos humanos, implementaci\u00f3n de medidas de conservaci\u00f3n preventiva, unificar criterios y pol\u00edticas con las otras Bibliotecas de la UNC. Elaboraci\u00f3n y ejecuci\u00f3n de proyectos.<\/span><\/p>\n<p style=\"text-align: justify\"><span style=\"font-size: 14.0pt\">Integra el Comit\u00e9 Acad\u00e9mico-Administrativo con los Vicedecanatos y Secretar\u00edas de Administraci\u00f3n de las Facultades de Filosof\u00eda y Humanidades y de Psicolog\u00eda, que se ocupa de decidir sobre aspectos como: presupuestos, subsidios, proyectos, patrimonio, personal, contratos, pasant\u00edas, asuntos edilicios, servicios y actividades de la Biblioteca.\u00a0<\/span><\/p>\n<p style=\"text-align: justify\"><span style=\"font-size: 14.0pt\">Tambi\u00e9n forma parte del Consejo de Directores y Responsables de Biblioteca de la UNC.<\/span><\/p>\n<p style=\"text-align: justify\"><span style=\"font-size: 14.0pt\">La Biblioteca Elma Kohlmeyer de Estrabou pertenece a la Red de Bibliotecas de la Universidad Nacional de C\u00f3rdoba (REBIUNC) que fue creada en el a\u00f1o 2015 por el Consejo de Directores de Bibliotecas, participando en el mismo a\u00f1o de la Formulaci\u00f3n del\u00a0<a href=\"http:\/\/ffyh.unc.edu.ar\/biblioteca\/wp-content\/uploads\/sites\/4\/2018\/05\/Red-de-Bibliotecas.pdf\">Plan Estrat\u00e9gico 2016-2018<\/a>.<\/span><\/p>\n<\/td>\n<\/tr>\n<tr>\n<td><span style=\"font-size: 14.0pt\">Proyectos de Direcci\u00f3n<\/span><\/p>\n<p><span style=\"font-size: 18.6667px\">Informes de Gesti\u00f3n<\/span><\/td>\n<\/tr>\n<\/tbody>\n<\/table>\n","protected":false},"excerpt":{"rendered":"<div class=\"entry-summary\">\n\u00a0Directora: Lic. Alejandra Greiff Correo electr\u00f3nico: agreiff@ffyh.unc.edu.ar Tel\u00e9fono IP: 5353610, int. 50030 La Direcci\u00f3n\u00a0desarrolla su gesti\u00f3n, en concordancia con las&hellip;\n<\/div>\n<div class=\"link-more\"><a href=\"https:\/\/ffyh.unc.edu.ar\/biblioteca\/direccion\/\" class=\"more-link\">Continuar leyendo<span class=\"screen-reader-text\"> &ldquo;Direcci\u00f3n&rdquo;<\/span>&hellip;<\/a><\/div>\n","protected":false},"author":7,"featured_media":0,"parent":0,"menu_order":0,"comment_status":"closed","ping_status":"closed","template":"","meta":{"_acf_changed":false,"jetpack_post_was_ever_published":false,"footnotes":""},"class_list":["post-1931","page","type-page","status-publish","hentry","entry"],"acf":[],"jetpack_shortlink":"https:\/\/wp.me\/P9UJM9-v9","jetpack-related-posts":[],"jetpack_sharing_enabled":true,"_links":{"self":[{"href":"https:\/\/ffyh.unc.edu.ar\/biblioteca\/wp-json\/wp\/v2\/pages\/1931","targetHints":{"allow":["GET"]}}],"collection":[{"href":"https:\/\/ffyh.unc.edu.ar\/biblioteca\/wp-json\/wp\/v2\/pages"}],"about":[{"href":"https:\/\/ffyh.unc.edu.ar\/biblioteca\/wp-json\/wp\/v2\/types\/page"}],"author":[{"embeddable":true,"href":"https:\/\/ffyh.unc.edu.ar\/biblioteca\/wp-json\/wp\/v2\/users\/7"}],"replies":[{"embeddable":true,"href":"https:\/\/ffyh.unc.edu.ar\/biblioteca\/wp-json\/wp\/v2\/comments?post=1931"}],"version-history":[{"count":10,"href":"https:\/\/ffyh.unc.edu.ar\/biblioteca\/wp-json\/wp\/v2\/pages\/1931\/revisions"}],"predecessor-version":[{"id":3091,"href":"https:\/\/ffyh.unc.edu.ar\/biblioteca\/wp-json\/wp\/v2\/pages\/1931\/revisions\/3091"}],"wp:attachment":[{"href":"https:\/\/ffyh.unc.edu.ar\/biblioteca\/wp-json\/wp\/v2\/media?parent=1931"}],"curies":[{"name":"wp","href":"https:\/\/api.w.org\/{rel}","templated":true}]}}