{"id":1938,"date":"2018-05-08T18:12:29","date_gmt":"2018-05-08T18:12:29","guid":{"rendered":"http:\/\/ffyh.unc.edu.ar\/biblioteca\/?page_id=1938"},"modified":"2022-11-01T18:55:00","modified_gmt":"2022-11-01T18:55:00","slug":"dpto-de-biblioteconomia","status":"publish","type":"page","link":"https:\/\/ffyh.unc.edu.ar\/biblioteca\/dpto-de-biblioteconomia\/","title":{"rendered":"Dpto. de Biblioteconom\u00eda"},"content":{"rendered":"<table>\n<tbody>\n<tr>\n<td>\n<ul>\n<li><strong>Jefa de departamento: Lic<\/strong><strong>. Carmen Claudia Candia<\/strong><\/li>\n<li><strong>Correo electr\u00f3nico:\u00a0<\/strong><strong>claudia.candia@ffyh.unc.edu.ar<\/strong><\/li>\n<li><strong>Tel\u00e9fono IP:<\/strong><strong>\u00a05353610, interno 50400<\/strong><\/li>\n<\/ul>\n<\/td>\n<\/tr>\n<tr>\n<td style=\"text-align: justify\">Ejecuta las decisiones de la Direcci\u00f3n, realiza la selecci\u00f3n y adquisici\u00f3n del material bibliogr\u00e1fico, en coordinaci\u00f3n con las dos Facultades y sus respectivos docentes. Adem\u00e1s se ocupa de la administraci\u00f3n general de la Biblioteca (control de asistencia y licencias del personal, seguimiento de expedientes, control del funcionamiento edilicio, archivo de la documentaci\u00f3n, etc.), Preservaci\u00f3n del Ambiente y de las Personas, realizado en forma conjunta con la Oficina de Higiene, Seguridad y Medio Ambiente y con el \u00c1rea de Mantenimiento de las dos Facultades.<\/td>\n<\/tr>\n<tr>\n<td>De este departamento depende la\u00a0<strong><a href=\"https:\/\/ffyh.unc.edu.ar\/biblioteca\/seccion-canje-y-donacion\/\">Secci\u00f3n de Canje y Donaci\u00f3n<\/a>.<\/strong><\/p>\n<p>&nbsp;<\/td>\n<\/tr>\n<tr>\n<td><a href=\"https:\/\/ffyh.unc.edu.ar\/biblioteca\/formulario-para-solicitar-la-compra-de-material-bibliografico\/\"><strong>Formulario para solicitar la compra de material bibliogr\u00e1fico<\/strong><\/a><\/p>\n<p><strong><a href=\"https:\/\/ffyh.unc.edu.ar\/biblioteca\/politicas-para-la-adquisicion-del-material-bibliografico\/\">Pol\u00edticas para la adquisici\u00f3n de material bibliogr\u00e1fico<\/a><\/strong><\/td>\n<\/tr>\n<\/tbody>\n<\/table>\n","protected":false},"excerpt":{"rendered":"<div class=\"entry-summary\">\nJefa de departamento: Lic. Carmen Claudia Candia Correo electr\u00f3nico:\u00a0claudia.candia@ffyh.unc.edu.ar Tel\u00e9fono IP:\u00a05353610, interno 50400 Ejecuta las decisiones de la Direcci\u00f3n, realiza&hellip;\n<\/div>\n<div class=\"link-more\"><a href=\"https:\/\/ffyh.unc.edu.ar\/biblioteca\/dpto-de-biblioteconomia\/\" class=\"more-link\">Continuar leyendo<span class=\"screen-reader-text\"> &ldquo;Dpto. de Biblioteconom\u00eda&rdquo;<\/span>&hellip;<\/a><\/div>\n","protected":false},"author":7,"featured_media":0,"parent":0,"menu_order":0,"comment_status":"closed","ping_status":"closed","template":"","meta":{"_acf_changed":false,"jetpack_post_was_ever_published":false,"footnotes":""},"class_list":["post-1938","page","type-page","status-publish","hentry","entry"],"acf":[],"jetpack_shortlink":"https:\/\/wp.me\/P9UJM9-vg","jetpack-related-posts":[],"jetpack_sharing_enabled":true,"_links":{"self":[{"href":"https:\/\/ffyh.unc.edu.ar\/biblioteca\/wp-json\/wp\/v2\/pages\/1938","targetHints":{"allow":["GET"]}}],"collection":[{"href":"https:\/\/ffyh.unc.edu.ar\/biblioteca\/wp-json\/wp\/v2\/pages"}],"about":[{"href":"https:\/\/ffyh.unc.edu.ar\/biblioteca\/wp-json\/wp\/v2\/types\/page"}],"author":[{"embeddable":true,"href":"https:\/\/ffyh.unc.edu.ar\/biblioteca\/wp-json\/wp\/v2\/users\/7"}],"replies":[{"embeddable":true,"href":"https:\/\/ffyh.unc.edu.ar\/biblioteca\/wp-json\/wp\/v2\/comments?post=1938"}],"version-history":[{"count":11,"href":"https:\/\/ffyh.unc.edu.ar\/biblioteca\/wp-json\/wp\/v2\/pages\/1938\/revisions"}],"predecessor-version":[{"id":5149,"href":"https:\/\/ffyh.unc.edu.ar\/biblioteca\/wp-json\/wp\/v2\/pages\/1938\/revisions\/5149"}],"wp:attachment":[{"href":"https:\/\/ffyh.unc.edu.ar\/biblioteca\/wp-json\/wp\/v2\/media?parent=1938"}],"curies":[{"name":"wp","href":"https:\/\/api.w.org\/{rel}","templated":true}]}}