{"id":1947,"date":"2018-05-08T18:33:51","date_gmt":"2018-05-08T18:33:51","guid":{"rendered":"http:\/\/ffyh.unc.edu.ar\/biblioteca\/?page_id=1947"},"modified":"2023-12-18T15:41:43","modified_gmt":"2023-12-18T15:41:43","slug":"seccion-canje-y-donacion","status":"publish","type":"page","link":"https:\/\/ffyh.unc.edu.ar\/biblioteca\/seccion-canje-y-donacion\/","title":{"rendered":"Secci\u00f3n Canje y Donaci\u00f3n"},"content":{"rendered":"<table>\n<tbody>\n<tr>\n<td>\n<ul>\n<li style=\"text-align: justify\"><span style=\"font-size: 14pt\"><strong>Correo electr\u00f3nico:\u00a0<\/strong><a href=\"mailto:canje@ffyh.unc.edu.ar\">canje@ffyh.unc.edu.ar<\/a><\/span><\/li>\n<li style=\"text-align: justify\"><span style=\"font-size: 14pt\"><strong>Tel\u00e9fono IP:<\/strong>\u00a05353610,<strong> interno: <\/strong>50400<\/span><\/li>\n<li style=\"text-align: justify\"><span style=\"font-size: 14pt\"><strong>Direcci\u00f3n postal:\u00a0<\/strong><span lang=\"ES-MX\">X5000HUA<\/span><\/span><\/li>\n<\/ul>\n<\/td>\n<\/tr>\n<tr>\n<td>\n<p style=\"text-align: justify\"><span style=\"font-size: 14pt\">Esta Secci\u00f3n depende del Dpto. de Biblioteconom\u00eda y es la que establece relaciones de intercambio de material con numerosas Instituciones del pa\u00eds y del mundo, y tambi\u00e9n los procedimientos para las donaciones y descartes de material.<\/span><\/p>\n<p style=\"text-align: justify\"><span style=\"font-size: 14pt\">Centra su actividad en el intercambio de publicaciones editadas por la Facultad de Filosof\u00eda y Humanidades, y Psicolog\u00eda, Centro de Investigaciones de Filosof\u00eda y Humanidades (CIFFyH), Publicaciones de docentes e investigadores, etc., con aproximadamente trescientas Instituciones nacionales e internacionales.\u00a0 Adem\u00e1s, realiza intercambio de materiales duplicados para lo cual se difunden\u00a0<strong>listas selectivas<\/strong>, organizadas por \u00e1rea de conocimiento, para que las Instituciones seleccionen el material de su inter\u00e9s. En este caso, los gastos por env\u00edos a otras provincias y\/o pa\u00edses corren por cuenta de\u00a0 quien lo solicita.<\/span><\/p>\n<\/td>\n<\/tr>\n<tr>\n<td>\n<h4><span style=\"font-size: 14pt\">FORMULARIO<\/span><\/h4>\n<\/td>\n<\/tr>\n<tr>\n<td><span style=\"font-size: 14pt\"><a href=\"http:\/\/ffyh.unc.edu.ar\/biblioteca\/wp-content\/uploads\/sites\/4\/2018\/08\/Formulario-Donaciones.pdf\"><strong>Solicitud de canje\/Exchange Request<\/strong><\/a>.\u00a0<\/span><\/p>\n<p><span style=\"font-size: 14pt\">Para intercambiar alguno de nuestros t\u00edtulos,\u00a0 seleccionar el item de inter\u00e9s y completar la\u00a0<strong>Solicitud de canje\/Exchange Request<\/strong>.<\/span><\/td>\n<\/tr>\n<tr>\n<td>\n<h4><span style=\"font-size: 14pt\">LINKS<\/span><\/h4>\n<\/td>\n<\/tr>\n<tr>\n<td>\n<p style=\"text-align: justify\"><span style=\"font-size: 14pt\"><strong><a href=\"https:\/\/ffyh.unc.edu.ar\/biblioteca\/politicas-de-canje\/\">POL\u00cdTICAS de CANJE\u00a0<\/a><br \/>\n<\/strong><\/span><\/p>\n<p style=\"text-align: justify\"><span style=\"font-size: 14pt\"><strong><a href=\"https:\/\/ffyh.unc.edu.ar\/biblioteca\/politicas-de-donacion\/\">POL\u00cdTICAS de DONACI\u00d3N<\/a><br \/>\n<\/strong><\/span><\/p>\n<p style=\"text-align: justify\"><span style=\"font-size: 14pt\"><strong><a href=\"https:\/\/ffyh.unc.edu.ar\/biblioteca\/procedimiento-de-donacion\/\">PROCEDIMIENTO DE DONACION<\/a><\/strong><\/span><strong style=\"font-size: 14pt\"><a name=\"donacion\"><\/a><\/strong><\/p>\n<\/td>\n<\/tr>\n<\/tbody>\n<\/table>\n<p style=\"text-align: justify\"><span style=\"font-size: 14pt\"><strong>\u00a0<\/strong><\/span><\/p>\n","protected":false},"excerpt":{"rendered":"<div class=\"entry-summary\">\nCorreo electr\u00f3nico:\u00a0canje@ffyh.unc.edu.ar Tel\u00e9fono IP:\u00a05353610, interno: 50400 Direcci\u00f3n postal:\u00a0X5000HUA Esta Secci\u00f3n depende del Dpto. de Biblioteconom\u00eda y es la que establece&hellip;\n<\/div>\n<div class=\"link-more\"><a href=\"https:\/\/ffyh.unc.edu.ar\/biblioteca\/seccion-canje-y-donacion\/\" class=\"more-link\">Continuar leyendo<span class=\"screen-reader-text\"> &ldquo;Secci\u00f3n Canje y Donaci\u00f3n&rdquo;<\/span>&hellip;<\/a><\/div>\n","protected":false},"author":7,"featured_media":0,"parent":0,"menu_order":0,"comment_status":"closed","ping_status":"closed","template":"","meta":{"_acf_changed":false,"jetpack_post_was_ever_published":false,"footnotes":""},"class_list":["post-1947","page","type-page","status-publish","hentry","entry"],"acf":[],"jetpack_shortlink":"https:\/\/wp.me\/P9UJM9-vp","jetpack-related-posts":[],"jetpack_sharing_enabled":true,"_links":{"self":[{"href":"https:\/\/ffyh.unc.edu.ar\/biblioteca\/wp-json\/wp\/v2\/pages\/1947","targetHints":{"allow":["GET"]}}],"collection":[{"href":"https:\/\/ffyh.unc.edu.ar\/biblioteca\/wp-json\/wp\/v2\/pages"}],"about":[{"href":"https:\/\/ffyh.unc.edu.ar\/biblioteca\/wp-json\/wp\/v2\/types\/page"}],"author":[{"embeddable":true,"href":"https:\/\/ffyh.unc.edu.ar\/biblioteca\/wp-json\/wp\/v2\/users\/7"}],"replies":[{"embeddable":true,"href":"https:\/\/ffyh.unc.edu.ar\/biblioteca\/wp-json\/wp\/v2\/comments?post=1947"}],"version-history":[{"count":11,"href":"https:\/\/ffyh.unc.edu.ar\/biblioteca\/wp-json\/wp\/v2\/pages\/1947\/revisions"}],"predecessor-version":[{"id":5548,"href":"https:\/\/ffyh.unc.edu.ar\/biblioteca\/wp-json\/wp\/v2\/pages\/1947\/revisions\/5548"}],"wp:attachment":[{"href":"https:\/\/ffyh.unc.edu.ar\/biblioteca\/wp-json\/wp\/v2\/media?parent=1947"}],"curies":[{"name":"wp","href":"https:\/\/api.w.org\/{rel}","templated":true}]}}