{"id":1953,"date":"2018-05-08T18:38:36","date_gmt":"2018-05-08T18:38:36","guid":{"rendered":"http:\/\/ffyh.unc.edu.ar\/biblioteca\/?page_id=1953"},"modified":"2022-03-22T16:29:50","modified_gmt":"2022-03-22T16:29:50","slug":"banco-de-tesis-de-psicologia-2","status":"publish","type":"page","link":"https:\/\/ffyh.unc.edu.ar\/biblioteca\/banco-de-tesis-de-psicologia-2\/","title":{"rendered":"Banco de Tesis de Psicolog\u00eda"},"content":{"rendered":"<table>\n<tbody>\n<tr>\n<td>\n<ul>\n<li><strong>Tel\u00e9fono IP:\u00a0\u00a0<\/strong>5353610,\u00a0Interno de Servicios al P\u00fablico: 50310<\/li>\n<\/ul>\n<\/td>\n<\/tr>\n<tr>\n<td style=\"text-align: justify\">El Banco de Tesis de Licenciatura, Pr\u00e1cticas Pre-profesionales y Pr\u00e1cticas Supervisadas de la Facultad de Psicolog\u00eda, se ocupa de toda la gesti\u00f3n de su material.<\/td>\n<\/tr>\n<tr>\n<td><strong>SERVICIOS QUE PRESTA<\/strong><\/p>\n<ul>\n<li style=\"text-align: justify\">Pr\u00e9stamo del material para consulta en Salas de lectura<\/li>\n<li style=\"text-align: justify\">Consulta del material digital en las computadoras situadas en la Biblioteca,\u00a0<strong><a href=\"https:\/\/www.youtube.com\/watch?v=FvHKgXlWAqE\">TUTORIAL<\/a>\u00a0<\/strong>para el uso del \u00abBanco de Tesis Digital\u00bb<\/li>\n<li style=\"text-align: justify\">Asesoramiento a usuarios\/as para la b\u00fasqueda especializada en el Cat\u00e1logo de la Biblioteca<\/li>\n<\/ul>\n<\/td>\n<\/tr>\n<tr>\n<td><strong>\u00a0SOBRE EL BANCO DE TESIS<\/strong><\/p>\n<p style=\"text-align: justify\">En el tramo final de egreso los alumnos de la Facultad de Psicolog\u00ed<img data-recalc-dims=\"1\" loading=\"lazy\" decoding=\"async\" data-attachment-id=\"2559\" data-permalink=\"https:\/\/ffyh.unc.edu.ar\/biblioteca\/banco-de-tesis-de-psicologia-2\/ppal\/\" data-orig-file=\"https:\/\/i0.wp.com\/ffyh.unc.edu.ar\/biblioteca\/wp-content\/uploads\/sites\/4\/2018\/05\/PPAL.jpg?fit=150%2C150&amp;ssl=1\" data-orig-size=\"150,150\" data-comments-opened=\"0\" data-image-meta=\"{&quot;aperture&quot;:&quot;0&quot;,&quot;credit&quot;:&quot;&quot;,&quot;camera&quot;:&quot;&quot;,&quot;caption&quot;:&quot;&quot;,&quot;created_timestamp&quot;:&quot;0&quot;,&quot;copyright&quot;:&quot;&quot;,&quot;focal_length&quot;:&quot;0&quot;,&quot;iso&quot;:&quot;0&quot;,&quot;shutter_speed&quot;:&quot;0&quot;,&quot;title&quot;:&quot;&quot;,&quot;orientation&quot;:&quot;0&quot;}\" data-image-title=\"PPAL\" data-image-description=\"\" data-image-caption=\"\" data-medium-file=\"https:\/\/i0.wp.com\/ffyh.unc.edu.ar\/biblioteca\/wp-content\/uploads\/sites\/4\/2018\/05\/PPAL.jpg?fit=150%2C150&amp;ssl=1\" data-large-file=\"https:\/\/i0.wp.com\/ffyh.unc.edu.ar\/biblioteca\/wp-content\/uploads\/sites\/4\/2018\/05\/PPAL.jpg?fit=150%2C150&amp;ssl=1\" class=\" wp-image-2559 alignright\" src=\"https:\/\/i0.wp.com\/ffyh.unc.edu.ar\/biblioteca\/wp-content\/uploads\/sites\/4\/2018\/05\/PPAL.jpg?resize=162%2C162\" alt=\"\" width=\"162\" height=\"162\" srcset=\"https:\/\/i0.wp.com\/ffyh.unc.edu.ar\/biblioteca\/wp-content\/uploads\/sites\/4\/2018\/05\/PPAL.jpg?w=150&amp;ssl=1 150w, https:\/\/i0.wp.com\/ffyh.unc.edu.ar\/biblioteca\/wp-content\/uploads\/sites\/4\/2018\/05\/PPAL.jpg?resize=50%2C50&amp;ssl=1 50w\" sizes=\"auto, (max-width: 162px) 100vw, 162px\" \/>a disponen de tres modalidades diferentes:\u00a0<strong>Pr\u00e1cticas Pre Profesionales, Pr\u00e1cticas Supervisadas y Trabajo Final de Investigaci\u00f3n,<\/strong>\u00a0para llevar adelante la instancia final de formaci\u00f3n y pr\u00e1ctica bajo supervisi\u00f3n que les permite acceder al t\u00edtulo de Licenciados.<\/p>\n<p style=\"text-align: justify\">Todos los trabajos est\u00e1n disponibles en el\u00a0<strong>Banco de Tesis de Psicolog\u00eda<\/strong>, en la Biblioteca<em>\u00a0\u201cElma K. de Estrabou\u201d<\/em>. Para consultarlos, haga\u00a0clic\u00a0en la modalidad respectiva.<\/p>\n<p><img data-recalc-dims=\"1\" loading=\"lazy\" decoding=\"async\" data-attachment-id=\"2560\" data-permalink=\"https:\/\/ffyh.unc.edu.ar\/biblioteca\/banco-de-tesis-de-psicologia-2\/ppp-2-2\/\" data-orig-file=\"https:\/\/i0.wp.com\/ffyh.unc.edu.ar\/biblioteca\/wp-content\/uploads\/sites\/4\/2018\/05\/Ppp-2.jpg?fit=67%2C62&amp;ssl=1\" data-orig-size=\"67,62\" data-comments-opened=\"0\" data-image-meta=\"{&quot;aperture&quot;:&quot;0&quot;,&quot;credit&quot;:&quot;&quot;,&quot;camera&quot;:&quot;&quot;,&quot;caption&quot;:&quot;&quot;,&quot;created_timestamp&quot;:&quot;0&quot;,&quot;copyright&quot;:&quot;&quot;,&quot;focal_length&quot;:&quot;0&quot;,&quot;iso&quot;:&quot;0&quot;,&quot;shutter_speed&quot;:&quot;0&quot;,&quot;title&quot;:&quot;&quot;,&quot;orientation&quot;:&quot;0&quot;}\" data-image-title=\"Ppp-2\" data-image-description=\"\" data-image-caption=\"\" data-medium-file=\"https:\/\/i0.wp.com\/ffyh.unc.edu.ar\/biblioteca\/wp-content\/uploads\/sites\/4\/2018\/05\/Ppp-2.jpg?fit=67%2C62&amp;ssl=1\" data-large-file=\"https:\/\/i0.wp.com\/ffyh.unc.edu.ar\/biblioteca\/wp-content\/uploads\/sites\/4\/2018\/05\/Ppp-2.jpg?fit=67%2C62&amp;ssl=1\" class=\"size-full wp-image-2560 alignleft\" src=\"https:\/\/i0.wp.com\/ffyh.unc.edu.ar\/biblioteca\/wp-content\/uploads\/sites\/4\/2018\/05\/Ppp-2.jpg?resize=67%2C62\" alt=\"\" width=\"67\" height=\"62\" \/><\/p>\n<p><a href=\"http:\/\/ffyh.biblio.unc.edu.ar\/cgi-bin\/koha\/opac-search.pl?idx=callnum&amp;q=P.+Pre+Prof.\"><strong>Pr\u00e1cticas Pre Profesionales<\/strong><\/a><\/p>\n<p><img data-recalc-dims=\"1\" loading=\"lazy\" decoding=\"async\" data-attachment-id=\"2561\" data-permalink=\"https:\/\/ffyh.unc.edu.ar\/biblioteca\/banco-de-tesis-de-psicologia-2\/ps-2-2\/\" data-orig-file=\"https:\/\/i0.wp.com\/ffyh.unc.edu.ar\/biblioteca\/wp-content\/uploads\/sites\/4\/2018\/05\/Ps-2.jpg?fit=67%2C62&amp;ssl=1\" data-orig-size=\"67,62\" data-comments-opened=\"0\" data-image-meta=\"{&quot;aperture&quot;:&quot;0&quot;,&quot;credit&quot;:&quot;&quot;,&quot;camera&quot;:&quot;&quot;,&quot;caption&quot;:&quot;&quot;,&quot;created_timestamp&quot;:&quot;0&quot;,&quot;copyright&quot;:&quot;&quot;,&quot;focal_length&quot;:&quot;0&quot;,&quot;iso&quot;:&quot;0&quot;,&quot;shutter_speed&quot;:&quot;0&quot;,&quot;title&quot;:&quot;&quot;,&quot;orientation&quot;:&quot;0&quot;}\" data-image-title=\"Ps-2\" data-image-description=\"\" data-image-caption=\"\" data-medium-file=\"https:\/\/i0.wp.com\/ffyh.unc.edu.ar\/biblioteca\/wp-content\/uploads\/sites\/4\/2018\/05\/Ps-2.jpg?fit=67%2C62&amp;ssl=1\" data-large-file=\"https:\/\/i0.wp.com\/ffyh.unc.edu.ar\/biblioteca\/wp-content\/uploads\/sites\/4\/2018\/05\/Ps-2.jpg?fit=67%2C62&amp;ssl=1\" class=\"size-full wp-image-2561 alignleft\" src=\"https:\/\/i0.wp.com\/ffyh.unc.edu.ar\/biblioteca\/wp-content\/uploads\/sites\/4\/2018\/05\/Ps-2.jpg?resize=67%2C62\" alt=\"\" width=\"67\" height=\"62\" \/><\/p>\n<p><a href=\"http:\/\/ffyh.biblio.unc.edu.ar\/cgi-bin\/koha\/opac-search.pl?idx=callnum&amp;q=P.+Superv.+psico\"><strong>Pr\u00e1cticas Supervisadas<\/strong><\/a><\/p>\n<p><img data-recalc-dims=\"1\" loading=\"lazy\" decoding=\"async\" data-attachment-id=\"2562\" data-permalink=\"https:\/\/ffyh.unc.edu.ar\/biblioteca\/banco-de-tesis-de-psicologia-2\/psi-2-2\/\" data-orig-file=\"https:\/\/i0.wp.com\/ffyh.unc.edu.ar\/biblioteca\/wp-content\/uploads\/sites\/4\/2018\/05\/Psi-2.jpg?fit=67%2C62&amp;ssl=1\" data-orig-size=\"67,62\" data-comments-opened=\"0\" data-image-meta=\"{&quot;aperture&quot;:&quot;0&quot;,&quot;credit&quot;:&quot;&quot;,&quot;camera&quot;:&quot;&quot;,&quot;caption&quot;:&quot;&quot;,&quot;created_timestamp&quot;:&quot;0&quot;,&quot;copyright&quot;:&quot;&quot;,&quot;focal_length&quot;:&quot;0&quot;,&quot;iso&quot;:&quot;0&quot;,&quot;shutter_speed&quot;:&quot;0&quot;,&quot;title&quot;:&quot;&quot;,&quot;orientation&quot;:&quot;0&quot;}\" data-image-title=\"Psi-2\" data-image-description=\"\" data-image-caption=\"\" data-medium-file=\"https:\/\/i0.wp.com\/ffyh.unc.edu.ar\/biblioteca\/wp-content\/uploads\/sites\/4\/2018\/05\/Psi-2.jpg?fit=67%2C62&amp;ssl=1\" data-large-file=\"https:\/\/i0.wp.com\/ffyh.unc.edu.ar\/biblioteca\/wp-content\/uploads\/sites\/4\/2018\/05\/Psi-2.jpg?fit=67%2C62&amp;ssl=1\" class=\"size-full wp-image-2562 alignleft\" src=\"https:\/\/i0.wp.com\/ffyh.unc.edu.ar\/biblioteca\/wp-content\/uploads\/sites\/4\/2018\/05\/Psi-2.jpg?resize=67%2C62\" alt=\"\" width=\"67\" height=\"62\" \/><\/p>\n<p><strong><a href=\"http:\/\/ffyh.biblio.unc.edu.ar\/cgi-bin\/koha\/opac-search.pl?idx=callnum&amp;q=T.+Final+psico\">Trabajo Final de Investigaci\u00f3n Tesis<\/a>\u00a0<\/strong><\/td>\n<\/tr>\n<\/tbody>\n<\/table>\n","protected":false},"excerpt":{"rendered":"<div class=\"entry-summary\">\nTel\u00e9fono IP:\u00a0\u00a05353610,\u00a0Interno de Servicios al P\u00fablico: 50310 El Banco de Tesis de Licenciatura, Pr\u00e1cticas Pre-profesionales y Pr\u00e1cticas Supervisadas de la&hellip;\n<\/div>\n<div class=\"link-more\"><a href=\"https:\/\/ffyh.unc.edu.ar\/biblioteca\/banco-de-tesis-de-psicologia-2\/\" class=\"more-link\">Continuar leyendo<span class=\"screen-reader-text\"> &ldquo;Banco de Tesis de Psicolog\u00eda&rdquo;<\/span>&hellip;<\/a><\/div>\n","protected":false},"author":7,"featured_media":0,"parent":0,"menu_order":0,"comment_status":"closed","ping_status":"closed","template":"","meta":{"_acf_changed":false,"jetpack_post_was_ever_published":false,"footnotes":""},"class_list":["post-1953","page","type-page","status-publish","hentry","entry"],"acf":[],"jetpack_shortlink":"https:\/\/wp.me\/P9UJM9-vv","jetpack-related-posts":[],"jetpack_sharing_enabled":true,"_links":{"self":[{"href":"https:\/\/ffyh.unc.edu.ar\/biblioteca\/wp-json\/wp\/v2\/pages\/1953","targetHints":{"allow":["GET"]}}],"collection":[{"href":"https:\/\/ffyh.unc.edu.ar\/biblioteca\/wp-json\/wp\/v2\/pages"}],"about":[{"href":"https:\/\/ffyh.unc.edu.ar\/biblioteca\/wp-json\/wp\/v2\/types\/page"}],"author":[{"embeddable":true,"href":"https:\/\/ffyh.unc.edu.ar\/biblioteca\/wp-json\/wp\/v2\/users\/7"}],"replies":[{"embeddable":true,"href":"https:\/\/ffyh.unc.edu.ar\/biblioteca\/wp-json\/wp\/v2\/comments?post=1953"}],"version-history":[{"count":7,"href":"https:\/\/ffyh.unc.edu.ar\/biblioteca\/wp-json\/wp\/v2\/pages\/1953\/revisions"}],"predecessor-version":[{"id":4840,"href":"https:\/\/ffyh.unc.edu.ar\/biblioteca\/wp-json\/wp\/v2\/pages\/1953\/revisions\/4840"}],"wp:attachment":[{"href":"https:\/\/ffyh.unc.edu.ar\/biblioteca\/wp-json\/wp\/v2\/media?parent=1953"}],"curies":[{"name":"wp","href":"https:\/\/api.w.org\/{rel}","templated":true}]}}