{"id":1955,"date":"2018-05-08T18:39:06","date_gmt":"2018-05-08T18:39:06","guid":{"rendered":"http:\/\/ffyh.unc.edu.ar\/biblioteca\/?page_id=1955"},"modified":"2018-06-12T19:28:43","modified_gmt":"2018-06-12T19:28:43","slug":"centro-dewey","status":"publish","type":"page","link":"https:\/\/ffyh.unc.edu.ar\/biblioteca\/centro-dewey\/","title":{"rendered":"Centro Dewey"},"content":{"rendered":"<p style=\"text-align: justify\"><span style=\"font-size: 14pt\">En nuestra Biblioteca funciona el primer Centro de Estudios Dewey de Latinoam\u00e9rica. Es el octavo en el mundo y cuenta con la obra completa y acceso a la base de datos con correspondencia y textos in\u00e9ditos de Jonh Dewey, fil\u00f3sofo norteamericano del siglo XX inscripto en la corriente del pragmatismo.<\/span><\/p>\n<p style=\"text-align: justify\"><span style=\"font-size: 14pt\"><img data-recalc-dims=\"1\" loading=\"lazy\" decoding=\"async\" data-attachment-id=\"2852\" data-permalink=\"https:\/\/ffyh.unc.edu.ar\/biblioteca\/centro-dewey\/1-6\/\" data-orig-file=\"https:\/\/i0.wp.com\/ffyh.unc.edu.ar\/biblioteca\/wp-content\/uploads\/sites\/4\/2018\/06\/1-1.jpg?fit=350%2C263&amp;ssl=1\" data-orig-size=\"350,263\" data-comments-opened=\"0\" data-image-meta=\"{&quot;aperture&quot;:&quot;0&quot;,&quot;credit&quot;:&quot;&quot;,&quot;camera&quot;:&quot;&quot;,&quot;caption&quot;:&quot;&quot;,&quot;created_timestamp&quot;:&quot;0&quot;,&quot;copyright&quot;:&quot;&quot;,&quot;focal_length&quot;:&quot;0&quot;,&quot;iso&quot;:&quot;0&quot;,&quot;shutter_speed&quot;:&quot;0&quot;,&quot;title&quot;:&quot;&quot;,&quot;orientation&quot;:&quot;0&quot;}\" data-image-title=\"1\" data-image-description=\"\" data-image-caption=\"\" data-medium-file=\"https:\/\/i0.wp.com\/ffyh.unc.edu.ar\/biblioteca\/wp-content\/uploads\/sites\/4\/2018\/06\/1-1.jpg?fit=300%2C225&amp;ssl=1\" data-large-file=\"https:\/\/i0.wp.com\/ffyh.unc.edu.ar\/biblioteca\/wp-content\/uploads\/sites\/4\/2018\/06\/1-1.jpg?fit=350%2C263&amp;ssl=1\" class=\"size-full wp-image-2852 aligncenter\" src=\"https:\/\/i0.wp.com\/ffyh.unc.edu.ar\/biblioteca\/wp-content\/uploads\/sites\/4\/2018\/06\/1-1.jpg?resize=350%2C263\" alt=\"\" width=\"350\" height=\"263\" srcset=\"https:\/\/i0.wp.com\/ffyh.unc.edu.ar\/biblioteca\/wp-content\/uploads\/sites\/4\/2018\/06\/1-1.jpg?w=350&amp;ssl=1 350w, https:\/\/i0.wp.com\/ffyh.unc.edu.ar\/biblioteca\/wp-content\/uploads\/sites\/4\/2018\/06\/1-1.jpg?resize=300%2C225&amp;ssl=1 300w\" sizes=\"auto, (max-width: 350px) 100vw, 350px\" \/><\/span><\/p>\n","protected":false},"excerpt":{"rendered":"<div class=\"entry-summary\">\nEn nuestra Biblioteca funciona el primer Centro de Estudios Dewey de Latinoam\u00e9rica. Es el octavo en el mundo y cuenta&hellip;\n<\/div>\n<div class=\"link-more\"><a href=\"https:\/\/ffyh.unc.edu.ar\/biblioteca\/centro-dewey\/\" class=\"more-link\">Continuar leyendo<span class=\"screen-reader-text\"> &ldquo;Centro Dewey&rdquo;<\/span>&hellip;<\/a><\/div>\n","protected":false},"author":7,"featured_media":0,"parent":0,"menu_order":0,"comment_status":"closed","ping_status":"closed","template":"","meta":{"_acf_changed":false,"jetpack_post_was_ever_published":false,"footnotes":""},"class_list":["post-1955","page","type-page","status-publish","hentry","entry"],"acf":[],"jetpack_shortlink":"https:\/\/wp.me\/P9UJM9-vx","jetpack-related-posts":[],"jetpack_sharing_enabled":true,"_links":{"self":[{"href":"https:\/\/ffyh.unc.edu.ar\/biblioteca\/wp-json\/wp\/v2\/pages\/1955","targetHints":{"allow":["GET"]}}],"collection":[{"href":"https:\/\/ffyh.unc.edu.ar\/biblioteca\/wp-json\/wp\/v2\/pages"}],"about":[{"href":"https:\/\/ffyh.unc.edu.ar\/biblioteca\/wp-json\/wp\/v2\/types\/page"}],"author":[{"embeddable":true,"href":"https:\/\/ffyh.unc.edu.ar\/biblioteca\/wp-json\/wp\/v2\/users\/7"}],"replies":[{"embeddable":true,"href":"https:\/\/ffyh.unc.edu.ar\/biblioteca\/wp-json\/wp\/v2\/comments?post=1955"}],"version-history":[{"count":2,"href":"https:\/\/ffyh.unc.edu.ar\/biblioteca\/wp-json\/wp\/v2\/pages\/1955\/revisions"}],"predecessor-version":[{"id":2853,"href":"https:\/\/ffyh.unc.edu.ar\/biblioteca\/wp-json\/wp\/v2\/pages\/1955\/revisions\/2853"}],"wp:attachment":[{"href":"https:\/\/ffyh.unc.edu.ar\/biblioteca\/wp-json\/wp\/v2\/media?parent=1955"}],"curies":[{"name":"wp","href":"https:\/\/api.w.org\/{rel}","templated":true}]}}