{"id":1957,"date":"2018-05-08T18:47:00","date_gmt":"2018-05-08T18:47:00","guid":{"rendered":"http:\/\/ffyh.unc.edu.ar\/biblioteca\/?page_id=1957"},"modified":"2023-02-28T20:22:26","modified_gmt":"2023-02-28T20:22:26","slug":"fondo-antiguo-3","status":"publish","type":"page","link":"https:\/\/ffyh.unc.edu.ar\/biblioteca\/fondo-antiguo-3\/","title":{"rendered":"Fondo Antiguo"},"content":{"rendered":"<table style=\"height: 4799px\" width=\"736\">\n<tbody>\n<tr>\n<td style=\"width: 740px\"><span style=\"font-size: 14pt\"><strong>Origen y Estado Actual<\/strong><\/span><\/td>\n<\/tr>\n<tr>\n<td style=\"width: 740px\">\n<p style=\"text-align: left\"><span style=\"font-size: 14pt\"><strong><img data-recalc-dims=\"1\" loading=\"lazy\" decoding=\"async\" data-attachment-id=\"2579\" data-permalink=\"https:\/\/ffyh.unc.edu.ar\/biblioteca\/fondo-antiguo-3\/h-2\/\" data-orig-file=\"https:\/\/i0.wp.com\/ffyh.unc.edu.ar\/biblioteca\/wp-content\/uploads\/sites\/4\/2018\/05\/h-1.jpg?fit=744%2C629&amp;ssl=1\" data-orig-size=\"744,629\" data-comments-opened=\"0\" data-image-meta=\"{&quot;aperture&quot;:&quot;0&quot;,&quot;credit&quot;:&quot;&quot;,&quot;camera&quot;:&quot;&quot;,&quot;caption&quot;:&quot;&quot;,&quot;created_timestamp&quot;:&quot;0&quot;,&quot;copyright&quot;:&quot;&quot;,&quot;focal_length&quot;:&quot;0&quot;,&quot;iso&quot;:&quot;0&quot;,&quot;shutter_speed&quot;:&quot;0&quot;,&quot;title&quot;:&quot;&quot;,&quot;orientation&quot;:&quot;0&quot;}\" data-image-title=\"h\" data-image-description=\"\" data-image-caption=\"\" data-medium-file=\"https:\/\/i0.wp.com\/ffyh.unc.edu.ar\/biblioteca\/wp-content\/uploads\/sites\/4\/2018\/05\/h-1.jpg?fit=300%2C254&amp;ssl=1\" data-large-file=\"https:\/\/i0.wp.com\/ffyh.unc.edu.ar\/biblioteca\/wp-content\/uploads\/sites\/4\/2018\/05\/h-1.jpg?fit=744%2C629&amp;ssl=1\" class=\"wp-image-2579 aligncenter\" src=\"https:\/\/i0.wp.com\/ffyh.unc.edu.ar\/biblioteca\/wp-content\/uploads\/sites\/4\/2018\/05\/h-1.jpg?resize=529%2C447\" alt=\"\" width=\"529\" height=\"447\" srcset=\"https:\/\/i0.wp.com\/ffyh.unc.edu.ar\/biblioteca\/wp-content\/uploads\/sites\/4\/2018\/05\/h-1.jpg?w=744&amp;ssl=1 744w, https:\/\/i0.wp.com\/ffyh.unc.edu.ar\/biblioteca\/wp-content\/uploads\/sites\/4\/2018\/05\/h-1.jpg?resize=300%2C254&amp;ssl=1 300w\" sizes=\"auto, (max-width: 529px) 100vw, 529px\" \/><\/strong><\/span><\/p>\n<p style=\"text-align: justify\"><span style=\"font-size: 14pt\">El origen del Fondo Antiguo se remonta al tiempo de creaci\u00f3n de la Biblioteca \u201cElma K. de Estrabou\u201d . Esta surgi\u00f3 al crearse el Instituto de Filosof\u00eda de la UNC el 13 de junio de 1934 con la direcci\u00f3n del Prof. Emile Gouiran. Sobre la base de esta estructura, el 18 de enero de 1940, el Honorable Consejo Superior de la Universidad Nacional de C\u00f3rdoba cre\u00f3 el Instituto de Filosof\u00eda y Humanidades y, posteriormente, el 25 de septiembre de 1946, lo transform\u00f3 en Facultad de Filosof\u00eda y Humanidades.<\/span><\/p>\n<p style=\"text-align: justify\"><span style=\"font-size: 14pt\">La Biblioteca \u201cElma K. de Estrabou\u201d cuenta con un fondo bibliogr\u00e1fico de aproximadamente 150.000 vol\u00famenes, 3.800 t\u00edtulos de publicaciones peri\u00f3dicas, m\u00e1s de 13000 documentos hist\u00f3ricos, mapas, planos, fotograf\u00edas, facs\u00edmiles de c\u00f3dices, etc.<\/span><\/p>\n<p style=\"text-align: justify\"><span style=\"font-size: 14pt\">Se conforma por la Secci\u00f3n Humanidades, las Secciones Antropolog\u00eda y Estudios Americanistas, que comparten el mismo espacio f\u00edsico, y la Secci\u00f3n Hemeroteca.<\/span><\/p>\n<p style=\"text-align: justify\"><span style=\"font-size: 14pt\">El Fondo Antiguo de la Biblioteca Elma K. de Estrabou, est\u00e1 constituido por los impresos anteriores a 1930 de las Secciones Humanidades, Antropolog\u00eda y Estudios Americanistas (libros y especialmente la Colecci\u00f3n Documental \u201cMonse\u00f1or Pablo Cabrera\u201d) y la Secci\u00f3n Hemeroteca.<\/span><\/p>\n<p style=\"text-align: justify\"><span style=\"font-size: 14pt\">Al asumir la Direcci\u00f3n de la Biblioteca la Lic. Alicia Centeno Sosa \u00a0tuvo entre sus objetivos prioritarios, disponer de un lugar especial para el Fondo Antiguo con la finalidad de evitar el deterioro del material bibliogr\u00e1fico antiguo, poner en valor este acervo y rescatar su condici\u00f3n de patrimonio hist\u00f3rico. En el a\u00f1o 2008 se llev\u00f3 a cabo la ampliaci\u00f3n del edificio concret\u00e1ndose la creaci\u00f3n de este espacio para los libros antiguos con las condiciones adecuadas para tal fin. Se trata de un espacio sin aberturas para evitar el ingreso de polvo donde el aire se renueva por medio de un extractor y la iluminaci\u00f3n es artificial y s\u00f3lo se activa al ingresar para depositar o retirar material.<\/span><\/p>\n<p style=\"text-align: justify\"><span style=\"font-size: 14pt\">El Fondo Antiguo est\u00e1 ubicado en la misma Biblioteca y es atendido por personal t\u00e9cnico especializado. Su acceso es restringido, los pr\u00e9stamos se realizan para la sala de lectura en condiciones especiales (manipulaci\u00f3n con guantes y barbijo) y, en caso de determinados ejemplares, s\u00f3lo para investigadores\/as.<\/span><\/p>\n<\/td>\n<\/tr>\n<tr>\n<td style=\"width: 740px\"><span style=\"font-size: 14pt\"><strong>Composici\u00f3n y caracter\u00edsticas del Fondo<\/strong><\/span><\/td>\n<\/tr>\n<tr>\n<td style=\"width: 740px\">\n<p style=\"text-align: justify\"><img data-recalc-dims=\"1\" loading=\"lazy\" decoding=\"async\" data-attachment-id=\"2580\" data-permalink=\"https:\/\/ffyh.unc.edu.ar\/biblioteca\/fondo-antiguo-3\/i-2\/\" data-orig-file=\"https:\/\/i0.wp.com\/ffyh.unc.edu.ar\/biblioteca\/wp-content\/uploads\/sites\/4\/2018\/05\/i-1.jpg?fit=744%2C558&amp;ssl=1\" data-orig-size=\"744,558\" data-comments-opened=\"0\" data-image-meta=\"{&quot;aperture&quot;:&quot;0&quot;,&quot;credit&quot;:&quot;&quot;,&quot;camera&quot;:&quot;&quot;,&quot;caption&quot;:&quot;&quot;,&quot;created_timestamp&quot;:&quot;0&quot;,&quot;copyright&quot;:&quot;&quot;,&quot;focal_length&quot;:&quot;0&quot;,&quot;iso&quot;:&quot;0&quot;,&quot;shutter_speed&quot;:&quot;0&quot;,&quot;title&quot;:&quot;&quot;,&quot;orientation&quot;:&quot;0&quot;}\" data-image-title=\"i\" data-image-description=\"\" data-image-caption=\"\" data-medium-file=\"https:\/\/i0.wp.com\/ffyh.unc.edu.ar\/biblioteca\/wp-content\/uploads\/sites\/4\/2018\/05\/i-1.jpg?fit=300%2C225&amp;ssl=1\" data-large-file=\"https:\/\/i0.wp.com\/ffyh.unc.edu.ar\/biblioteca\/wp-content\/uploads\/sites\/4\/2018\/05\/i-1.jpg?fit=744%2C558&amp;ssl=1\" class=\"wp-image-2580 alignright\" src=\"https:\/\/i0.wp.com\/ffyh.unc.edu.ar\/biblioteca\/wp-content\/uploads\/sites\/4\/2018\/05\/i-1.jpg?resize=326%2C245\" alt=\"\" width=\"326\" height=\"245\" srcset=\"https:\/\/i0.wp.com\/ffyh.unc.edu.ar\/biblioteca\/wp-content\/uploads\/sites\/4\/2018\/05\/i-1.jpg?w=744&amp;ssl=1 744w, https:\/\/i0.wp.com\/ffyh.unc.edu.ar\/biblioteca\/wp-content\/uploads\/sites\/4\/2018\/05\/i-1.jpg?resize=300%2C225&amp;ssl=1 300w\" sizes=\"auto, (max-width: 326px) 100vw, 326px\" \/><\/p>\n<p style=\"text-align: justify\"><span style=\"font-size: 14pt\">El Fondo est\u00e1 constituido por 2500 libros y folletos aproximadamente, \u00a0provenientes en su mayor\u00eda de la Secci\u00f3n Humanidades, y, en proceso de incorporaci\u00f3n, se encuentran el material de la Secci\u00f3n Antropolog\u00eda y Estudios Americanistas, especialmente los casi 14.000 documentos de Monse\u00f1or Pablo Cabrera, manuscritos hist\u00f3ricos publicados entre los a\u00f1os 1600 y 1930 (en proceso de digitalizaci\u00f3n), y las revistas de esta Secci\u00f3n y las de Hemeroteca. Por otra parte, su crecimiento continuo se debe principalmente a las donaciones aportadas por particulares, profesores e investigadores.<\/span><\/p>\n<p style=\"text-align: justify\"><span style=\"font-size: 14pt\">La composici\u00f3n Fondo es multidisciplinar y abarca obras de referencia como enciclopedias, diccionarios, obras literarias, filos\u00f3ficas, cient\u00edficas, religiosas, etc. escritas en espa\u00f1ol, franc\u00e9s, alem\u00e1n, etc. El patrimonio \u00e9dito, identificado y procesado, se constituye de 8 t\u00edtulos del siglo XVI, 14 del siglo XVII, 59 obras del siglo XVIII, 135 t\u00edtulos de libros y 5 de publicaciones peri\u00f3dicas editados entre 1801 y 1850 y 1031 libros y 26 publicaciones peri\u00f3dicas editadas entre los a\u00f1os 1851 y 1900.<\/span><\/p>\n<p style=\"text-align: justify\"><span style=\"font-size: 14pt\">Al mencionado fondo se suman aproximadamente 60 t\u00edtulos publicados entre los siglos XVI y XVIII, 120 impresos entre 1800 y 1850 y 150 entre los a\u00f1os 1851-1900. Dichos t\u00edtulos forman parte de la colecci\u00f3n Cabrera que no est\u00e1 ingresada en su totalidad en la base. El \u00fanico instrumento de recuperaci\u00f3n es el cat\u00e1logo manual de autor y t\u00edtulo.<\/span><\/p>\n<p style=\"text-align: justify\"><span style=\"font-size: 14pt\">Las obras anteriores a 1801 provienen en su mayor\u00eda de imprentas europeas teniendo mayor visibilidad las de Venecia, Roma, Amberes, Amsterdam, Par\u00eds, Lyon, Madrid, Barcelona y Sevilla. Tambi\u00e9n est\u00e1n presentes impresores de Lima y de Buenos Aires.<\/span><\/p>\n<p style=\"text-align: justify\"><span style=\"font-size: 14pt\">Dentro de los impresores del siglo XVI podemos destacar a Enrique Estienne de Francia y Luca Antonio Giunta de Italia,\u00a0 entre los siglos XVII y XVIII se destacan Christophe Plant\u00edn y sucesores, impresor franc\u00e9s radicado en Amberes, y en los siglos XVII y XIX, los impresores franceses Didot, el fa<\/span><span style=\"font-size: 14pt\">moso cart\u00f3grafo Guillermo Blaue de los pa\u00edses bajos, el espa\u00f1ol Joaqu\u00edn Ibarra.<\/span><\/p>\n<p style=\"text-align: justify\"><span style=\"font-size: 14pt\">De Lima merece citar la obra impresa por Antonio Ricardi, primer impresor en esa ciudad procedente de Saluzzo, Italia (Sosa, 1972)<\/span><\/p>\n<p style=\"text-align: justify\"><span style=\"font-size: 14pt\">Mart\u00ednez, Juan. \u201cVocabulario en la lengua general del Per\u00fa llamada quichua y en la lengua espa\u00f1ola\u201d. Lima : Antonio Ricardi, 1604.<\/span><\/p>\n<p style=\"text-align: justify\"><span style=\"font-size: 14pt\">Y otros 5 t\u00edtulos del\u00a0 siglo XVIII impresos por la Oficina de los Hu\u00e9rfanos tambi\u00e9n conocida como Imprenta Real de los Hu\u00e9rfanos., entre ellos: Unanu\u00e9, Jos\u00e9 Hip\u00f3lito.\u00a0<em>Gu\u00eda pol\u00edtica, eclesi\u00e1stica y militar del Virreynato del Per\u00fa, para el a\u00f1o de 1793.<\/em><em>\u00a0<\/em>Lima : Imprenta Real de los Hu\u00e9rfanos.<\/span><\/p>\n<p style=\"text-align: justify\"><span style=\"font-size: 14pt\">Del mismo siglo, impresas en Buenos Aires tenemos 3 obras identificadas de la Imprenta de los ni\u00f1os exp\u00f3sitos pero, de acuerdo a relevamientos en el cat\u00e1logo manual, las obras de esta imprenta son significativas. Las procesadas son de autor\u00eda de Fray Jos\u00e9 Antonio de San Alberto, quien fuera Obispo de C\u00f3rdoba del Tucum\u00e1n durante el per\u00edodo virreynal y, entre las no ingresadas se encuentran catecismos, novenas y peri\u00f3dicos como la \u201c<em>Gazeta de Buenos Aires\u201d<\/em>.<\/span><\/p>\n<p style=\"text-align: justify\"><span style=\"font-size: 14pt\">Tambi\u00e9n se registran obras de las imprentas de la Independencia y la de Gandarillas, ambas fundadas a principios del siglo XIX. De esta \u00faltima contamos con\u00a0 algunos n\u00fameros de los peri\u00f3dicos\u00a0<em>\u201cEl censor\u201d<\/em>\u00a0(1812) y\u00a0<em>\u201cEl redactor del Congreso Nacional\u201d<\/em><em>\u00a0<\/em>publicados entre 1816 y 1820 en ediciones facsimilares.<\/span><\/p>\n<p><img data-recalc-dims=\"1\" loading=\"lazy\" decoding=\"async\" data-attachment-id=\"2581\" data-permalink=\"https:\/\/ffyh.unc.edu.ar\/biblioteca\/fondo-antiguo-3\/j-2\/\" data-orig-file=\"https:\/\/i0.wp.com\/ffyh.unc.edu.ar\/biblioteca\/wp-content\/uploads\/sites\/4\/2018\/05\/j-1.jpg?fit=744%2C992&amp;ssl=1\" data-orig-size=\"744,992\" data-comments-opened=\"0\" data-image-meta=\"{&quot;aperture&quot;:&quot;0&quot;,&quot;credit&quot;:&quot;&quot;,&quot;camera&quot;:&quot;&quot;,&quot;caption&quot;:&quot;&quot;,&quot;created_timestamp&quot;:&quot;0&quot;,&quot;copyright&quot;:&quot;&quot;,&quot;focal_length&quot;:&quot;0&quot;,&quot;iso&quot;:&quot;0&quot;,&quot;shutter_speed&quot;:&quot;0&quot;,&quot;title&quot;:&quot;&quot;,&quot;orientation&quot;:&quot;0&quot;}\" data-image-title=\"j\" data-image-description=\"\" data-image-caption=\"\" data-medium-file=\"https:\/\/i0.wp.com\/ffyh.unc.edu.ar\/biblioteca\/wp-content\/uploads\/sites\/4\/2018\/05\/j-1.jpg?fit=225%2C300&amp;ssl=1\" data-large-file=\"https:\/\/i0.wp.com\/ffyh.unc.edu.ar\/biblioteca\/wp-content\/uploads\/sites\/4\/2018\/05\/j-1.jpg?fit=744%2C992&amp;ssl=1\" class=\"wp-image-2581 alignleft\" src=\"https:\/\/i0.wp.com\/ffyh.unc.edu.ar\/biblioteca\/wp-content\/uploads\/sites\/4\/2018\/05\/j-1.jpg?resize=181%2C241\" alt=\"\" width=\"181\" height=\"241\" srcset=\"https:\/\/i0.wp.com\/ffyh.unc.edu.ar\/biblioteca\/wp-content\/uploads\/sites\/4\/2018\/05\/j-1.jpg?w=744&amp;ssl=1 744w, https:\/\/i0.wp.com\/ffyh.unc.edu.ar\/biblioteca\/wp-content\/uploads\/sites\/4\/2018\/05\/j-1.jpg?resize=225%2C300&amp;ssl=1 225w\" sizes=\"auto, (max-width: 181px) 100vw, 181px\" \/><\/p>\n<p><span style=\"font-size: 14pt\">Entre las obras\u00a0<\/span><span style=\"font-size: 14pt\">m\u00e1s antiguas, adem\u00e1s de biblias en diversas versiones, devocionarios, misales y vocabularios se encuentran t\u00edtulos de Is\u00f3crates, Santo Tom\u00e1s de Aquino, Pedro Ribadeneira, Lucio S\u00e9neca y S\u00e9neca el viejo, Cicer\u00f3n, Machiavello y Charlevoix entre otros.<\/span><\/td>\n<\/tr>\n<tr>\n<td style=\"width: 740px\"><span style=\"font-size: 14pt\">Para consultar las obras incorporadas ingrese <strong><a href=\"http:\/\/ffyh.biblio.unc.edu.ar\/cgi-bin\/koha\/opac-search.pl?q=fondo+antiguo\">aqu\u00ed<\/a><\/strong><\/span><\/td>\n<\/tr>\n<tr>\n<td style=\"width: 740px\"><span style=\"font-size: 14pt\"><a href=\"https:\/\/ffyh.unc.edu.ar\/biblioteca\/wp-content\/uploads\/sites\/4\/2018\/05\/impresores-Fondo-Antiguo.pdf\" target=\"_blank\" rel=\"noopener noreferrer\">Descargar Presentaci\u00f3n de Impresores destacados de los siglos XVI al XVIII y Primeras imprentas argentinas<img data-recalc-dims=\"1\" loading=\"lazy\" decoding=\"async\" data-attachment-id=\"2582\" data-permalink=\"https:\/\/ffyh.unc.edu.ar\/biblioteca\/fondo-antiguo-3\/k-2\/\" data-orig-file=\"https:\/\/i0.wp.com\/ffyh.unc.edu.ar\/biblioteca\/wp-content\/uploads\/sites\/4\/2018\/05\/k-1.jpg?fit=300%2C225&amp;ssl=1\" data-orig-size=\"300,225\" data-comments-opened=\"0\" data-image-meta=\"{&quot;aperture&quot;:&quot;0&quot;,&quot;credit&quot;:&quot;&quot;,&quot;camera&quot;:&quot;&quot;,&quot;caption&quot;:&quot;&quot;,&quot;created_timestamp&quot;:&quot;0&quot;,&quot;copyright&quot;:&quot;&quot;,&quot;focal_length&quot;:&quot;0&quot;,&quot;iso&quot;:&quot;0&quot;,&quot;shutter_speed&quot;:&quot;0&quot;,&quot;title&quot;:&quot;&quot;,&quot;orientation&quot;:&quot;0&quot;}\" data-image-title=\"k\" data-image-description=\"\" data-image-caption=\"\" data-medium-file=\"https:\/\/i0.wp.com\/ffyh.unc.edu.ar\/biblioteca\/wp-content\/uploads\/sites\/4\/2018\/05\/k-1.jpg?fit=300%2C225&amp;ssl=1\" data-large-file=\"https:\/\/i0.wp.com\/ffyh.unc.edu.ar\/biblioteca\/wp-content\/uploads\/sites\/4\/2018\/05\/k-1.jpg?fit=300%2C225&amp;ssl=1\" class=\"size-full wp-image-2582 alignright\" src=\"https:\/\/i0.wp.com\/ffyh.unc.edu.ar\/biblioteca\/wp-content\/uploads\/sites\/4\/2018\/05\/k-1.jpg?resize=300%2C225\" alt=\"\" width=\"300\" height=\"225\" \/><\/a><\/span><\/td>\n<\/tr>\n<tr>\n<td style=\"width: 740px\"><span style=\"font-size: 14pt\"><strong>Organizaci\u00f3n del Fondo<\/strong><\/span><\/td>\n<\/tr>\n<tr>\n<td style=\"width: 740px\">\n<p style=\"text-align: justify\"><span style=\"font-size: 14pt\">Las obras han sido reprocesadas y la mayor\u00eda incluidas en el cat\u00e1logo general informatizado. Para su catalogaci\u00f3n, clasificaci\u00f3n e indizaci\u00f3n se utilizan las Reglas de Catalogaci\u00f3n Anglo-Americanas. 2da. Ed.\u00a0<strong>-AACR2-<\/strong>, Cat\u00e1logo de Autoridades de la Biblioteca Elma K. de Estrabou, Cat\u00e1logos de Autoridades de la Library of Congress, y Cat\u00e1logos de Bibliotecas Nacionales, dependiendo de la nacionalidad del autor. Adem\u00e1s se realiza un control en Fichero de Autoridades Virtual Internacional\u00a0<strong>\u2013VIAF-<\/strong>, proyecto conjunto de varias bibliotecas nacionales, implementado y alojado por la Online Computer Library Center\u00a0<strong>\u2013OCLC-<\/strong>, se tienen en cuenta los est\u00e1ndares de la\u00a0<strong>International Standard<\/strong><strong>\u00a0<\/strong><strong>Bibliographic Description \u2013ISBD (A)-<\/strong>, para la forma y el contenido de la descripci\u00f3n bibliogr\u00e1fica,\u00a0 y las Normas de Clasificaci\u00f3n Decimal Universal\u00a0<strong>\u2013CDU<\/strong>. Por otra parte, los textos que ya se encuentran digitalizados en otras bases de datos presentan el link para acceder al texto en l\u00ednea.<\/span><\/p>\n<p style=\"text-align: justify\"><span style=\"font-size: 14pt\">En el cat\u00e1logo las obras pertenecientes al Fondo Antiguo se distinguen por su signatura. La signatura es la notaci\u00f3n que identifica la localizaci\u00f3n exacta de cada libro en la estanter\u00eda. En este caso, su estructura es, por ej. :\u00a0<strong>F A 371.3 Ac 178 E<\/strong>, en la cual :<\/span><\/p>\n<p style=\"text-align: justify\"><span style=\"font-size: 14pt\"><strong>F A<\/strong>\u00a0: Indica que la\u00a0 obra est\u00e1 depositada en el espacio Fondo Antiguo.<\/span><\/p>\n<p style=\"text-align: justify\"><span style=\"font-size: 14pt\"><strong>371.3 :<\/strong>\u00a0corresponde a la materia del documento seg\u00fan la CDU<\/span><\/p>\n<p style=\"text-align: justify\"><span style=\"font-size: 14pt\"><strong>Ac 178 E :<\/strong>\u00a0corresponde a la tabla de orden alfab\u00e9tico de C. A. Cutter<\/span><\/p>\n<\/td>\n<\/tr>\n<tr>\n<td style=\"width: 740px\"><span style=\"font-size: 14pt\"><strong>Pol\u00edticas de Conservaci\u00f3n Preventiva<\/strong><\/span><\/td>\n<\/tr>\n<tr>\n<td style=\"width: 740px\">\n<p style=\"text-align: justify\"><span style=\"font-size: 14pt\">La Biblioteca ha establecido para este Fondo una serie de pol\u00edticas \u00a0acordes a las directivas nacionales e <img data-recalc-dims=\"1\" loading=\"lazy\" decoding=\"async\" data-attachment-id=\"2583\" data-permalink=\"https:\/\/ffyh.unc.edu.ar\/biblioteca\/fondo-antiguo-3\/l-2\/\" data-orig-file=\"https:\/\/i0.wp.com\/ffyh.unc.edu.ar\/biblioteca\/wp-content\/uploads\/sites\/4\/2018\/05\/l-1.jpg?fit=744%2C558&amp;ssl=1\" data-orig-size=\"744,558\" data-comments-opened=\"0\" data-image-meta=\"{&quot;aperture&quot;:&quot;0&quot;,&quot;credit&quot;:&quot;&quot;,&quot;camera&quot;:&quot;&quot;,&quot;caption&quot;:&quot;&quot;,&quot;created_timestamp&quot;:&quot;0&quot;,&quot;copyright&quot;:&quot;&quot;,&quot;focal_length&quot;:&quot;0&quot;,&quot;iso&quot;:&quot;0&quot;,&quot;shutter_speed&quot;:&quot;0&quot;,&quot;title&quot;:&quot;&quot;,&quot;orientation&quot;:&quot;0&quot;}\" data-image-title=\"l\" data-image-description=\"\" data-image-caption=\"\" data-medium-file=\"https:\/\/i0.wp.com\/ffyh.unc.edu.ar\/biblioteca\/wp-content\/uploads\/sites\/4\/2018\/05\/l-1.jpg?fit=300%2C225&amp;ssl=1\" data-large-file=\"https:\/\/i0.wp.com\/ffyh.unc.edu.ar\/biblioteca\/wp-content\/uploads\/sites\/4\/2018\/05\/l-1.jpg?fit=744%2C558&amp;ssl=1\" class=\"wp-image-2583 alignleft\" src=\"https:\/\/i0.wp.com\/ffyh.unc.edu.ar\/biblioteca\/wp-content\/uploads\/sites\/4\/2018\/05\/l-1.jpg?resize=329%2C247\" alt=\"\" width=\"329\" height=\"247\" srcset=\"https:\/\/i0.wp.com\/ffyh.unc.edu.ar\/biblioteca\/wp-content\/uploads\/sites\/4\/2018\/05\/l-1.jpg?w=744&amp;ssl=1 744w, https:\/\/i0.wp.com\/ffyh.unc.edu.ar\/biblioteca\/wp-content\/uploads\/sites\/4\/2018\/05\/l-1.jpg?resize=300%2C225&amp;ssl=1 300w\" sizes=\"auto, (max-width: 329px) 100vw, 329px\" \/><\/span><span style=\"font-size: 14pt\">internacionales en materia de conservaci\u00f3n preventiva cuyos est\u00e1ndares contemplan condiciones medioambientales de luz, temperatura, humedad y limpieza adecuadas para este tipo de materiales con el fin de evitar el deterioro f\u00edsico y\/o qu\u00edmico del soporte y prevenir el desarrollo de agentes biol\u00f3gicos que puedan poner en riesgo la vida de las obras.<\/span><\/p>\n<p style=\"text-align: justify\"><span style=\"font-size: 14pt\">Consecuente con esta pol\u00edtica implementada por la Biblioteca se promueve la capacitaci\u00f3n continua del personal, alent\u00e1ndolos a asistir a cursos, jornadas y congresos, etc. en lo que se refiere a la Conservaci\u00f3n y Preservaci\u00f3n del Papel.<\/span><\/p>\n<\/td>\n<\/tr>\n<\/tbody>\n<\/table>\n<p><a href=\"https:\/\/ffyh.unc.edu.ar\/biblioteca\/puesta-en-valor-del-fondo-antiguo-de-la-biblioteca-elma-k-de-estrabou-facultad-de-filosofia-y-humanidades-y-facultad-de-psicologia-unc\/\"><strong>Puesta en valor del Fondo Antiguo de la Biblioteca \u201cElma K. de Estrabou\u201d Facultad de Filosof\u00eda y Humanidades y Facultad de Psicolog\u00eda UNC<\/strong><\/a><\/p>\n<p>&nbsp;<\/p>\n","protected":false},"excerpt":{"rendered":"<div class=\"entry-summary\">\nOrigen y Estado Actual El origen del Fondo Antiguo se remonta al tiempo de creaci\u00f3n de la Biblioteca \u201cElma K.&hellip;\n<\/div>\n<div class=\"link-more\"><a href=\"https:\/\/ffyh.unc.edu.ar\/biblioteca\/fondo-antiguo-3\/\" class=\"more-link\">Continuar leyendo<span class=\"screen-reader-text\"> &ldquo;Fondo Antiguo&rdquo;<\/span>&hellip;<\/a><\/div>\n","protected":false},"author":7,"featured_media":0,"parent":0,"menu_order":0,"comment_status":"closed","ping_status":"closed","template":"","meta":{"_acf_changed":false,"jetpack_post_was_ever_published":false,"footnotes":""},"class_list":["post-1957","page","type-page","status-publish","hentry","entry"],"acf":[],"jetpack_shortlink":"https:\/\/wp.me\/P9UJM9-vz","jetpack-related-posts":[],"jetpack_sharing_enabled":true,"_links":{"self":[{"href":"https:\/\/ffyh.unc.edu.ar\/biblioteca\/wp-json\/wp\/v2\/pages\/1957","targetHints":{"allow":["GET"]}}],"collection":[{"href":"https:\/\/ffyh.unc.edu.ar\/biblioteca\/wp-json\/wp\/v2\/pages"}],"about":[{"href":"https:\/\/ffyh.unc.edu.ar\/biblioteca\/wp-json\/wp\/v2\/types\/page"}],"author":[{"embeddable":true,"href":"https:\/\/ffyh.unc.edu.ar\/biblioteca\/wp-json\/wp\/v2\/users\/7"}],"replies":[{"embeddable":true,"href":"https:\/\/ffyh.unc.edu.ar\/biblioteca\/wp-json\/wp\/v2\/comments?post=1957"}],"version-history":[{"count":6,"href":"https:\/\/ffyh.unc.edu.ar\/biblioteca\/wp-json\/wp\/v2\/pages\/1957\/revisions"}],"predecessor-version":[{"id":5268,"href":"https:\/\/ffyh.unc.edu.ar\/biblioteca\/wp-json\/wp\/v2\/pages\/1957\/revisions\/5268"}],"wp:attachment":[{"href":"https:\/\/ffyh.unc.edu.ar\/biblioteca\/wp-json\/wp\/v2\/media?parent=1957"}],"curies":[{"name":"wp","href":"https:\/\/api.w.org\/{rel}","templated":true}]}}