{"id":1959,"date":"2018-05-08T18:47:38","date_gmt":"2018-05-08T18:47:38","guid":{"rendered":"http:\/\/ffyh.unc.edu.ar\/biblioteca\/?page_id=1959"},"modified":"2022-11-01T19:02:56","modified_gmt":"2022-11-01T19:02:56","slug":"fondo-malicha-2-4","status":"publish","type":"page","link":"https:\/\/ffyh.unc.edu.ar\/biblioteca\/fondo-malicha-2-4\/","title":{"rendered":"Fondo Malicha"},"content":{"rendered":"<p style=\"text-align: justify\"><span style=\"font-size: 14pt\">Se trata de m\u00e1s de 5.000 vol\u00famenes que abarcan un campo muy amplio: Antropolog\u00eda, Educaci\u00f3n, Ling\u00fc\u00edstica, Psicolog\u00eda, Literatura latinoamericana y, en particular, Literatura Infantil y Juvenil.<\/span><\/p>\n<p style=\"text-align: justify\"><span style=\"font-size: 14pt\">Fondo donado a la Biblioteca por la Prof. Mar\u00eda Luisa Cresta de Leguizam\u00f3n, quien estuvo dedicada a dos \u00e1reas de su inter\u00e9s: la literatura hispanoamericana y la literatura infantil y juvenil (LIJ).<\/span><\/p>\n<h2 class=\"rtecenter\" style=\"text-align: justify\"><span style=\"font-size: 14pt\">\u00a0<\/span><\/h2>\n<h2 class=\"rtecenter\" style=\"text-align: justify\"><span style=\"font-size: 14pt\">Especializado en Literatura Infantil y Juvenil<\/span><\/h2>\n<p style=\"text-align: justify\"><span style=\"font-size: 14pt\"><img data-recalc-dims=\"1\" loading=\"lazy\" decoding=\"async\" class=\"alignright\" src=\"https:\/\/i0.wp.com\/www.ffyh.unc.edu.ar\/sites\/default\/files\/malicha.jpg?resize=192%2C275\" alt=\"\" width=\"192\" height=\"275\" \/><\/span><\/p>\n<p style=\"text-align: justify\"><span style=\"font-size: 14pt\"><strong>MAR\u00cdA LUISA CRESTA\u00a0<\/strong><strong>de LEGUIZAM\u00d3N<\/strong><strong>\u00a0 \u201cMalicha\u201d (1918-2008)<\/strong><\/span><\/p>\n<ul style=\"text-align: justify\">\n<li><span style=\"font-size: 14pt\"><a href=\"http:\/\/culturasinteriores.ffyh.unc.edu.ar\/ifi002.jsp?pidf=N1VP62&amp;amp;po=DB\"><strong>Biograf\u00eda<\/strong><\/a><\/span><\/li>\n<li><span style=\"font-size: 14pt\"><a title=\"Malicha : Su Obra\" href=\"https:\/\/ffyh.unc.edu.ar\/biblioteca\/malicha-su-obra\/\"><strong>Su Obra<\/strong><\/a><\/span><\/li>\n<\/ul>\n<p style=\"text-align: justify\"><span style=\"font-size: 14pt\"><a href=\"#historia\"><strong>DONACI\u00d3N DEL FONDO : HISTORIA<\/strong><\/a><\/span><\/p>\n<p style=\"text-align: justify\"><span style=\"font-size: 14pt\"><a href=\"#contenido\"><strong>CONTENIDO del FONDO y PROYECTO \u201cPuesta en valor del Fondo \u00abMalicha\u00bb<\/strong><\/a><\/span><\/p>\n<p style=\"text-align: justify\"><span style=\"font-size: 14pt\"><a title=\"Red de relaciones\" href=\"https:\/\/ffyh.unc.edu.ar\/biblioteca\/red-de-relaciones-2\/\"><strong>Red de Relaciones<\/strong><\/a><\/span><\/p>\n<hr \/>\n<h6 style=\"text-align: justify\"><span style=\"font-size: 14pt\"><a id=\"historia\" name=\"historia\"><\/a><strong>DONACI\u00d3N DEL FONDO \u00abMalicha\u00bb : HISTORIA<\/strong><\/span><\/h6>\n<p style=\"text-align: justify\"><span style=\"font-size: 14pt\"><strong>\u00a0<a href=\"https:\/\/i0.wp.com\/ffyh.unc.edu.ar\/biblioteca\/wp-content\/uploads\/sites\/4\/2014\/06\/logo-fondo-malicha.jpg\"><img data-recalc-dims=\"1\" loading=\"lazy\" decoding=\"async\" data-attachment-id=\"530\" data-permalink=\"https:\/\/ffyh.unc.edu.ar\/biblioteca\/logo-fondo-malicha\/\" data-orig-file=\"https:\/\/i0.wp.com\/ffyh.unc.edu.ar\/biblioteca\/wp-content\/uploads\/sites\/4\/2014\/06\/logo-fondo-malicha.jpg?fit=214%2C180&amp;ssl=1\" data-orig-size=\"214,180\" data-comments-opened=\"0\" data-image-meta=\"{&quot;aperture&quot;:&quot;0&quot;,&quot;credit&quot;:&quot;&quot;,&quot;camera&quot;:&quot;&quot;,&quot;caption&quot;:&quot;&quot;,&quot;created_timestamp&quot;:&quot;0&quot;,&quot;copyright&quot;:&quot;&quot;,&quot;focal_length&quot;:&quot;0&quot;,&quot;iso&quot;:&quot;0&quot;,&quot;shutter_speed&quot;:&quot;0&quot;,&quot;title&quot;:&quot;&quot;,&quot;orientation&quot;:&quot;0&quot;}\" data-image-title=\"logo-fondo-malicha\" data-image-description=\"\" data-image-caption=\"\" data-medium-file=\"https:\/\/i0.wp.com\/ffyh.unc.edu.ar\/biblioteca\/wp-content\/uploads\/sites\/4\/2014\/06\/logo-fondo-malicha.jpg?fit=214%2C180&amp;ssl=1\" data-large-file=\"https:\/\/i0.wp.com\/ffyh.unc.edu.ar\/biblioteca\/wp-content\/uploads\/sites\/4\/2014\/06\/logo-fondo-malicha.jpg?fit=214%2C180&amp;ssl=1\" class=\"alignright size-full wp-image-530\" src=\"https:\/\/i0.wp.com\/ffyh.unc.edu.ar\/biblioteca\/wp-content\/uploads\/sites\/4\/2014\/06\/logo-fondo-malicha.jpg?resize=214%2C180\" alt=\"logo-fondo-malicha\" width=\"214\" height=\"180\" \/><\/a><\/strong>A fines del a\u00f1o 2005, la profesora\u00a0<strong><a href=\"http:\/\/culturasinteriores.ffyh.unc.edu.ar\/ifi001.jsp\" target=\"_blank\" rel=\"noopener noreferrer\">Mar\u00eda Luisa Cresta de Leguizam\u00f3n<\/a><\/strong>\u00a0design\u00f3 como intermediario al Dr. Juan Carlos Br\u00eda, (su yerno) para concretar su deseo de donar la Biblioteca personal, a la Biblioteca\u00a0<em>\u201cElma K. de Estrabou\u201d<\/em>\u00a0de la Facultad de Filosof\u00eda y Humanidades y Facultad de Psicolog\u00eda.<\/span><\/p>\n<p style=\"text-align: justify\"><span style=\"font-size: 14pt\">A partir de ese momento, el material bibliogr\u00e1fico pas\u00f3 a formar parte del acervo de esta Biblioteca como\u00a0<strong>Fondo \u201c<em>Malicha<\/em>\u201d.\u00a0<\/strong>Se trata de m\u00e1s de 5.000 vol\u00famenes que abarcan un campo muy amplio : Antropolog\u00eda, Educaci\u00f3n, Ling\u00fc\u00edstica, Psicolog\u00eda, Literatura Latinoamericana y, en particular, Literatura Infantil y Juvenil.<\/span><\/p>\n<p style=\"text-align: justify\"><span style=\"font-size: 14pt\">El compromiso adquirido por la Biblioteca fue no s\u00f3lo de albergar dicho Fondo, sino tambi\u00e9n difundirlo y ponerlo en valor y a disposici\u00f3n de todos los usuarios que dediquen sus investigaciones a la Literatura Latinoamericana y, en particular, a la Literatura Infantil y Juvenil, temas a los que\u00a0<em>Malicha<\/em>\u00a0dedic\u00f3 su vida profesional.<\/span><\/p>\n<p style=\"text-align: justify\"><span style=\"font-size: 14pt\">A tal efecto se comenz\u00f3 a trabajar en el Proyecto de puesta en valor del\u00a0<strong>Fondo \u201c<em>Malicha<\/em>\u201d<\/strong>, aprobado en 2009 por el HC directivo de la FFYH, para lo cual se constituy\u00f3 un equipo interdisciplinario de trabajo e investigaci\u00f3n para llevar a cabo este objetivo.<\/span><\/p>\n<p style=\"text-align: justify\"><span style=\"font-size: 14pt\">Los libros que componen el fondo y han sido ya procesados,\u00a0 ingresan al Cat\u00e1logo General de la Biblioteca y pueden ser consultados haciendo clic en\u00a0<a href=\"http:\/\/ffyh.biblio.unc.edu.ar\/cgi-bin\/koha\/opac-search.pl?idx=callnum&amp;q=LIJ\"><strong>LIJ<\/strong><\/a>\u00a0y\u00a0<strong><a href=\"http:\/\/ffyh.biblio.unc.edu.ar\/cgi-bin\/koha\/opac-search.pl?idx=callnum&amp;q=Malicha\">Malicha<\/a><a href=\"http:\/\/ffyh.biblio.unc.edu.ar\/cgi-bin\/koha\/opac-search.pl?idx=callnum&amp;q=Malicha\" target=\"_blank\" rel=\"noopener noreferrer\">.<\/a><\/strong><\/span><\/p>\n<h6 style=\"text-align: justify\"><span style=\"font-size: 14pt\"><a id=\"contenido\" name=\"contenido\"><\/a><strong>CONTENIDO del FONDO y PROYECTO \u201cPuesta en valor del Fondo \u201cMalicha\u201d<\/strong><\/span><\/h6>\n<p style=\"text-align: justify\"><span style=\"font-size: 14pt\">Una parte considerable de la donaci\u00f3n de la biblioteca personal de la Profesora Em\u00e9rita Mar\u00eda Luisa Cresta de Leguizam\u00f3n a la Biblioteca\u00a0<em>\u201cElma K. de Estrabou\u201d<\/em>, espec\u00edficamente, la perteneciente a la Literatura Infantil y Juvenil, gener\u00f3 el proyecto interdisciplinario\u00a0<strong>Puesta en valor del Fondo \u201c<em>Malicha<\/em>\u201d<\/strong>. En \u00e9l se expone que las caracter\u00edsticas del Fondo, en cuanto a su composici\u00f3n, especificidad y valor documental para la investigaci\u00f3n, requieren de un proceso de catalogaci\u00f3n, clasificaci\u00f3n, indizaci\u00f3n y puesta en valor especializada que se distingue del que com\u00fanmente se realiza en la Biblioteca.<\/span><\/p>\n<p style=\"text-align: justify\"><span style=\"font-size: 14pt\">Este\u00a0<strong>Fondo<\/strong>\u00a0se caracteriza por :<\/span><\/p>\n<ul style=\"text-align: justify\">\n<li><span style=\"font-size: 14pt\">Poseer un alto grado de especificidad lo que lo convierte en una fuente importante\u00a0 de material que podr\u00eda ser consultada por alumnos, profesores, investigadores e interesados que incursionen en la Literatura Infantil y Juvenil como especialidad.<\/span><\/li>\n<\/ul>\n<ul style=\"text-align: justify\">\n<li><span style=\"font-size: 14pt\">Constituir una oportunidad interesante de vinculaci\u00f3n con el acervo bibliogr\u00e1fico de la Biblioteca, al brindar un contexto amplio de informaci\u00f3n y trabajo interdisciplinario, dado que posee sectores importantes vinculados al campo de la LIJ: Antropolog\u00eda, Educaci\u00f3n, Ling\u00fc\u00edstica, Literatura, Psicolog\u00eda, etc.<\/span><\/li>\n<\/ul>\n<ul style=\"text-align: justify\">\n<li><span style=\"font-size: 14pt\">Poseer muchos de materiales agotados, en especial aquellos de mayor antig\u00fcedad; hay libros de la d\u00e9cada del 20 que, por otra parte, no se encuentran en bibliotecas con el procesamiento especializado que permita su hallazgo y consulta. En Buenos Aires, existe una biblioteca de car\u00e1cter privado, \u201cLa Nube\u201d, a la cual s\u00f3lo se puede acceder con un costo por consultas. No hay bibliotecas especializadas en organismos p\u00fablicos ni la Biblioteca Nacional ha reunido una colecci\u00f3n de similares caracter\u00edsticas en este campo hasta el momento; el CEDILIJ (Centro de Difusi\u00f3n e Investigaci\u00f3n de la Literatura Infantil Juvenil) de C\u00f3rdoba, constituye el \u00fanico centro de documentaci\u00f3n especializado, con el cual se podr\u00edan iniciar acciones conjuntas, de complementaci\u00f3n e intercambio. En cambio, el Fondo contiene libros y documentos que\u00a0<em>Malicha<\/em>\u00a0reuni\u00f3 desde su infancia y que presentan un valor inestimable para la investigaci\u00f3n. Se completan, adem\u00e1s, con los que presenta el Centro de Documentaci\u00f3n del CEDILIJ, puesto que esta instituci\u00f3n posee un acervo nacional e internacional muy completo que se remonta a la d\u00e9cada del ochenta, pero no cuenta con material m\u00e1s antiguo.<\/span><\/li>\n<\/ul>\n<ul style=\"text-align: justify\">\n<li><span style=\"font-size: 14pt\">El\u00a0<strong>Fondo<\/strong>\u00a0<strong>\u201cMalicha\u201d<\/strong>\u00a0es un bagaje importante de la literatura destinada a la infancia y a la adolescencia en Latinoam\u00e9rica, mostrando trayectos hist\u00f3ricos y colecciones editoriales que no se hallan reunidos en el marco de una instituci\u00f3n universitaria que permita el acceso y tenga en cuenta las normas de preservaci\u00f3n y conservaci\u00f3n nacionales e internacionales que la Biblioteca\u00a0<em>\u201cElma K. de Estrabou\u201d<\/em>\u00a0observa y promueve, por ejemplo: las del Centro Regional de Preservaci\u00f3n y Conservaci\u00f3n del Patrimonio Cultural en obras sobre papel de C\u00f3rdoba, las de Parque Espa\u00f1a en Rosario, el Programa de Conservaci\u00f3n. Direcci\u00f3n de Bibliotecas, Gobierno de la Ciudad de Buenos Aires , etc. Se compone de una gran diversidad de materiales que integran la red de lecturas acerca de la literatura y la lectura en la infancia y adolescencia; vincula adem\u00e1s cr\u00edtica y bibliograf\u00eda te\u00f3rica de varias d\u00e9cadas, imposible de conseguir fuera de las bibliotecas para la realizaci\u00f3n de estudios historiogr\u00e1ficos y, adem\u00e1s, algunos libros que se ubican en las zonas fronterizas del campo de la LIJ como el folklore, el teatro infantil, los juegos y las did\u00e1cticas de la Lengua y la Literatura.<\/span><\/li>\n<\/ul>\n<ul style=\"text-align: justify\">\n<li><span style=\"font-size: 14pt\">Lo expuesto justifica su ubicaci\u00f3n en una Biblioteca universitaria puesto que permite iniciar acciones y proyectos que coloquen a nuestra biblioteca entre los lugares reconocidos para la indagaci\u00f3n sobre la literatura infantil y juvenil y la lectura en colaboraci\u00f3n con otros centros nacionales e internacionales.<\/span><\/li>\n<\/ul>\n<p style=\"text-align: justify\"><span style=\"font-size: 14pt\">Dado que la Biblioteca no hab\u00eda albergado en su acervo un fondo especial dedicado a la literatura infantil, fue necesario conformar un equipo interdisciplinario para la catalogaci\u00f3n y la elaboraci\u00f3n de los descriptores, compuesto por miembros del\u00a0<strong>PROPALE<\/strong>\u00a0(Programa en Promoci\u00f3n y Animaci\u00f3n a la Lectura y la Escritura, Secretar\u00eda de Extensi\u00f3n de la Facultad de Filosof\u00eda y Humanidades) dirigidos por\u00a0<em>Susana G\u00f3mez<\/em>, e integrantes del \u00e1rea t\u00e9cnica de la Biblioteca y su Directora,\u00a0<em>Alicia Centeno Sosa<\/em>. Este grupo fue el que encar\u00f3 el proyecto a trav\u00e9s de diferentes acciones : jornadas, muestras, homenajes, etc. orientadas a la puesta en valor y circulaci\u00f3n del valioso material que contiene el Fondo.<\/span><\/p>\n<hr \/>\n<h6 style=\"text-align: justify\"><span style=\"font-size: 14pt\"><strong>ACTIVIDADES DEL FONDO<\/strong><\/span><\/h6>\n<p style=\"text-align: justify\"><span style=\"font-size: 14pt\">Una de las metas planteadas por el equipo responsable fue la de realizar anualmente actividades que permitieran no s\u00f3lo la difusi\u00f3n del Fondo sino tambi\u00e9n la reflexi\u00f3n sobre la LIJ y la lectura literaria en el contexto universitario. Se pretende as\u00ed atraer a futuros usuarios del Fondo como pueden ser los investigadores, tesistas, docentes, estudiantes de profesorado, agentes culturales en promoci\u00f3n de la lectura, etc., y dar mayor visibilidad al tema de la literatura infantil y juvenil en ocasiones diferentes y para intereses diversos consolidando los fundamentos primordiales de la labor universitaria : docencia, investigaci\u00f3n y extensi\u00f3n.<\/span><\/p>\n<p style=\"text-align: justify\"><span style=\"font-size: 14pt\">2010:\u00a0<a href=\"http:\/\/192.168.5.124\/biblioteca\/fondo-malicha\/muestra-pajarita-de-papel\/\">Muestra \u00abPajarita de papel\u00bb<\/a><\/span><\/p>\n<p style=\"text-align: justify\"><span style=\"font-size: 14pt\">2012:\u00a0<a href=\"http:\/\/192.168.5.124\/biblioteca\/jornadas-sobre-literatura-infanto-juvenil-2012\/\">Jornadas sobre literatura infanto juvenil<\/a><\/span><\/p>\n<p style=\"text-align: justify\"><span style=\"font-size: 14pt\">2013:\u00a0<a href=\"http:\/\/192.168.5.124\/biblioteca\/dialogo-entre-maria-teresa-andruetto-y-evelin-hohne\/\">Di\u00e1logo entre Mar\u00eda Teresa Andruetto y Evelin H\u00f6hne<\/a><\/span><\/p>\n<p style=\"text-align: justify\"><span style=\"font-size: 14pt\">2015:\u00a0<a href=\"http:\/\/192.168.5.124\/biblioteca\/actividades-culturales-del-fondo-malicha-2015\/\">Actividades culturales del Fondo Malicha 2015<\/a><\/span><\/p>\n<p style=\"text-align: justify\"><span style=\"font-size: 14pt\">2016:\u00a0<a href=\"http:\/\/192.168.5.124\/biblioteca\/fondo-malicha\/el-libro-album-en-el-fondo-malicha\/\">Dossier \u201cCecilia Bajour: lo no dicho en los libro-\u00e1lbum\u201d<\/a><\/span><\/p>\n<p>2019: <a href=\"http:\/\/ffyh.unc.edu.ar\/biblioteca\/50-anos-de-los-seminarios-taller-de-literatura-infantil-y-juvenil-organizados-por-malicha-cresta-de-leguizamon\/\">50 a\u00f1os de los Seminarios Taller de Literatura Infantil y juvenil organizados por Malicha Cresta de Leguizam\u00f3n<\/a><\/p>\n<p style=\"text-align: justify\"><span style=\"font-size: 14pt\">\u00a0<\/span><\/p>\n","protected":false},"excerpt":{"rendered":"<div class=\"entry-summary\">\nSe trata de m\u00e1s de 5.000 vol\u00famenes que abarcan un campo muy amplio: Antropolog\u00eda, Educaci\u00f3n, Ling\u00fc\u00edstica, Psicolog\u00eda, Literatura latinoamericana y,&hellip;\n<\/div>\n<div class=\"link-more\"><a href=\"https:\/\/ffyh.unc.edu.ar\/biblioteca\/fondo-malicha-2-4\/\" class=\"more-link\">Continuar leyendo<span class=\"screen-reader-text\"> &ldquo;Fondo Malicha&rdquo;<\/span>&hellip;<\/a><\/div>\n","protected":false},"author":7,"featured_media":0,"parent":0,"menu_order":0,"comment_status":"closed","ping_status":"closed","template":"","meta":{"_acf_changed":false,"jetpack_post_was_ever_published":false,"footnotes":""},"class_list":["post-1959","page","type-page","status-publish","hentry","entry"],"acf":[],"jetpack_shortlink":"https:\/\/wp.me\/P9UJM9-vB","jetpack-related-posts":[],"jetpack_sharing_enabled":true,"_links":{"self":[{"href":"https:\/\/ffyh.unc.edu.ar\/biblioteca\/wp-json\/wp\/v2\/pages\/1959","targetHints":{"allow":["GET"]}}],"collection":[{"href":"https:\/\/ffyh.unc.edu.ar\/biblioteca\/wp-json\/wp\/v2\/pages"}],"about":[{"href":"https:\/\/ffyh.unc.edu.ar\/biblioteca\/wp-json\/wp\/v2\/types\/page"}],"author":[{"embeddable":true,"href":"https:\/\/ffyh.unc.edu.ar\/biblioteca\/wp-json\/wp\/v2\/users\/7"}],"replies":[{"embeddable":true,"href":"https:\/\/ffyh.unc.edu.ar\/biblioteca\/wp-json\/wp\/v2\/comments?post=1959"}],"version-history":[{"count":8,"href":"https:\/\/ffyh.unc.edu.ar\/biblioteca\/wp-json\/wp\/v2\/pages\/1959\/revisions"}],"predecessor-version":[{"id":5151,"href":"https:\/\/ffyh.unc.edu.ar\/biblioteca\/wp-json\/wp\/v2\/pages\/1959\/revisions\/5151"}],"wp:attachment":[{"href":"https:\/\/ffyh.unc.edu.ar\/biblioteca\/wp-json\/wp\/v2\/media?parent=1959"}],"curies":[{"name":"wp","href":"https:\/\/api.w.org\/{rel}","templated":true}]}}