{"id":1961,"date":"2018-05-08T18:51:44","date_gmt":"2018-05-08T18:51:44","guid":{"rendered":"http:\/\/ffyh.unc.edu.ar\/biblioteca\/?page_id=1961"},"modified":"2025-08-22T19:35:03","modified_gmt":"2025-08-22T19:35:03","slug":"dpto-de-estudios-americanistas-y-de-antropologia","status":"publish","type":"page","link":"https:\/\/ffyh.unc.edu.ar\/biblioteca\/dpto-de-estudios-americanistas-y-de-antropologia\/","title":{"rendered":"Dpto. de Estudios Americanistas y de Antropolog\u00eda"},"content":{"rendered":"<table>\n<tbody>\n<tr style=\"text-align: justify\">\n<td>\n<ul>\n<li><strong>Jefa de departamento: Lic<\/strong><strong>. Mar\u00eda Luz Chaves<\/strong><\/li>\n<li><strong>Correo electr\u00f3nico: mlchaves@ffyh.unc.edu.ar<\/strong><\/li>\n<li><strong>Responsable turno ma\u00f1ana<\/strong>: Sr. Javier Gonz\u00e1lez<\/li>\n<li><strong>Correo electr\u00f3nico<\/strong>: <a class=\"rABsFf RffVmb AL18ce\" href=\"mailto:javiergonzalez@ffyh.unc.edu.ar\" target=\"_blank\" rel=\"noopener\" data-tooltip-position=\"top\" data-tooltip=\"De tus contactos de Google\">javiergonzalez@ffyh.unc.edu.ar<\/a><\/li>\n<li><strong>Correo electr\u00f3nico del Departamento:\u00a0<\/strong><\/li>\n<li><a href=\"mailto:estudiosamericanistas@ffyh.unc.edu.ar\">estudiosamericanistas@ffyh.unc.edu.ar<\/a><\/li>\n<li><strong>Tel\u00e9fono IP:\u00a0<\/strong>5353610<strong>, Interno de Servicios al P\u00fablico: <\/strong>50223<\/li>\n<li><strong>Horario de atenci\u00f3n: lunes a viernes de 10:00 a 19:00 hs.<\/strong><\/li>\n<\/ul>\n<\/td>\n<\/tr>\n<tr>\n<td>\n<p style=\"text-align: justify\">Estudios Americanistas \u201cMonse\u00f1or Pablo Cabrera y Fondo Documental\u201d, y Antropolog\u00eda \u201cIng. An\u00edbal Montes\u201d.<\/p>\n<p style=\"text-align: justify\">A partir de 2008, la Secci\u00f3n Estudios Americanistas y la Secci\u00f3n Antropolog\u00eda se fusionaron para constituir en un \u00fanico Departamento que cuenta con material muy valioso tanto por su contenido, y forma (encuadernaci\u00f3n, impresi\u00f3n ilustraci\u00f3n) como por su especificidad para la investigaci\u00f3n en Ciencias Sociales.<\/p>\n<p style=\"text-align: justify\">El material, referido especialmente a Historia Americana, Argentina y Cordobesa, Ciencias Sociales, Pol\u00edtica, Religi\u00f3n, Historia de la Medicina, est\u00e1 destinado y orientado a investigadores, docentes y alumnos de Historia. En la actualidad, alberga tambi\u00e9n las colecciones\u00a0<a href=\"http:\/\/www.ffyh.unc.edu.ar\/biblioteca\/sobre-la-biblioteca\/colecciones\">\u201cIv\u00e1n Baigorria\u201d<\/a>\u00a0(Antropolog\u00eda, Cultura, Sociolog\u00eda),\u00a0<a href=\"http:\/\/www.ffyh.unc.edu.ar\/biblioteca\/sobre-la-biblioteca\/colecciones\">\u201cBajo\u201d<\/a>(Historia Argentina y Americana),<a href=\"http:\/\/www.ffyh.unc.edu.ar\/biblioteca\/sobre-la-biblioteca\/colecciones\">\u201cJos\u00e9 Pe\u00f1a\u201d<\/a>\u00a0(Historia), donadas por sus familiares.<\/p>\n<\/td>\n<\/tr>\n<tr>\n<td><strong>SERVICIOS QUE PRESTA<\/strong><\/p>\n<ul>\n<li>\n<p style=\"text-align: justify\">Atenci\u00f3n personalizada al p\u00fablico en general, especialmente docentes e investigadores locales y extranjeros.<\/p>\n<\/li>\n<li>\n<p style=\"text-align: justify\">Formaci\u00f3n y ayuda en estrategias de b\u00fasqueda en las herramientas propias de las secciones como los cat\u00e1logos manuales.<\/p>\n<\/li>\n<li>Orientaci\u00f3n y b\u00fasquedas bibliogr\u00e1ficas.<\/li>\n<li>Identificaci\u00f3n de material.<\/li>\n<li>Gesti\u00f3n de pr\u00e9stamo en sala.<\/li>\n<li>Gesti\u00f3n de pr\u00e9stamo manual, automatizado a domicilio.<\/li>\n<li>Gesti\u00f3n de pr\u00e9stamos interbibliotecarios.<\/li>\n<li>\n<p style=\"text-align: justify\">Gesti\u00f3n de solicitud de servicios especiales y consulta de las herramientas de b\u00fasqueda de documentos hist\u00f3ricos (Siglos XVI al XX).<\/p>\n<\/li>\n<\/ul>\n<\/td>\n<\/tr>\n<tr>\n<td><a href=\"https:\/\/ffyh.unc.edu.ar\/biblioteca\/procedimientos-para-la-consulta-de-documentos-digitalizados\/\">Formulario de pedido de documentos antiguos digitalizados<\/a><\/p>\n<p><a href=\"https:\/\/ffyh.unc.edu.ar\/biblioteca\/tareas-de-preservacion\/\">Tareas de preservaci\u00f3n<\/a><\/p>\n<p><a href=\"https:\/\/ffyh.unc.edu.ar\/biblioteca\/normativas\/\">Normativas<\/a><\/p>\n<p><a href=\"https:\/\/ffyh.unc.edu.ar\/biblioteca\/normas-politicas-particulares-del-departamento\/\">Pol\u00edticas particulares del Departamento<\/a><\/p>\n<p><a href=\"https:\/\/ffyh.unc.edu.ar\/biblioteca\/mas-informacion-sobre-el-dpto-de-estudios-americanistas-y-de-antropologia\/\">M\u00e1s informaci\u00f3n sobre el departamento<\/a><\/p>\n<p style=\"text-align: right\"><a href=\"https:\/\/ffyh.unc.edu.ar\/biblioteca\/organizacion\/\">VOLVER<\/a><\/p>\n<\/td>\n<\/tr>\n<\/tbody>\n<\/table>\n","protected":false},"excerpt":{"rendered":"<div class=\"entry-summary\">\nJefa de departamento: Lic. Mar\u00eda Luz Chaves Correo electr\u00f3nico: mlchaves@ffyh.unc.edu.ar Responsable turno ma\u00f1ana: Sr. Javier Gonz\u00e1lez Correo electr\u00f3nico: javiergonzalez@ffyh.unc.edu.ar Correo&hellip;\n<\/div>\n<div class=\"link-more\"><a href=\"https:\/\/ffyh.unc.edu.ar\/biblioteca\/dpto-de-estudios-americanistas-y-de-antropologia\/\" class=\"more-link\">Continuar leyendo<span class=\"screen-reader-text\"> &ldquo;Dpto. de Estudios Americanistas y de Antropolog\u00eda&rdquo;<\/span>&hellip;<\/a><\/div>\n","protected":false},"author":7,"featured_media":0,"parent":0,"menu_order":0,"comment_status":"closed","ping_status":"closed","template":"","meta":{"_acf_changed":false,"jetpack_post_was_ever_published":false,"footnotes":""},"class_list":["post-1961","page","type-page","status-publish","hentry","entry"],"acf":[],"jetpack_shortlink":"https:\/\/wp.me\/P9UJM9-vD","jetpack-related-posts":[],"jetpack_sharing_enabled":true,"_links":{"self":[{"href":"https:\/\/ffyh.unc.edu.ar\/biblioteca\/wp-json\/wp\/v2\/pages\/1961","targetHints":{"allow":["GET"]}}],"collection":[{"href":"https:\/\/ffyh.unc.edu.ar\/biblioteca\/wp-json\/wp\/v2\/pages"}],"about":[{"href":"https:\/\/ffyh.unc.edu.ar\/biblioteca\/wp-json\/wp\/v2\/types\/page"}],"author":[{"embeddable":true,"href":"https:\/\/ffyh.unc.edu.ar\/biblioteca\/wp-json\/wp\/v2\/users\/7"}],"replies":[{"embeddable":true,"href":"https:\/\/ffyh.unc.edu.ar\/biblioteca\/wp-json\/wp\/v2\/comments?post=1961"}],"version-history":[{"count":32,"href":"https:\/\/ffyh.unc.edu.ar\/biblioteca\/wp-json\/wp\/v2\/pages\/1961\/revisions"}],"predecessor-version":[{"id":20724,"href":"https:\/\/ffyh.unc.edu.ar\/biblioteca\/wp-json\/wp\/v2\/pages\/1961\/revisions\/20724"}],"wp:attachment":[{"href":"https:\/\/ffyh.unc.edu.ar\/biblioteca\/wp-json\/wp\/v2\/media?parent=1961"}],"curies":[{"name":"wp","href":"https:\/\/api.w.org\/{rel}","templated":true}]}}