{"id":1963,"date":"2018-05-08T18:52:50","date_gmt":"2018-05-08T18:52:50","guid":{"rendered":"http:\/\/ffyh.unc.edu.ar\/biblioteca\/?page_id=1963"},"modified":"2023-02-15T18:00:20","modified_gmt":"2023-02-15T18:00:20","slug":"dpto-de-hemeroteca","status":"publish","type":"page","link":"https:\/\/ffyh.unc.edu.ar\/biblioteca\/dpto-de-hemeroteca\/","title":{"rendered":"Dpto. de Hemeroteca &#8211; \u00abBibl. Rodolfo Tanchen\u00bb"},"content":{"rendered":"<p>&nbsp;<\/p>\n<table>\n<tbody>\n<tr>\n<td>\n<ul>\n<li><strong>Jefe de departamento: <\/strong>Lic. Federico Zeballos<\/li>\n<li><strong>Correo electr\u00f3nico:<\/strong> fazeballos@ffyh.unc.edu.ar<\/li>\n<li><span class=\"go\">\u00a0 \u00a0 \u00a0 \u00a0 \u00a0 \u00a0 \u00a0 \u00a0 \u00a0 \u00a0 \u00a0 \u00a0 \u00a0 \u00a0 \u00a0 \u00a0hemeroteca@ffyh.unc.edu.ar<\/span><\/li>\n<li><strong>Tel\u00e9fono IP:<\/strong><strong>\u00a0<\/strong>5353610<strong>, interno: <\/strong>50031<\/li>\n<li style=\"text-align: justify\"><strong>Horario <\/strong><strong>\u00a0: <\/strong>lunes a viernes de 9:00 a 19:00 hs.<\/li>\n<\/ul>\n<\/td>\n<\/tr>\n<tr style=\"text-align: justify\">\n<td>Las publicaciones peri\u00f3dicas, en formato impreso o electr\u00f3nico, constituyen una de las fuentes de informaci\u00f3n de mayor importancia en las bibliotecas universitarias y\/o acad\u00e9micas: ofrecen informaci\u00f3n de vanguardia y actualizada, mucha de ella no disponibles en libros, permiten conocer las corrientes de inter\u00e9s u opini\u00f3n p\u00fablica, complementan la literatura propia de cada materia.<\/p>\n<p>Gestiona toda la colecci\u00f3n de publicaciones peri\u00f3dicas de Humanidades y de Antropolog\u00eda. Tiene aproximadamente 3000 t\u00edtulos en soporte papel y CD-ROM. Se adquieren por compra, canje o donaci\u00f3n 280 t\u00edtulos.<\/p>\n<p>T\u00edtulos de Revistas destacadas: \u201cSur\u201d Fundada y dirigida por Victoria Ocampo (1891-1979),\u201cRevista de Occidente (1923-2010).<\/td>\n<\/tr>\n<tr style=\"text-align: justify\">\n<td><strong>SERVICIOS QUE PRESTA<\/strong><\/p>\n<ul>\n<li>Consulta en Salas de lectura<\/li>\n<li>Pr\u00e9stamos a domicilio<\/li>\n<li>Pr\u00e9stamos interbibliotecarios<\/li>\n<li>Asesoramiento a usuarios\/as en el uso de las bases de datos en texto completo de\u00a0<strong>EBSCO<\/strong>,\u00a0<strong>JSTOR<\/strong>,\u00a0<strong>WILSON<\/strong>,\u00a0<strong>WILEY<\/strong>, etc. del Portal del Mincyt <a href=\"http:\/\/www.biblioteca.mincyt.gob.ar\/\">\u201c<strong>Biblioteca Electr\u00f3nica de Ciencia y T\u00e9cnica<\/strong>\u201d<\/a><\/li>\n<\/ul>\n<p>&nbsp;<\/td>\n<\/tr>\n<tr style=\"text-align: justify\">\n<td><strong>\u00a0<a href=\"https:\/\/ffyh.unc.edu.ar\/biblioteca\/mas-informacion-sobre-el-dpto-de-hemeroteca\/\">M\u00e1s informaci\u00f3n sobre el departamento<\/a><\/strong><\/td>\n<\/tr>\n<\/tbody>\n<\/table>\n","protected":false},"excerpt":{"rendered":"<div class=\"entry-summary\">\n&nbsp; Jefe de departamento: Lic. Federico Zeballos Correo electr\u00f3nico: fazeballos@ffyh.unc.edu.ar \u00a0 \u00a0 \u00a0 \u00a0 \u00a0 \u00a0 \u00a0 \u00a0 \u00a0 \u00a0&hellip;\n<\/div>\n<div class=\"link-more\"><a href=\"https:\/\/ffyh.unc.edu.ar\/biblioteca\/dpto-de-hemeroteca\/\" class=\"more-link\">Continuar leyendo<span class=\"screen-reader-text\"> &ldquo;Dpto. de Hemeroteca &#8211; \u00abBibl. Rodolfo Tanchen\u00bb&rdquo;<\/span>&hellip;<\/a><\/div>\n","protected":false},"author":7,"featured_media":0,"parent":0,"menu_order":0,"comment_status":"closed","ping_status":"closed","template":"","meta":{"_acf_changed":false,"jetpack_post_was_ever_published":false,"footnotes":""},"class_list":["post-1963","page","type-page","status-publish","hentry","entry"],"acf":[],"jetpack_shortlink":"https:\/\/wp.me\/P9UJM9-vF","jetpack-related-posts":[],"jetpack_sharing_enabled":true,"_links":{"self":[{"href":"https:\/\/ffyh.unc.edu.ar\/biblioteca\/wp-json\/wp\/v2\/pages\/1963","targetHints":{"allow":["GET"]}}],"collection":[{"href":"https:\/\/ffyh.unc.edu.ar\/biblioteca\/wp-json\/wp\/v2\/pages"}],"about":[{"href":"https:\/\/ffyh.unc.edu.ar\/biblioteca\/wp-json\/wp\/v2\/types\/page"}],"author":[{"embeddable":true,"href":"https:\/\/ffyh.unc.edu.ar\/biblioteca\/wp-json\/wp\/v2\/users\/7"}],"replies":[{"embeddable":true,"href":"https:\/\/ffyh.unc.edu.ar\/biblioteca\/wp-json\/wp\/v2\/comments?post=1963"}],"version-history":[{"count":17,"href":"https:\/\/ffyh.unc.edu.ar\/biblioteca\/wp-json\/wp\/v2\/pages\/1963\/revisions"}],"predecessor-version":[{"id":5234,"href":"https:\/\/ffyh.unc.edu.ar\/biblioteca\/wp-json\/wp\/v2\/pages\/1963\/revisions\/5234"}],"wp:attachment":[{"href":"https:\/\/ffyh.unc.edu.ar\/biblioteca\/wp-json\/wp\/v2\/media?parent=1963"}],"curies":[{"name":"wp","href":"https:\/\/api.w.org\/{rel}","templated":true}]}}