{"id":1965,"date":"2018-05-08T18:53:53","date_gmt":"2018-05-08T18:53:53","guid":{"rendered":"http:\/\/ffyh.unc.edu.ar\/biblioteca\/?page_id=1965"},"modified":"2023-02-15T17:16:41","modified_gmt":"2023-02-15T17:16:41","slug":"dpto-de-referencia","status":"publish","type":"page","link":"https:\/\/ffyh.unc.edu.ar\/biblioteca\/dpto-de-referencia\/","title":{"rendered":"Dpto. de Referencia"},"content":{"rendered":"<table>\n<tbody>\n<tr>\n<td>\n<ul style=\"text-align: justify\">\n<li><span style=\"font-size: 14pt\"><strong>Correo electr\u00f3nico : <\/strong>referencia@ffyh.unc.edu.ar<\/span><\/li>\n<\/ul>\n<\/td>\n<\/tr>\n<tr>\n<td>\n<p style=\"text-align: justify\"><span style=\"font-size: 14pt\">Se ocupa de orientar al usuario en la b\u00fasqueda y recuperaci\u00f3n de la informaci\u00f3n, mediante la instrucci\u00f3n en el uso de herramientas y en el planteo de estrategias de b\u00fasqueda.<\/span><\/p>\n<p style=\"text-align: justify\"><span style=\"font-size: 14pt\">El objetivo\u00a0 fundamental de la secci\u00f3n es proporcionar al usuario la informaci\u00f3n que necesita y\/o los medios para acceder a ella. La gesti\u00f3n bibliogr\u00e1fica se realiza, f\u00edsica y\/o virtualmente, en diferentes instancias : Instruir a los\/las\u00a0 usuarios\/as en el uso de herramientas y en el planteo de estrategias de b\u00fasqueda y recuperaci\u00f3n de la informaci\u00f3n; orientarlos\/as en el manejo correcto de las colecciones; permitir el acceso a los documentos no disponibles en el acervo de esta biblioteca.<\/span><\/p>\n<\/td>\n<\/tr>\n<tr>\n<td><span style=\"font-size: 14pt\"><strong>SERVICIOS QUE PRESTA<\/strong><\/span><\/td>\n<\/tr>\n<tr>\n<td>\n<ul>\n<li style=\"text-align: justify\"><span style=\"font-size: 14pt\"><strong>Formaci\u00f3n de usuarios :\u00a0<\/strong>se imparte talleres en dos niveles.\u00a0<\/span><\/li>\n<\/ul>\n<p style=\"text-align: justify\"><span style=\"font-size: 14pt\"><strong>B\u00e1sico :<\/strong>\u00a0visitas guiadas e instrucci\u00f3n en el uso del OPAC a alumnos ingresantes y de nivel inicial.<\/span><\/p>\n<p style=\"text-align: justify\"><span style=\"font-size: 14pt\"><strong>Avanzado<\/strong>\u00a0<strong>:<\/strong>\u00a0destinado a alumnos de cursos superiores, docentes, investigadores, tesistas y maestrandos.<\/span><\/p>\n<ul>\n<li style=\"text-align: justify\"><span style=\"font-size: 14pt\"><strong>B\u00fasquedas bibliogr\u00e1ficas :<\/strong>\u00a0se realizan b\u00fasquedas bibliogr\u00e1ficas y elaboraci\u00f3n de bibliograf\u00edas seg\u00fan demandas locales y de otras provincias argentinas y del extranjero.<\/span><\/li>\n<li style=\"text-align: justify\"><span style=\"font-size: 14pt\"><strong>Conmutaci\u00f3n bibliogr\u00e1fica :<\/strong>\u00a0servicio de obtenci\u00f3n de documentos no disponibles en esta biblioteca y que pueden solicitarse a otras instituciones y\/o bibliotecas para satisfacer la demanda de docentes, investigadores y alumnos avanzados de las facultades de Filosof\u00eda y de Psicolog\u00eda, como as\u00ed tambi\u00e9n el servicio de entrega de documentos\u00a0 existentes en el acervo de esta biblioteca, a otras unidades de informaci\u00f3n o instituciones que lo soliciten. Dichas actividades se desarrollan en el \u00e1mbito local, provincial, nacional e internacional.<\/span><\/li>\n<\/ul>\n<\/td>\n<\/tr>\n<\/tbody>\n<\/table>\n","protected":false},"excerpt":{"rendered":"<div class=\"entry-summary\">\nCorreo electr\u00f3nico : referencia@ffyh.unc.edu.ar Se ocupa de orientar al usuario en la b\u00fasqueda y recuperaci\u00f3n de la informaci\u00f3n, mediante la&hellip;\n<\/div>\n<div class=\"link-more\"><a href=\"https:\/\/ffyh.unc.edu.ar\/biblioteca\/dpto-de-referencia\/\" class=\"more-link\">Continuar leyendo<span class=\"screen-reader-text\"> &ldquo;Dpto. de Referencia&rdquo;<\/span>&hellip;<\/a><\/div>\n","protected":false},"author":7,"featured_media":0,"parent":0,"menu_order":0,"comment_status":"closed","ping_status":"closed","template":"","meta":{"_acf_changed":false,"jetpack_post_was_ever_published":false,"footnotes":""},"class_list":["post-1965","page","type-page","status-publish","hentry","entry"],"acf":[],"jetpack_shortlink":"https:\/\/wp.me\/P9UJM9-vH","jetpack-related-posts":[],"jetpack_sharing_enabled":true,"_links":{"self":[{"href":"https:\/\/ffyh.unc.edu.ar\/biblioteca\/wp-json\/wp\/v2\/pages\/1965","targetHints":{"allow":["GET"]}}],"collection":[{"href":"https:\/\/ffyh.unc.edu.ar\/biblioteca\/wp-json\/wp\/v2\/pages"}],"about":[{"href":"https:\/\/ffyh.unc.edu.ar\/biblioteca\/wp-json\/wp\/v2\/types\/page"}],"author":[{"embeddable":true,"href":"https:\/\/ffyh.unc.edu.ar\/biblioteca\/wp-json\/wp\/v2\/users\/7"}],"replies":[{"embeddable":true,"href":"https:\/\/ffyh.unc.edu.ar\/biblioteca\/wp-json\/wp\/v2\/comments?post=1965"}],"version-history":[{"count":11,"href":"https:\/\/ffyh.unc.edu.ar\/biblioteca\/wp-json\/wp\/v2\/pages\/1965\/revisions"}],"predecessor-version":[{"id":5231,"href":"https:\/\/ffyh.unc.edu.ar\/biblioteca\/wp-json\/wp\/v2\/pages\/1965\/revisions\/5231"}],"wp:attachment":[{"href":"https:\/\/ffyh.unc.edu.ar\/biblioteca\/wp-json\/wp\/v2\/media?parent=1965"}],"curies":[{"name":"wp","href":"https:\/\/api.w.org\/{rel}","templated":true}]}}