{"id":1967,"date":"2018-05-08T18:55:05","date_gmt":"2018-05-08T18:55:05","guid":{"rendered":"http:\/\/ffyh.unc.edu.ar\/biblioteca\/?page_id=1967"},"modified":"2023-02-15T17:56:46","modified_gmt":"2023-02-15T17:56:46","slug":"dpto-de-comunicacion-institucional-y-biblioteca-digital","status":"publish","type":"page","link":"https:\/\/ffyh.unc.edu.ar\/biblioteca\/dpto-de-comunicacion-institucional-y-biblioteca-digital\/","title":{"rendered":"Dpto. de Comunicaci\u00f3n Institucional y Biblioteca Digital"},"content":{"rendered":"<table>\n<tbody>\n<tr>\n<td>\n<ul>\n<li><span style=\"font-size: 14pt\"><strong>Jefa de departamento:\u00a0<\/strong>Bibl. Nora Fern\u00e1ndez<\/span><\/li>\n<li><span style=\"font-size: 14pt\"><strong>Correo electr\u00f3nico: <\/strong><a class=\"rABsFf RffVmb AL18ce\" href=\"mailto:norafernandez@ffyh.unc.edu.ar\" target=\"_blank\" rel=\"noopener\" data-tooltip-position=\"top\" data-tooltip=\"De tus contactos de Google\">norafernandez@ffyh.unc.edu.ar<\/a><\/span><\/li>\n<li><span style=\"font-size: 14pt\"><strong>Responsable turno tarde: <\/strong>Bibl. Andrea Marasca<\/span><\/li>\n<li><span style=\"font-size: 14pt\"><strong>Correo electr\u00f3nico: <\/strong><a class=\"rABsFf RffVmb AL18ce\" href=\"mailto:andrearmarasca@ffyh.unc.edu.ar\" target=\"_blank\" rel=\"noopener\" data-tooltip-position=\"top\" data-tooltip=\"De tus contactos de Google\">andrearmarasca@ffyh.unc.edu.ar<\/a><\/span><\/li>\n<li><span style=\"font-size: 14pt\"><strong>Tel\u00e9fono IP: <\/strong>5353610<strong>, interno:<\/strong> 50401<\/span><\/li>\n<\/ul>\n<\/td>\n<\/tr>\n<tr>\n<td>\n<p style=\"text-align: justify\"><span style=\"font-size: 14pt\">El Departamento procura optimizar la comunicaci\u00f3n y consolidar la visibilidad de la Biblioteca como centro de promoci\u00f3n del conocimiento en la comunidad universitaria.<\/span><\/p>\n<p style=\"text-align: justify\"><span style=\"font-size: 14pt\">Responsable del correo oficial y de la p\u00e1gina web de la Biblioteca.<br \/>\n<\/span><\/p>\n<p style=\"text-align: justify\"><span style=\"font-size: 14pt\">Representante <\/span><span style=\"font-size: 14pt\">como NODO de la Facultad de Filosof\u00eda y Humanidades ante la OCA (<a href=\"http:\/\/oca.unc.edu.ar\/\">Oficina del Conocimiento abierto<\/a>), en el RDU <a href=\"https:\/\/rdu.unc.edu.ar\/\">Repositorio Digital Universitario<\/a>, que s<\/span><span style=\"font-size: 14pt\">e ocupa de subir la producci\u00f3n intelectual (libros, tesis, ponencias, etc. ) de tesistas, docentes e investigadores.<\/span><\/p>\n<p style=\"text-align: justify\"><span style=\"font-size: 14pt\">Participa en los siguientes proyectos: <\/span><\/p>\n<ul>\n<li style=\"text-align: justify\"><span style=\"font-size: 14pt\">Biblioteca Hist\u00f3rica UNC &#8211; Fondo Documental Monse\u00f1or Pablo Cabrera, como responsable de los metadatos.<br \/>\n<\/span><\/li>\n<li>Banco de tesis de Psicolog\u00eda &#8211; responsables de la digitalizaci\u00f3n de las tesis presentadas en papel<\/li>\n<\/ul>\n<p>&nbsp;<\/td>\n<\/tr>\n<tr>\n<td><a href=\"https:\/\/ffyh.unc.edu.ar\/biblioteca\/presentacion-de-trabajos-al-rdu\/\">Presentaci\u00f3n de Tesis en Formato Digital<\/a><\/p>\n<p><a href=\"https:\/\/ffyh.unc.edu.ar\/biblioteca\/formulario-rdu\/\">Formularios de carga RDU<\/a><\/p>\n<p>&nbsp;<\/td>\n<\/tr>\n<tr>\n<td><a href=\"https:\/\/ffyh.unc.edu.ar\/biblioteca\/politicas-de-comunicacion-2\/\">Politicas de comunicaci\u00f3n<\/a><\/p>\n<p><a href=\"https:\/\/ffyh.unc.edu.ar\/biblioteca\/repositorio-institucional-unc-2\/\">Normativas<\/a><\/p>\n<p><a href=\"https:\/\/creativecommons.org\/choose\/?lang=es\">LIcencias Creative Commons<\/a><\/td>\n<\/tr>\n<\/tbody>\n<\/table>\n<p>&nbsp;<\/p>\n<p style=\"text-align: justify\">\n","protected":false},"excerpt":{"rendered":"<div class=\"entry-summary\">\nJefa de departamento:\u00a0Bibl. Nora Fern\u00e1ndez Correo electr\u00f3nico: norafernandez@ffyh.unc.edu.ar Responsable turno tarde: Bibl. Andrea Marasca Correo electr\u00f3nico: andrearmarasca@ffyh.unc.edu.ar Tel\u00e9fono IP: 5353610,&hellip;\n<\/div>\n<div class=\"link-more\"><a href=\"https:\/\/ffyh.unc.edu.ar\/biblioteca\/dpto-de-comunicacion-institucional-y-biblioteca-digital\/\" class=\"more-link\">Continuar leyendo<span class=\"screen-reader-text\"> &ldquo;Dpto. de Comunicaci\u00f3n Institucional y Biblioteca Digital&rdquo;<\/span>&hellip;<\/a><\/div>\n","protected":false},"author":7,"featured_media":0,"parent":0,"menu_order":0,"comment_status":"closed","ping_status":"closed","template":"","meta":{"_acf_changed":false,"jetpack_post_was_ever_published":false,"footnotes":""},"class_list":["post-1967","page","type-page","status-publish","hentry","entry"],"acf":[],"jetpack_shortlink":"https:\/\/wp.me\/P9UJM9-vJ","jetpack-related-posts":[],"jetpack_sharing_enabled":true,"_links":{"self":[{"href":"https:\/\/ffyh.unc.edu.ar\/biblioteca\/wp-json\/wp\/v2\/pages\/1967","targetHints":{"allow":["GET"]}}],"collection":[{"href":"https:\/\/ffyh.unc.edu.ar\/biblioteca\/wp-json\/wp\/v2\/pages"}],"about":[{"href":"https:\/\/ffyh.unc.edu.ar\/biblioteca\/wp-json\/wp\/v2\/types\/page"}],"author":[{"embeddable":true,"href":"https:\/\/ffyh.unc.edu.ar\/biblioteca\/wp-json\/wp\/v2\/users\/7"}],"replies":[{"embeddable":true,"href":"https:\/\/ffyh.unc.edu.ar\/biblioteca\/wp-json\/wp\/v2\/comments?post=1967"}],"version-history":[{"count":19,"href":"https:\/\/ffyh.unc.edu.ar\/biblioteca\/wp-json\/wp\/v2\/pages\/1967\/revisions"}],"predecessor-version":[{"id":5233,"href":"https:\/\/ffyh.unc.edu.ar\/biblioteca\/wp-json\/wp\/v2\/pages\/1967\/revisions\/5233"}],"wp:attachment":[{"href":"https:\/\/ffyh.unc.edu.ar\/biblioteca\/wp-json\/wp\/v2\/media?parent=1967"}],"curies":[{"name":"wp","href":"https:\/\/api.w.org\/{rel}","templated":true}]}}