{"id":1971,"date":"2018-05-08T18:59:49","date_gmt":"2018-05-08T18:59:49","guid":{"rendered":"http:\/\/ffyh.unc.edu.ar\/biblioteca\/?page_id=1971"},"modified":"2022-03-22T17:06:03","modified_gmt":"2022-03-22T17:06:03","slug":"proyectos","status":"publish","type":"page","link":"https:\/\/ffyh.unc.edu.ar\/biblioteca\/proyectos\/","title":{"rendered":"Proyectos"},"content":{"rendered":"<ul>\n<li style=\"text-align: justify\"><span style=\"font-size: 14pt\">Proyecto de digitalizaci\u00f3n de obras antiguas de la UNC, Primera Etapa, inserto en el proyecto general <strong>\u00ab<\/strong><strong>DESARROLLO E IMPLEMENTACI\u00d3N DE LA COLECCI\u00d3N DIGITAL DE LA UNIVERSIDAD NACIONAL DE C\u00d3RDOBA\u00bb (UNC \/ Universidad Complutense de Madrid),<\/strong>\u00a0que incluye la digitalizaci\u00f3n de 500 libros antiguos (colecci\u00f3n jesu\u00edtica) localizados en la Biblioteca Mayor de la UNC y los manuscritos fechados entre 1573-1937 de la colecci\u00f3n \u201cMonse\u00f1or Cabrera\u201d localizados en la Biblioteca de la Facultad de Filosof\u00eda y Humanidades.<\/span><\/li>\n<li style=\"text-align: justify\"><span style=\"font-size: 14pt\">Proyecto\u00a0de<strong>\u00a0\u00abFORMACI\u00d3N DE USUARIOS\u00bb\u00a0<\/strong>implementado a trav\u00e9s de talleres y charlas de distintos niveles, dictados en la Biblioteca y en el Laboratorio de inform\u00e1tica para alumnos ingresantes, docentes e investigadores.<\/span><\/li>\n<li style=\"text-align: justify\"><span style=\"font-size: 14pt\">Proyecto\u00a0<\/span><strong><span style=\"font-size: 14pt\">\u00abBIBLIOTECA &#8211; ESCUELA. FUNDAMENTACI\u00d3N\u00bb.<\/span>\u00a0<\/strong><span style=\"font-size: 14pt\">La Biblioteca Elma Kohlmeyer de Estrabou de la Facultad de Filosof\u00eda y Humanidades y la Facultad de Psicolog\u00eda de la UNC brinda servicios a la comunidad de la que depende. Dentro de esta se encuentra la Escuela de Bibliotecolog\u00eda que forma profesionales en Bibliotecolog\u00eda y Documentaci\u00f3n. Entre estas dos organizaciones estrechamente ligadas por su especificidad no exist\u00eda hasta este momento una relaci\u00f3n de interacci\u00f3n en funci\u00f3n de la formaci\u00f3n de los estudiantes de la carrera. Desde la c\u00e1tedra Administraci\u00f3n de Recursos y Servicios de Informaci\u00f3n Ia surge la inquietud de trabajar conjuntamente propiciando que la biblioteca sea un laboratorio de aprendizaje para los estudiantes a partir sus fortalezas. De manera que, por un lado, los estudiantes tendr\u00edan una visi\u00f3n de la realidad concreta de la profesi\u00f3n en la que eligieron formarse, construyendo un aprendizaje significativo al experimentar las cuestiones te\u00f3ricas trabajadas en el aula desde la pr\u00e1ctica cotidiana llevadas a cabo por el personal de la biblioteca. Por otro lado la Biblioteca cumplir\u00eda con su misi\u00f3n de \u201c\u2026contribuir al aprendizaje, difundir el saber y la cultura y aportar a la generaci\u00f3n de nuevos conocimientos\u201d, y su visi\u00f3n de \u201c\u2026ser un modelo a seguir que trabaje de manera conjunta con otras instituciones\u201d, en este caso aportar a la formaci\u00f3n de los alumnos de la Escuela de Bibliotecolog\u00eda que tambi\u00e9n son<\/span>\u00a0<span style=\"font-size: 14pt\">sus usuarios.<\/span><\/li>\n<li style=\"text-align: justify\"><b><span style=\"font-size: 14pt\"><strong>\u00abCARNET DE EGRESADOS. INSCRIPCI\u00d3N EGRESADOS DE LA FACULTAD DE PSICOLOG\u00cdA\u00bb.\u00a0<\/strong><\/span><\/b><span style=\"font-size: 14pt\">Requisitos: DNI, Credencial de Graduados expedida por la Facultad de Psicolog\u00eda UNC y un impuesto o servicio a su nombre. Duraci\u00f3n de la inscripci\u00f3n: 1 a\u00f1o acad\u00e9mico. Reinscribirse anualmente en la biblioteca actualizando los datos personales: domicilio, correo-electr\u00f3nico, foto, etc.<\/span><\/li>\n<\/ul>\n","protected":false},"excerpt":{"rendered":"<div class=\"entry-summary\">\nProyecto de digitalizaci\u00f3n de obras antiguas de la UNC, Primera Etapa, inserto en el proyecto general \u00abDESARROLLO E IMPLEMENTACI\u00d3N DE&hellip;\n<\/div>\n<div class=\"link-more\"><a href=\"https:\/\/ffyh.unc.edu.ar\/biblioteca\/proyectos\/\" class=\"more-link\">Continuar leyendo<span class=\"screen-reader-text\"> &ldquo;Proyectos&rdquo;<\/span>&hellip;<\/a><\/div>\n","protected":false},"author":7,"featured_media":0,"parent":0,"menu_order":0,"comment_status":"closed","ping_status":"closed","template":"","meta":{"_acf_changed":false,"jetpack_post_was_ever_published":false,"footnotes":""},"class_list":["post-1971","page","type-page","status-publish","hentry","entry"],"acf":[],"jetpack_shortlink":"https:\/\/wp.me\/P9UJM9-vN","jetpack-related-posts":[],"jetpack_sharing_enabled":true,"_links":{"self":[{"href":"https:\/\/ffyh.unc.edu.ar\/biblioteca\/wp-json\/wp\/v2\/pages\/1971","targetHints":{"allow":["GET"]}}],"collection":[{"href":"https:\/\/ffyh.unc.edu.ar\/biblioteca\/wp-json\/wp\/v2\/pages"}],"about":[{"href":"https:\/\/ffyh.unc.edu.ar\/biblioteca\/wp-json\/wp\/v2\/types\/page"}],"author":[{"embeddable":true,"href":"https:\/\/ffyh.unc.edu.ar\/biblioteca\/wp-json\/wp\/v2\/users\/7"}],"replies":[{"embeddable":true,"href":"https:\/\/ffyh.unc.edu.ar\/biblioteca\/wp-json\/wp\/v2\/comments?post=1971"}],"version-history":[{"count":6,"href":"https:\/\/ffyh.unc.edu.ar\/biblioteca\/wp-json\/wp\/v2\/pages\/1971\/revisions"}],"predecessor-version":[{"id":4852,"href":"https:\/\/ffyh.unc.edu.ar\/biblioteca\/wp-json\/wp\/v2\/pages\/1971\/revisions\/4852"}],"wp:attachment":[{"href":"https:\/\/ffyh.unc.edu.ar\/biblioteca\/wp-json\/wp\/v2\/media?parent=1971"}],"curies":[{"name":"wp","href":"https:\/\/api.w.org\/{rel}","templated":true}]}}