{"id":1973,"date":"2018-05-08T19:01:34","date_gmt":"2018-05-08T19:01:34","guid":{"rendered":"http:\/\/ffyh.unc.edu.ar\/biblioteca\/?page_id=1973"},"modified":"2018-07-30T18:35:01","modified_gmt":"2018-07-30T18:35:01","slug":"actividades-de-extension","status":"publish","type":"page","link":"https:\/\/ffyh.unc.edu.ar\/biblioteca\/actividades-de-extension\/","title":{"rendered":"Actividades Especiales"},"content":{"rendered":"<table style=\"height: 2316px\" width=\"623\">\n<tbody>\n<tr>\n<td>\n<h4><span style=\"font-size: 14pt\"><strong>CAPACITACION INTERNA<\/strong><\/span><\/h4>\n<\/td>\n<\/tr>\n<tr>\n<td>\n<p style=\"text-align: justify\"><span style=\"font-size: 14pt\">Todo el personal de la Biblioteca recibe capacitaci\u00f3n interna, a partir de talleres propuestos desde los diferentes departamentos, seg\u00fan su especialidad:<\/span><\/p>\n<ul>\n<li><span style=\"font-size: 14pt\">MARZO 2017: Taller \u201cMisi\u00f3n, Visi\u00f3n, Valores y Gesti\u00f3n por procesos\u201d, a cargo del \u00c1rea de Recursos Humanos de la Secretar\u00eda de Gesti\u00f3n Institucional (SGI) de la UNC.<\/span><\/li>\n<\/ul>\n<p><img data-recalc-dims=\"1\" loading=\"lazy\" decoding=\"async\" data-attachment-id=\"2389\" data-permalink=\"https:\/\/ffyh.unc.edu.ar\/biblioteca\/actividades-de-extension\/1-2\/\" data-orig-file=\"https:\/\/i0.wp.com\/ffyh.unc.edu.ar\/biblioteca\/wp-content\/uploads\/sites\/4\/2018\/05\/1-1.jpg?fit=744%2C558&amp;ssl=1\" data-orig-size=\"744,558\" data-comments-opened=\"0\" data-image-meta=\"{&quot;aperture&quot;:&quot;0&quot;,&quot;credit&quot;:&quot;&quot;,&quot;camera&quot;:&quot;&quot;,&quot;caption&quot;:&quot;&quot;,&quot;created_timestamp&quot;:&quot;0&quot;,&quot;copyright&quot;:&quot;&quot;,&quot;focal_length&quot;:&quot;0&quot;,&quot;iso&quot;:&quot;0&quot;,&quot;shutter_speed&quot;:&quot;0&quot;,&quot;title&quot;:&quot;&quot;,&quot;orientation&quot;:&quot;0&quot;}\" data-image-title=\"1\" data-image-description=\"\" data-image-caption=\"\" data-medium-file=\"https:\/\/i0.wp.com\/ffyh.unc.edu.ar\/biblioteca\/wp-content\/uploads\/sites\/4\/2018\/05\/1-1.jpg?fit=300%2C225&amp;ssl=1\" data-large-file=\"https:\/\/i0.wp.com\/ffyh.unc.edu.ar\/biblioteca\/wp-content\/uploads\/sites\/4\/2018\/05\/1-1.jpg?fit=744%2C558&amp;ssl=1\" class=\"wp-image-2389 aligncenter\" src=\"https:\/\/i0.wp.com\/ffyh.unc.edu.ar\/biblioteca\/wp-content\/uploads\/sites\/4\/2018\/05\/1-1.jpg?resize=566%2C424\" alt=\"\" width=\"566\" height=\"424\" srcset=\"https:\/\/i0.wp.com\/ffyh.unc.edu.ar\/biblioteca\/wp-content\/uploads\/sites\/4\/2018\/05\/1-1.jpg?w=744&amp;ssl=1 744w, https:\/\/i0.wp.com\/ffyh.unc.edu.ar\/biblioteca\/wp-content\/uploads\/sites\/4\/2018\/05\/1-1.jpg?resize=300%2C225&amp;ssl=1 300w\" sizes=\"auto, (max-width: 566px) 100vw, 566px\" \/><\/p>\n<ul>\n<li><span style=\"font-size: 14pt\">ABRIL 2017: Taller m\u00f3dulo de informes KOHA. Capacitador Ra\u00fal Millicay<\/span><\/li>\n<li><span style=\"font-size: 14pt\">MAYO 2017: Bizagi. Simulador de procesos. Capacitador Ignacio Monetto<\/span><\/li>\n<li><span style=\"font-size: 14pt\">OCTUBRE 2017: ZOTERO. Gestor Bibliogr\u00e1fico. Capacitador Juli\u00e1n De Angelis<\/span><\/li>\n<li><span style=\"font-size: 14pt\">NOVIEMBRE 2017: B\u00fasquedas en la Biblioteca Electr\u00f3nica de Mincyt. Capacitadora Bib. Sonia Mangas<\/span><\/li>\n<\/ul>\n<p><span style=\"font-size: 14pt\"><strong><img data-recalc-dims=\"1\" loading=\"lazy\" decoding=\"async\" data-attachment-id=\"2390\" data-permalink=\"https:\/\/ffyh.unc.edu.ar\/biblioteca\/actividades-de-extension\/2-2\/\" data-orig-file=\"https:\/\/i0.wp.com\/ffyh.unc.edu.ar\/biblioteca\/wp-content\/uploads\/sites\/4\/2018\/05\/2-1.jpg?fit=744%2C419&amp;ssl=1\" data-orig-size=\"744,419\" data-comments-opened=\"0\" data-image-meta=\"{&quot;aperture&quot;:&quot;0&quot;,&quot;credit&quot;:&quot;&quot;,&quot;camera&quot;:&quot;&quot;,&quot;caption&quot;:&quot;&quot;,&quot;created_timestamp&quot;:&quot;0&quot;,&quot;copyright&quot;:&quot;&quot;,&quot;focal_length&quot;:&quot;0&quot;,&quot;iso&quot;:&quot;0&quot;,&quot;shutter_speed&quot;:&quot;0&quot;,&quot;title&quot;:&quot;&quot;,&quot;orientation&quot;:&quot;0&quot;}\" data-image-title=\"2\" data-image-description=\"\" data-image-caption=\"\" data-medium-file=\"https:\/\/i0.wp.com\/ffyh.unc.edu.ar\/biblioteca\/wp-content\/uploads\/sites\/4\/2018\/05\/2-1.jpg?fit=300%2C169&amp;ssl=1\" data-large-file=\"https:\/\/i0.wp.com\/ffyh.unc.edu.ar\/biblioteca\/wp-content\/uploads\/sites\/4\/2018\/05\/2-1.jpg?fit=744%2C419&amp;ssl=1\" class=\"alignnone wp-image-2390\" src=\"https:\/\/i0.wp.com\/ffyh.unc.edu.ar\/biblioteca\/wp-content\/uploads\/sites\/4\/2018\/05\/2-1.jpg?resize=556%2C313\" alt=\"\" width=\"556\" height=\"313\" srcset=\"https:\/\/i0.wp.com\/ffyh.unc.edu.ar\/biblioteca\/wp-content\/uploads\/sites\/4\/2018\/05\/2-1.jpg?w=744&amp;ssl=1 744w, https:\/\/i0.wp.com\/ffyh.unc.edu.ar\/biblioteca\/wp-content\/uploads\/sites\/4\/2018\/05\/2-1.jpg?resize=300%2C169&amp;ssl=1 300w\" sizes=\"auto, (max-width: 556px) 100vw, 556px\" \/><\/strong><\/span><\/p>\n<p>&nbsp;<\/td>\n<\/tr>\n<tr>\n<td>\n<h4><span style=\"font-size: 14pt\"><strong>ACTIVIDADES CON OTRAS INSTITUCIONES<\/strong><\/span><\/h4>\n<\/td>\n<\/tr>\n<tr>\n<td>\n<ul>\n<li><span style=\"font-size: 14pt\"><a href=\"http:\/\/ffyh.unc.edu.ar\/biblioteca\/wp-content\/uploads\/sites\/4\/2018\/05\/Proyecto-Biblioteca-Escuela.pdf\">Biblioteca escuela<\/a> &#8211; Escuela de Bibliotecolog\u00eda<\/span><\/li>\n<\/ul>\n<p><img data-recalc-dims=\"1\" loading=\"lazy\" decoding=\"async\" data-attachment-id=\"2615\" data-permalink=\"https:\/\/ffyh.unc.edu.ar\/biblioteca\/actividades-de-extension\/attachment\/13\/\" data-orig-file=\"https:\/\/i0.wp.com\/ffyh.unc.edu.ar\/biblioteca\/wp-content\/uploads\/sites\/4\/2018\/05\/13.jpg?fit=949%2C574&amp;ssl=1\" data-orig-size=\"949,574\" data-comments-opened=\"0\" data-image-meta=\"{&quot;aperture&quot;:&quot;0&quot;,&quot;credit&quot;:&quot;&quot;,&quot;camera&quot;:&quot;&quot;,&quot;caption&quot;:&quot;&quot;,&quot;created_timestamp&quot;:&quot;0&quot;,&quot;copyright&quot;:&quot;&quot;,&quot;focal_length&quot;:&quot;0&quot;,&quot;iso&quot;:&quot;0&quot;,&quot;shutter_speed&quot;:&quot;0&quot;,&quot;title&quot;:&quot;&quot;,&quot;orientation&quot;:&quot;0&quot;}\" data-image-title=\"13\" data-image-description=\"\" data-image-caption=\"\" data-medium-file=\"https:\/\/i0.wp.com\/ffyh.unc.edu.ar\/biblioteca\/wp-content\/uploads\/sites\/4\/2018\/05\/13.jpg?fit=300%2C181&amp;ssl=1\" data-large-file=\"https:\/\/i0.wp.com\/ffyh.unc.edu.ar\/biblioteca\/wp-content\/uploads\/sites\/4\/2018\/05\/13.jpg?fit=949%2C574&amp;ssl=1\" class=\"alignnone size-full wp-image-2615\" src=\"https:\/\/i0.wp.com\/ffyh.unc.edu.ar\/biblioteca\/wp-content\/uploads\/sites\/4\/2018\/05\/13.jpg?resize=949%2C574\" alt=\"\" width=\"949\" height=\"574\" srcset=\"https:\/\/i0.wp.com\/ffyh.unc.edu.ar\/biblioteca\/wp-content\/uploads\/sites\/4\/2018\/05\/13.jpg?w=949&amp;ssl=1 949w, https:\/\/i0.wp.com\/ffyh.unc.edu.ar\/biblioteca\/wp-content\/uploads\/sites\/4\/2018\/05\/13.jpg?resize=300%2C181&amp;ssl=1 300w, https:\/\/i0.wp.com\/ffyh.unc.edu.ar\/biblioteca\/wp-content\/uploads\/sites\/4\/2018\/05\/13.jpg?resize=768%2C465&amp;ssl=1 768w\" sizes=\"auto, (max-width: 949px) 100vw, 949px\" \/><\/p>\n<p><img data-recalc-dims=\"1\" loading=\"lazy\" decoding=\"async\" data-attachment-id=\"2613\" data-permalink=\"https:\/\/ffyh.unc.edu.ar\/biblioteca\/actividades-de-extension\/attachment\/11\/\" data-orig-file=\"https:\/\/i0.wp.com\/ffyh.unc.edu.ar\/biblioteca\/wp-content\/uploads\/sites\/4\/2018\/05\/11.jpg?fit=791%2C433&amp;ssl=1\" data-orig-size=\"791,433\" data-comments-opened=\"0\" data-image-meta=\"{&quot;aperture&quot;:&quot;0&quot;,&quot;credit&quot;:&quot;&quot;,&quot;camera&quot;:&quot;&quot;,&quot;caption&quot;:&quot;&quot;,&quot;created_timestamp&quot;:&quot;0&quot;,&quot;copyright&quot;:&quot;&quot;,&quot;focal_length&quot;:&quot;0&quot;,&quot;iso&quot;:&quot;0&quot;,&quot;shutter_speed&quot;:&quot;0&quot;,&quot;title&quot;:&quot;&quot;,&quot;orientation&quot;:&quot;0&quot;}\" data-image-title=\"11\" data-image-description=\"\" data-image-caption=\"\" data-medium-file=\"https:\/\/i0.wp.com\/ffyh.unc.edu.ar\/biblioteca\/wp-content\/uploads\/sites\/4\/2018\/05\/11.jpg?fit=300%2C164&amp;ssl=1\" data-large-file=\"https:\/\/i0.wp.com\/ffyh.unc.edu.ar\/biblioteca\/wp-content\/uploads\/sites\/4\/2018\/05\/11.jpg?fit=791%2C433&amp;ssl=1\" class=\"alignnone wp-image-2613\" src=\"https:\/\/i0.wp.com\/ffyh.unc.edu.ar\/biblioteca\/wp-content\/uploads\/sites\/4\/2018\/05\/11.jpg?resize=588%2C322\" alt=\"\" width=\"588\" height=\"322\" srcset=\"https:\/\/i0.wp.com\/ffyh.unc.edu.ar\/biblioteca\/wp-content\/uploads\/sites\/4\/2018\/05\/11.jpg?w=791&amp;ssl=1 791w, https:\/\/i0.wp.com\/ffyh.unc.edu.ar\/biblioteca\/wp-content\/uploads\/sites\/4\/2018\/05\/11.jpg?resize=300%2C164&amp;ssl=1 300w, https:\/\/i0.wp.com\/ffyh.unc.edu.ar\/biblioteca\/wp-content\/uploads\/sites\/4\/2018\/05\/11.jpg?resize=768%2C420&amp;ssl=1 768w\" sizes=\"auto, (max-width: 588px) 100vw, 588px\" \/><\/p>\n<ul>\n<li><span style=\"font-size: 14pt\">Pasant\u00edas no rentadas: Colegio Sagrado Coraz\u00f3n<\/span><\/li>\n<\/ul>\n<p><img data-recalc-dims=\"1\" loading=\"lazy\" decoding=\"async\" data-attachment-id=\"2391\" data-permalink=\"https:\/\/ffyh.unc.edu.ar\/biblioteca\/actividades-de-extension\/attachment\/3\/\" data-orig-file=\"https:\/\/i0.wp.com\/ffyh.unc.edu.ar\/biblioteca\/wp-content\/uploads\/sites\/4\/2018\/05\/3.jpg?fit=744%2C558&amp;ssl=1\" data-orig-size=\"744,558\" data-comments-opened=\"0\" data-image-meta=\"{&quot;aperture&quot;:&quot;0&quot;,&quot;credit&quot;:&quot;&quot;,&quot;camera&quot;:&quot;&quot;,&quot;caption&quot;:&quot;&quot;,&quot;created_timestamp&quot;:&quot;0&quot;,&quot;copyright&quot;:&quot;&quot;,&quot;focal_length&quot;:&quot;0&quot;,&quot;iso&quot;:&quot;0&quot;,&quot;shutter_speed&quot;:&quot;0&quot;,&quot;title&quot;:&quot;&quot;,&quot;orientation&quot;:&quot;0&quot;}\" data-image-title=\"3\" data-image-description=\"\" data-image-caption=\"\" data-medium-file=\"https:\/\/i0.wp.com\/ffyh.unc.edu.ar\/biblioteca\/wp-content\/uploads\/sites\/4\/2018\/05\/3.jpg?fit=300%2C225&amp;ssl=1\" data-large-file=\"https:\/\/i0.wp.com\/ffyh.unc.edu.ar\/biblioteca\/wp-content\/uploads\/sites\/4\/2018\/05\/3.jpg?fit=744%2C558&amp;ssl=1\" class=\"wp-image-2391 aligncenter\" src=\"https:\/\/i0.wp.com\/ffyh.unc.edu.ar\/biblioteca\/wp-content\/uploads\/sites\/4\/2018\/05\/3.jpg?resize=585%2C439\" alt=\"\" width=\"585\" height=\"439\" srcset=\"https:\/\/i0.wp.com\/ffyh.unc.edu.ar\/biblioteca\/wp-content\/uploads\/sites\/4\/2018\/05\/3.jpg?w=744&amp;ssl=1 744w, https:\/\/i0.wp.com\/ffyh.unc.edu.ar\/biblioteca\/wp-content\/uploads\/sites\/4\/2018\/05\/3.jpg?resize=300%2C225&amp;ssl=1 300w\" sizes=\"auto, (max-width: 585px) 100vw, 585px\" \/><\/p>\n<p><img data-recalc-dims=\"1\" loading=\"lazy\" decoding=\"async\" data-attachment-id=\"2392\" data-permalink=\"https:\/\/ffyh.unc.edu.ar\/biblioteca\/actividades-de-extension\/attachment\/4\/\" data-orig-file=\"https:\/\/i0.wp.com\/ffyh.unc.edu.ar\/biblioteca\/wp-content\/uploads\/sites\/4\/2018\/05\/4.jpg?fit=744%2C558&amp;ssl=1\" data-orig-size=\"744,558\" data-comments-opened=\"0\" data-image-meta=\"{&quot;aperture&quot;:&quot;0&quot;,&quot;credit&quot;:&quot;&quot;,&quot;camera&quot;:&quot;&quot;,&quot;caption&quot;:&quot;&quot;,&quot;created_timestamp&quot;:&quot;0&quot;,&quot;copyright&quot;:&quot;&quot;,&quot;focal_length&quot;:&quot;0&quot;,&quot;iso&quot;:&quot;0&quot;,&quot;shutter_speed&quot;:&quot;0&quot;,&quot;title&quot;:&quot;&quot;,&quot;orientation&quot;:&quot;0&quot;}\" data-image-title=\"4\" data-image-description=\"\" data-image-caption=\"\" data-medium-file=\"https:\/\/i0.wp.com\/ffyh.unc.edu.ar\/biblioteca\/wp-content\/uploads\/sites\/4\/2018\/05\/4.jpg?fit=300%2C225&amp;ssl=1\" data-large-file=\"https:\/\/i0.wp.com\/ffyh.unc.edu.ar\/biblioteca\/wp-content\/uploads\/sites\/4\/2018\/05\/4.jpg?fit=744%2C558&amp;ssl=1\" class=\"wp-image-2392 aligncenter\" src=\"https:\/\/i0.wp.com\/ffyh.unc.edu.ar\/biblioteca\/wp-content\/uploads\/sites\/4\/2018\/05\/4.jpg?resize=584%2C438\" alt=\"\" width=\"584\" height=\"438\" srcset=\"https:\/\/i0.wp.com\/ffyh.unc.edu.ar\/biblioteca\/wp-content\/uploads\/sites\/4\/2018\/05\/4.jpg?w=744&amp;ssl=1 744w, https:\/\/i0.wp.com\/ffyh.unc.edu.ar\/biblioteca\/wp-content\/uploads\/sites\/4\/2018\/05\/4.jpg?resize=300%2C225&amp;ssl=1 300w\" sizes=\"auto, (max-width: 584px) 100vw, 584px\" \/><\/p>\n<p>&nbsp;<\/td>\n<\/tr>\n<tr>\n<td>\n<h4><span style=\"font-size: 14pt\"><strong>ACTIVIDADES ACADEMICAS\/CULTURALES EN NUESTRA SALA DE LECTURA<\/strong><\/span><\/h4>\n<\/td>\n<\/tr>\n<tr>\n<td>\n<ul>\n<li>\n<p style=\"text-align: justify\"><span style=\"font-size: 14pt\"><b>Ciclo de Conversatorios \u00abEncuentros entre la Psicolog\u00eda y la Literatura\u00bb<\/b>,\u00a0<\/span><span style=\"font-size: 14pt\">que organizamos desde el Programa de Arte y Cultura, Servicio a la Comunidad\u00a0<\/span><span style=\"font-size: 14pt\"><i>Leecuentos de Psicologia.\u00a0<\/i><strong>2017<\/strong><\/span><\/p>\n<\/li>\n<\/ul>\n<\/td>\n<\/tr>\n<tr>\n<td><\/td>\n<\/tr>\n<\/tbody>\n<\/table>\n<p>&nbsp;<\/p>\n","protected":false},"excerpt":{"rendered":"<div class=\"entry-summary\">\nCAPACITACION INTERNA Todo el personal de la Biblioteca recibe capacitaci\u00f3n interna, a partir de talleres propuestos desde los diferentes departamentos,&hellip;\n<\/div>\n<div class=\"link-more\"><a href=\"https:\/\/ffyh.unc.edu.ar\/biblioteca\/actividades-de-extension\/\" class=\"more-link\">Continuar leyendo<span class=\"screen-reader-text\"> &ldquo;Actividades Especiales&rdquo;<\/span>&hellip;<\/a><\/div>\n","protected":false},"author":7,"featured_media":0,"parent":0,"menu_order":0,"comment_status":"closed","ping_status":"closed","template":"","meta":{"_acf_changed":false,"jetpack_post_was_ever_published":false,"footnotes":""},"class_list":["post-1973","page","type-page","status-publish","hentry","entry"],"acf":[],"jetpack_shortlink":"https:\/\/wp.me\/P9UJM9-vP","jetpack-related-posts":[],"jetpack_sharing_enabled":true,"_links":{"self":[{"href":"https:\/\/ffyh.unc.edu.ar\/biblioteca\/wp-json\/wp\/v2\/pages\/1973","targetHints":{"allow":["GET"]}}],"collection":[{"href":"https:\/\/ffyh.unc.edu.ar\/biblioteca\/wp-json\/wp\/v2\/pages"}],"about":[{"href":"https:\/\/ffyh.unc.edu.ar\/biblioteca\/wp-json\/wp\/v2\/types\/page"}],"author":[{"embeddable":true,"href":"https:\/\/ffyh.unc.edu.ar\/biblioteca\/wp-json\/wp\/v2\/users\/7"}],"replies":[{"embeddable":true,"href":"https:\/\/ffyh.unc.edu.ar\/biblioteca\/wp-json\/wp\/v2\/comments?post=1973"}],"version-history":[{"count":15,"href":"https:\/\/ffyh.unc.edu.ar\/biblioteca\/wp-json\/wp\/v2\/pages\/1973\/revisions"}],"predecessor-version":[{"id":2928,"href":"https:\/\/ffyh.unc.edu.ar\/biblioteca\/wp-json\/wp\/v2\/pages\/1973\/revisions\/2928"}],"wp:attachment":[{"href":"https:\/\/ffyh.unc.edu.ar\/biblioteca\/wp-json\/wp\/v2\/media?parent=1973"}],"curies":[{"name":"wp","href":"https:\/\/api.w.org\/{rel}","templated":true}]}}