{"id":1975,"date":"2018-05-08T19:03:05","date_gmt":"2018-05-08T19:03:05","guid":{"rendered":"http:\/\/ffyh.unc.edu.ar\/biblioteca\/?page_id=1975"},"modified":"2019-10-22T18:56:38","modified_gmt":"2019-10-22T18:56:38","slug":"edificio","status":"publish","type":"page","link":"https:\/\/ffyh.unc.edu.ar\/biblioteca\/edificio\/","title":{"rendered":"Edificio"},"content":{"rendered":"<p style=\"text-align: justify\"><span style=\"font-size: 14pt\">La Biblioteca tiene una superficie total de 2.631 metros cuadrados dividida en dos plantas. En la planta alta se encuentra la Direcci\u00f3n, los Departamentos de Biblioteconom\u00eda, Procesos t\u00e9cnicos, Hemeroteca con su sala de Lectura, Comunicaci\u00f3n Institucional y Biblioteca Digital, Sala de reuniones y la Secci\u00f3n de Canje y Donaci\u00f3n con su dep\u00f3sito; en la planta baja funcionan los Departamentos de Humanidades, de Estudios Americanistas y de Antropolog\u00eda con su sala de lectura, adem\u00e1s el Sector del Banco de tesis de la carrera de Psicolog\u00eda y el Fondo Antiguo de la Biblioteca. Asimismo, cuenta con dos salas de lecturas principales, las cuales inicialmente fueron dise\u00f1adas con una capacidad para 300 puestos de estudio. La primera de 100 m2 y la segunda de 470 m2; en las salas de lectura se incorporaron 5500 ejemplares de libros accesibles al p\u00fablico a trav\u00e9s de la modalidad de estanter\u00eda abierta y el Banco de tesis de la Facultad de Psicolog\u00eda. Actualmente la biblioteca cuenta con 200 puestos de lectura incluidos los 35 puestos de lectura informatizados con acceso a internet, terminales para la consulta de trabajos finales de la carrera de Psicolog\u00eda y puestos de lectura de dos peque\u00f1as salas silenciosas situadas en las secciones de Hemeroteca y Americanistas-Antropolog\u00eda.<\/span><\/p>\n<p style=\"text-align: justify\"><img data-recalc-dims=\"1\" loading=\"lazy\" decoding=\"async\" data-attachment-id=\"2429\" data-permalink=\"https:\/\/ffyh.unc.edu.ar\/biblioteca\/edificio\/i\/\" data-orig-file=\"https:\/\/i0.wp.com\/ffyh.unc.edu.ar\/biblioteca\/wp-content\/uploads\/sites\/4\/2018\/05\/i.jpg?fit=744%2C558&amp;ssl=1\" data-orig-size=\"744,558\" data-comments-opened=\"0\" data-image-meta=\"{&quot;aperture&quot;:&quot;0&quot;,&quot;credit&quot;:&quot;&quot;,&quot;camera&quot;:&quot;&quot;,&quot;caption&quot;:&quot;&quot;,&quot;created_timestamp&quot;:&quot;0&quot;,&quot;copyright&quot;:&quot;&quot;,&quot;focal_length&quot;:&quot;0&quot;,&quot;iso&quot;:&quot;0&quot;,&quot;shutter_speed&quot;:&quot;0&quot;,&quot;title&quot;:&quot;&quot;,&quot;orientation&quot;:&quot;0&quot;}\" data-image-title=\"i\" data-image-description=\"\" data-image-caption=\"\" data-medium-file=\"https:\/\/i0.wp.com\/ffyh.unc.edu.ar\/biblioteca\/wp-content\/uploads\/sites\/4\/2018\/05\/i.jpg?fit=300%2C225&amp;ssl=1\" data-large-file=\"https:\/\/i0.wp.com\/ffyh.unc.edu.ar\/biblioteca\/wp-content\/uploads\/sites\/4\/2018\/05\/i.jpg?fit=744%2C558&amp;ssl=1\" class=\"alignnone size-full wp-image-2429\" src=\"https:\/\/i0.wp.com\/ffyh.unc.edu.ar\/biblioteca\/wp-content\/uploads\/sites\/4\/2018\/05\/i.jpg?resize=744%2C558\" alt=\"\" width=\"744\" height=\"558\" srcset=\"https:\/\/i0.wp.com\/ffyh.unc.edu.ar\/biblioteca\/wp-content\/uploads\/sites\/4\/2018\/05\/i.jpg?w=744&amp;ssl=1 744w, https:\/\/i0.wp.com\/ffyh.unc.edu.ar\/biblioteca\/wp-content\/uploads\/sites\/4\/2018\/05\/i.jpg?resize=300%2C225&amp;ssl=1 300w\" sizes=\"auto, (max-width: 744px) 100vw, 744px\" \/><\/p>\n<p style=\"text-align: justify\"><img data-recalc-dims=\"1\" loading=\"lazy\" decoding=\"async\" data-attachment-id=\"2430\" data-permalink=\"https:\/\/ffyh.unc.edu.ar\/biblioteca\/edificio\/j\/\" data-orig-file=\"https:\/\/i0.wp.com\/ffyh.unc.edu.ar\/biblioteca\/wp-content\/uploads\/sites\/4\/2018\/05\/j.jpg?fit=744%2C558&amp;ssl=1\" data-orig-size=\"744,558\" data-comments-opened=\"0\" data-image-meta=\"{&quot;aperture&quot;:&quot;0&quot;,&quot;credit&quot;:&quot;&quot;,&quot;camera&quot;:&quot;&quot;,&quot;caption&quot;:&quot;&quot;,&quot;created_timestamp&quot;:&quot;0&quot;,&quot;copyright&quot;:&quot;&quot;,&quot;focal_length&quot;:&quot;0&quot;,&quot;iso&quot;:&quot;0&quot;,&quot;shutter_speed&quot;:&quot;0&quot;,&quot;title&quot;:&quot;&quot;,&quot;orientation&quot;:&quot;0&quot;}\" data-image-title=\"j\" data-image-description=\"\" data-image-caption=\"\" data-medium-file=\"https:\/\/i0.wp.com\/ffyh.unc.edu.ar\/biblioteca\/wp-content\/uploads\/sites\/4\/2018\/05\/j.jpg?fit=300%2C225&amp;ssl=1\" data-large-file=\"https:\/\/i0.wp.com\/ffyh.unc.edu.ar\/biblioteca\/wp-content\/uploads\/sites\/4\/2018\/05\/j.jpg?fit=744%2C558&amp;ssl=1\" class=\"wp-image-2430 alignright\" src=\"https:\/\/i0.wp.com\/ffyh.unc.edu.ar\/biblioteca\/wp-content\/uploads\/sites\/4\/2018\/05\/j.jpg?resize=349%2C263\" alt=\"\" width=\"349\" height=\"263\" srcset=\"https:\/\/i0.wp.com\/ffyh.unc.edu.ar\/biblioteca\/wp-content\/uploads\/sites\/4\/2018\/05\/j.jpg?w=744&amp;ssl=1 744w, https:\/\/i0.wp.com\/ffyh.unc.edu.ar\/biblioteca\/wp-content\/uploads\/sites\/4\/2018\/05\/j.jpg?resize=300%2C225&amp;ssl=1 300w\" sizes=\"auto, (max-width: 349px) 100vw, 349px\" \/><\/p>\n<p style=\"text-align: justify\"><span style=\"font-size: 14pt\">Seguridad en el edificio: El m\u00f3dulo donde se encuentra la Biblioteca es de construcci\u00f3n antis\u00edsmica, entrada amplia de cuatro puertas, puertas antip\u00e1nico, matafuegos distribuidos en las dos plantas, central de alarma de incendios, activadores de alarma de incendio manual, detectores de humo y \u00a0c\u00e1maras de seguridad.\u00a0<\/span><\/p>\n<p style=\"text-align: justify\"><span style=\"font-size: 14pt\">La Biblioteca\u00a0 tiene una superficie ampliada de 931 metros cuadrados, en dos plantas, capacidad de almacenamiento para 150.000 vol\u00famenes, y nueva sala de lectura de 470 mts cuadrados, con capacidad para 300 puestos de estudios, ascensor, puertas de emergencias, sistema contra incendio,\u00a0 vidrios<\/span><span style=\"font-size: 18.6667px\">\u00a0<\/span><span style=\"font-size: 18.6667px\">polarizaros\u00a0<\/span><span style=\"font-size: 14pt\">en dos secciones para la protecci\u00f3n del material bibliogr\u00e1fico de los rayos UV<\/span><\/p>\n<p style=\"text-align: justify\"><span style=\"font-size: 14pt\">En Planta baja:<\/span><\/p>\n<p style=\"text-align: justify\"><span style=\"font-size: 14pt\">Estanter\u00eda abierta, cuya finalidad es el crecimiento y autonom\u00eda del usuario que le permite acceder a buscar\u00a0<\/span><span style=\"font-size: 18.6667px\">por s\u00ed mismo<\/span><span style=\"font-size: 18.6667px\">\u00a0<\/span><span style=\"font-size: 14pt\">el material bibliogr\u00e1fico de mayor consulta sin la intermediaci\u00f3n del bibliotecario. Adem\u00e1s se contin\u00faa con el servicio de pr\u00e9stamo tradicional para el resto de la bibliograf\u00eda.<\/span><\/p>\n<p><img data-recalc-dims=\"1\" loading=\"lazy\" decoding=\"async\" data-attachment-id=\"2431\" data-permalink=\"https:\/\/ffyh.unc.edu.ar\/biblioteca\/edificio\/k\/\" data-orig-file=\"https:\/\/i0.wp.com\/ffyh.unc.edu.ar\/biblioteca\/wp-content\/uploads\/sites\/4\/2018\/05\/k.jpg?fit=744%2C482&amp;ssl=1\" data-orig-size=\"744,482\" data-comments-opened=\"0\" data-image-meta=\"{&quot;aperture&quot;:&quot;0&quot;,&quot;credit&quot;:&quot;&quot;,&quot;camera&quot;:&quot;&quot;,&quot;caption&quot;:&quot;&quot;,&quot;created_timestamp&quot;:&quot;0&quot;,&quot;copyright&quot;:&quot;&quot;,&quot;focal_length&quot;:&quot;0&quot;,&quot;iso&quot;:&quot;0&quot;,&quot;shutter_speed&quot;:&quot;0&quot;,&quot;title&quot;:&quot;&quot;,&quot;orientation&quot;:&quot;0&quot;}\" data-image-title=\"k\" data-image-description=\"\" data-image-caption=\"\" data-medium-file=\"https:\/\/i0.wp.com\/ffyh.unc.edu.ar\/biblioteca\/wp-content\/uploads\/sites\/4\/2018\/05\/k.jpg?fit=300%2C194&amp;ssl=1\" data-large-file=\"https:\/\/i0.wp.com\/ffyh.unc.edu.ar\/biblioteca\/wp-content\/uploads\/sites\/4\/2018\/05\/k.jpg?fit=744%2C482&amp;ssl=1\" class=\"alignnone size-full wp-image-2431\" src=\"https:\/\/i0.wp.com\/ffyh.unc.edu.ar\/biblioteca\/wp-content\/uploads\/sites\/4\/2018\/05\/k.jpg?resize=744%2C482\" alt=\"\" width=\"744\" height=\"482\" srcset=\"https:\/\/i0.wp.com\/ffyh.unc.edu.ar\/biblioteca\/wp-content\/uploads\/sites\/4\/2018\/05\/k.jpg?w=744&amp;ssl=1 744w, https:\/\/i0.wp.com\/ffyh.unc.edu.ar\/biblioteca\/wp-content\/uploads\/sites\/4\/2018\/05\/k.jpg?resize=300%2C194&amp;ssl=1 300w\" sizes=\"auto, (max-width: 744px) 100vw, 744px\" \/><\/p>\n","protected":false},"excerpt":{"rendered":"<div class=\"entry-summary\">\nLa Biblioteca tiene una superficie total de 2.631 metros cuadrados dividida en dos plantas. En la planta alta se encuentra&hellip;\n<\/div>\n<div class=\"link-more\"><a href=\"https:\/\/ffyh.unc.edu.ar\/biblioteca\/edificio\/\" class=\"more-link\">Continuar leyendo<span class=\"screen-reader-text\"> &ldquo;Edificio&rdquo;<\/span>&hellip;<\/a><\/div>\n","protected":false},"author":7,"featured_media":0,"parent":0,"menu_order":0,"comment_status":"closed","ping_status":"closed","template":"","meta":{"_acf_changed":false,"jetpack_post_was_ever_published":false,"footnotes":""},"class_list":["post-1975","page","type-page","status-publish","hentry","entry"],"acf":[],"jetpack_shortlink":"https:\/\/wp.me\/P9UJM9-vR","jetpack-related-posts":[],"jetpack_sharing_enabled":true,"_links":{"self":[{"href":"https:\/\/ffyh.unc.edu.ar\/biblioteca\/wp-json\/wp\/v2\/pages\/1975","targetHints":{"allow":["GET"]}}],"collection":[{"href":"https:\/\/ffyh.unc.edu.ar\/biblioteca\/wp-json\/wp\/v2\/pages"}],"about":[{"href":"https:\/\/ffyh.unc.edu.ar\/biblioteca\/wp-json\/wp\/v2\/types\/page"}],"author":[{"embeddable":true,"href":"https:\/\/ffyh.unc.edu.ar\/biblioteca\/wp-json\/wp\/v2\/users\/7"}],"replies":[{"embeddable":true,"href":"https:\/\/ffyh.unc.edu.ar\/biblioteca\/wp-json\/wp\/v2\/comments?post=1975"}],"version-history":[{"count":7,"href":"https:\/\/ffyh.unc.edu.ar\/biblioteca\/wp-json\/wp\/v2\/pages\/1975\/revisions"}],"predecessor-version":[{"id":3875,"href":"https:\/\/ffyh.unc.edu.ar\/biblioteca\/wp-json\/wp\/v2\/pages\/1975\/revisions\/3875"}],"wp:attachment":[{"href":"https:\/\/ffyh.unc.edu.ar\/biblioteca\/wp-json\/wp\/v2\/media?parent=1975"}],"curies":[{"name":"wp","href":"https:\/\/api.w.org\/{rel}","templated":true}]}}