{"id":1977,"date":"2018-05-08T19:05:03","date_gmt":"2018-05-08T19:05:03","guid":{"rendered":"http:\/\/ffyh.unc.edu.ar\/biblioteca\/?page_id=1977"},"modified":"2019-10-22T18:09:33","modified_gmt":"2019-10-22T18:09:33","slug":"nuestro-acervo-bibliografico","status":"publish","type":"page","link":"https:\/\/ffyh.unc.edu.ar\/biblioteca\/nuestro-acervo-bibliografico\/","title":{"rendered":"Nuestro Fondo Bibliogr\u00e1fico"},"content":{"rendered":"<p style=\"text-align: justify\">Biblioteca cuenta con un fondo aproximado de 160.000 vol\u00famenes que incluye libros en varios soportes, folletos, traducciones, mapas, fotos planos y libros antiguos; 14.000 documentos hist\u00f3ricos manuscritos de los siglos XVI al XX,\u00a0 3.800 t\u00edtulos de publicaciones peri\u00f3dicas y 2200 trabajos finales, pr\u00e1cticas pre-profesionales y pr\u00e1cticas supervisadas de ambas Facultades.<\/p>\n<table>\n<tbody>\n<tr>\n<td style=\"text-align: justify\">\n<h3><strong>DEPARTAMENTO HUMANIDADES<\/strong><\/h3>\n<\/td>\n<\/tr>\n<tr>\n<td style=\"text-align: justify\">Alberga 120.000 vol\u00famenes, incluye material de referencia (diccionarios, enciclopedias, etc.) libros de texto que cubren las \u00e1reas de Humanidades, Ciencias Sociales, Psicolog\u00eda, Ciencias de la Educaci\u00f3n, Historia, Letras Modernas y Cl\u00e1sicas, Geograf\u00eda, Bibliotecolog\u00eda y Archivolog\u00eda, manuales, documentos hist\u00f3ricos (S. XVI a XX), tesis de licenciatura, pr\u00e1cticas supervisadas, tesis de maestr\u00eda, doctorado y carreras de especializaci\u00f3n, folletos, traducciones, tests, bases de datos, CD, DVD, etc.<\/p>\n<p>Desde sus inicios y con el paso de los a\u00f1os la Biblioteca fu\u00e9 enriqueciendo su acervo con la donaci\u00f3n de bibliotecas particulares, pertenecientes a docentes de la Facultades, y de Instituciones que nos eligieron para que resguardemos su patrimonio bibliogr\u00e1fico.<\/p>\n<ul>\n<li><a href=\"https:\/\/ffyh.unc.edu.ar\/biblioteca\/colecciones\/\"><strong style=\"font-family: inherit;font-size: inherit\">COLECCIONES<\/strong><\/a><\/li>\n<\/ul>\n<p>Su acervo bibliogr\u00e1fico ha sido incrementado con la donaci\u00f3n de\u00a0Profesores e instituciones que donaron sus bibliotecas<\/p>\n<p>El material se presenta organizado de la siguiente manera:<\/p>\n<ul>\n<li><strong>ESTANTERIA ABIERTA<\/strong><\/li>\n<\/ul>\n<p>A partir de 2008 se implementa la modalidad de Estanter\u00eda Abierta para un sector de nuestro acervo, ante la insistente demanda por parte de los usuarios, permiti\u00e9ndoles tener acceso directo al material, dispuesto en estanter\u00edas con el mismo ordenamiento de clasificaci\u00f3n que tiene la Biblioteca para el resto de su material.\u00a0 Enriqueciendo, en consecuencia, el resultado de sus b\u00fasquedas y permitiendo un incremento significativo en la utilizaci\u00f3n de la misma.<\/p>\n<p>Posee adem\u00e1s, el Banco de Tesis de Licenciatura y Pr\u00e1cticas Pre-profesionales y Pr\u00e1cticas\u00a0 Supervisada de la Facultad de Psicolog\u00eda, cuyo acervo y personal a cargo dependen de Psicolog\u00eda.<\/p>\n<ul>\n<li><a href=\"https:\/\/ffyh.unc.edu.ar\/biblioteca\/banco-de-tesis-de-psicologia-2\/\"><strong>BANCO DE TESIS<\/strong><\/a><\/li>\n<\/ul>\n<p>El Banco de Tesis de Licenciatura, Pr\u00e1cticas Pre-profesionales y Pr\u00e1cticas Supervisadas de la Facultad de Psicolog\u00eda, se ocupa de toda la gesti\u00f3n de su material.<\/p>\n<ul>\n<li><strong><a href=\"https:\/\/ffyh.unc.edu.ar\/biblioteca\/fondo-antiguo-3\/\">FONDO ANTIGUO<\/a><br \/>\n<\/strong><\/li>\n<\/ul>\n<p>Posee material bibliogr\u00e1fico invaluable de m\u00e1s de 2<strong>.<\/strong>400 obras impresas producidas entre los siglos XVI y XX. Dentro de la biblioteca, cuenta con un espacio acondicionado especialmente para preservar la integridad de este valioso patrimonio conservando luz, temperatura y\u00a0 humedad adecuados para evitar la proliferaci\u00f3n de hongos y otros elementos da\u00f1inos. Adem\u00e1s, se implementaron procedimientos especiales (marbetes especiales, sobres anti\u00e1cidos, etc.) en el proceso t\u00e9cnico de las mismas. Tambi\u00e9n se concentran en este espacio las revistas m\u00e1s antiguas de la Hemeroteca.<\/p>\n<ul>\n<li><strong><a href=\"https:\/\/ffyh.unc.edu.ar\/biblioteca\/fondo-malicha-2\/\">FONDO MALICHA<\/a><br \/>\n<\/strong><\/li>\n<\/ul>\n<p>Se trata de m\u00e1s de 5.000 vol\u00famenes que abarcan un campo muy amplio : Antropolog\u00eda, Educaci\u00f3n, Ling\u00fc\u00edstica, Psicolog\u00eda, literatura latinoamericana y, en particular, Literatura Infantil y Juvenil.<\/p>\n<p>Fondo donado a la Biblioteca por la Prof. Mar\u00eda Luisa Cresta de Leguizam\u00f3n, quien estuvo dedicada a dos \u00e1reas de su inter\u00e9s: la literatura hispanoamericana y la literatura infantil y juvenil (LIJ).<\/td>\n<\/tr>\n<tr>\n<td>\n<h3><\/h3>\n<h3><strong>DEPARTAMENTO <\/strong><strong>DE ESTUDIOS AMERICANISTAS Y DE ANTROPOLOG\u00cdA<\/strong><\/h3>\n<\/td>\n<\/tr>\n<tr>\n<td style=\"text-align: justify\">\n<h4><strong>SECTOR ESTUDIOS AMERICANISTAS<\/strong><\/h4>\n<p>Su acervo posee aproximadamente: 15.000 libros, 13.100 documentos hist\u00f3ricos (siglos XVI al XX), en<\/p>\n<p>curso el Proyecto de Digitalizaci\u00f3n, 6.000 folletos, cartas topogr\u00e1ficas, mapas, planos y fotos. Tambi\u00e9n posee una hemeroteca especializada con 700 t\u00edtulos de publicaciones peri\u00f3dicas, diarios del siglo XIX-XX y ediciones facsimilares de peri\u00f3dicos.<\/p>\n<p>Alberga tambi\u00e9n las colecciones\u00a0<a href=\"http:\/\/www.ffyh.unc.edu.ar\/biblioteca\/sobre-la-biblioteca\/colecciones\"><strong>\u201cIv\u00e1n Baigorria\u201d<\/strong><\/a>\u00a0(Antropolog\u00eda, Cultura, Sociolog\u00eda),\u00a0<a href=\"http:\/\/www.ffyh.unc.edu.ar\/biblioteca\/sobre-la-biblioteca\/colecciones\"><strong>\u201cBajo\u201d<\/strong><\/a>\u00a0(Historia Argentina y Americana),\u00a0<a href=\"http:\/\/www.ffyh.unc.edu.ar\/biblioteca\/sobre-la-biblioteca\/colecciones\"><strong>\u201cJos\u00e9 Pe\u00f1a\u201d<\/strong><\/a>\u00a0(Historia), donadas por sus familiares.<\/p>\n<p><strong>Colecciones Especiales:<\/strong><\/p>\n<ul>\n<li><strong>Colecci\u00f3n Documental (Manuscritos de 1573-1930)<\/strong><\/li>\n<\/ul>\n<p>Destacamos este material por ser la \u00fanica colecci\u00f3n de fuentes originales pertenecientes a la Biblioteca, con la intenci\u00f3n de dar a conocer a todo el personal su importancia, caracter\u00edsticas del material y del acceso.<\/p>\n<p><a href=\"https:\/\/ffyh.unc.edu.ar\/biblioteca\/catalogo-de-sermones-de-la-coleccion-documental-monsenor-dr-pablo-cabrera-2\/\"><strong>Cat\u00e1logo de Sermones<\/strong> <\/a><\/p>\n<ul>\n<li><strong>Libros espa\u00f1oles<\/strong><\/li>\n<\/ul>\n<p><em>Obras editadas en Espa\u00f1a entre los siglos XVI-XIX compiladas en un Cat\u00e1logo editado en CD-ROM. Las caracter\u00edsticas de la colecci\u00f3n son:\u00a0<\/em>belleza singular, encuadernaci\u00f3n en pergamino, adornados por vi\u00f1etas e imponentes ilustraciones, libros\u00a0<strong>editados en imprentas,\u00a0<\/strong>no manuscritos. Tem\u00e1tica:\u00a0<strong><em>S. XVI<\/em><\/strong><em>:<\/em>\u00a0religi\u00f3n (hagiograf\u00edas, constituciones, etc.), historia de Am\u00e9rica, asuntos jur\u00eddicos, literatura.\u00a0<strong><em>S. XVII<\/em><\/strong>: espectro m\u00e1s amplio, incluye desde Biblias a temas cient\u00edficos, acent\u00faan la historia de Am\u00e9rica (conquista) y las obras evangelizadoras jesuitas. Cabe destacar las ediciones de la Biblia Vulgata latina traducida por el padre Felipe de San Miguel, primera versi\u00f3n en espa\u00f1ol, prohibidas por el Concilio de Trento, y reci\u00e9n autorizadas en 1872<strong>.\u00a0<em>S 19(XIX<\/em><\/strong><em>)<\/em>: desbordan el abanico tem\u00e1tico descrito, debido al libre acceso a los textos y mejoras en las comunicaciones interoce\u00e1nicas. Las materias acompa\u00f1an el desarrollo de las ciencias y pensamientos, aumentando la producci\u00f3n escrita. Es importante recalcar el incremento en la producci\u00f3n de libros a trav\u00e9s de la imprenta, que causa una mayor circulaci\u00f3n de textos y un acceso menos restringido a ellos.<\/p>\n<h4><strong>SECTOR ANTROPOLOG\u00cdA<\/strong><\/h4>\n<p>Contiene material de folklore, etnolog\u00eda, arqueolog\u00eda, m\u00fasica, religi\u00f3n y ling\u00fc\u00edstica. Su acervo est\u00e1 compuesto por 5000 libros, 3000 folletos y 400 t\u00edtulos de publicaciones peri\u00f3dicas, que se encuentran f\u00edsicamente en la Hemeroteca Central.<\/p>\n<p>Se puede destacar en la colecci\u00f3n de materiales valiosos y \u00fanicos libros editados en 1800 y obras de Florentino Ameghino, Max Hule, Adam Quiroga, Pedro de Angelis, Anibal Montes, Antonio Serrano, Alberto Rex Gonz\u00e1lez, etc., y las ediciones facsimilares de c\u00f3dices como el Bodley, Peresianus, Azoyu, Borgia, Borb\u00f3nico, Dresde, etc. Diccionarios de lenguas abor\u00edgenes, cr\u00f3nicas.<\/p>\n<p>Orientada especialmente a investigadores, eruditos y estudiosos de disciplinas como arqueolog\u00eda, antropolog\u00eda, m\u00fasica, ling\u00fcistas, y a alumnos especialmente de Historia, Antropolog\u00eda, Artes y otras carreras vinculadas con ciencias sociales.<\/td>\n<\/tr>\n<tr>\n<td>\n<h3><\/h3>\n<h3><strong>DEPARTAMENTO HEMEROTECA<\/strong><\/h3>\n<\/td>\n<\/tr>\n<tr>\n<td style=\"text-align: justify\">Las publicaciones peri\u00f3dicas son uno de los pilares fundamentales de la colecci\u00f3n de la biblioteca universitaria, ya que \u00e9stas son en la actualidad las aut\u00e9nticas transmisoras de la informaci\u00f3n cient\u00edfica. Hemeroteca posee entre su acervo revista muy importantes como ser \u201cSur\u201d (Fundada y dirigida por Victoria Ocampo (1891-1979), SUR se convirti\u00f3 en una de las m\u00e1s importantes revistas literarias del mundo ), \u201cNosotros\u201d (1907-1943), \u201cRevista de Occidente (1923-2010).<\/p>\n<p>&nbsp;<\/td>\n<\/tr>\n<\/tbody>\n<\/table>\n<p>&nbsp;<\/p>\n","protected":false},"excerpt":{"rendered":"<div class=\"entry-summary\">\nBiblioteca cuenta con un fondo aproximado de 160.000 vol\u00famenes que incluye libros en varios soportes, folletos, traducciones, mapas, fotos planos&hellip;\n<\/div>\n<div class=\"link-more\"><a href=\"https:\/\/ffyh.unc.edu.ar\/biblioteca\/nuestro-acervo-bibliografico\/\" class=\"more-link\">Continuar leyendo<span class=\"screen-reader-text\"> &ldquo;Nuestro Fondo Bibliogr\u00e1fico&rdquo;<\/span>&hellip;<\/a><\/div>\n","protected":false},"author":7,"featured_media":0,"parent":0,"menu_order":0,"comment_status":"closed","ping_status":"closed","template":"","meta":{"_acf_changed":false,"jetpack_post_was_ever_published":false,"footnotes":""},"class_list":["post-1977","page","type-page","status-publish","hentry","entry"],"acf":[],"jetpack_shortlink":"https:\/\/wp.me\/P9UJM9-vT","jetpack-related-posts":[],"jetpack_sharing_enabled":true,"_links":{"self":[{"href":"https:\/\/ffyh.unc.edu.ar\/biblioteca\/wp-json\/wp\/v2\/pages\/1977","targetHints":{"allow":["GET"]}}],"collection":[{"href":"https:\/\/ffyh.unc.edu.ar\/biblioteca\/wp-json\/wp\/v2\/pages"}],"about":[{"href":"https:\/\/ffyh.unc.edu.ar\/biblioteca\/wp-json\/wp\/v2\/types\/page"}],"author":[{"embeddable":true,"href":"https:\/\/ffyh.unc.edu.ar\/biblioteca\/wp-json\/wp\/v2\/users\/7"}],"replies":[{"embeddable":true,"href":"https:\/\/ffyh.unc.edu.ar\/biblioteca\/wp-json\/wp\/v2\/comments?post=1977"}],"version-history":[{"count":20,"href":"https:\/\/ffyh.unc.edu.ar\/biblioteca\/wp-json\/wp\/v2\/pages\/1977\/revisions"}],"predecessor-version":[{"id":3854,"href":"https:\/\/ffyh.unc.edu.ar\/biblioteca\/wp-json\/wp\/v2\/pages\/1977\/revisions\/3854"}],"wp:attachment":[{"href":"https:\/\/ffyh.unc.edu.ar\/biblioteca\/wp-json\/wp\/v2\/media?parent=1977"}],"curies":[{"name":"wp","href":"https:\/\/api.w.org\/{rel}","templated":true}]}}