{"id":1979,"date":"2018-05-08T19:05:51","date_gmt":"2018-05-08T19:05:51","guid":{"rendered":"http:\/\/ffyh.unc.edu.ar\/biblioteca\/?page_id=1979"},"modified":"2022-03-22T17:28:52","modified_gmt":"2022-03-22T17:28:52","slug":"reglamento-de-la-biblioteca","status":"publish","type":"page","link":"https:\/\/ffyh.unc.edu.ar\/biblioteca\/reglamento-de-la-biblioteca\/","title":{"rendered":"Reglamento de la Biblioteca"},"content":{"rendered":"<table>\n<tbody>\n<tr style=\"text-align: justify\">\n<td><span style=\"font-size: 14pt\"><strong>GENERALIDADES<\/strong><\/span><\/td>\n<\/tr>\n<tr style=\"text-align: justify\">\n<td>\n<p style=\"text-align: justify\"><span style=\"font-size: 14pt\">1- El Departamento de Servicios al P\u00fablico de la \u201cBiblioteca Central Elma Kohlmeyer de Estrabou\u201d comprende una secci\u00f3n general\u00a0<strong>\u201cHumanidades\u201d<\/strong>\u00a0de la cual depende el Fondo Antiguo, y los siguientes secciones especializadas: \u201c<strong>Americanistas &#8211; Antropolog\u00eda<\/strong>\u201d,\u00a0<strong>\u201cHemeroteca\u201d\u00a0<\/strong>y\u00a0<strong>\u201cReferencia\u201d<\/strong>.<\/span><\/p>\n<p style=\"text-align: justify\"><span style=\"font-size: 14pt\">2- El\u00a0<strong>horario general<\/strong>\u00a0de atenci\u00f3n de la Biblioteca es de\u00a0<strong>lunes a viernes<\/strong> de <strong>10:00 a 17:00 hs<\/strong>., mientras que la Secci\u00f3n\u00a0<strong>\u201cAmericanistas-Antropolog\u00eda\u201d<\/strong>atiende <strong>lunes a viernes de 10:00 a 17:00 hs.<\/strong>\u00a0y la Secci\u00f3n\u00a0<strong>\u201cHemeroteca\u201d<\/strong>atiende de\u00a0<strong>lunes a viernes de 14:00 a 17:00 hs.<\/strong><\/span><\/p>\n<\/td>\n<\/tr>\n<tr style=\"text-align: justify\">\n<td><span style=\"font-size: 14pt\"><strong>DISPOSICIONES<\/strong><\/span><\/td>\n<\/tr>\n<tr style=\"text-align: justify\">\n<td>\n<p style=\"text-align: justify\"><span style=\"font-size: 14pt\">1- El p\u00fablico en general podr\u00e1 hacer consultas bibliogr\u00e1ficas en la sala de lectura dentro del horario establecido por la biblioteca, previa presentaci\u00f3n de documento de identidad o c\u00e9dula. Pasaporte en el caso de los estudiantes extranjeros. Los alumnos pertenecientes a las Facultades de Filosof\u00eda y de Psicolog\u00eda, pueden presentar la Libreta de Trabajos Pr\u00e1cticos o el DNI.<\/span><\/p>\n<p style=\"text-align: justify\"><span style=\"font-size: 14pt\">2- No se permite fotocopiado de ning\u00fan material perteneciente al acervo bibliogr\u00e1fico, salvo algunos art\u00edculos de las Publicaciones Peri\u00f3dicas.<\/span><\/p>\n<\/td>\n<\/tr>\n<tr style=\"text-align: justify\">\n<td><span style=\"font-size: 14pt\"><strong>\u00a0INSCRIPCIONES<\/strong><\/span><\/td>\n<\/tr>\n<tr style=\"text-align: justify\">\n<td><span style=\"font-size: 14pt\">\u00a03- Podr\u00e1n inscribirse para hacer uso de pr\u00e9stamos de material bibliogr\u00e1fico: personal docente, investigadores, no docentes, egresados, alumnos de grado, postgrado, vocacionales e intercampus, de la Facultad de Filosof\u00eda y Humanidades y de la Facultad de Psicolog\u00eda. Y docentes con cargo, investigadores y no docentes de otras Facultades de la UNC.<\/span><\/p>\n<p><span style=\"font-size: 14pt\">4- Para inscribirse se requiere:<\/span><\/p>\n<ol>\n<li><span style=\"font-size: 14pt\"><strong>Docentes y\/o investigadores<\/strong>: estar incluidos en el registro de personal de la Facultad, presentar en Biblioteca Resoluci\u00f3n del cargo actualizada y documento de identidad.\u00a0<strong>Duraci\u00f3n de la inscripci\u00f3n: 1 a\u00f1o calendario<\/strong><\/span><\/li>\n<li><span style=\"font-size: 14pt\"><strong>No docentes<\/strong>: estar incluidos en el registro de personal de la Facultad, presentar certificado del \u00e1rea Personal que acredite su cargo y documento de identidad.\u00a0<strong>Duraci\u00f3n de la inscripci\u00f3n 1 a\u00f1o calendario<\/strong><\/span><\/li>\n<li><span style=\"font-size: 14pt\"><strong>Egresados:<\/strong>cumplimentar los requisitos establecidos en la solicitud entregada por la misma biblioteca, DNI y pago de la cuota anual.\u00a0<strong>Duraci\u00f3n de la inscripci\u00f3n: 1 a\u00f1o calendario<\/strong><\/span><\/li>\n<li><span style=\"font-size: 14pt\"><strong>Alumnos:<\/strong>presentar LTP con inscripci\u00f3n acad\u00e9mica correspondiente al a\u00f1o lectivo en curso.\u00a0<strong>Duraci\u00f3n de la inscripci\u00f3n: 1 a\u00f1o acad\u00e9mico<\/strong><\/span><\/li>\n<li><span style=\"font-size: 14pt\"><strong>Postgrado:<\/strong>Doctorados y Maestr\u00edas: Resoluci\u00f3n donde figura que fue aceptado a dicho Doctorado o\u00a0 comprobantes de pago de inscripci\u00f3n y DNI.<strong>Duraci\u00f3n de la inscripci\u00f3n: 1 a\u00f1o acad\u00e9mico<\/strong><\/span><\/li>\n<li><span style=\"font-size: 14pt\"><strong>Alumnos Vocacionales:<\/strong>se los inscribe con LTP y por el a\u00f1o en curso.<strong>Duraci\u00f3n de la inscripci\u00f3n: hasta el 31 de diciembre<\/strong><\/span><\/li>\n<li><span style=\"font-size: 14pt\"><strong>Alumnos intercampus:\u00a0<\/strong>se los inscribe presentando carnet intercampus y Pasaporte.\u00a0<strong>Duraci\u00f3n de la inscripci\u00f3n: solo por el per\u00edodo que permanezca en las\u00a0 Facultades.<\/strong><\/span><\/li>\n<li><span style=\"font-size: 14pt\"><strong>Docentes y\/o investigadores de otras Facultades:<\/strong>estar incluidos en el registro de personal de la Facultad a la que pertenecen, presentar en biblioteca\u00a0 Resoluci\u00f3n del cargo de la Facultad respectiva, donde figure la duraci\u00f3n del proyecto, DNI y abonar la cuota.\u00a0<strong>Duraci\u00f3n inscripci\u00f3n 1 a\u00f1o calendario<\/strong><\/span><\/li>\n<\/ol>\n<p><span style=\"font-size: 14pt\">5- Los\/as usuarios\/as, deber\u00e1n reinscribirse todos los a\u00f1os, en la fecha estipulada y actualizar los datos personales: domicilio, tel\u00e9fono, correo electr\u00f3nico, etc., para lo cual deber\u00e1n presentarse en biblioteca.<\/span><\/td>\n<\/tr>\n<tr style=\"text-align: justify\">\n<td><span style=\"font-size: 14pt\"><strong>\u00a0PR\u00c9STAMOS A DOMICILIO<\/strong><\/span><\/td>\n<\/tr>\n<tr style=\"text-align: justify\">\n<td><span style=\"font-size: 14pt\">\u00a0<\/span><span style=\"font-size: 14pt\">6- Es requisito indispensable estar inscripto en biblioteca, para gozar de pr\u00e9stamos de material bibliogr\u00e1fico a domicilio.<\/span><\/p>\n<p><span style=\"font-size: 14pt\">7- Los pr\u00e9stamos son personales debiendo presentar, Libreta de Trabajos Pr\u00e1cticos o Documento de Identidad o C\u00e9dula, sin excepci\u00f3n, siendo el material facilitado de absoluta responsabilidad de quien lo retira.<\/span><\/p>\n<p><span style=\"font-size: 14pt\">8- Las devoluciones no son personales y pueden ser realizadas por terceros.<\/span><\/p>\n<p><span style=\"font-size: 14pt\">9- Los\/las docentes, investigadores\/as, tesistas, maestrandos\/as y doctorandos\/as podr\u00e1n retirar hasta\u00a0<strong>cuatro<\/strong>\u00a0(4) libros y cuatro (4) revistas. Los\/las alumnos\/as, ayudantes-alumnos\/as, egresados\/as y no-docentes podr\u00e1n retirar hasta\u00a0<strong>tres<\/strong>\u00a0(3) libros y\u00a0<strong>tres<\/strong>\u00a0(3) revistas. Dichos pr\u00e9stamos se efectuar\u00e1n por el t\u00e9rmino de\u00a0<strong>siete<\/strong>(7) d\u00edas corridos, con excepci\u00f3n de los \u2018pr\u00e9stamos restringidos\u2019 de dos (2) d\u00edas. Un\/a mismo\/a usuario\/a no podr\u00e1 retirar dos ejemplares iguales.<\/span><\/p>\n<p><span style=\"font-size: 14pt\">10- Dentro del acervo bibliogr\u00e1fico se distinguen las siguientes\u00a0<strong>categor\u00edas<\/strong>:<\/span><\/p>\n<p><span style=\"font-size: 14pt\"><strong>1)<\/strong>\u00a0material para pr\u00e9stamos en sala, a domicilio e interbibliotecario :<\/span><\/p>\n<ol>\n<li><span style=\"font-size: 14pt\">bibliograf\u00eda de todas las secciones, salvo las excepciones contempladas en el apartado (2)<\/span><\/li>\n<li><span style=\"font-size: 14pt\">bibliograf\u00eda incluida en la modalidad Estanter\u00eda Abierta que adem\u00e1s se puede consultar sin presentaci\u00f3n del DNI.<\/span><\/li>\n<li><span style=\"font-size: 14pt\">bibliograf\u00eda seleccionada por las distintas c\u00e1tedras que podr\u00e1n consultarse en sala de lunes a viernes y estar\u00e1 disponible para el pr\u00e9stamo a domicilio y\/o interbibliotecario, los\u00a0<strong>viernes<\/strong>\u00a0a partir de las\u00a0<strong>17:00 hs<\/strong>. hasta el\u00a0<strong>lunes siguiente<\/strong>\u00a0antes de las\u00a0<strong>11:00 hs<\/strong>.<\/span><\/li>\n<li><span style=\"font-size: 14pt\">Material audiovisual: m\u00e9todo Linguaphone de ingl\u00e9s, franc\u00e9s, griego y lat\u00edn el cual se prestar\u00e1 por el t\u00e9rmino de\u00a0<strong>quince\u00a0<\/strong>(15) d\u00edas.<\/span><\/li>\n<\/ol>\n<p><span style=\"font-size: 14pt\"><strong>\u00a02)<\/strong>\u00a0Material bibliogr\u00e1fico disponible\u00a0<strong>s\u00f3lo<\/strong>\u00a0para consulta en sala de lectura :<\/span><\/p>\n<ol>\n<li><span style=\"font-size: 14pt\">obras de referencia: enciclopedias, diccionarios, gu\u00edas, mapas, etc.<\/span><\/li>\n<li><span style=\"font-size: 14pt\">libros de\u00a0<strong><em>Valor Especial<\/em><\/strong>: ediciones agotadas, antiguas, libros ilustrados y de lujo, libros anteriores a1930 (Fondo Antiguo), c\u00f3dices, obras que integran el fondo documental de la bibliotca \u201cMonse\u00f1or Pablo Cabrera\u201d, etc.<\/span><\/li>\n<\/ol>\n<\/td>\n<\/tr>\n<tr style=\"text-align: justify\">\n<td><span style=\"font-size: 14pt\">\u00a0<strong>DEVOLUCIONES<\/strong><\/span><\/td>\n<\/tr>\n<tr style=\"text-align: justify\">\n<td><span style=\"font-size: 14pt\">\u00a0<\/span>11- Los\/as usuarios\/as deber\u00e1n devolver el material bibliogr\u00e1fico en las fechas o plazos estipulados por la Biblioteca, en caso de demora ser\u00e1n pasibles de las sanciones correspondientes y previstas en el art.<strong>15<\/strong>\u00a0del presente reglamento.<\/p>\n<p>12- Los libros devueltos en el d\u00eda, se prestar\u00e1n nuevamente a partir del d\u00eda siguiente, con excepci\u00f3n de los d\u00edas viernes, en que podr\u00e1n volver a prestarse a partir de la apertura de la biblioteca.<\/p>\n<p>13- El\/la mismo\/a usuario\/a no podr\u00e1 retirar m\u00e1s de dos veces consecutivas el mismo libro.<\/td>\n<\/tr>\n<tr style=\"text-align: justify\">\n<td><span style=\"font-size: 14pt\">\u00a0<strong>SANCIONES<\/strong><\/span><\/td>\n<\/tr>\n<tr style=\"text-align: justify\">\n<td><span style=\"font-size: 14pt\">\u00a0<\/span><span style=\"font-size: 14pt\">14- El material bibliogr\u00e1fico deber\u00e1 tratarse con sumo cuidado. Est\u00e1 prohibido rayar, se\u00f1alar p\u00e1rrafos, mojar aunque sea accidentalmente y\/o mutilar las obras que se le facilite en pr\u00e9stamo. Los\/as usuarios\/as comunicar\u00e1n al\/a la bibliotecario\/a cualquier anomal\u00eda que observaran en el momento de retirar el material. Y en caso que el\/la bibliotecario\/a constatara alguno de los da\u00f1os se\u00f1alados, elevar\u00e1 los antecedentes del autor\/a a la Direcci\u00f3n de la Biblioteca, a fin resolver la sanci\u00f3n a aplicar, la que puede llegar hasta la cancelaci\u00f3n de la matr\u00edcula como usuario\/a y a otras instancias superiores, seg\u00fan el caso.<\/span><\/p>\n<p><span style=\"font-size: 14pt\">15- Los\/as usuarios\/as que devuelvan con demora el material retirado a domicilio, cualquiera sea su motivo, se har\u00e1 pasible de las siguientes\u00a0<strong>sanciones:<\/strong><\/span><\/p>\n<p><span style=\"font-size: 14pt\"><strong>1.\u00a0\u00a0\u00a0\u00a0\u00a0\u00a0\u00a0\u00a0\u00a0<\/strong><strong>Suspensiones:<\/strong><\/span><\/p>\n<p><span style=\"font-size: 14pt\">a-\u00a0\u00a0\u00a0\u00a0<strong>T<\/strong><strong>res<\/strong>(3) d\u00edas de suspensi\u00f3n por cada d\u00eda de demora.<\/span><\/p>\n<p><span style=\"font-size: 14pt\">b-\u00a0\u00a0\u00a0 En el caso de demora en la devoluci\u00f3n de los libros de consulta se aplicar\u00e1n\u00a0<strong>quince<\/strong>\u00a0(15)\u00a0d\u00edas de suspensi\u00f3n por el primer d\u00eda y\u00a0<strong>tres<\/strong>\u00a0(3) d\u00edas por cada d\u00eda subsiguiente.<\/span><\/p>\n<p><span style=\"font-size: 14pt\">c-\u00a0\u00a0\u00a0\u00a0 Se contar\u00e1n\u00a0<strong>d\u00edas corridos<\/strong>\u00a0tanto en la\u00a0<strong>demora<\/strong>\u00a0por parte del\/de la usuario\/a, como en la\u00a0<strong>suspensi\u00f3n<\/strong>\u00a0a aplicar por parte del\/de la bibliotecario\/a.<\/span><\/p>\n<p><span style=\"font-size: 14pt\"><strong>2.\u00a0\u00a0\u00a0\u00a0\u00a0\u00a0\u00a0\u00a0\u00a0<\/strong><strong>Punitorios:<\/strong><\/span><\/p>\n<p><span style=\"font-size: 14pt\"><strong>a-\u00a0\u00a0\u00a0\u00a0<\/strong><strong>Se abonar\u00e1 $1.50 por cada d\u00eda de demora, para el pago de la misma no se tendr\u00e1 en cuenta fin de semanas o d\u00edas feriados.<\/strong><\/span><\/p>\n<p><span style=\"font-size: 14pt\">16- Si el\/la usuario\/a\u00a0<strong>alumno\/a<\/strong>\u00a0no devolviera el material retirado en tiempo y forma, la Biblioteca enviar\u00e1 un\u00a0<strong>reclamo recordatorio<\/strong>\u00a0a fin de que pueda regularizar la situaci\u00f3n en un plazo de treinta (30) d\u00edas. Caso contrario, se gestionar\u00e1 ante el Decanato, el Despacho de Alumnos y la Secretar\u00eda de cada Escuela, la inhabilitaci\u00f3n para rendir o realizar tr\u00e1mite alguno en las Facultades.<\/span><\/p>\n<p><span style=\"font-size: 14pt\">17- Si el\/la usuario\/a fuera personal\u00a0<strong>docente<\/strong>\u00a0o\u00a0<strong>no-docente<\/strong>, y no respondiera a los reclamos, se le suspender\u00e1 el pr\u00e9stamo y se informar\u00e1 al Director de la Escuela \u00f3 \u00c1rea correspondiente. De no haber respuesta, se comunicar\u00e1 al Decanato a fin de que se le suspenda todo tr\u00e1mite en el \u00c1rea Profesorado y Concursos. El \u00c1rea Personal se encargar\u00e1 de agregar la constancia de\u00a0<strong>\u201cmoroso\u201d<\/strong>\u00a0al correspondiente legajo.<\/span><\/p>\n<p><span style=\"font-size: 14pt\">18- Si el lector fuera\u00a0<strong>egresado<\/strong>\u00a0y no respondiera a los reclamos, se le suspender\u00e1 el pr\u00e9stamo y se informar\u00e1 a los docentes que actuaron como avales, para que regularice la situaci\u00f3n.<\/span><\/p>\n<p><span style=\"font-size: 14pt\">19- En el caso de los\/as alumnos\/as de\u00a0<strong>grado<\/strong>,\u00a0<strong>tesistas<\/strong>,\u00a0<strong>maestrandos\/as<\/strong>\u00a0y<strong>doctorandos\/as<\/strong>, las\u00a0<strong>sanciones<\/strong>\u00a0se computar\u00e1n por a\u00f1o acad\u00e9mico. El lector podr\u00e1 tener hasta\u00a0<strong>tres<\/strong>\u00a0(3) sanciones y de incurrir en una cuarta no podr\u00e1 llevar a domicilio material de la biblioteca hasta el cumplimiento de la sanci\u00f3n y la reinscripci\u00f3n en el nuevo a\u00f1o acad\u00e9mico.<\/span><\/p>\n<p><span style=\"font-size: 14pt\">20- En el caso de los egresados, las\u00a0<strong>sanciones<\/strong>\u00a0se computar\u00e1n por a\u00f1o calendario. El lector podr\u00e1 tener hasta\u00a0<strong>tres<\/strong>\u00a0(3) sanciones y a la cuarta no podr\u00e1 retirar material hasta cumplir la sanci\u00f3n y la finalizaci\u00f3n de dicho a\u00f1o.<\/span><\/p>\n<p><span style=\"font-size: 14pt\">21- El\/la usuario\/a que devolviera m\u00e1s de una unidad con atraso, se le aplicar\u00e1 la suspensi\u00f3n correspondiente teniendo en cuenta los d\u00edas de demora y no la cantidad de libros devueltos.<\/span><\/p>\n<p><span style=\"font-size: 14pt\">22- El\/la usuario\/a que extrav\u00ede material facilitado en pr\u00e9stamo, deber\u00e1 comunicarlo de inmediato a la Biblioteca, la cual conceder\u00e1 un plazo de espera de\u00a0<strong>quince<\/strong>\u00a0(15) d\u00edas para restituir el libro perdido. La reposici\u00f3n deber\u00e1 ser id\u00e9ntica al material extraviado y de la misma edici\u00f3n; en caso de \u00e9sta estuviera agotada, se aceptar\u00e1 una edici\u00f3n posterior.\u00a0<strong>El texto puedee ser nuevo o usado en buen estado.<\/strong>\u00a0El mismo plazo de espera,\u00a0<strong>quince<\/strong>\u00a0(15) d\u00edas corre para quien mutile o da\u00f1e de cualquier forma el material en pr\u00e9stamo.<\/span><\/p>\n<p><span style=\"font-size: 14pt\">23- Las sanciones previstas precedentemente ser\u00e1n aplicadas sin perjuicio de las responsabilidades penales que pudiera corresponder por la aplicaci\u00f3n de los Art. 162 (inc.7), Art. 173 (inc.2), y Art. 184 (inc. 1) del C\u00f3digo Penal. Se comunicar\u00e1 a todas las Bibliotecas de la Universidad la n\u00f3mina de quienes hayan sido penados por la ley de referencia.<\/span><\/td>\n<\/tr>\n<tr style=\"text-align: justify\">\n<td><span style=\"font-size: 14pt\"><strong>\u00a0PR\u00c9STAMOS INTERBIBLIOTECARIOS<\/strong><\/span><\/td>\n<\/tr>\n<tr style=\"text-align: justify\">\n<td><span style=\"font-size: 14pt\">\u00a0<\/span><span style=\"font-size: 14pt\">24- El Servicio de Pr\u00e9stamo Interbibliotecario de la Biblioteca Elma Kohlmeyer de Estrabou tiene como objetivo conseguir para sus usuarios material bibliogr\u00e1fico que nuestra Instituci\u00f3n no posee y se encuentra en los fondos de otras Bibliotecas de la Universidad Nacional de C\u00f3rdoba o en las Bibliotecas Universitarias nucleadas en el ABUC (Acuerdo Bibliotecas Universitarias de C\u00f3rdoba). Por otra parte, el servicio permite a esta Biblioteca actuar como prestataria de los fondos propios a los socios de las Instituciones antes mencionadas, sujetos siempre a las disposiciones vigentes en este reglamento.<\/span><\/p>\n<p><span style=\"font-size: 14pt\">Cada biblioteca participante se reserva el derecho de determinar qu\u00e9 material dispone en calidad de pr\u00e9stamo interbibliotecario, la duraci\u00f3n del mismo, su prorroga y\/o renovaci\u00f3n de acuerdo a sus reglamentaciones internas.<\/span><\/p>\n<p><span style=\"font-size: 14pt\">25- En caso de incurrir en\u00a0<strong>mora<\/strong>\u00a0en un pr\u00e9stamo interbibliotecario, se proceder\u00e1 de la siguiente manera:<\/span><\/p>\n<ol>\n<li><span style=\"font-size: 14pt\">La Bibliotecaque solicite material a esta Biblioteca e incurra en mora, ser\u00e1 pasible de la sanci\u00f3n que correspondiere, seg\u00fan el\u00a0<strong>art. 15<\/strong>.<\/span><\/li>\n<li><span style=\"font-size: 14pt\">Cuando esta Biblioteca actu\u00e9 como solicitante ante otras y sus usuarios\/as incurran en mora, estos\/as quedar\u00e1n sujetos a las suspensiones contempladas en el\u00a0<strong>art. 15<\/strong>.<\/span><\/li>\n<\/ol>\n<\/td>\n<\/tr>\n<tr style=\"text-align: justify\">\n<td><span style=\"font-size: 14pt\"><strong>\u00a0SERVICIOS ESPECIALES<\/strong><\/span><\/td>\n<\/tr>\n<tr style=\"text-align: justify\">\n<td><span style=\"font-size: 14pt\">\u00a0<\/span><span style=\"font-size: 14pt\">26- Servicio de Referencia: Se\u00a0 ocupa de orientar al usuario en la b\u00fasqueda y recuperaci\u00f3n de la informaci\u00f3n, mediante la instrucci\u00f3n en el uso de herramientas y en el planteo de estrategias de b\u00fasqueda. Para ello imparte una formaci\u00f3n b\u00e1sica a alumnos ingresantes y de nivel inicial y, una formaci\u00f3n avanzada mediante el dictado de talleres destinados a alumnos de cursos superiores, docentes, investigadores, tesistas y maestrandos. Se hacen b\u00fasquedas bibliogr\u00e1ficas y elaboraci\u00f3n de bibliograf\u00edas seg\u00fan demandas locales y de otras provincias argentinas y del extranjero. Adem\u00e1s, se realiza\u00a0\u00a0<strong>conmutaci\u00f3n bibliogr\u00e1fica<\/strong>, es decir, la solicitud de documentos no disponibles en esta biblioteca a otras instituciones y\/o bibliotecas para satisfacer la demanda de docentes, investigadores y alumnos avanzados de las facultades de Filosof\u00eda y de Psicolog\u00eda, como as\u00ed tambi\u00e9n el servicio de entrega de documentos\u00a0 presentes en nuestro acervo, a otras unidades de informaci\u00f3n o instituciones que lo soliciten. Dichas actividades se desarrollan en el \u00e1mbito local, provincial, nacional e internacional. El costo que el servicio ocasiona corre por cuenta de quien lo solicita.<\/span><\/p>\n<p><span style=\"font-size: 14pt\">27- La Biblioteca posee para pr\u00e9stamos a\u00a0docentes\u00a0de c\u00e1tedra un episcopio; el cual deber\u00e1 devolverse el mismo d\u00eda del pr\u00e9stamo.<\/span><\/td>\n<\/tr>\n<tr style=\"text-align: justify\">\n<td><span style=\"font-size: 14pt\"><strong>\u00a0DISPOSICIONES ESPECIALES<\/strong><\/span><\/td>\n<\/tr>\n<tr>\n<td><span style=\"font-size: 14pt\">\u00a0<\/span><\/p>\n<p style=\"text-align: justify\"><span style=\"font-size: 14pt\">28- La Biblioteca recomienda a todos sus usuarios\/rias la observancia de h\u00e1bitos de conducta, que permitan trabajar en un \u00e1mbito de cordialidad y bienestar para todos los que permanecen en nuestras instalaciones. Por lo que se sugiere: hablar en voz baja, usar el celular s\u00f3lo para mensajes, dispuesto en modo de vibraci\u00f3n, las bebidas, mate y\/o alimentos depositarlos en los casilleros de la entradadentro de una bolsa de polietileno.<\/span><\/p>\n<p style=\"text-align: justify\"><span style=\"font-size: 14pt\">29- Los casos no contemplados en el presente reglamento ser\u00e1n considerados por la Direcci\u00f3n de la Biblioteca.<\/span><\/p>\n<\/td>\n<\/tr>\n<\/tbody>\n<\/table>\n","protected":false},"excerpt":{"rendered":"<div class=\"entry-summary\">\nGENERALIDADES 1- El Departamento de Servicios al P\u00fablico de la \u201cBiblioteca Central Elma Kohlmeyer de Estrabou\u201d comprende una secci\u00f3n general\u00a0\u201cHumanidades\u201d\u00a0de&hellip;\n<\/div>\n<div class=\"link-more\"><a href=\"https:\/\/ffyh.unc.edu.ar\/biblioteca\/reglamento-de-la-biblioteca\/\" class=\"more-link\">Continuar leyendo<span class=\"screen-reader-text\"> &ldquo;Reglamento de la Biblioteca&rdquo;<\/span>&hellip;<\/a><\/div>\n","protected":false},"author":7,"featured_media":0,"parent":0,"menu_order":0,"comment_status":"closed","ping_status":"closed","template":"","meta":{"_acf_changed":false,"jetpack_post_was_ever_published":false,"footnotes":""},"class_list":["post-1979","page","type-page","status-publish","hentry","entry"],"acf":[],"jetpack_shortlink":"https:\/\/wp.me\/P9UJM9-vV","jetpack-related-posts":[],"jetpack_sharing_enabled":true,"_links":{"self":[{"href":"https:\/\/ffyh.unc.edu.ar\/biblioteca\/wp-json\/wp\/v2\/pages\/1979","targetHints":{"allow":["GET"]}}],"collection":[{"href":"https:\/\/ffyh.unc.edu.ar\/biblioteca\/wp-json\/wp\/v2\/pages"}],"about":[{"href":"https:\/\/ffyh.unc.edu.ar\/biblioteca\/wp-json\/wp\/v2\/types\/page"}],"author":[{"embeddable":true,"href":"https:\/\/ffyh.unc.edu.ar\/biblioteca\/wp-json\/wp\/v2\/users\/7"}],"replies":[{"embeddable":true,"href":"https:\/\/ffyh.unc.edu.ar\/biblioteca\/wp-json\/wp\/v2\/comments?post=1979"}],"version-history":[{"count":4,"href":"https:\/\/ffyh.unc.edu.ar\/biblioteca\/wp-json\/wp\/v2\/pages\/1979\/revisions"}],"predecessor-version":[{"id":4862,"href":"https:\/\/ffyh.unc.edu.ar\/biblioteca\/wp-json\/wp\/v2\/pages\/1979\/revisions\/4862"}],"wp:attachment":[{"href":"https:\/\/ffyh.unc.edu.ar\/biblioteca\/wp-json\/wp\/v2\/media?parent=1979"}],"curies":[{"name":"wp","href":"https:\/\/api.w.org\/{rel}","templated":true}]}}