{"id":1981,"date":"2018-05-08T19:06:44","date_gmt":"2018-05-08T19:06:44","guid":{"rendered":"http:\/\/ffyh.unc.edu.ar\/biblioteca\/?page_id=1981"},"modified":"2018-05-08T19:06:44","modified_gmt":"2018-05-08T19:06:44","slug":"politicas-para-la-adquisicion-del-material-bibliografico","status":"publish","type":"page","link":"https:\/\/ffyh.unc.edu.ar\/biblioteca\/politicas-para-la-adquisicion-del-material-bibliografico\/","title":{"rendered":"Pol\u00edticas para la adquisici\u00f3n del material bibliogr\u00e1fico"},"content":{"rendered":"<p style=\"text-align: justify\"><span style=\"font-size: 14pt\">Los criterios acordados para la adquisici\u00f3n de libros, establecen las siguientes prioridades\u00a0 :<\/span><\/p>\n<ul style=\"text-align: justify\">\n<li><span style=\"font-size: 14pt\"><strong>bibliograf\u00eda obligatoria de Grado<\/strong><\/span><\/li>\n<li><span style=\"font-size: 14pt\"><strong>bibliograf\u00eda especializada de Grado<\/strong><\/span><\/li>\n<li><span style=\"font-size: 14pt\"><strong>bibliograf\u00eda obligatoria de Postgrado<\/strong><\/span><\/li>\n<li><span style=\"font-size: 14pt\"><strong>bibliograf\u00eda especializada de Postgrado<\/strong><\/span><\/li>\n<li><span style=\"font-size: 14pt\"><strong>bibliograf\u00eda para la Investigaci\u00f3n<\/strong>\u00a0que no haya podido ser adquirida con los subsidios otorgados a tal efecto.<\/span><\/li>\n<li><span style=\"font-size: 14pt\"><strong>bibliograf\u00eda solicitada como \u201ccompra de excepci\u00f3n\u201d<\/strong>\u00a0: contempla la compra justificada de otro ejemplar de un libro ya existente en los fondos de la Biblioteca<\/span><\/li>\n<\/ul>\n<p style=\"text-align: justify\"><span style=\"font-size: 14pt\">Ante cualquier duda, dirigirse a\u00a0\u00a0<a href=\"mailto:claudia.candia@ffyh.unc.edu.ar\">claudia.candia@ffyh.unc.edu.ar<\/a><\/span><\/p>\n","protected":false},"excerpt":{"rendered":"<div class=\"entry-summary\">\nLos criterios acordados para la adquisici\u00f3n de libros, establecen las siguientes prioridades\u00a0 : bibliograf\u00eda obligatoria de Grado bibliograf\u00eda especializada de&hellip;\n<\/div>\n<div class=\"link-more\"><a href=\"https:\/\/ffyh.unc.edu.ar\/biblioteca\/politicas-para-la-adquisicion-del-material-bibliografico\/\" class=\"more-link\">Continuar leyendo<span class=\"screen-reader-text\"> &ldquo;Pol\u00edticas para la adquisici\u00f3n del material bibliogr\u00e1fico&rdquo;<\/span>&hellip;<\/a><\/div>\n","protected":false},"author":7,"featured_media":0,"parent":0,"menu_order":0,"comment_status":"closed","ping_status":"closed","template":"","meta":{"_acf_changed":false,"jetpack_post_was_ever_published":false,"footnotes":""},"class_list":["post-1981","page","type-page","status-publish","hentry","entry"],"acf":[],"jetpack_shortlink":"https:\/\/wp.me\/P9UJM9-vX","jetpack-related-posts":[],"jetpack_sharing_enabled":true,"_links":{"self":[{"href":"https:\/\/ffyh.unc.edu.ar\/biblioteca\/wp-json\/wp\/v2\/pages\/1981","targetHints":{"allow":["GET"]}}],"collection":[{"href":"https:\/\/ffyh.unc.edu.ar\/biblioteca\/wp-json\/wp\/v2\/pages"}],"about":[{"href":"https:\/\/ffyh.unc.edu.ar\/biblioteca\/wp-json\/wp\/v2\/types\/page"}],"author":[{"embeddable":true,"href":"https:\/\/ffyh.unc.edu.ar\/biblioteca\/wp-json\/wp\/v2\/users\/7"}],"replies":[{"embeddable":true,"href":"https:\/\/ffyh.unc.edu.ar\/biblioteca\/wp-json\/wp\/v2\/comments?post=1981"}],"version-history":[{"count":1,"href":"https:\/\/ffyh.unc.edu.ar\/biblioteca\/wp-json\/wp\/v2\/pages\/1981\/revisions"}],"predecessor-version":[{"id":1982,"href":"https:\/\/ffyh.unc.edu.ar\/biblioteca\/wp-json\/wp\/v2\/pages\/1981\/revisions\/1982"}],"wp:attachment":[{"href":"https:\/\/ffyh.unc.edu.ar\/biblioteca\/wp-json\/wp\/v2\/media?parent=1981"}],"curies":[{"name":"wp","href":"https:\/\/api.w.org\/{rel}","templated":true}]}}