{"id":1989,"date":"2018-05-08T19:09:46","date_gmt":"2018-05-08T19:09:46","guid":{"rendered":"http:\/\/ffyh.unc.edu.ar\/biblioteca\/?page_id=1989"},"modified":"2026-03-13T17:11:29","modified_gmt":"2026-03-13T17:11:29","slug":"politicas-para-canje-y-donacion","status":"publish","type":"page","link":"https:\/\/ffyh.unc.edu.ar\/biblioteca\/politicas-para-canje-y-donacion\/","title":{"rendered":"Pol\u00edticas para canje y donaci\u00f3n"},"content":{"rendered":"<h3>CANJE<\/h3>\n<p>Para realizar el canje inter-institucional se establecen las siguientes pautas:<\/p>\n<ul>\n<li>La Biblioteca determinar\u00e1 la pertinencia de las publicaciones peri\u00f3dicas u otro material ofrecido por las Instituciones de que se trate para el canje inter-institucional.<\/li>\n<li>Por otra parte, se compromete a realizar los env\u00edos correspondientes a las instituciones con las cuales ha establecido un acuerdo de canje.<\/li>\n<\/ul>\n<h3>DONACI\u00d3N<\/h3>\n<p>Para realizar donaciones a la biblioteca deber\u00e1n tenerse en cuenta los siguientes aspectos:<\/p>\n<p>ANEXO<br \/>\nPol\u00edticas de donaci\u00f3n de la Biblioteca Elma Kohlmeyer de Estrabou<\/p>\n<p>La Biblioteca sigue una serie de pasos y procedimientos para considerar las donaciones ofrecidas. En todos los casos las donaciones podr\u00e1n ser aceptadas, o no, seg\u00fan el resultado del procedimiento que se describe a continuaci\u00f3n:<\/p>\n<p>1. El\/la donante debe contactar a la Secci\u00f3n de Canje y Donaci\u00f3n de la Biblioteca al correo electr\u00f3nico canje@ffyh.unc.edu.ar y enviar un listado con los siguientes datos del material ofrecido: cantidad, autor, t\u00edtulo, lugar de edici\u00f3n, editorial y fecha de publicaci\u00f3n.<br \/>\n2. Una vez realizada la consulta el\/la donante debe iniciar un expediente en Mesa de Entradas, siguiendo las indicaciones dadas por la Secci\u00f3n de Canje y Donaci\u00f3n de la Biblioteca.<br \/>\n3. Evaluaci\u00f3n t\u00e9cnica de los documentos ofrecidos.<br \/>\n4. Evaluaci\u00f3n acad\u00e9mica de los documentos, si correspondiere.<br \/>\n5. La Biblioteca comunicar\u00e1 al o la donante el resultado de las evaluaciones. Si la donaci\u00f3n no es aceptada se proceder\u00e1 a cerrar el expediente. En caso contrario el\/la Decano\/a resolver\u00e1 por resoluci\u00f3n su aceptaci\u00f3n.<br \/>\n6. La Biblioteca se contactar\u00e1 con el oferente para coordinar la entrega de la donaci\u00f3n.<br \/>\n7. Registro patrimonial con intervenci\u00f3n del \u00c1rea de Patrimonio de la FFyH o Fac. de<br \/>\nPsicolog\u00eda seg\u00fan corresponda.<br \/>\n8. Puesta en valor el material donado<\/p>\n<p>1- PROPUESTA DE OFRECIMIENTO<br \/>\nEn todos los casos, contactarse con la Secci\u00f3n de Canje y Donaci\u00f3n de la Biblioteca al correo electr\u00f3nico canje@ffyh.unc.edu.ar para interiorizarse del procedimiento. El mensaje deber\u00e1 incluir un listado con los siguientes datos del material ofrecido: cantidad, autor, t\u00edtulo, lugar de edici\u00f3n, editorial y fecha de publicaci\u00f3n.<br \/>\n2- INICIO DEL TR\u00c1MITE<br \/>\nUna vez realizada la consulta el\/la oferente deber\u00e1 iniciar un expediente en Mesa de Entradas de la Facultad que le sea indicada, en el que conste toda la informaci\u00f3n que le haya sido requerida por el\/la responsable de la Secci\u00f3n de Canje y Donaci\u00f3n de la Biblioteca.<br \/>\n3- EVALUACI\u00d3N T\u00c9CNICA DE LOS DOCUMENTOS OFRECIDOS<br \/>\nLa donaci\u00f3n estar\u00e1 sujeta a una evaluaci\u00f3n t\u00e9cnica y\/o acad\u00e9mica para ser aceptada o no de forma parcial o total. La biblioteca puede solicitar un informe de laboratorio del material ofrecido en caso que hubiere dudas del estado de conservaci\u00f3n. Los gastos de dicho informe correr\u00e1n a cargo del oferente.<br \/>\nSi se trata de una donaci\u00f3n de gran volumen, se verificar\u00e1 el estado de conservaci\u00f3n de los libros en el domicilio donde se encuentre la colecci\u00f3n. Esto se aplica a domicilios dentro de la ciudad de C\u00f3rdoba. Tambi\u00e9n en este caso, si fuera necesario la Biblioteca puede solicitar un informe de laboratorio del material ofrecido. Los gastos de dicho informe correr\u00e1n a cargo del oferente.<br \/>\nLa evaluaci\u00f3n de los materiales bibliogr\u00e1ficos que se ofrecen ser\u00e1 realizada por la<br \/>\nbiblioteca y se basa en los siguientes criterios:<br \/>\n\u25cf Para ser aceptada:<br \/>\n&#8211; Pertinencia respecto de los campos disciplinares de la Facultad de Filosof\u00eda y<br \/>\nHumanidades y\/o Facultad de Psicolog\u00eda.<br \/>\n&#8211; Potencial de uso de la colecci\u00f3n para el p\u00fablico de la Biblioteca.<br \/>\n&#8211; Estado de conservaci\u00f3n del material, el cu\u00e1l deber\u00e1 ser \u00f3ptimo El donante deber\u00e1 aceptar las disposiciones de la biblioteca en cuanto a la integraci\u00f3n de la donaci\u00f3n a la colecci\u00f3n, el tratamiento de procesamiento t\u00e9cnico, la circulaci\u00f3n y el expurgo llegado el caso.<br \/>\n\u25cf Para no ser aceptada:<br \/>\nLa colecci\u00f3n podr\u00e1 no ser aceptada si los libros o materiales ofrecidos:<br \/>\n&#8211; Se encuentran deteriorados, ilegibles por manchas o con presencia de \u00e1caros, hongos, etc., e implican un peligro de contagio para el acervo de la Biblioteca.<br \/>\n&#8211; Ya forman parte del cat\u00e1logo de la biblioteca o no tienen demanda potencial.<br \/>\n&#8211; Refieren a tem\u00e1ticas no pertinentes a la de la Biblioteca<br \/>\n&#8211; Son documentos fotocopiados<br \/>\n&#8211; Se encuentran en acceso abierto en la web. En el caso de fuentes o ediciones que<br \/>\nrevistan un valor singular este criterio podr\u00e1 no ser aplicado.<br \/>\n4- EVALUACI\u00d3N ACAD\u00c9MICA DE LOS DOCUMENTOS OFRECIDOS<br \/>\nLa biblioteca puede solicitar una evaluaci\u00f3n acad\u00e9mica si lo considera necesario. Dicha evaluaci\u00f3n ser\u00e1 realizada por la Escuela o Departamento correspondiente de acuerdo a la tem\u00e1tica.<br \/>\nCabe destacar que en el caso de donaciones de bibliotecas o colecciones personales tendr\u00e1n prioridad en su consideraci\u00f3n aquellas que pertenecieron a docentes de las Facultades a las que presta servicio esta Biblioteca. Siempre de acuerdo al espacio disponible y a las dem\u00e1s condiciones ya mencionadas.<br \/>\nIndependientemente de que se trate de documentos pertinentes a la tem\u00e1tica de las Facultades y de que los mismos se encuentren en buen estado de conservaci\u00f3n la Biblioteca podr\u00e1 rechazar la donaci\u00f3n si no contase con espacio f\u00edsico y estanter\u00edas disponibles para albergar el material donado.<br \/>\nEn caso de que la evaluaci\u00f3n resulte no satisfactoria se incluir\u00e1 el informe en el expediente y se notificar\u00e1 al\/ a la donante de la no aceptaci\u00f3n.<br \/>\n5- RESULTADO DE LAS EVALUACIONES<br \/>\nEl\/los informe\/s se incluir\u00e1n en el expediente junto con la decisi\u00f3n final de la Biblioteca. En caso de que como resultado de las evaluaciones efectuadas los materiales no sean aceptados se notificar\u00e1 al\/ a la donante y se proceder\u00e1 al cierre del expediente. Esta decisi\u00f3n ser\u00e1 inapelable.<br \/>\nEn caso de que la Biblioteca acepte el ofrecimiento el\/la Decano\/a resolver\u00e1 por resoluci\u00f3n su aceptaci\u00f3n y se extender\u00e1 al\/ a la donante una nota de agradecimiento.<br \/>\n6- ENTREGA DE LA DONACI\u00d3N<br \/>\nLa Biblioteca se contactar\u00e1 con el oferente para coordinar la entrega de la donaci\u00f3n. El traslado queda a cargo del donante salvo que se acuerde lo contrario.<br \/>\nEl responsable de la Secci\u00f3n de Canje y Donaci\u00f3n recibir\u00e1 los libros y controlar\u00e1 que sean los que resultaron seleccionados del proceso de evaluaci\u00f3n.<br \/>\nEl responsable de Canje y Donaci\u00f3n dar\u00e1 cuenta al \u00c1rea de Patrimonio de la FFyH o Fac. de Psicolog\u00eda seg\u00fan corresponda, de los libros ingresados en donaci\u00f3n.<br \/>\nUna vez que el material donado es registrado como patrimonio de la biblioteca, no ser\u00e1 devuelto bajo ning\u00fan concepto.<br \/>\n7- PUESTA EN VALOR DEL MATERIAL DONADO<br \/>\nLa puesta en valor consiste en:<br \/>\n\u00b7 Albergar la colecci\u00f3n en la biblioteca.<br \/>\n\u00b7 Inventariar los libros para su control.<br \/>\n\u00b7 Catalogar, clasificar e indizar los libros para que ingresen al cat\u00e1logo general (OPAC) de la Biblioteca y puedan recuperarse eficazmente a trav\u00e9s de las b\u00fasquedas simples y\/o avanzadas.<br \/>\nUbicar en las estanter\u00edas el material bibliogr\u00e1fico aceptado, seg\u00fan criterios normalizados de clasificaci\u00f3n e indizaci\u00f3n.<br \/>\n\u00b7 En caso que la Biblioteca disponga, los libros donados de colecciones personales, que pertenecieran a docentes de la casa o personas destacadas en alguna \u00e1rea del conocimiento, se ubicar\u00e1n f\u00edsicamente juntos y llevar\u00e1n el nombre de quien fuera su due\u00f1o teniendo una rese\u00f1a en la p\u00e1gina web de la Biblioteca.<br \/>\n\u00b7 Preparar f\u00edsicamente las obras para el pr\u00e9stamo. \u00b7 Prestar las obras: en sala de lectura de la Biblioteca, a domicilio del usuario, inter-bibliotecario Universitario, al p\u00fablico en general, a trav\u00e9s del pr\u00e9stamo regular o restringido, este \u00faltimo en el caso de ser ejemplares agotados y \u00fanicos o si lo requieren los docentes o investigadores.<br \/>\nEl tiempo que demore la biblioteca en comenzar y\/o finalizar las tareas necesarias de puesta en valor de la colecci\u00f3n ser\u00e1 de acuerdo al personal disponible.<br \/>\n* Los casos no contemplados en las presentes pol\u00edticas ser\u00e1n considerados por el Vicedecanato de la Facultad correspondiente en consulta con la Direcci\u00f3n de la Biblioteca y el \/la responsable de la Secci\u00f3n de Canje y Donaci\u00f3n.<\/p>\n<p><a href=\"https:\/\/digesto.unc.edu.ar\/handle\/123456789\/461823\">Res. ANEXO Pol\u00edticas de donaci\u00f3n de la Biblioteca<\/a><\/p>\n","protected":false},"excerpt":{"rendered":"<div class=\"entry-summary\">\nCANJE Para realizar el canje inter-institucional se establecen las siguientes pautas: La Biblioteca determinar\u00e1 la pertinencia de las publicaciones peri\u00f3dicas&hellip;\n<\/div>\n<div class=\"link-more\"><a href=\"https:\/\/ffyh.unc.edu.ar\/biblioteca\/politicas-para-canje-y-donacion\/\" class=\"more-link\">Continuar leyendo<span class=\"screen-reader-text\"> &ldquo;Pol\u00edticas para canje y donaci\u00f3n&rdquo;<\/span>&hellip;<\/a><\/div>\n","protected":false},"author":7,"featured_media":0,"parent":0,"menu_order":0,"comment_status":"closed","ping_status":"closed","template":"","meta":{"_acf_changed":false,"jetpack_post_was_ever_published":false,"footnotes":""},"class_list":["post-1989","page","type-page","status-publish","hentry","entry"],"acf":[],"jetpack_shortlink":"https:\/\/wp.me\/P9UJM9-w5","jetpack-related-posts":[],"jetpack_sharing_enabled":true,"_links":{"self":[{"href":"https:\/\/ffyh.unc.edu.ar\/biblioteca\/wp-json\/wp\/v2\/pages\/1989","targetHints":{"allow":["GET"]}}],"collection":[{"href":"https:\/\/ffyh.unc.edu.ar\/biblioteca\/wp-json\/wp\/v2\/pages"}],"about":[{"href":"https:\/\/ffyh.unc.edu.ar\/biblioteca\/wp-json\/wp\/v2\/types\/page"}],"author":[{"embeddable":true,"href":"https:\/\/ffyh.unc.edu.ar\/biblioteca\/wp-json\/wp\/v2\/users\/7"}],"replies":[{"embeddable":true,"href":"https:\/\/ffyh.unc.edu.ar\/biblioteca\/wp-json\/wp\/v2\/comments?post=1989"}],"version-history":[{"count":5,"href":"https:\/\/ffyh.unc.edu.ar\/biblioteca\/wp-json\/wp\/v2\/pages\/1989\/revisions"}],"predecessor-version":[{"id":20832,"href":"https:\/\/ffyh.unc.edu.ar\/biblioteca\/wp-json\/wp\/v2\/pages\/1989\/revisions\/20832"}],"wp:attachment":[{"href":"https:\/\/ffyh.unc.edu.ar\/biblioteca\/wp-json\/wp\/v2\/media?parent=1989"}],"curies":[{"name":"wp","href":"https:\/\/api.w.org\/{rel}","templated":true}]}}