{"id":1999,"date":"2018-05-08T19:19:57","date_gmt":"2018-05-08T19:19:57","guid":{"rendered":"http:\/\/ffyh.unc.edu.ar\/biblioteca\/?page_id=1999"},"modified":"2024-03-06T14:39:45","modified_gmt":"2024-03-06T14:39:45","slug":"carnet-de-egresados","status":"publish","type":"page","link":"https:\/\/ffyh.unc.edu.ar\/biblioteca\/carnet-de-egresados\/","title":{"rendered":"Inscripci\u00f3n de Egresados"},"content":{"rendered":"<p>Solo pueden inscribirse los egresados de las Facultades de Filosof\u00eda y Humanidades y de Psicolog\u00eda.<\/p>\n<p>Requisitos de inscripci\u00f3n:<\/p>\n<p><a href=\"https:\/\/blogs.ffyh.unc.edu.ar\/graduados\/nuevo-regimen-para-asociacion-a-la-biblioteca-de-la-ffyh\/\">EGRESADOS FACULTAD DE FILOSOF\u00cdA Y HUMANIDADES<\/a><\/p>\n<p><a href=\"https:\/\/ffyh.unc.edu.ar\/biblioteca\/requisitos-de-inscripcion-para-egresados-facultad-de-psicologia\/\">EGRESADOS FACULTAD DE PSICOLOG\u00cdA<\/a><\/p>\n<p>&nbsp;<\/p>\n<p>&nbsp;<\/p>\n","protected":false},"excerpt":{"rendered":"<div class=\"entry-summary\">\nSolo pueden inscribirse los egresados de las Facultades de Filosof\u00eda y Humanidades y de Psicolog\u00eda. Requisitos de inscripci\u00f3n: EGRESADOS FACULTAD&hellip;\n<\/div>\n<div class=\"link-more\"><a href=\"https:\/\/ffyh.unc.edu.ar\/biblioteca\/carnet-de-egresados\/\" class=\"more-link\">Continuar leyendo<span class=\"screen-reader-text\"> &ldquo;Inscripci\u00f3n de Egresados&rdquo;<\/span>&hellip;<\/a><\/div>\n","protected":false},"author":7,"featured_media":0,"parent":0,"menu_order":0,"comment_status":"closed","ping_status":"closed","template":"","meta":{"_acf_changed":false,"jetpack_post_was_ever_published":false,"footnotes":""},"class_list":["post-1999","page","type-page","status-publish","hentry","entry"],"acf":[],"jetpack_shortlink":"https:\/\/wp.me\/P9UJM9-wf","jetpack-related-posts":[],"jetpack_sharing_enabled":true,"_links":{"self":[{"href":"https:\/\/ffyh.unc.edu.ar\/biblioteca\/wp-json\/wp\/v2\/pages\/1999","targetHints":{"allow":["GET"]}}],"collection":[{"href":"https:\/\/ffyh.unc.edu.ar\/biblioteca\/wp-json\/wp\/v2\/pages"}],"about":[{"href":"https:\/\/ffyh.unc.edu.ar\/biblioteca\/wp-json\/wp\/v2\/types\/page"}],"author":[{"embeddable":true,"href":"https:\/\/ffyh.unc.edu.ar\/biblioteca\/wp-json\/wp\/v2\/users\/7"}],"replies":[{"embeddable":true,"href":"https:\/\/ffyh.unc.edu.ar\/biblioteca\/wp-json\/wp\/v2\/comments?post=1999"}],"version-history":[{"count":13,"href":"https:\/\/ffyh.unc.edu.ar\/biblioteca\/wp-json\/wp\/v2\/pages\/1999\/revisions"}],"predecessor-version":[{"id":5602,"href":"https:\/\/ffyh.unc.edu.ar\/biblioteca\/wp-json\/wp\/v2\/pages\/1999\/revisions\/5602"}],"wp:attachment":[{"href":"https:\/\/ffyh.unc.edu.ar\/biblioteca\/wp-json\/wp\/v2\/media?parent=1999"}],"curies":[{"name":"wp","href":"https:\/\/api.w.org\/{rel}","templated":true}]}}