{"id":2003,"date":"2018-05-08T19:22:05","date_gmt":"2018-05-08T19:22:05","guid":{"rendered":"http:\/\/ffyh.unc.edu.ar\/biblioteca\/?page_id=2003"},"modified":"2018-08-14T15:46:54","modified_gmt":"2018-08-14T15:46:54","slug":"formacion-de-usuarios-y-visitas-guiadas","status":"publish","type":"page","link":"https:\/\/ffyh.unc.edu.ar\/biblioteca\/formacion-de-usuarios-y-visitas-guiadas\/","title":{"rendered":"Formaci\u00f3n de usuarios y visitas guiadas"},"content":{"rendered":"<h4><span style=\"font-size: 14pt\"><strong>FORMACI\u00d3N DE USUARIOS<br \/>\n<\/strong><\/span><\/h4>\n<p style=\"text-align: justify\"><span style=\"font-size: 14pt\">Implementa cursos de\u00a0<strong>formaci\u00f3n de usuarios<\/strong>\u00a0a alumnos, docentes, investigadores y p\u00fablico en general,\u00a0 en dos niveles:<\/span><\/p>\n<ul>\n<li style=\"text-align: justify\"><span style=\"font-size: 14pt\"><strong>B\u00e1sico<\/strong>: de introducci\u00f3n al uso del Cat\u00e1logo de la biblioteca y los recursos electr\u00f3nicos disponibles.<\/span><\/li>\n<li style=\"text-align: justify\"><span style=\"font-size: 14pt\"><strong>Especializado:\u00a0<\/strong>incluye lo anterior y el uso de las herramientas para recuperar la informaci\u00f3n de las bases de datos de revistas electr\u00f3nicas.<\/span><\/li>\n<\/ul>\n<p><span style=\"font-size: 14pt\">\u00a0Para solicitar estos cursos enviar correo a: <\/span><span class=\"go\">circulacion@ffyh.unc.edu.ar<\/span><\/p>\n<p><span style=\"font-size: 14pt\">\u00a0<\/span><\/p>\n<h4><span style=\"font-size: 14pt\"><strong>VISITAS GUIADAS<\/strong><\/span><\/h4>\n<p><span style=\"font-size: 14pt\">Las Instituciones<\/span>\u00a0<span style=\"font-size: 14pt\">que deseen realizar una visita a nuestra Biblioteca, por favor\u00a0enviar correo a: <\/span><span class=\"go\">circulacion@ffyh.unc.edu.ar<\/span><\/p>\n<p><span style=\"font-size: 14pt\">\u00a0<\/span><\/p>\n<p><a href=\"https:\/\/player.vimeo.com\/video\/248224343\">Ingreso 2018 &#8211; FFyH<\/a><\/p>\n","protected":false},"excerpt":{"rendered":"<div class=\"entry-summary\">\nFORMACI\u00d3N DE USUARIOS Implementa cursos de\u00a0formaci\u00f3n de usuarios\u00a0a alumnos, docentes, investigadores y p\u00fablico en general,\u00a0 en dos niveles: B\u00e1sico: de&hellip;\n<\/div>\n<div class=\"link-more\"><a href=\"https:\/\/ffyh.unc.edu.ar\/biblioteca\/formacion-de-usuarios-y-visitas-guiadas\/\" class=\"more-link\">Continuar leyendo<span class=\"screen-reader-text\"> &ldquo;Formaci\u00f3n de usuarios y visitas guiadas&rdquo;<\/span>&hellip;<\/a><\/div>\n","protected":false},"author":7,"featured_media":0,"parent":0,"menu_order":0,"comment_status":"closed","ping_status":"closed","template":"","meta":{"_acf_changed":false,"jetpack_post_was_ever_published":false,"footnotes":""},"class_list":["post-2003","page","type-page","status-publish","hentry","entry"],"acf":[],"jetpack_shortlink":"https:\/\/wp.me\/P9UJM9-wj","jetpack-related-posts":[],"jetpack_sharing_enabled":true,"_links":{"self":[{"href":"https:\/\/ffyh.unc.edu.ar\/biblioteca\/wp-json\/wp\/v2\/pages\/2003","targetHints":{"allow":["GET"]}}],"collection":[{"href":"https:\/\/ffyh.unc.edu.ar\/biblioteca\/wp-json\/wp\/v2\/pages"}],"about":[{"href":"https:\/\/ffyh.unc.edu.ar\/biblioteca\/wp-json\/wp\/v2\/types\/page"}],"author":[{"embeddable":true,"href":"https:\/\/ffyh.unc.edu.ar\/biblioteca\/wp-json\/wp\/v2\/users\/7"}],"replies":[{"embeddable":true,"href":"https:\/\/ffyh.unc.edu.ar\/biblioteca\/wp-json\/wp\/v2\/comments?post=2003"}],"version-history":[{"count":6,"href":"https:\/\/ffyh.unc.edu.ar\/biblioteca\/wp-json\/wp\/v2\/pages\/2003\/revisions"}],"predecessor-version":[{"id":3020,"href":"https:\/\/ffyh.unc.edu.ar\/biblioteca\/wp-json\/wp\/v2\/pages\/2003\/revisions\/3020"}],"wp:attachment":[{"href":"https:\/\/ffyh.unc.edu.ar\/biblioteca\/wp-json\/wp\/v2\/media?parent=2003"}],"curies":[{"name":"wp","href":"https:\/\/api.w.org\/{rel}","templated":true}]}}