{"id":2005,"date":"2018-05-08T19:30:03","date_gmt":"2018-05-08T19:30:03","guid":{"rendered":"http:\/\/ffyh.unc.edu.ar\/biblioteca\/?page_id=2005"},"modified":"2023-06-28T20:27:43","modified_gmt":"2023-06-28T20:27:43","slug":"procedimientos-para-la-consulta-de-documentos-digitalizados","status":"publish","type":"page","link":"https:\/\/ffyh.unc.edu.ar\/biblioteca\/procedimientos-para-la-consulta-de-documentos-digitalizados\/","title":{"rendered":"Procedimientos para la consulta de documentos digitalizados"},"content":{"rendered":"<p><span style=\"font-size: 14pt\">Enviar correo para solicitar informaci\u00f3n sobre la modalidad de la consulta de los documentos, el cual puede ser enviado a las siguientes <\/span><span style=\"font-size: 14pt;background-color: var(--color_content_background);color: var(--color_content_text);font-family: var(--typography_fonts_text)\">direcciones:\u00a0 \u00a0 \u00a0 \u00a0 \u00a0 \u00a0 \u00a0 \u00a0 \u00a0 \u00a0 \u00a0 \u00a0 \u00a0 \u00a0 \u00a0 \u00a0 \u00a0 \u00a0 \u00a0 \u00a0 \u00a0 <\/span><\/p>\n<ul>\n<li><span style=\"font-size: 14pt;background-color: var(--color_content_background);color: var(--color_content_text);font-family: var(--typography_fonts_text)\">estudiosamericanistas@ffyh.unc.edu.ar<\/span><\/li>\n<li style=\"text-align: justify\"><span style=\"font-size: 14pt;background-color: var(--color_content_background);color: var(--color_content_text);font-family: var(--typography_fonts_text)\">javiergonzalez@ffyh.unc.edu.ar<\/span><\/li>\n<\/ul>\n<p><a href=\"https:\/\/forms.gle\/cySMWqjzjiFvioKs8\">FORMULARIO WEB<\/a><\/p>\n<p><span style=\"font-size: 14pt\"><strong>Compromiso de parte del usuario, citar el documento.<\/strong><\/span><\/p>\n<p>Departamento de Estudios Americanistas y Antropolog\u00eda. Biblioteca Facultad de Filosof\u00eda y Humanidades. Universidad Nacional de C\u00f3rdoba<\/p>\n<p style=\"text-align: justify\"><span style=\"font-size: 14pt\">Ejemplo de cita:<\/span><\/p>\n<p style=\"text-align: justify\"><span style=\"font-size: 14pt\"><em>Documento 11256. Colecci\u00f3n Documental Monse\u00f1or Pablo Cabrera. Departamento de Estudios Americanistas y Antropolog\u00eda. Biblioteca Facultad de Filosof\u00eda y Humanidades &#8211; Facultad de Psicolog\u00eda. Universidad Nacional de C\u00f3rdoba.<\/em><\/span><\/p>\n<p><strong>El cat\u00e1logo de la Colecci\u00f3n documental debe ser citado de la siguiente manera:<\/strong><\/p>\n<p><em>Benito Moya, S. G. A. (2002).\u00a0Cat\u00e1logo Documental \u00abMons. Dr. Pablo Cabrera\u00bb. C\u00f3rdoba, Argentina : Facultad de Filosof\u00eda y Humanidades, Universidad Nacional de C\u00f3rdoba.<\/em><\/p>\n<p style=\"text-align: right\">\n","protected":false},"excerpt":{"rendered":"<div class=\"entry-summary\">\nEnviar correo para solicitar informaci\u00f3n sobre la modalidad de la consulta de los documentos, el cual puede ser enviado a&hellip;\n<\/div>\n<div class=\"link-more\"><a href=\"https:\/\/ffyh.unc.edu.ar\/biblioteca\/procedimientos-para-la-consulta-de-documentos-digitalizados\/\" class=\"more-link\">Continuar leyendo<span class=\"screen-reader-text\"> &ldquo;Procedimientos para la consulta de documentos digitalizados&rdquo;<\/span>&hellip;<\/a><\/div>\n","protected":false},"author":7,"featured_media":0,"parent":0,"menu_order":0,"comment_status":"closed","ping_status":"closed","template":"","meta":{"_acf_changed":false,"saved_in_kubio":false,"jetpack_post_was_ever_published":false,"footnotes":""},"class_list":["post-2005","page","type-page","status-publish","hentry","entry"],"acf":[],"kubio_ai_page_context":{"short_desc":"","purpose":"general"},"jetpack_shortlink":"https:\/\/wp.me\/P9UJM9-wl","jetpack-related-posts":[],"jetpack_sharing_enabled":true,"_links":{"self":[{"href":"https:\/\/ffyh.unc.edu.ar\/biblioteca\/wp-json\/wp\/v2\/pages\/2005","targetHints":{"allow":["GET"]}}],"collection":[{"href":"https:\/\/ffyh.unc.edu.ar\/biblioteca\/wp-json\/wp\/v2\/pages"}],"about":[{"href":"https:\/\/ffyh.unc.edu.ar\/biblioteca\/wp-json\/wp\/v2\/types\/page"}],"author":[{"embeddable":true,"href":"https:\/\/ffyh.unc.edu.ar\/biblioteca\/wp-json\/wp\/v2\/users\/7"}],"replies":[{"embeddable":true,"href":"https:\/\/ffyh.unc.edu.ar\/biblioteca\/wp-json\/wp\/v2\/comments?post=2005"}],"version-history":[{"count":19,"href":"https:\/\/ffyh.unc.edu.ar\/biblioteca\/wp-json\/wp\/v2\/pages\/2005\/revisions"}],"predecessor-version":[{"id":5424,"href":"https:\/\/ffyh.unc.edu.ar\/biblioteca\/wp-json\/wp\/v2\/pages\/2005\/revisions\/5424"}],"wp:attachment":[{"href":"https:\/\/ffyh.unc.edu.ar\/biblioteca\/wp-json\/wp\/v2\/media?parent=2005"}],"curies":[{"name":"wp","href":"https:\/\/api.w.org\/{rel}","templated":true}]}}