{"id":2011,"date":"2018-05-08T19:32:35","date_gmt":"2018-05-08T19:32:35","guid":{"rendered":"http:\/\/ffyh.unc.edu.ar\/biblioteca\/?page_id=2011"},"modified":"2018-06-13T19:10:37","modified_gmt":"2018-06-13T19:10:37","slug":"compras","status":"publish","type":"page","link":"https:\/\/ffyh.unc.edu.ar\/biblioteca\/compras\/","title":{"rendered":"Compras"},"content":{"rendered":"<p><strong>NOTA IMPORTANTE:\u00a0<\/strong>Los usuarios pueden participar de forma activa en la selecci\u00f3n de los materiales que forman parte de la colecci\u00f3n. Queda a disposici\u00f3n de la Direcci\u00f3n de Biblioteca la incorporaci\u00f3n de la sugerencia.<\/p>\n\n<div class=\"wpcf7 no-js\" id=\"wpcf7-f2497-o1\" lang=\"es-ES\" dir=\"ltr\" data-wpcf7-id=\"2497\">\n<div class=\"screen-reader-response\"><p role=\"status\" aria-live=\"polite\" aria-atomic=\"true\"><\/p> <ul><\/ul><\/div>\n<form action=\"\/biblioteca\/wp-json\/wp\/v2\/pages\/2011#wpcf7-f2497-o1\" method=\"post\" class=\"wpcf7-form init\" aria-label=\"Formulario de contacto\" novalidate=\"novalidate\" data-status=\"init\">\n<fieldset class=\"hidden-fields-container\"><input type=\"hidden\" name=\"_wpcf7\" value=\"2497\" \/><input type=\"hidden\" name=\"_wpcf7_version\" value=\"6.1.5\" \/><input type=\"hidden\" name=\"_wpcf7_locale\" value=\"es_ES\" \/><input type=\"hidden\" name=\"_wpcf7_unit_tag\" value=\"wpcf7-f2497-o1\" \/><input type=\"hidden\" name=\"_wpcf7_container_post\" value=\"0\" \/><input type=\"hidden\" name=\"_wpcf7_posted_data_hash\" value=\"\" \/><input type=\"hidden\" name=\"_wpcf7_recaptcha_response\" value=\"\" \/>\n<\/fieldset>\n<p><strong>CONSIGNAR LOS SIGUIENTES DATOS<\/strong>\n<\/p>\n<p><strong>Datos Del Usuario:<\/strong>\n<\/p>\n<p><label> Nombre y Apellido*<br \/>\n<span class=\"wpcf7-form-control-wrap\" data-name=\"your-name\"><input size=\"40\" maxlength=\"400\" class=\"wpcf7-form-control wpcf7-text wpcf7-validates-as-required\" aria-required=\"true\" aria-invalid=\"false\" value=\"\" type=\"text\" name=\"your-name\" \/><\/span> <\/label>\n<\/p>\n<p>Ocupaci\u00f3n*<br \/>\n<span class=\"wpcf7-form-control-wrap\" data-name=\"radio-320\"><span class=\"wpcf7-form-control wpcf7-radio\" id=\"ocupacion\"><span class=\"wpcf7-list-item first\"><input type=\"radio\" name=\"radio-320\" value=\"Profesor\" checked=\"checked\" \/><span class=\"wpcf7-list-item-label\">Profesor<\/span><\/span><span class=\"wpcf7-list-item last\"><input type=\"radio\" name=\"radio-320\" value=\"Estudiante\" \/><span class=\"wpcf7-list-item-label\">Estudiante<\/span><\/span><\/span><\/span>\n<\/p>\n<p><label> Instituci\u00f3n de pertenencia*<br \/>\n<span class=\"wpcf7-form-control-wrap\" data-name=\"your-institucion\"><input size=\"40\" maxlength=\"400\" class=\"wpcf7-form-control wpcf7-text wpcf7-validates-as-required\" aria-required=\"true\" aria-invalid=\"false\" value=\"\" type=\"text\" name=\"your-institucion\" \/><\/span> <\/label>\n<\/p>\n<p><label> C\u00e1tedra*<br \/>\n<span class=\"wpcf7-form-control-wrap\" data-name=\"your-catedra\"><input size=\"40\" maxlength=\"400\" class=\"wpcf7-form-control wpcf7-text wpcf7-validates-as-required\" aria-required=\"true\" aria-invalid=\"false\" value=\"\" type=\"text\" name=\"your-catedra\" \/><\/span> <\/label>\n<\/p>\n<p><label> Direcci\u00f3n de Correo Electr\u00f3nico*<br \/>\n<span class=\"wpcf7-form-control-wrap\" data-name=\"your-email\"><input size=\"40\" maxlength=\"400\" class=\"wpcf7-form-control wpcf7-email wpcf7-validates-as-required wpcf7-text wpcf7-validates-as-email\" aria-required=\"true\" aria-invalid=\"false\" value=\"\" type=\"email\" name=\"your-email\" \/><\/span> <\/label>\n<\/p>\n<p><strong>Datos De La Petici\u00f3n:<\/strong>\n<\/p>\n<p><label> Nombre y apellido del Autor*<br \/>\n<span class=\"wpcf7-form-control-wrap\" data-name=\"author-name\"><input size=\"40\" maxlength=\"400\" class=\"wpcf7-form-control wpcf7-text wpcf7-validates-as-required\" aria-required=\"true\" aria-invalid=\"false\" value=\"\" type=\"text\" name=\"author-name\" \/><\/span> <\/label>\n<\/p>\n<p><label> T\u00edtulo*<br \/>\n<span class=\"wpcf7-form-control-wrap\" data-name=\"your-title\"><input size=\"40\" maxlength=\"400\" class=\"wpcf7-form-control wpcf7-text wpcf7-validates-as-required\" aria-required=\"true\" aria-invalid=\"false\" value=\"\" type=\"text\" name=\"your-title\" \/><\/span> <\/label>\n<\/p>\n<p><label> Lugar de Edici\u00f3n*<br \/>\n<span class=\"wpcf7-form-control-wrap\" data-name=\"your-edicion\"><input size=\"40\" maxlength=\"400\" class=\"wpcf7-form-control wpcf7-text wpcf7-validates-as-required\" aria-required=\"true\" aria-invalid=\"false\" value=\"\" type=\"text\" name=\"your-edicion\" \/><\/span> <\/label>\n<\/p>\n<p><label> A\u00f1o de Edici\u00f3n<br \/>\n<span class=\"wpcf7-form-control-wrap\" data-name=\"your-year\"><input class=\"wpcf7-form-control wpcf7-number wpcf7-validates-as-required wpcf7-validates-as-number\" aria-required=\"true\" aria-invalid=\"false\" value=\"\" type=\"number\" name=\"your-year\" \/><\/span> <\/label>\n<\/p>\n<p><label> Editorial*<br \/>\n<span class=\"wpcf7-form-control-wrap\" data-name=\"your-editorial\"><input size=\"40\" maxlength=\"400\" class=\"wpcf7-form-control wpcf7-text wpcf7-validates-as-required\" aria-required=\"true\" aria-invalid=\"false\" value=\"\" type=\"text\" name=\"your-editorial\" \/><\/span> <\/label>\n<\/p>\n<p><label> Precio estimado de cada ejemplar*<br \/>\n<span class=\"wpcf7-form-control-wrap\" data-name=\"your-price\"><input class=\"wpcf7-form-control wpcf7-number wpcf7-validates-as-required wpcf7-validates-as-number\" aria-required=\"true\" aria-invalid=\"false\" value=\"\" type=\"number\" name=\"your-price\" \/><\/span> <\/label>\n<\/p>\n<p><label> Tipo de Material*<br \/>\n<span class=\"wpcf7-form-control-wrap\" data-name=\"your-material\"><input size=\"40\" maxlength=\"400\" class=\"wpcf7-form-control wpcf7-text wpcf7-validates-as-required\" aria-required=\"true\" aria-invalid=\"false\" value=\"\" type=\"text\" name=\"your-material\" \/><\/span> <\/label>\n<\/p>\n<p><label> Numero de Ejemplares<br \/>\n<span class=\"wpcf7-form-control-wrap\" data-name=\"your-ejemplares\"><input class=\"wpcf7-form-control wpcf7-number wpcf7-validates-as-number\" aria-invalid=\"false\" value=\"\" type=\"number\" name=\"your-ejemplares\" \/><\/span> <\/label>\n<\/p>\n<p><input class=\"wpcf7-form-control wpcf7-submit has-spinner\" type=\"submit\" value=\"Enviar\" \/>\n<\/p><p style=\"display: none !important;\" class=\"akismet-fields-container\" data-prefix=\"_wpcf7_ak_\"><label>&#916;<textarea name=\"_wpcf7_ak_hp_textarea\" cols=\"45\" rows=\"8\" maxlength=\"100\"><\/textarea><\/label><input type=\"hidden\" id=\"ak_js_1\" name=\"_wpcf7_ak_js\" value=\"4\"\/><script>document.getElementById( \"ak_js_1\" ).setAttribute( \"value\", ( new Date() ).getTime() );<\/script><\/p><div class=\"wpcf7-response-output\" aria-hidden=\"true\"><\/div>\n<\/form>\n<\/div>\n\n","protected":false},"excerpt":{"rendered":"<div class=\"entry-summary\">\nNOTA IMPORTANTE:\u00a0Los usuarios pueden participar de forma activa en la selecci\u00f3n de los materiales que forman parte de la colecci\u00f3n.&hellip;\n<\/div>\n<div class=\"link-more\"><a href=\"https:\/\/ffyh.unc.edu.ar\/biblioteca\/compras\/\" class=\"more-link\">Continuar leyendo<span class=\"screen-reader-text\"> &ldquo;Compras&rdquo;<\/span>&hellip;<\/a><\/div>\n","protected":false},"author":7,"featured_media":0,"parent":0,"menu_order":0,"comment_status":"closed","ping_status":"closed","template":"","meta":{"_acf_changed":false,"jetpack_post_was_ever_published":false,"footnotes":""},"class_list":["post-2011","page","type-page","status-publish","hentry","entry"],"acf":[],"jetpack_shortlink":"https:\/\/wp.me\/P9UJM9-wr","jetpack-related-posts":[],"jetpack_sharing_enabled":true,"_links":{"self":[{"href":"https:\/\/ffyh.unc.edu.ar\/biblioteca\/wp-json\/wp\/v2\/pages\/2011","targetHints":{"allow":["GET"]}}],"collection":[{"href":"https:\/\/ffyh.unc.edu.ar\/biblioteca\/wp-json\/wp\/v2\/pages"}],"about":[{"href":"https:\/\/ffyh.unc.edu.ar\/biblioteca\/wp-json\/wp\/v2\/types\/page"}],"author":[{"embeddable":true,"href":"https:\/\/ffyh.unc.edu.ar\/biblioteca\/wp-json\/wp\/v2\/users\/7"}],"replies":[{"embeddable":true,"href":"https:\/\/ffyh.unc.edu.ar\/biblioteca\/wp-json\/wp\/v2\/comments?post=2011"}],"version-history":[{"count":5,"href":"https:\/\/ffyh.unc.edu.ar\/biblioteca\/wp-json\/wp\/v2\/pages\/2011\/revisions"}],"predecessor-version":[{"id":2861,"href":"https:\/\/ffyh.unc.edu.ar\/biblioteca\/wp-json\/wp\/v2\/pages\/2011\/revisions\/2861"}],"wp:attachment":[{"href":"https:\/\/ffyh.unc.edu.ar\/biblioteca\/wp-json\/wp\/v2\/media?parent=2011"}],"curies":[{"name":"wp","href":"https:\/\/api.w.org\/{rel}","templated":true}]}}