{"id":2013,"date":"2018-05-08T19:33:36","date_gmt":"2018-05-08T19:33:36","guid":{"rendered":"http:\/\/ffyh.unc.edu.ar\/biblioteca\/?page_id=2013"},"modified":"2025-09-24T15:04:17","modified_gmt":"2025-09-24T15:04:17","slug":"presentacion-de-trabajos-al-rdu","status":"publish","type":"page","link":"https:\/\/ffyh.unc.edu.ar\/biblioteca\/presentacion-de-trabajos-al-rdu\/","title":{"rendered":"Presentaci\u00f3n de Tesis en Formato Digital"},"content":{"rendered":"<p style=\"text-align: justify\"><a href=\"http:\/\/www.digesto.unc.edu.ar\/ffyh\/honorable-consejo-directivo\/resolucion\/358_2015\/?searchterm=358\/2015\">Res.Dec. 358\/2015<\/a><\/p>\n<p style=\"text-align: justify\">Los Repositorios Institucionales constituyen\u00a0 el nuevo paradigma de visibilidad\u00a0 y sociabilizaci\u00f3n de la producci\u00f3n intelectual de las Universidades en todo el mundo.<\/p>\n<p style=\"text-align: justify\">Nuestra Facultad, es parte ineludible de este proceso, sobre todo a partir de la promulgaci\u00f3n de la\u00a0<a href=\"http:\/\/www.infoleg.gob.ar\/infolegInternet\/verNorma.do?id=223459\">Ley 26899<\/a><strong>\u00a0que contempla la Creaci\u00f3n de Repositorios Digitales Institucionales de Acceso Abierto; y de la instauraci\u00f3n de la Oficina de Conocimiento Abierto que, en nuestra Universidad es la encargada de gestionar el Repositorio Institucional Digital de la UNC (RDU), y de coordinar\u00a0<\/strong>la actuaci\u00f3n de las Bibliotecas Universitarias, designadas como nodos responsables de incorporar la producci\u00f3n intelectual de las Facultades al mencionado\u00a0<a href=\"https:\/\/rdu.unc.edu.ar\/\">RDU<\/a>.<\/p>\n<p>De acuerdo a la Ley 26899, las Instituciones comprendidas en el art.1, deb\u00edan establecer pol\u00edticas institucionales para la gesti\u00f3n y preservaci\u00f3n a largo plazo de los Repositorios. En ese contexto el Honorable Consejo Superior aprob\u00f3 el 7 de noviembre de 2017 Las Pol\u00edticas Institucionales de Acceso Abierto para Publicaciones de la Universidad Nacional de C\u00f3rdoba, (Resoluci\u00f3n 1365\/2017)\u00a0<a href=\"http:\/\/www.digesto.unc.edu.ar\/consejo-superior\/honorable-consejo-superior\/resolucion\/1365_2017\/?searchterm=1365\/2017\">Resoluci\u00f3n 1365\/2017.<\/a><\/p>\n<ul>\n<li><a href=\"#secretaria\">Instructivo para Secretar\u00eda<\/a><\/li>\n<li><a href=\"#tesista\">Instructivo para el Tesista<\/a><\/li>\n<li id=\"secretaria\"><a href=\"https:\/\/forms.gle\/ikFgZqXrREf2AUgaA\">Formulario RDU <\/a><\/li>\n<li><a href=\"http:\/\/ffyh.unc.edu.ar\/biblioteca\/wp-content\/uploads\/sites\/4\/2018\/05\/Tesis-FFyH-RDU-2018-1.pdf\">Modelo de Portada<\/a><\/li>\n<\/ul>\n<p>&nbsp;<\/p>\n<p style=\"text-align: justify\"><strong>INSTRUCTIVO PARA SECRETARIA<\/strong><\/p>\n<p style=\"text-align: justify\">Conclu\u00eddo el proceso de aprobaci\u00f3n de la tesis de grado, la Secretar\u00eda pertinente remitir\u00e1, a la Biblioteca Central, mediante correo electr\u00f3nico:\u00a0 <a href=\"mailto:norafernandez@ffyh.unc.edu.ar\">norafernandez@ffyh.unc.edu.ar<\/a>, el siguiente material:<\/p>\n<p style=\"text-align: justify\">a.- Archivo correspondiente a la tesis y<\/p>\n<p style=\"text-align: justify\">b.- Archivo del formulario de carga (completado por el tesista)<\/p>\n<p id=\"tesista\" style=\"text-align: justify\">Como \u00faltimo paso, solicitar\u00e1 al nodo (Biblioteca Central) que d\u00e9 acuse de recibo, a los efectos de validar la recepci\u00f3n.<\/p>\n<p style=\"text-align: justify\">Ante cualquier duda, la Secretar\u00eda Acad\u00e9mica, seg\u00fan corresponda, resolver\u00e1.<\/p>\n<p style=\"text-align: justify\"><strong>INSTRUCTIVO PARA EL TESISTA<\/strong><\/p>\n<p style=\"text-align: justify\"><strong>PRESENTACION DE TESIS DE GRADO EN FORMATO DIGITAL<\/strong><\/p>\n<p style=\"text-align: justify\">Para depositar la tesis en el Repositorio Digital Universitario RDU, el tesista deber\u00e1 entregar a la Secretar\u00eda los siguientes archivos:<\/p>\n<p style=\"text-align: justify\">a.- PDF con el contenido de su tesis (con la licencia Creative Commons inserta en el documento).<\/p>\n<p style=\"text-align: justify\">b.- Blog de notas para el formulario de carga, completado por el autor, con los datos necesarios para subir la tesis al Repositorio.<\/p>\n<p style=\"text-align: justify\">A continuaci\u00f3n se enumeran aspectos t\u00e9cnicos, sugerencias de inclusi\u00f3n y un peque\u00f1o lineamiento para la selecci\u00f3n de la licencia CreativeCommons.<\/p>\n<p style=\"text-align: justify\"><strong>ASPECTOS TECNICOS:<\/strong><\/p>\n<p style=\"text-align: justify\">La versi\u00f3n digital del documento debe presentarse en un solo archivo en formato PDF, y en el caso de presentar anexos, \u00e9stos ser\u00e1n guardados por separado, agruparlos de acuerdo al tipo de formato (Texto, Imagen, Audio, Video).<\/p>\n<p style=\"text-align: justify\">El archivo en PDF deber\u00e1 ser indexable,\u00a0 (no una imagen), preferentemente \u00a0un PDF etiquetado.<\/p>\n<p style=\"text-align: justify\">En cuanto al nombre del archivo se solicita que se guarde con la siguiente modalidad: apellido espacio gui\u00f3n espacio las cinco primeras palabras del t\u00edtulo, m\u00e1x. 25 caracteres.<\/p>\n<p style=\"text-align: justify\"><strong>ACCESIBILIDAD:<\/strong><\/p>\n<p style=\"text-align: justify\"><strong>SUGERENCIAS A TENER EN CUENTA:\u00a0<\/strong>Es importante incorporar en la elaboraci\u00f3n de los contenidos, elementos de accesibilidad,\u00a0 a fin de postular un conocimiento de acceso realmente abierto para todos.<\/p>\n<p style=\"text-align: justify\">Mencionamos algunas:<\/p>\n<ul style=\"text-align: justify\">\n<li>Dise\u00f1o general y presentaci\u00f3n: utilice alineaci\u00f3n a la izquierda (esto ayuda a encontrar el principio del rengl\u00f3n).<\/li>\n<li>Explicar las abreviaturas y acr\u00f3nimos.<\/li>\n<li>El tama\u00f1o de fuente debe ser grande: no se recomiendan letras inferiores a 12 puntos<\/li>\n<li>Para las im\u00e1genes, incorporar textos explicativos, ya que el texto que forma parte de una imagen no es accesible, repetirlo por fuera.<\/li>\n<li>Para los enlaces, evitar textos como \u201cclic aqu\u00ed\u201d o \u201cm\u00e1s informaci\u00f3n\u201d. Algunas personas ciegas navegan por las p\u00e1ginas leyendo \u00fanicamente el texto de los enlaces. Insertarlos siempre como hiperv\u00ednculos.<\/li>\n<li>Un documento PDF etiquetado es una versi\u00f3n de PDF que incluye tanto el contenido del documento como informaci\u00f3n sobre su estructura l\u00f3gica y del orden de lectura, de forma que el documento pueda ser le\u00eddo correctamente por los lectores de pantalla.<\/li>\n<\/ul>\n<p style=\"text-align: justify\"><strong>LICENCIAS CREATIVECOMMONS:<\/strong><\/p>\n<p style=\"text-align: justify\">La licencia seleccionada debe encontrarse inserta en el cuerpo de la obra (preferentemente en la portada), de este modo, cuando el archivo es descargado, la licencia contin\u00faa ligada a la obra.<\/p>\n<p style=\"text-align: justify\">Para seleccionar la licencia, remitirse a:<\/p>\n<p style=\"text-align: justify\"><a href=\"http:\/\/www.creativecommons.org.ar\/\">http:\/\/www.creativecommons.org.ar\/<\/a><\/p>\n<p style=\"text-align: justify\">El tesista deber\u00e1 indicar que opciones elije a los efectos de construir la licencia:<\/p>\n<p style=\"text-align: justify\">1.- En el primer paso se selecciona la\u00a0<strong>caracter\u00edstica de la licencia<\/strong>, esto es: si permite adaptaciones o no.<\/p>\n<p style=\"text-align: justify\">En el caso de responder si, hay que tildar: S\u00ed, siempre que se comparta de la misma manera. Lo cual significa que la obra podr\u00e1 tener derivados, pero, \u00e9stos deber\u00e1n mantener la misma licencia.<\/p>\n<p style=\"text-align: justify\">En este primer paso, el autor debe optar si permite el uso comercial, o no, de su obra.<\/p>\n<p style=\"text-align: justify\">Las elecciones en este panel actualizar\u00e1n los otros paneles de esta p\u00e1gina.<\/p>\n<p style=\"text-align: justify\">2.- El segundo paso, es opcional. Aqu\u00ed se pueden agregar metadatos a la licencia, tales como: datos de t\u00edtulo y nombre completo del autor<\/p>\n<p style=\"text-align: justify\">3.- El tercer paso consiste en copiar la licencia seleccionada, que se presenta en el \u00faltimo panel. Copiar y pegar en el documento de la tesis.<\/p>\n<p style=\"text-align: justify\">Ejemplo:<\/p>\n<p style=\"text-align: justify\">Presentaci\u00f3n de Tesis FFyH &#8211; RDU est\u00e1 distribuido bajo una\u00a0<a href=\"http:\/\/creativecommons.org\/licenses\/by-nc-sa\/4.0\/\">Licencia Creative Commons Atribuci\u00f3n-NoComercial-CompartirIgual 4.0 Internacional<\/a>.<\/p>\n<p id=\"formulario\" style=\"text-align: justify\">NOTAS IMPORTANTES: A este instructivo se adjunta un modelo de portada, el cual tiene como objetivo mostrar los datos que deber\u00edan estar presentes, no la disposici\u00f3n de los mismos.<\/p>\n<p style=\"text-align: justify\">Las consultas podr\u00e1n ser remitidas al siguiente correo electr\u00f3nico: <a href=\"mailto:norafernandez@ffyh.unc.edu.ar\">norafernandez@ffyh.unc.edu.ar<\/a><\/p>\n<p><a href=\"https:\/\/forms.gle\/ikFgZqXrREf2AUgaA\"><strong>FORMULARIO DE CARGA<\/strong><\/a><\/p>\n<p style=\"text-align: justify\"><strong><span style=\"color: #ff0000\">\u00a0\u00a0\u00a0\u00a0\u00a0\u00a0\u00a0\u00a0\u00a0\u00a0\u00a0\u00a0\u00a0\u00a0\u00a0\u00a0\u00a0\u00a0\u00a0\u00a0\u00a0\u00a0\u00a0\u00a0\u00a0\u00a0\u00a0\u00a0\u00a0<\/span><\/strong><\/p>\n<p style=\"text-align: justify\"><strong>\u00a0<\/strong><\/p>\n","protected":false},"excerpt":{"rendered":"<div class=\"entry-summary\">\nRes.Dec. 358\/2015 Los Repositorios Institucionales constituyen\u00a0 el nuevo paradigma de visibilidad\u00a0 y sociabilizaci\u00f3n de la producci\u00f3n intelectual de las Universidades&hellip;\n<\/div>\n<div class=\"link-more\"><a href=\"https:\/\/ffyh.unc.edu.ar\/biblioteca\/presentacion-de-trabajos-al-rdu\/\" class=\"more-link\">Continuar leyendo<span class=\"screen-reader-text\"> &ldquo;Presentaci\u00f3n de Tesis en Formato Digital&rdquo;<\/span>&hellip;<\/a><\/div>\n","protected":false},"author":7,"featured_media":0,"parent":0,"menu_order":0,"comment_status":"closed","ping_status":"closed","template":"","meta":{"_acf_changed":false,"jetpack_post_was_ever_published":false,"footnotes":""},"class_list":["post-2013","page","type-page","status-publish","hentry","entry"],"acf":[],"jetpack_shortlink":"https:\/\/wp.me\/P9UJM9-wt","jetpack-related-posts":[],"jetpack_sharing_enabled":false,"_links":{"self":[{"href":"https:\/\/ffyh.unc.edu.ar\/biblioteca\/wp-json\/wp\/v2\/pages\/2013","targetHints":{"allow":["GET"]}}],"collection":[{"href":"https:\/\/ffyh.unc.edu.ar\/biblioteca\/wp-json\/wp\/v2\/pages"}],"about":[{"href":"https:\/\/ffyh.unc.edu.ar\/biblioteca\/wp-json\/wp\/v2\/types\/page"}],"author":[{"embeddable":true,"href":"https:\/\/ffyh.unc.edu.ar\/biblioteca\/wp-json\/wp\/v2\/users\/7"}],"replies":[{"embeddable":true,"href":"https:\/\/ffyh.unc.edu.ar\/biblioteca\/wp-json\/wp\/v2\/comments?post=2013"}],"version-history":[{"count":26,"href":"https:\/\/ffyh.unc.edu.ar\/biblioteca\/wp-json\/wp\/v2\/pages\/2013\/revisions"}],"predecessor-version":[{"id":20740,"href":"https:\/\/ffyh.unc.edu.ar\/biblioteca\/wp-json\/wp\/v2\/pages\/2013\/revisions\/20740"}],"wp:attachment":[{"href":"https:\/\/ffyh.unc.edu.ar\/biblioteca\/wp-json\/wp\/v2\/media?parent=2013"}],"curies":[{"name":"wp","href":"https:\/\/api.w.org\/{rel}","templated":true}]}}