{"id":2025,"date":"2018-05-08T19:43:22","date_gmt":"2018-05-08T19:43:22","guid":{"rendered":"http:\/\/ffyh.unc.edu.ar\/biblioteca\/?page_id=2025"},"modified":"2018-08-10T17:42:31","modified_gmt":"2018-08-10T17:42:31","slug":"bibliotecas-digitales","status":"publish","type":"page","link":"https:\/\/ffyh.unc.edu.ar\/biblioteca\/bibliotecas-digitales\/","title":{"rendered":"Bibliotecas digitales"},"content":{"rendered":"<ul>\n<li style=\"font-weight: 400;text-align: justify\"><span style=\"font-size: 14pt\"><a href=\"https:\/\/www.wdl.org\/es\/\"><span style=\"font-weight: 400\">Biblioteca Digital Mundial<\/span><\/a><span style=\"font-weight: 400\">\u00a0&#8211; En un tit\u00e1nico esfuerzo de la Biblioteca del Congreso de Estados Unidos y la UNESCO, la WDL contiene importantes materiales fundamentales para entender las culturas de todo el mundo, todo disponible de forma gratuita y en una gran variedad de idiomas.<\/span><\/span><\/li>\n<li style=\"font-weight: 400;text-align: justify\"><span style=\"font-size: 14pt\"><a href=\"http:\/\/www.cervantesvirtual.com\/\"><span style=\"font-weight: 400\">Biblioteca Virtual Miguel de Cervantes<\/span><\/a><span style=\"font-weight: 400\">\u00a0&#8211; Una de las m\u00e1s amplias y con mayor contenido en la web, en ella encontraremos una gran variedad de categor\u00edas, como historia, poes\u00eda, entre otras, todo respecto a literatura escrita en espa\u00f1ol.<\/span><\/span><\/li>\n<\/ul>\n<ul style=\"text-align: justify\">\n<li style=\"font-weight: 400\"><span style=\"font-size: 14pt\"><a href=\"http:\/\/bdmx.mx\/\"><span style=\"font-weight: 400\">Biblioteca Digital Mexicana (BDMX)<\/span><\/a><span style=\"font-weight: 400\">\u00a0&#8211; Desde 2010 aqu\u00ed nos podemos encontrar una de las fuentes m\u00e1s importantes de informaci\u00f3n de la historia de M\u00e9xico, ya que se trata de un esfuerzo conjunto del Archivo General de la Naci\u00f3n, La Biblioteca Nacional de Antropolog\u00eda e Historia, el Centro de Estudios de Historia de M\u00e9xico CEHM-Carso y el CONACULTA.<\/span><\/span><\/li>\n<\/ul>\n<ul style=\"text-align: justify\">\n<li style=\"font-weight: 400\"><span style=\"font-size: 14pt\"><a href=\"http:\/\/pares.mcu.es\/\"><span style=\"font-weight: 400\">Portal de Archivos Espa\u00f1oles<\/span><\/a><span style=\"font-weight: 400\">\u00a0&#8211; Surge como una iniciativa del Ministerio de Educaci\u00f3n, Cultura y Deporte, tiene como objetivo dar difusi\u00f3n del Patrimonio Hist\u00f3rico Documental Espa\u00f1ol a trav\u00e9s de internet, ofrece acceso a documentos e im\u00e1genes digitalizadas de los Archivos Espa\u00f1oles.<\/span><\/span><\/li>\n<li style=\"font-weight: 400\"><span style=\"font-size: 14pt\"><a href=\"http:\/\/bvpb.mcu.es\/es\/estaticos\/contenido.cmd?pagina=estaticos\/presentacion\"><span style=\"font-weight: 400\">Biblioteca Virtual de Patrimonio Bibliogr\u00e1fico<\/span><\/a><span style=\"font-weight: 400\">\u00a0&#8211; Un proyecto m\u00e1s que surge por parte del Ministerio de Educaci\u00f3n, Cultura y Deporte espa\u00f1ol, que nos pone ante las colecciones de manuscritos y libros impresos que forman parte del Patrimonio Hist\u00f3rico Espa\u00f1ol.<\/span><\/span><\/li>\n<li style=\"font-weight: 400\"><span style=\"font-size: 14pt\"><a href=\"http:\/\/bibdigital.rjb.csic.es\/spa\/index.php\"><span style=\"font-weight: 400\">Biblioteca Digital del Real Jard\u00edn Bot\u00e1nico<\/span><\/a><span style=\"font-weight: 400\">\u00a0&#8211; Por supuesto tambi\u00e9n nos encontramos con bibliotecas de tem\u00e1ticas especializadas, con este caso que tendremos al alcance material cient\u00edfico e hist\u00f3rico para quien busque mayor informaci\u00f3n de las especies vegetales.<\/span><\/span><\/li>\n<li style=\"font-weight: 400\"><span style=\"font-size: 14pt\"><a href=\"http:\/\/prensahistorica.mcu.es\/es\/estaticos\/contenido.cmd?pagina=estaticos\/presentacion\"><span style=\"font-weight: 400\">Biblioteca Virtual de Prensa Hist\u00f3rica Espa\u00f1ola<\/span><\/a><span style=\"font-weight: 400\">\u00a0&#8211; Con el objetivo de preservar la memoria de Espa\u00f1a, aqu\u00ed podemos tener acceso a un gran archivo digital de una gran variedad de diarios espa\u00f1oles, donde han colaborado el Ministerio de Cultura, las Comunidades Aut\u00f3nomas, as\u00ed como otras instituciones.<\/span><\/span><\/li>\n<li style=\"font-weight: 400\"><span style=\"font-size: 14pt\"><a href=\"http:\/\/www.europeana.eu\/portal\/\"><span style=\"font-weight: 400\">Europeana<\/span><\/a><span style=\"font-weight: 400\">\u00a0&#8211; Uno de los archivos digitales m\u00e1s importantes de Europa, ya que cuenta con el apoyo de los diferentes pa\u00edses de la Uni\u00f3n Europea, quienes son los encargados de nutrir est\u00e1 gran biblioteca con mapas, pinturas, libros, pel\u00edculas y muchos art\u00edculos m\u00e1s.<\/span><\/span><\/li>\n<li style=\"font-weight: 400\"><span style=\"font-size: 14pt\"><a href=\"http:\/\/www.bne.es\/es\/Inicio\/index.html\"><span style=\"font-weight: 400\">Biblioteca Nacional de Espa\u00f1a<\/span><\/a><span style=\"font-weight: 400\">\u00a0&#8211; 500 a\u00f1os de historia es lo que podemos encontrar en uno de los archivos digitales m\u00e1s importantes de Espa\u00f1a, donde se nos permite consultar, descargar o leer una gran cantidad de documentos, archivos, dibujos, fotograf\u00edas, mapas, grabados y mucho m\u00e1s, todo de forma gratuita para cualquier persona.<\/span><\/span><\/li>\n<\/ul>\n<ul style=\"text-align: justify\">\n<li style=\"font-weight: 400\"><span style=\"font-size: 14pt\"><a href=\"http:\/\/hcl.harvard.edu\/collections\/digital_collections\/\"><span style=\"font-weight: 400\">Biblioteca de la Universidad de Harvard (HCL)<\/span><\/a><span style=\"font-weight: 400\">\u00a0&#8211; Una de las universidades m\u00e1s importantes del mundo tambi\u00e9n ha digitalizado su acervo cultural, otorgando libre acceso a miles de fotograf\u00edas hist\u00f3ricas, folletos, manuscritos, libros, partituras, mapas y otros materiales \u00fanicos que est\u00e1n en poder de la universidad.<\/span><\/span><\/li>\n<li style=\"font-weight: 400\"><span style=\"font-size: 14pt\"><a href=\"http:\/\/www.ciberoteca.com\/homecas.asp\"><span style=\"font-weight: 400\">Ciberoteca<\/span><\/a><span style=\"font-weight: 400\">\u00a0&#8211; Surgida como un proyecto de Fundaci\u00f3n Bancaja, aqu\u00ed encontraremos acceso gratuito a 45.000 de textos literarios, cient\u00edficos y t\u00e9cnicos, adem\u00e1s de que cientos de bibliotecas virtuales est\u00e1n afiliadas para otorgar acceso inmediato a trav\u00e9s de esta plataforma, por ello es conocida como \u00abLa biblioteca de las bibliotecas\u00bb.<\/span><\/span><\/li>\n<li style=\"font-weight: 400\"><span style=\"font-size: 14pt\"><a href=\"http:\/\/www.ciudadseva.com\/bdcs\/bdcs.htm\"><span style=\"font-weight: 400\">Biblioteca Digital Ciudad Seva<\/span><\/a><span style=\"font-weight: 400\">\u00a0&#8211; Fundada por el escritor y catedr\u00e1tico puertorrique\u00f1o Luis L\u00f3pez Nieves, Ciudad Seva ha logrado digitalizar miles de cuentos, poemas, novelas, teor\u00eda, obras de teatro, ensayos y todo sobre la narrativa.<\/span><\/span><\/li>\n<li style=\"font-weight: 400\"><span style=\"font-size: 14pt\"><a href=\"http:\/\/www.lib.berkeley.edu\/node\"><span style=\"font-weight: 400\">Biblioteca Digital de la Universidad de Berkeley<\/span><\/a><span style=\"font-weight: 400\">\u00a0&#8211; La pionera en iniciativas de digitalizaci\u00f3n y acceso p\u00fablico, esta biblioteca es uno de los proyectos m\u00e1s grandes y con mayor contenido en el mundo. Entre las colecciones m\u00e1s importantes podemos encontrar libros medievales, as\u00ed como el Proyecto para la Herencia Americana, \u00fanico en su tipo.<\/span><\/span><\/li>\n<li style=\"font-weight: 400\"><span style=\"font-size: 14pt\"><a href=\"http:\/\/www.bl.uk\/onlinegallery\/index.html\"><span style=\"font-weight: 400\">Biblioteca Brit\u00e1nica<\/span><\/a><span style=\"font-weight: 400\">\u00a0&#8211; La importancia de esta colecci\u00f3n radica en que fue la primera que hizo uso de la tecnolog\u00eda en forma masiva, esto gracias a la creaci\u00f3n del famoso dispositivo &#8216;<\/span><i><span style=\"font-weight: 400\">Turning the Pages<\/span><\/i><span style=\"font-weight: 400\">&#8216;. Entre su colecci\u00f3n de miles de libros, se encuentra el que posiblemente sea el m\u00e1s consultado del mundo: los manuscritos de\u00a0<\/span><i><span style=\"font-weight: 400\">Alice in Wonderland<\/span><\/i><span style=\"font-weight: 400\">.<\/span><\/span><\/li>\n<\/ul>\n<ul style=\"text-align: justify\">\n<li style=\"font-weight: 400\"><span style=\"font-size: 14pt\"><a href=\"http:\/\/www.collectionscanada.gc.ca\/015\/002\/015002-2170-e.html#cont\"><span style=\"font-weight: 400\">Canada&#8217;s Digital Collections<\/span><\/a><span style=\"font-weight: 400\">\u00a0&#8211; Un proyecto \u00fanico y de los m\u00e1s interesantes, ya que Canad\u00e1 ha decidido reunir en un solo portal, los m\u00e1s de 600 proyectos de digitalizaci\u00f3n emprendidos en el pa\u00eds, una maravillosa idea que nos brinda acceso a casi todo el patrimonio cultural, cient\u00edfico, literario e hist\u00f3rico de Canad\u00e1.<\/span><\/span><\/li>\n<li style=\"font-weight: 400\"><span style=\"font-size: 14pt\"><a href=\"http:\/\/www.coleccionesmexicanas.unam.mx\/\"><span style=\"font-weight: 400\">Colecciones Mexicanas<\/span><\/a><span style=\"font-weight: 400\">\u00a0&#8211; Otra importante iniciativa mexicana que llega de la mano de la Biblioteca Nacional de M\u00e9xico y de la Universidad Aut\u00f3noma de M\u00e9xico (UNAM), la cual re\u00fane la gran mayor\u00eda de los proyectos hist\u00f3ricos del pa\u00eds, con miles de archivos documentales, fotogr\u00e1ficos, videogr\u00e1ficos, bibliogr\u00e1ficos.<\/span><\/span><\/li>\n<li style=\"font-weight: 400\"><span style=\"font-size: 14pt\"><a href=\"http:\/\/es.childrenslibrary.org\/\"><span style=\"font-weight: 400\">International Children&#8217;s Digital Library<\/span><\/a><span style=\"font-weight: 400\">\u00a0&#8211; Es considerada la recopilaci\u00f3n m\u00e1s grande de libros digitalizados para ni\u00f1os, ofrece acceso a textos en una gran cantidad de idiomas, y posee una gran cantidad de categor\u00edas, que van desde libros l\u00fadicos, de actividades, hasta cuentos y lecturas de entretenimiento.<\/span><\/span><\/li>\n<li style=\"font-weight: 400\"><span style=\"font-size: 14pt\"><a href=\"http:\/\/publicdomain.nypl.org\/pd-visualization\/\"><span style=\"font-weight: 400\">La biblioteca p\u00fablica de Nueva York<\/span><\/a><span style=\"font-weight: 400\">\u00a0&#8211; Una de las colecciones digitales reci\u00e9n renovadas, la cual nos ofrece m\u00e1s de 187.000 im\u00e1genes de dominio p\u00fablico de fotograf\u00edas, mapas, postales, grabados y escritos.<\/span><\/span><\/li>\n<\/ul>\n<ul style=\"text-align: justify\">\n<li style=\"list-style-type: none\">\n<ul>\n<li style=\"font-weight: 400\"><span style=\"font-weight: 400;font-size: 14pt\">BIBLIOTECAS NACIONALES DIGITALES<\/span><\/li>\n<\/ul>\n<\/li>\n<\/ul>\n<ul style=\"text-align: justify\">\n<li style=\"font-weight: 400\"><span style=\"font-size: 14pt\"><i><span style=\"font-weight: 400\">Australia<\/span><\/i><\/span>\n<ul>\n<li style=\"font-weight: 400\"><span style=\"font-size: 14pt\"><a href=\"http:\/\/www.nla.gov.au\"><span style=\"font-weight: 400\">http:\/\/www.nla.gov.au<\/span><\/a><\/span><\/li>\n<li style=\"font-weight: 400\"><span style=\"font-size: 14pt\"><a href=\"http:\/\/pandora.nla.gov.au\/\"><span style=\"font-weight: 400\">http:\/\/pandora.nla.gov.au\/<\/span><\/a><\/span><\/li>\n<\/ul>\n<\/li>\n<li><span style=\"font-size: 14pt\"><i><span style=\"font-weight: 400\">Espa\u00f1a<\/span><\/i><\/span>\n<ul>\n<li style=\"font-weight: 400\"><span style=\"font-size: 14pt\"><a href=\"http:\/\/www.bne.es\/es\/Catalogos\/BibliotecaDigitalHispanica\/Inicio\/index.html\"><span style=\"font-weight: 400\">http:\/\/www.bne.es\/es\/Catalogos\/BibliotecaDigitalHispanica\/Inicio\/index.html<\/span><\/a><\/span><\/li>\n<\/ul>\n<\/li>\n<\/ul>\n<ul style=\"text-align: justify\">\n<li style=\"font-weight: 400\"><span style=\"font-size: 14pt\"><i><span style=\"font-weight: 400\">Hawai<\/span><\/i><\/span>\n<ul>\n<li style=\"font-weight: 400\"><span style=\"font-size: 14pt\"><a href=\"http:\/\/hawaiidigitallibrary.org\/\"><span style=\"font-weight: 400\">http:\/\/hawaiidigitallibrary.org\/<\/span><\/a><\/span><\/li>\n<\/ul>\n<\/li>\n<\/ul>\n<ul style=\"text-align: justify\">\n<li style=\"font-weight: 400\"><span style=\"font-size: 14pt\"><i><span style=\"font-weight: 400\">EUA<\/span><\/i><\/span>\n<ul>\n<li style=\"font-weight: 400\"><span style=\"font-size: 14pt\"><a href=\"http:\/\/lcweb.loc.gov\/\"><span style=\"font-weight: 400\">http:\/\/lcweb.loc.gov\/<\/span><\/a><\/span><\/li>\n<\/ul>\n<\/li>\n<\/ul>\n<ul style=\"text-align: justify\">\n<li style=\"font-weight: 400\"><span style=\"font-size: 14pt\"><i>Hungr\u00eda<\/i><\/span>\n<ul style=\"font-weight: 400\">\n<li style=\"font-weight: 400\"><span style=\"font-size: 14pt\"><a href=\"http:\/\/mek.oszk.hu\/indexeng.phtml\"><span style=\"font-weight: 400\">http:\/\/mek.oszk.hu\/indexeng.phtml<\/span><\/a><\/span><\/li>\n<\/ul>\n<\/li>\n<\/ul>\n<ul style=\"text-align: justify\">\n<li style=\"font-weight: 400\"><span style=\"font-size: 14pt\"><i><span style=\"font-weight: 400\">Biblioteca Brit\u00e1nica<\/span><\/i><\/span>\n<ul>\n<li style=\"font-weight: 400\"><span style=\"font-size: 14pt\"><a href=\"http:\/\/www.bl.uk\/reshelp\/index.html\">http:\/\/www.bl.uk\/reshelp\/index.html\u00a0<\/a><\/span><\/li>\n<\/ul>\n<\/li>\n<\/ul>\n<ul style=\"text-align: justify\">\n<li style=\"font-weight: 400\"><span style=\"font-size: 14pt\"><i><span style=\"font-weight: 400\">Francia<\/span><\/i><\/span>\n<ul>\n<li style=\"font-weight: 400\"><span style=\"font-size: 14pt\"><a href=\"http:\/\/gallica.bnf.fr\/\"><span style=\"font-weight: 400\">http:\/\/gallica.bnf.fr\/<\/span><\/a><\/span><\/li>\n<\/ul>\n<\/li>\n<\/ul>\n<ul style=\"text-align: justify\">\n<li style=\"font-weight: 400\"><span style=\"font-size: 14pt\"><i><span style=\"font-weight: 400\">Canad\u00e1<\/span><\/i><\/span>\n<ul>\n<li style=\"font-weight: 400\"><span style=\"font-size: 14pt\"><a href=\"http:\/\/www.ic.gc.ca\/eic\/site\/icgc.nsf\/eng\/home\"><span style=\"font-weight: 400\">http:\/\/www.ic.gc.ca\/eic\/site\/icgc.nsf\/eng\/home<\/span><\/a><\/span><\/li>\n<\/ul>\n<\/li>\n<\/ul>\n<ul style=\"text-align: justify\">\n<li style=\"font-weight: 400\"><span style=\"font-size: 14pt\"><i><span style=\"font-weight: 400\">Portugal<\/span><\/i><\/span>\n<ul>\n<li style=\"font-weight: 400\"><span style=\"font-size: 14pt\"><a href=\"http:\/\/purl.pt\/index\/geral\/PT\/index.html\"><span style=\"font-weight: 400\">http:\/\/purl.pt\/index\/geral\/PT\/index.html<\/span><\/a><\/span><\/li>\n<\/ul>\n<\/li>\n<\/ul>\n<ul style=\"text-align: justify\">\n<li><span style=\"font-size: 14pt\"><i><span style=\"font-weight: 400\">Singapur<\/span><\/i><\/span>\n<ul>\n<li style=\"font-weight: 400\"><span style=\"font-size: 14pt\"><a href=\"https:\/\/www.nlb.gov.sg\/\"><span style=\"font-weight: 400\">https:\/\/www.nlb.gov.sg\/<\/span><\/a><\/span><\/li>\n<\/ul>\n<\/li>\n<\/ul>\n<ul style=\"text-align: justify\">\n<li style=\"font-weight: 400\"><span style=\"font-size: 14pt\"><i><span style=\"font-weight: 400\">Suecia<\/span><\/i><\/span>\n<ul>\n<li style=\"font-weight: 400\"><span style=\"font-size: 14pt\"><a href=\"http:\/\/www.kb.se\/\"><span style=\"font-weight: 400\">http:\/\/www.kb.se\/<\/span><\/a><\/span><\/li>\n<\/ul>\n<\/li>\n<li style=\"font-weight: 400\"><span style=\"font-size: 14pt\"><i><span style=\"font-weight: 400\">Escocia<\/span><\/i><\/span>\n<ul>\n<li style=\"font-weight: 400\"><span style=\"font-size: 14pt\"><a href=\"http:\/\/www.nls.uk\/digitallibrary\/\"><span style=\"font-weight: 400\">http:\/\/www.nls.uk\/digitallibrary\/<\/span><\/a><\/span><\/li>\n<\/ul>\n<\/li>\n<li style=\"font-weight: 400\"><span style=\"font-size: 14pt\"><i><span style=\"font-weight: 400\">T\u00edbet e Himalaya<\/span><\/i><\/span>\n<ul>\n<li style=\"font-weight: 400\"><span style=\"font-size: 14pt\"><a href=\"http:\/\/www.thlib.org\/\"><span style=\"font-weight: 400\">http:\/\/www.thlib.org\/<\/span><\/a><\/span><\/li>\n<\/ul>\n<\/li>\n<\/ul>\n<ul style=\"text-align: justify\">\n<li style=\"font-weight: 400\"><span style=\"font-size: 14pt\"><i><span style=\"font-weight: 400\">Panam\u00e1.<\/span><\/i><\/span>\n<ul>\n<li style=\"font-weight: 400\"><span style=\"font-size: 14pt\"><a href=\"http:\/\/binal.ac.pa\/binal\/index.php\"><span style=\"font-weight: 400\">http:\/\/binal.ac.pa\/binal\/index.php<\/span><\/a><\/span><\/li>\n<\/ul>\n<\/li>\n<\/ul>\n<ul style=\"text-align: justify\">\n<li style=\"font-weight: 400\"><span style=\"font-weight: 400;font-size: 14pt\">Chile<\/span>\n<ul>\n<li style=\"font-weight: 400\"><span style=\"font-size: 14pt\"><a href=\"http:\/\/www.memoriachilena.cl\/602\/w3-channel.html\"><span style=\"font-weight: 400\">http:\/\/www.memoriachilena.cl\/602\/w3-channel.html<\/span><\/a><\/span><\/li>\n<\/ul>\n<\/li>\n<\/ul>\n<p style=\"text-align: justify\"><span style=\"font-size: 14pt\">BLIOTECAS DIGITALES COOPERATIVAS<\/span><\/p>\n<ul style=\"text-align: justify\">\n<li style=\"font-weight: 400\"><span style=\"font-size: 14pt\"><i><span style=\"font-weight: 400\">1. Biblioteca Europeana<\/span><\/i><\/span>\n<ul>\n<li style=\"font-weight: 400\"><span style=\"font-size: 14pt\"><a href=\"http:\/\/www.theeuropeanlibrary.org\/tel4\/\"><span style=\"font-weight: 400\">http:\/\/www.theeuropeanlibrary.org\/tel4\/<\/span><\/a><\/span><\/li>\n<\/ul>\n<\/li>\n<\/ul>\n<ul style=\"text-align: justify\">\n<li style=\"font-weight: 400\"><span style=\"font-size: 14pt\"><i><span style=\"font-weight: 400\">2. The World Digital Library<\/span><\/i><\/span>\n<ul>\n<li style=\"font-weight: 400\"><span style=\"font-size: 14pt\"><a href=\"https:\/\/www.wdl.org\/es\/\"><span style=\"font-weight: 400\">https:\/\/www.wdl.org\/es\/<\/span><\/a><\/span><\/li>\n<\/ul>\n<\/li>\n<\/ul>\n<ul>\n<li style=\"font-weight: 400;text-align: justify\"><span style=\"font-size: 14pt\"><i><span style=\"font-weight: 400\">3. Digital Library Federation<\/span><\/i>\u00a0<\/span>\n<ul>\n<li style=\"font-weight: 400\"><span style=\"font-size: 14pt\"><a href=\"http:\/\/www.diglib.org\/\">http:\/\/www.diglib.org\/<\/a><\/span><\/li>\n<\/ul>\n<\/li>\n<li>\n<div class=\"texto-nota full\">\n<p style=\"text-align: justify\"><span style=\"font-size: 14pt\">Los libros infantiles son sin duda uno de los g\u00e9neros m\u00e1s entra\u00f1ables dentro del \u00e1mbito de lo impreso (con su extensi\u00f3n reciente hacia lo digital). Acaso por la audiencia misma a la que va dirigida, la literatura infantil y juvenil posee rasgos en donde confluyen lo atractivo y lo inteligente, la reflexi\u00f3n y las emociones, el asombro y el cuidado, entre varios m\u00e1s que al final dan como resultado libros sumamente hermosos, \u00fanicos, verdaderas joyas artesanales de la edici\u00f3n y la creatividad.<\/span><\/p>\n<p style=\"text-align: justify\"><span style=\"font-size: 14pt\">Como prueba de ello, basta recorrer el ampl\u00edsimo cat\u00e1logo de la Biblioteca Baldwin de Literatura Infantil Hist\u00f3rica, adscrita a la Universidad de Florida y que recientemente liber\u00f3 para su consulta abierta la digitalizaci\u00f3n de m\u00e1s de 6 mil ejemplares del g\u00e9nero, publicados desde mediados del siglo XIX y hasta mediados del XX,\u00a0especialmente en Estados Unidos y el Reino Unido, con algunos pocos libros provenientes de Alemania, Francia, Espa\u00f1a y otros pa\u00edses.<\/span><\/p>\n<p style=\"text-align: justify\"><span style=\"font-size: 14pt\">Cabe mencionar que dicha biblioteca lleva el nombre de su coleccionista: Ruth Baldwin, quien durante 40 a\u00f1os reuni\u00f3 libros dirigidos al p\u00fablico infantil, en los diversos \u201csubg\u00e9neros\u201d que ha tenido a lo largo de la historia ese \u00e1mbito de la edici\u00f3n. Libros de literatura, edificantes, pedag\u00f3gicos, religiosos, morales, art\u00edsticos, de entretenimiento, de valores c\u00edvicos o familiares y varios m\u00e1s, los cuales en casi todos los casos respondieron a momentos espec\u00edficos de la sociedad en la que emergieron.<\/span><\/p>\n<p style=\"text-align: justify\"><span style=\"font-size: 14pt\"><img data-recalc-dims=\"1\" decoding=\"async\" class=\"aligncenter\" src=\"https:\/\/i0.wp.com\/23.253.41.33\/imagesPosts\/libro2.jpg?w=1200\" alt=\"\" \/><\/span><\/p>\n<p style=\"text-align: justify\"><span style=\"font-size: 14pt\">En el caso del cat\u00e1logo digital, es posible explorar dicha biblioteca siguiendo criterios de a\u00f1o o lugar de publicaci\u00f3n, nombre del editor e incluso la categor\u00eda tem\u00e1tica a la cual pertenece el libro. Asimismo, el cat\u00e1logo cuenta con una media docena de colecciones particulares, como la de libros relacionados con los cuentos de los hermanos Grimm, con San Nicol\u00e1s o con\u00a0<em>Alicia en el pa\u00eds de las maravillas<\/em>.<\/span><\/p>\n<p style=\"text-align: justify\"><span style=\"font-size: 14pt\">Siguiendo\u00a0<strong><a href=\"http:\/\/ufdc.ufl.edu\/baldwin\/all\/thumbs\" target=\"_blank\" rel=\"nofollow noopener noreferrer\">este enlace puedes revisar el cat\u00e1logo de la Baldwin Library of Historical Children&#8217;s Literature<\/a><\/strong>, y seas un entusiasta de la literatura infantil, de los libros, de las ilustraciones, de la historia cultural o de la creatividad en s\u00ed, estamos seguros de que encontrar\u00e1s varias ocasiones de asombro y placer.\u00a0<\/span><\/p>\n<\/div>\n<\/li>\n<\/ul>\n","protected":false},"excerpt":{"rendered":"<div class=\"entry-summary\">\nBiblioteca Digital Mundial\u00a0&#8211; En un tit\u00e1nico esfuerzo de la Biblioteca del Congreso de Estados Unidos y la UNESCO, la WDL&hellip;\n<\/div>\n<div class=\"link-more\"><a href=\"https:\/\/ffyh.unc.edu.ar\/biblioteca\/bibliotecas-digitales\/\" class=\"more-link\">Continuar leyendo<span class=\"screen-reader-text\"> &ldquo;Bibliotecas digitales&rdquo;<\/span>&hellip;<\/a><\/div>\n","protected":false},"author":7,"featured_media":0,"parent":0,"menu_order":0,"comment_status":"closed","ping_status":"closed","template":"","meta":{"_acf_changed":false,"jetpack_post_was_ever_published":false,"footnotes":""},"class_list":["post-2025","page","type-page","status-publish","hentry","entry"],"acf":[],"jetpack_shortlink":"https:\/\/wp.me\/P9UJM9-wF","jetpack-related-posts":[],"jetpack_sharing_enabled":true,"_links":{"self":[{"href":"https:\/\/ffyh.unc.edu.ar\/biblioteca\/wp-json\/wp\/v2\/pages\/2025","targetHints":{"allow":["GET"]}}],"collection":[{"href":"https:\/\/ffyh.unc.edu.ar\/biblioteca\/wp-json\/wp\/v2\/pages"}],"about":[{"href":"https:\/\/ffyh.unc.edu.ar\/biblioteca\/wp-json\/wp\/v2\/types\/page"}],"author":[{"embeddable":true,"href":"https:\/\/ffyh.unc.edu.ar\/biblioteca\/wp-json\/wp\/v2\/users\/7"}],"replies":[{"embeddable":true,"href":"https:\/\/ffyh.unc.edu.ar\/biblioteca\/wp-json\/wp\/v2\/comments?post=2025"}],"version-history":[{"count":2,"href":"https:\/\/ffyh.unc.edu.ar\/biblioteca\/wp-json\/wp\/v2\/pages\/2025\/revisions"}],"predecessor-version":[{"id":3010,"href":"https:\/\/ffyh.unc.edu.ar\/biblioteca\/wp-json\/wp\/v2\/pages\/2025\/revisions\/3010"}],"wp:attachment":[{"href":"https:\/\/ffyh.unc.edu.ar\/biblioteca\/wp-json\/wp\/v2\/media?parent=2025"}],"curies":[{"name":"wp","href":"https:\/\/api.w.org\/{rel}","templated":true}]}}