{"id":2029,"date":"2018-05-08T19:44:51","date_gmt":"2018-05-08T19:44:51","guid":{"rendered":"http:\/\/ffyh.unc.edu.ar\/biblioteca\/?page_id=2029"},"modified":"2025-09-24T14:59:48","modified_gmt":"2025-09-24T14:59:48","slug":"acerca-de-nuestro-repositorio-institucional","status":"publish","type":"page","link":"https:\/\/ffyh.unc.edu.ar\/biblioteca\/acerca-de-nuestro-repositorio-institucional\/","title":{"rendered":"Acerca del Repositorio Institucional"},"content":{"rendered":"<p><span style=\"color: #ff0000\"><img data-recalc-dims=\"1\" loading=\"lazy\" decoding=\"async\" data-attachment-id=\"2713\" data-permalink=\"https:\/\/ffyh.unc.edu.ar\/biblioteca\/acerca-de-nuestro-repositorio-institucional\/rdu-2\/\" data-orig-file=\"https:\/\/i0.wp.com\/ffyh.unc.edu.ar\/biblioteca\/wp-content\/uploads\/sites\/4\/2018\/06\/RDU.jpg?fit=372%2C141&amp;ssl=1\" data-orig-size=\"372,141\" data-comments-opened=\"0\" data-image-meta=\"{&quot;aperture&quot;:&quot;0&quot;,&quot;credit&quot;:&quot;&quot;,&quot;camera&quot;:&quot;&quot;,&quot;caption&quot;:&quot;&quot;,&quot;created_timestamp&quot;:&quot;0&quot;,&quot;copyright&quot;:&quot;&quot;,&quot;focal_length&quot;:&quot;0&quot;,&quot;iso&quot;:&quot;0&quot;,&quot;shutter_speed&quot;:&quot;0&quot;,&quot;title&quot;:&quot;&quot;,&quot;orientation&quot;:&quot;0&quot;}\" data-image-title=\"RDU\" data-image-description=\"\" data-image-caption=\"\" data-medium-file=\"https:\/\/i0.wp.com\/ffyh.unc.edu.ar\/biblioteca\/wp-content\/uploads\/sites\/4\/2018\/06\/RDU.jpg?fit=300%2C114&amp;ssl=1\" data-large-file=\"https:\/\/i0.wp.com\/ffyh.unc.edu.ar\/biblioteca\/wp-content\/uploads\/sites\/4\/2018\/06\/RDU.jpg?fit=372%2C141&amp;ssl=1\" class=\"wp-image-2713 alignright\" src=\"https:\/\/i0.wp.com\/ffyh.unc.edu.ar\/biblioteca\/wp-content\/uploads\/sites\/4\/2018\/06\/RDU.jpg?resize=293%2C111\" alt=\"\" width=\"293\" height=\"111\" srcset=\"https:\/\/i0.wp.com\/ffyh.unc.edu.ar\/biblioteca\/wp-content\/uploads\/sites\/4\/2018\/06\/RDU.jpg?w=372&amp;ssl=1 372w, https:\/\/i0.wp.com\/ffyh.unc.edu.ar\/biblioteca\/wp-content\/uploads\/sites\/4\/2018\/06\/RDU.jpg?resize=300%2C114&amp;ssl=1 300w\" sizes=\"auto, (max-width: 293px) 100vw, 293px\" \/><\/span><strong>NODOS DE LA BIBLIOTECA ANTE LA OFICINA DE CONOCIMIENTO\u00a0 ABIERTO<\/strong><\/p>\n<p>Nodo Facultad de Filosof\u00eda y Humanidades:\u00a0<strong>Bibl. Nora Fern\u00e1ndez<\/strong><\/p>\n<ul>\n<li><strong>Correo electr\u00f3nico: norafernandez<\/strong><strong>@ffyh.unc.edu.ar.\u00a0<\/strong><\/li>\n<li><strong>Tel\u00e9fono IP:<\/strong><strong>\u00a05353610, interno 50401<\/strong><\/li>\n<\/ul>\n<p>Nodo de la Facultad de Psicolog\u00eda:\u00a0<strong>Sr. Javier Gonz\u00e1lez<\/strong><\/p>\n<ul>\n<li><strong>Correo Electr\u00f3nico: <\/strong><strong><span class=\"PbnGhe oJeWuf fb0g6 eejsDc\"><a href=\"mailto:javiergonzalez@ffyh.unc.edu.ar\" target=\"_blank\" rel=\"noopener noreferrer\"><span dir=\"ltr\" data-tooltip=\"Enviar correo\">javiergonzalez@ffyh.unc.edu.ar<\/span><\/a><\/span><br \/>\n<\/strong><\/li>\n<li><strong>Tel\u00e9fono IP: 5353601, interno: 50223<\/strong><\/li>\n<\/ul>\n<p><strong>REPOSITORIO DIGITAL UNIVERSITARIO &#8211; RDU<\/strong><\/p>\n<p style=\"text-align: justify\"><a href=\"https:\/\/rdu.unc.edu.ar\/\">El Repositorio Digital Universitario (RDU)<\/a> y el <a href=\"https:\/\/revistas.unc.edu.ar\/\">Portal de Revistas de la UNC<\/a> son los Repositorios Institucionales de acceso abierto de la Universidad Nacional de C\u00f3rdoba y se encuentran adheridos al Sistema Nacional de Repositorios Digitales (SNRD) del Ministerio de Ciencia, Tecnolog\u00eda e Innovaci\u00f3n Productiva (MINCYT).<\/p>\n<p style=\"text-align: justify\">El Repositorio Digital Universitario (RDU) es un espacio donde se almacena, organiza, preserva, provee acceso libre y da visibilidad a nivel nacional e internacional, a la<br \/>\nproducci\u00f3n cient\u00edfica, acad\u00e9mica y cultural en formato digital, generada por los integrantes de la Universidad Nacional de C\u00f3rdoba.<\/p>\n<p><a href=\"https:\/\/ffyh.unc.edu.ar\/biblioteca\/nodos-oca\/\">Informaci\u00f3n acerca de los Nodos OCA<\/a><\/p>\n<p><strong>MAS INFORMACI\u00d3N DE INTER\u00c9S SOBRE EL REPOSITORIO<\/strong><\/p>\n<p><a href=\"https:\/\/ffyh.unc.edu.ar\/biblioteca\/presentacion-de-trabajos-al-rdu\/\">Presentaci\u00f3n de tesis<\/a><\/p>\n<p><a href=\"https:\/\/ffyh.unc.edu.ar\/biblioteca\/derechos-de-autor\/\">Derechos de Autor<\/a><\/p>\n<p><a href=\"https:\/\/ffyh.unc.edu.ar\/biblioteca\/acceso-abierto-2\/\">Acceso Abierto<\/a><\/p>\n<p><a href=\"https:\/\/ffyh.unc.edu.ar\/biblioteca\/licencias-creative-commons\/\">Licencias Creative Commons<\/a><\/p>\n<p><a href=\"https:\/\/ffyh.unc.edu.ar\/biblioteca\/repositorio-institucional-unc-2\/\">Normativas <\/a><\/p>\n<p>Fuente de Informaci\u00f3n: Resoluci\u00f3n Pol\u00edticas de la UNC y P\u00e1gina Web de la OCA<\/p>\n","protected":false},"excerpt":{"rendered":"<div class=\"entry-summary\">\nNODOS DE LA BIBLIOTECA ANTE LA OFICINA DE CONOCIMIENTO\u00a0 ABIERTO Nodo Facultad de Filosof\u00eda y Humanidades:\u00a0Bibl. Nora Fern\u00e1ndez Correo electr\u00f3nico:&hellip;\n<\/div>\n<div class=\"link-more\"><a href=\"https:\/\/ffyh.unc.edu.ar\/biblioteca\/acerca-de-nuestro-repositorio-institucional\/\" class=\"more-link\">Continuar leyendo<span class=\"screen-reader-text\"> &ldquo;Acerca del Repositorio Institucional&rdquo;<\/span>&hellip;<\/a><\/div>\n","protected":false},"author":7,"featured_media":0,"parent":0,"menu_order":0,"comment_status":"closed","ping_status":"closed","template":"","meta":{"_acf_changed":false,"jetpack_post_was_ever_published":false,"footnotes":""},"class_list":["post-2029","page","type-page","status-publish","hentry","entry"],"acf":[],"jetpack_shortlink":"https:\/\/wp.me\/P9UJM9-wJ","jetpack-related-posts":[],"jetpack_sharing_enabled":true,"_links":{"self":[{"href":"https:\/\/ffyh.unc.edu.ar\/biblioteca\/wp-json\/wp\/v2\/pages\/2029","targetHints":{"allow":["GET"]}}],"collection":[{"href":"https:\/\/ffyh.unc.edu.ar\/biblioteca\/wp-json\/wp\/v2\/pages"}],"about":[{"href":"https:\/\/ffyh.unc.edu.ar\/biblioteca\/wp-json\/wp\/v2\/types\/page"}],"author":[{"embeddable":true,"href":"https:\/\/ffyh.unc.edu.ar\/biblioteca\/wp-json\/wp\/v2\/users\/7"}],"replies":[{"embeddable":true,"href":"https:\/\/ffyh.unc.edu.ar\/biblioteca\/wp-json\/wp\/v2\/comments?post=2029"}],"version-history":[{"count":22,"href":"https:\/\/ffyh.unc.edu.ar\/biblioteca\/wp-json\/wp\/v2\/pages\/2029\/revisions"}],"predecessor-version":[{"id":20737,"href":"https:\/\/ffyh.unc.edu.ar\/biblioteca\/wp-json\/wp\/v2\/pages\/2029\/revisions\/20737"}],"wp:attachment":[{"href":"https:\/\/ffyh.unc.edu.ar\/biblioteca\/wp-json\/wp\/v2\/media?parent=2029"}],"curies":[{"name":"wp","href":"https:\/\/api.w.org\/{rel}","templated":true}]}}