{"id":20663,"date":"2025-06-05T15:34:49","date_gmt":"2025-06-05T15:34:49","guid":{"rendered":"https:\/\/ffyh.unc.edu.ar\/biblioteca\/?page_id=20663"},"modified":"2025-06-05T15:36:49","modified_gmt":"2025-06-05T15:36:49","slug":"proyecto-del-departamento-procesos-tecnicos","status":"publish","type":"page","link":"https:\/\/ffyh.unc.edu.ar\/biblioteca\/proyecto-del-departamento-procesos-tecnicos\/","title":{"rendered":"PROYECTO DEL DEPARTAMENTO PROCESOS TECNICOS"},"content":{"rendered":"<p>La Biblioteca Central de la Facultad de Filosof\u00eda y Humanidades \u201cElma Kohlmeyer<br \/>\nde Estrabou\u201d se conforma de los departamentos Humanidades, Hemeroteca y Referencia, Estudios Americanistas y Antropolog\u00eda. Debido al tipo de material y a la organizaci\u00f3n interna de la Biblioteca cada departamento procesa su propio material, dependiendo de un mismo Departamento de Procesos T\u00e9cnicos.<\/p>\n<p>En este departamento se realizan las tareas de ingreso de todos los documentos a la<br \/>\nbiblioteca con el objetivo de ponerlo a disposici\u00f3n de los lectores. Por eso, crea y mantiene el cat\u00e1logo en l\u00ednea (OPAC) que permite la recuperaci\u00f3n fiable y \u00e1gil de todo el material que conforma la Biblioteca para facilitar el trabajo de investigaci\u00f3n y estudio de los numerosos lectores que asisten de forma presencial y\/o virtual a la Biblioteca.<\/p>\n<p>El objetivo de este proyecto es la incorporaci\u00f3n de las colecciones, de Carlos E.<br \/>\nReboratti quien realiz\u00f3 la donaci\u00f3n de sus libros, que responden a la carrera de Geograf\u00eda. Tambi\u00e9n la donaci\u00f3n de Prieto orientada a la carrera de Letras y la donaci\u00f3n de la familia de Jaime Silbert la que aporta a la c\u00e1tedra de Historia Contempor\u00e1nea de Asia y \u00c1frica de la Escuela de Historia.<\/p>\n<p>En tal sentido, los estudiantes se integrar\u00e1n al equipo de la Biblioteca \u201cElma. de<br \/>\nEstrabou\u201d y ser\u00e1 su primera experiencia en una biblioteca universitaria, espec\u00edficamente en el departamento de Procesos T\u00e9cnicos. Este espacio de formaci\u00f3n est\u00e1 vinculado estrictamente con el \u00e1rea de Procesos T\u00e9cnicos de la carrera de Bibliotecolog\u00eda. Por tal motivo, los estudiantes podr\u00e1n reafirmar, profundizar, reflexionar lo te\u00f3rico con la formaci\u00f3n pr\u00e1ctica situada en la unidad de servicio y las tareas a desempe\u00f1ar estar\u00e1n relacionadas con el procesamiento de la informaci\u00f3n y puesta en pr\u00e1ctica de su aprendizaje en la carrera de grado.<\/p>\n<p>Para el espacio institucional, el aporte del Ayudante Alumno ser\u00e1 colaborar en<br \/>\nponer a disposici\u00f3n de la comunidad universitaria est\u00e1s colecciones relevantes para las distintas carreras de grado de la Facultad de Filosof\u00eda y Humanidades.<\/p>\n<p>Coordinador<br \/>\nLic. Jos\u00e9 Luis D\u00edaz<\/p>\n<p>Tareas a realizar<\/p>\n<p>o Inventario (identificaci\u00f3n patrimonial y elemento clave para pr\u00e9stamo), en el<br \/>\ncaso que fuera necesario.<br \/>\no Catalogaci\u00f3n (descripci\u00f3n bibliogr\u00e1fica)<br \/>\no Clasificaci\u00f3n (Asignaci\u00f3n de n\u00fameros de acuerdo a Clasificaci\u00f3n Decimal<br \/>\nUniversal para organizar por materias en el estante)<br \/>\no Indizaci\u00f3n (Asignaci\u00f3n de palabras claves y\/o materias para recuperaci\u00f3n<br \/>\npor temas)<br \/>\no Procesos F\u00edsicos (sellados, marbetes, fichas, etc.)<\/p>\n<p>Recursos Humanos<br \/>\n2 (dos) ayudante alumno<\/p>\n<p>Lic. Jos\u00e9 Luis D\u00edaz<br \/>\nJefe de Departamento Procesos T\u00e9cnicos<br \/>\nBiblioteca Elma K. de Estrabou<\/p>\n<p>Facultad de Filosof\u00eda y Humanidades y Facultad de Psicolog\u00eda<\/p>\n<p><a href=\"https:\/\/ffyh.unc.edu.ar\/biblioteca\/nueva-convocatoria-2025-ayudantes-alumnos-as-carrera-de-bibliotecologia-dup\/\">volver<\/a><\/p>\n","protected":false},"excerpt":{"rendered":"<div class=\"entry-summary\">\nLa Biblioteca Central de la Facultad de Filosof\u00eda y Humanidades \u201cElma Kohlmeyer de Estrabou\u201d se conforma de los departamentos Humanidades,&hellip;\n<\/div>\n<div class=\"link-more\"><a href=\"https:\/\/ffyh.unc.edu.ar\/biblioteca\/proyecto-del-departamento-procesos-tecnicos\/\" class=\"more-link\">Continuar leyendo<span class=\"screen-reader-text\"> &ldquo;PROYECTO DEL DEPARTAMENTO PROCESOS TECNICOS&rdquo;<\/span>&hellip;<\/a><\/div>\n","protected":false},"author":7,"featured_media":0,"parent":0,"menu_order":0,"comment_status":"closed","ping_status":"closed","template":"","meta":{"_acf_changed":false,"jetpack_post_was_ever_published":false,"footnotes":""},"class_list":["post-20663","page","type-page","status-publish","hentry","entry"],"acf":[],"jetpack_shortlink":"https:\/\/wp.me\/P9UJM9-5nh","jetpack-related-posts":[],"jetpack_sharing_enabled":true,"_links":{"self":[{"href":"https:\/\/ffyh.unc.edu.ar\/biblioteca\/wp-json\/wp\/v2\/pages\/20663","targetHints":{"allow":["GET"]}}],"collection":[{"href":"https:\/\/ffyh.unc.edu.ar\/biblioteca\/wp-json\/wp\/v2\/pages"}],"about":[{"href":"https:\/\/ffyh.unc.edu.ar\/biblioteca\/wp-json\/wp\/v2\/types\/page"}],"author":[{"embeddable":true,"href":"https:\/\/ffyh.unc.edu.ar\/biblioteca\/wp-json\/wp\/v2\/users\/7"}],"replies":[{"embeddable":true,"href":"https:\/\/ffyh.unc.edu.ar\/biblioteca\/wp-json\/wp\/v2\/comments?post=20663"}],"version-history":[{"count":3,"href":"https:\/\/ffyh.unc.edu.ar\/biblioteca\/wp-json\/wp\/v2\/pages\/20663\/revisions"}],"predecessor-version":[{"id":20667,"href":"https:\/\/ffyh.unc.edu.ar\/biblioteca\/wp-json\/wp\/v2\/pages\/20663\/revisions\/20667"}],"wp:attachment":[{"href":"https:\/\/ffyh.unc.edu.ar\/biblioteca\/wp-json\/wp\/v2\/media?parent=20663"}],"curies":[{"name":"wp","href":"https:\/\/api.w.org\/{rel}","templated":true}]}}