{"id":20674,"date":"2025-06-05T15:57:41","date_gmt":"2025-06-05T15:57:41","guid":{"rendered":"https:\/\/ffyh.unc.edu.ar\/biblioteca\/?page_id=20674"},"modified":"2025-06-05T16:01:06","modified_gmt":"2025-06-05T16:01:06","slug":"proyecto-del-departamento-procesos-tecnicos-seccion-patrimonio-bibliografico-y-documental","status":"publish","type":"page","link":"https:\/\/ffyh.unc.edu.ar\/biblioteca\/proyecto-del-departamento-procesos-tecnicos-seccion-patrimonio-bibliografico-y-documental\/","title":{"rendered":"PROYECTO DEL DEPARTAMENTO PROCESOS TECNICOS SECCI\u00d3N PATRIMONIO BIBLIOGR\u00c1FICO Y DOCUMENTAL"},"content":{"rendered":"<p>Introducci\u00f3n:<\/p>\n<p>La Biblioteca Central \u201cElma Kohlmeyer de Estrabou\u201d de la Facultad de Filosof\u00eda<br \/>\ny Humanidades se estructura en diversos departamentos especializados, entre ellos:<br \/>\nHumanidades, Comunicaci\u00f3n, Biblioteconom\u00eda, Hemeroteca y Referencia, Estudios<br \/>\nAmericanistas y Antropolog\u00eda y Procesos T\u00e9cnicos. La organizaci\u00f3n del trabajo en la<br \/>\nBiblioteca responde a las caracter\u00edsticas del acervo documental que resguarda cada \u00e1rea, por lo cual, cada departamento se encarga del procesamiento de su propio material, en articulaci\u00f3n con el Departamento de Procesos T\u00e9cnicos.<\/p>\n<p>En este marco, y a trav\u00e9s de la secci\u00f3n de Patrimonio Bibliogr\u00e1fico y<br \/>\nDocumental, dependiente del Departamento de Procesos T\u00e9cnicos se propone trabajar con el fondo documental Monse\u00f1or Pablo Cabrera, que actualmente se encuentra bajo custodia del Departamento de Americanista y Antropolog\u00eda, con el objetivo de resguardar, digitalizar, describir y poner a disposici\u00f3n este importante conjunto documental para la comunidad acad\u00e9mica.<\/p>\n<p>Asimismo, la participaci\u00f3n del\/de la Ayudante Alumno\/a en este proyecto<br \/>\nconstituye una experiencia de formaci\u00f3n situada, con un fuerte componente did\u00e1ctico y pedag\u00f3gico. Al integrarse a la Secci\u00f3n de Patrimonio Bibliogr\u00e1fico y Documental, el\/la estudiante podr\u00e1 aplicar en un entorno real los conocimientos adquiridos en su formaci\u00f3n acad\u00e9mica, especialmente aquellos vinculados con la conservaci\u00f3n, digitalizaci\u00f3n y descripci\u00f3n archiv\u00edstica. Esta instancia formativa permite el desarrollo de habilidades pr\u00e1cticas, la incorporaci\u00f3n de criterios t\u00e9cnicos y \u00e9ticos en el manejo de documentaci\u00f3n hist\u00f3rica, y la reflexi\u00f3n cr\u00edtica sobre los procesos de organizaci\u00f3n y puesta en valor del patrimonio documental. En este sentido, la propuesta no s\u00f3lo fortalece la articulaci\u00f3n entre la teor\u00eda y la pr\u00e1ctica, sino que tambi\u00e9n contribuye a consolidar una perspectiva integral del<br \/>\nrol profesional del\/de la archivista en instituciones universitarias.<\/p>\n<p>Por lo cual, se solicita la incorporaci\u00f3n de un\/a (1) ayudante alumno\/a de la<br \/>\nEscuela de Archivolog\u00eda, con el fin de colaborar con la Secci\u00f3n de Patrimonio<br \/>\nBibliogr\u00e1fico y Documental en el tratamiento del fondo documental Monse\u00f1or Pablo<br \/>\nCabrera, para avanzar en su conservaci\u00f3n, acceso y puesta en valor.<\/p>\n<p>Coordina:<br \/>\nBibl. Luciana Laura Cabrera<\/p>\n<p>Tareas a realizar<\/p>\n<p>o Limpieza y acondicionamiento de documentaci\u00f3n hist\u00f3rica.<br \/>\no Digitalizaci\u00f3n del fondo documental.<br \/>\no Descripci\u00f3n documental de acuerdo con principios archiv\u00edsticos.<\/p>\n<p>Recursos Humanos<br \/>\n1 (un) ayudante alumno<\/p>\n<p>Bibl. Luciana Laura Cabrera<br \/>\nSecci\u00f3n Patrimonio Bibliogr\u00e1fico y Documental<br \/>\nDepartamento Procesos T\u00e9cnicos<br \/>\nBiblioteca Elma K. de Estrabou<\/p>\n<p>Facultad de Filosof\u00eda y Humanidades y Facultad de Psicolog\u00eda<\/p>\n<p><a href=\"https:\/\/ffyh.unc.edu.ar\/biblioteca\/nueva-convocatoria-2025-ayudantes-alumnos-as-carrera-de-archivologia\/\">volver<\/a><\/p>\n","protected":false},"excerpt":{"rendered":"<div class=\"entry-summary\">\nIntroducci\u00f3n: La Biblioteca Central \u201cElma Kohlmeyer de Estrabou\u201d de la Facultad de Filosof\u00eda y Humanidades se estructura en diversos departamentos&hellip;\n<\/div>\n<div class=\"link-more\"><a href=\"https:\/\/ffyh.unc.edu.ar\/biblioteca\/proyecto-del-departamento-procesos-tecnicos-seccion-patrimonio-bibliografico-y-documental\/\" class=\"more-link\">Continuar leyendo<span class=\"screen-reader-text\"> &ldquo;PROYECTO DEL DEPARTAMENTO PROCESOS TECNICOS SECCI\u00d3N PATRIMONIO BIBLIOGR\u00c1FICO Y DOCUMENTAL&rdquo;<\/span>&hellip;<\/a><\/div>\n","protected":false},"author":7,"featured_media":0,"parent":0,"menu_order":0,"comment_status":"closed","ping_status":"closed","template":"","meta":{"_acf_changed":false,"jetpack_post_was_ever_published":false,"footnotes":""},"class_list":["post-20674","page","type-page","status-publish","hentry","entry"],"acf":[],"jetpack_shortlink":"https:\/\/wp.me\/P9UJM9-5ns","jetpack-related-posts":[],"jetpack_sharing_enabled":true,"_links":{"self":[{"href":"https:\/\/ffyh.unc.edu.ar\/biblioteca\/wp-json\/wp\/v2\/pages\/20674","targetHints":{"allow":["GET"]}}],"collection":[{"href":"https:\/\/ffyh.unc.edu.ar\/biblioteca\/wp-json\/wp\/v2\/pages"}],"about":[{"href":"https:\/\/ffyh.unc.edu.ar\/biblioteca\/wp-json\/wp\/v2\/types\/page"}],"author":[{"embeddable":true,"href":"https:\/\/ffyh.unc.edu.ar\/biblioteca\/wp-json\/wp\/v2\/users\/7"}],"replies":[{"embeddable":true,"href":"https:\/\/ffyh.unc.edu.ar\/biblioteca\/wp-json\/wp\/v2\/comments?post=20674"}],"version-history":[{"count":2,"href":"https:\/\/ffyh.unc.edu.ar\/biblioteca\/wp-json\/wp\/v2\/pages\/20674\/revisions"}],"predecessor-version":[{"id":20677,"href":"https:\/\/ffyh.unc.edu.ar\/biblioteca\/wp-json\/wp\/v2\/pages\/20674\/revisions\/20677"}],"wp:attachment":[{"href":"https:\/\/ffyh.unc.edu.ar\/biblioteca\/wp-json\/wp\/v2\/media?parent=20674"}],"curies":[{"name":"wp","href":"https:\/\/api.w.org\/{rel}","templated":true}]}}