{"id":21,"date":"2013-12-18T19:30:45","date_gmt":"2013-12-18T19:30:45","guid":{"rendered":"http:\/\/www.ffyh.unc.edu.ar\/biblioteca1\/?page_id=21"},"modified":"2018-05-22T19:16:48","modified_gmt":"2018-05-22T19:16:48","slug":"mision","status":"publish","type":"page","link":"https:\/\/ffyh.unc.edu.ar\/biblioteca\/sobre-la-biblioteca\/mision\/","title":{"rendered":"Misi\u00f3n y Visi\u00f3n"},"content":{"rendered":"<p style=\"text-align: justify\"><b>MISI\u00d3N<\/b><\/p>\n<p style=\"text-align: justify\"><span style=\"font-size: 14pt\">La Biblioteca \u201cElma Kohlmeyer de Estrabou\u201d es una biblioteca p\u00fablica universitaria, orientada a las ciencias sociales y humanidades que presta servicio y satisface las demandas de informaci\u00f3n de toda la comunidad universitaria y del p\u00fablico en general. Gestiona y proporciona informaci\u00f3n al usuario y es un espacio de contenci\u00f3n para los estudiantes; realiza su labor de manera profesional, con compromiso, colaboraci\u00f3n y calidad a fin de facilitar el acceso a la informaci\u00f3n, contribuir al aprendizaje, difundir el saber y la cultura y aportar a la generaci\u00f3n de nuevos conocimientos.<\/span><\/p>\n<p>&nbsp;<\/p>\n<p style=\"text-align: justify\"><b>VISI\u00d3N<\/b><\/p>\n<p style=\"text-align: justify\"><span style=\"font-size: 14pt\">La Biblioteca \u201cElma Kohlmeyer de Estrabou\u201d visiona ser un modelo a seguir que trabaje de manera conjunta con otras instituciones, con compromiso, responsabilidad y profesionalismo.\u00a0 Adapt\u00e1ndose a las necesidades de los usuarios, ampliando los servicios, optimizando las herramientas tecnol\u00f3gicas y ofreciendo mayor disponibilidad y accesibilidad. Se propone en correlaci\u00f3n la formaci\u00f3n permanente de su personal, la mejora de sus instalaciones, infraestructura y equipamiento inform\u00e1tico, la innovaci\u00f3n y planificaci\u00f3n de actividades de manera coordinada y en interacci\u00f3n con el usuario, la extensi\u00f3n universitaria y la mejora en la comunicaci\u00f3n interna y externa. Se proyecta a ser una Biblioteca abierta a la comunidad.<\/span><\/p>\n","protected":false},"excerpt":{"rendered":"<div class=\"entry-summary\">\nMISI\u00d3N La Biblioteca \u201cElma Kohlmeyer de Estrabou\u201d es una biblioteca p\u00fablica universitaria, orientada a las ciencias sociales y humanidades que&hellip;\n<\/div>\n<div class=\"link-more\"><a href=\"https:\/\/ffyh.unc.edu.ar\/biblioteca\/sobre-la-biblioteca\/mision\/\" class=\"more-link\">Continuar leyendo<span class=\"screen-reader-text\"> &ldquo;Misi\u00f3n y Visi\u00f3n&rdquo;<\/span>&hellip;<\/a><\/div>\n","protected":false},"author":1,"featured_media":0,"parent":7,"menu_order":2,"comment_status":"closed","ping_status":"open","template":"","meta":{"_acf_changed":false,"jetpack_post_was_ever_published":false,"footnotes":""},"class_list":["post-21","page","type-page","status-publish","hentry","entry"],"acf":[],"jetpack_shortlink":"https:\/\/wp.me\/P9UJM9-l","jetpack-related-posts":[],"jetpack_sharing_enabled":true,"_links":{"self":[{"href":"https:\/\/ffyh.unc.edu.ar\/biblioteca\/wp-json\/wp\/v2\/pages\/21","targetHints":{"allow":["GET"]}}],"collection":[{"href":"https:\/\/ffyh.unc.edu.ar\/biblioteca\/wp-json\/wp\/v2\/pages"}],"about":[{"href":"https:\/\/ffyh.unc.edu.ar\/biblioteca\/wp-json\/wp\/v2\/types\/page"}],"author":[{"embeddable":true,"href":"https:\/\/ffyh.unc.edu.ar\/biblioteca\/wp-json\/wp\/v2\/users\/1"}],"replies":[{"embeddable":true,"href":"https:\/\/ffyh.unc.edu.ar\/biblioteca\/wp-json\/wp\/v2\/comments?post=21"}],"version-history":[{"count":4,"href":"https:\/\/ffyh.unc.edu.ar\/biblioteca\/wp-json\/wp\/v2\/pages\/21\/revisions"}],"predecessor-version":[{"id":2536,"href":"https:\/\/ffyh.unc.edu.ar\/biblioteca\/wp-json\/wp\/v2\/pages\/21\/revisions\/2536"}],"up":[{"embeddable":true,"href":"https:\/\/ffyh.unc.edu.ar\/biblioteca\/wp-json\/wp\/v2\/pages\/7"}],"wp:attachment":[{"href":"https:\/\/ffyh.unc.edu.ar\/biblioteca\/wp-json\/wp\/v2\/media?parent=21"}],"curies":[{"name":"wp","href":"https:\/\/api.w.org\/{rel}","templated":true}]}}