{"id":2136,"date":"2018-05-09T17:28:53","date_gmt":"2018-05-09T17:28:53","guid":{"rendered":"http:\/\/ffyh.unc.edu.ar\/biblioteca\/?page_id=2136"},"modified":"2019-10-08T19:25:53","modified_gmt":"2019-10-08T19:25:53","slug":"repositorio-institucional-unc-2","status":"publish","type":"page","link":"https:\/\/ffyh.unc.edu.ar\/biblioteca\/repositorio-institucional-unc-2\/","title":{"rendered":"Repositorio Institucional UNC"},"content":{"rendered":"<p><strong>NORMATIVAS<\/strong><\/p>\n<p style=\"text-align: justify\">El Ministerio de Ciencia, Tecnolog\u00eda e Innovaci\u00f3n Productiva\u00a0 impuls\u00f3 la <a href=\"http:\/\/repositorios.mincyt.gob.ar\/pdfs\/Boletin_Oficial_Ley_26899.pdf\">Ley N\u00ba 26.899<\/a> de \u201cCreaci\u00f3n de Repositorios Digitales Institucionales de Acceso Abierto, Propios o Compartidos\u201d.<\/p>\n<p style=\"text-align: justify\">Esta ley fue promulgada por unanimidad el 13 de noviembre 2013 y reglamentada por <a href=\"https:\/\/www.boletinoficial.gob.ar\/#!DetalleNorma\/154125\/20161116\">Resoluci\u00f3n E 753<\/a> del 10 de noviembre de 2016.<\/p>\n<p style=\"text-align: justify\">De acuerdo a la Ley 26899, las Instituciones comprendidas en el art.1, deb\u00edan establecer repositorios digitales de acceso abierto, as\u00ed como tambi\u00e9n pol\u00edticas institucionales para su gesti\u00f3n y preservaci\u00f3n a largo plazo.<\/p>\n<p style=\"text-align: justify\">Por tal motivo el Honorable Consejo Superior aprob\u00f3 el 7 de noviembre de 2017 Las <strong>Pol\u00edticas Institucionales de Acceso Abierto para Publicaciones de la Universidad Nacional de C\u00f3rdoba, (Resoluci\u00f3n 1365\/2017)<\/strong>\u00a0<a href=\"http:\/\/www.digesto.unc.edu.ar\/consejo-superior\/honorable-consejo-superior\/resolucion\/1365_2017\/?searchterm=1365\/2017\">Resoluci\u00f3n 1365\/2017<\/a><\/p>\n<p><strong>OTRAS NORMATIVAS DE INTER\u00c9S<\/strong><\/p>\n<ul>\n<li>\n<p style=\"text-align: justify\"><a href=\"http:\/\/www.infoleg.gov.ar\/infolegInternet\/anexos\/60000-64999\/64790\/norma.htm\">Ley 25.326: de Protecci\u00f3n de Datos Personales. Decreto 1558\/2001 (29\/11\/2001), reglamentaci\u00f3n de la Ley 25.326<\/a>.<\/p>\n<\/li>\n<li><a href=\"http:\/\/infoleg.mecon.gov.ar\/infolegInternet\/anexos\/40000-44999\/42755\/texact.htm\">Ley 11.723 \u2013 R\u00e9gimen legal de la Propiedad Intelectual<\/a><\/li>\n<li>\n<p style=\"text-align: justify\"><a href=\"http:\/\/www.mincyt.gob.ar\/informes\/proposiciones-para-una-ciencia-y-una-tecnologia-socialmente-responsables-8108\">Proposiciones para una ciencia y una tecnolog\u00eda socialmente responsable. Comit\u00e9 Nacional de \u00c9tica en la Ciencia y la Tecnolog\u00eda. Ministerio de Ciencia y Tecnolog\u00eda e Innovaci\u00f3n Productiva<\/a>.<\/p>\n<\/li>\n<li><a href=\"http:\/\/www.creativecommons.org.ar\/licencias\"><u>Licencias Creative Commons<\/u><\/a><\/li>\n<li><a href=\"http:\/\/www.digesto.unc.edu.ar\/consejo-superior\/honorable-consejo-superior\/resolucion\/1125_2017\/?searchterm=1125\"><u>Resoluci\u00f3n de Filiaci\u00f3n Institucional<\/u><\/a><\/li>\n<\/ul>\n<p>&nbsp;<\/p>\n","protected":false},"excerpt":{"rendered":"<div class=\"entry-summary\">\nNORMATIVAS El Ministerio de Ciencia, Tecnolog\u00eda e Innovaci\u00f3n Productiva\u00a0 impuls\u00f3 la Ley N\u00ba 26.899 de \u201cCreaci\u00f3n de Repositorios Digitales Institucionales&hellip;\n<\/div>\n<div class=\"link-more\"><a href=\"https:\/\/ffyh.unc.edu.ar\/biblioteca\/repositorio-institucional-unc-2\/\" class=\"more-link\">Continuar leyendo<span class=\"screen-reader-text\"> &ldquo;Repositorio Institucional UNC&rdquo;<\/span>&hellip;<\/a><\/div>\n","protected":false},"author":7,"featured_media":0,"parent":0,"menu_order":0,"comment_status":"closed","ping_status":"closed","template":"","meta":{"_acf_changed":false,"jetpack_post_was_ever_published":false,"footnotes":""},"class_list":["post-2136","page","type-page","status-publish","hentry","entry"],"acf":[],"jetpack_shortlink":"https:\/\/wp.me\/P9UJM9-ys","jetpack-related-posts":[],"jetpack_sharing_enabled":true,"_links":{"self":[{"href":"https:\/\/ffyh.unc.edu.ar\/biblioteca\/wp-json\/wp\/v2\/pages\/2136","targetHints":{"allow":["GET"]}}],"collection":[{"href":"https:\/\/ffyh.unc.edu.ar\/biblioteca\/wp-json\/wp\/v2\/pages"}],"about":[{"href":"https:\/\/ffyh.unc.edu.ar\/biblioteca\/wp-json\/wp\/v2\/types\/page"}],"author":[{"embeddable":true,"href":"https:\/\/ffyh.unc.edu.ar\/biblioteca\/wp-json\/wp\/v2\/users\/7"}],"replies":[{"embeddable":true,"href":"https:\/\/ffyh.unc.edu.ar\/biblioteca\/wp-json\/wp\/v2\/comments?post=2136"}],"version-history":[{"count":13,"href":"https:\/\/ffyh.unc.edu.ar\/biblioteca\/wp-json\/wp\/v2\/pages\/2136\/revisions"}],"predecessor-version":[{"id":3841,"href":"https:\/\/ffyh.unc.edu.ar\/biblioteca\/wp-json\/wp\/v2\/pages\/2136\/revisions\/3841"}],"wp:attachment":[{"href":"https:\/\/ffyh.unc.edu.ar\/biblioteca\/wp-json\/wp\/v2\/media?parent=2136"}],"curies":[{"name":"wp","href":"https:\/\/api.w.org\/{rel}","templated":true}]}}