{"id":23,"date":"2013-12-18T19:35:29","date_gmt":"2013-12-18T19:35:29","guid":{"rendered":"http:\/\/www.ffyh.unc.edu.ar\/biblioteca1\/?page_id=23"},"modified":"2018-05-22T19:18:55","modified_gmt":"2018-05-22T19:18:55","slug":"nuestra-historia","status":"publish","type":"page","link":"https:\/\/ffyh.unc.edu.ar\/biblioteca\/sobre-la-biblioteca\/nuestra-historia\/","title":{"rendered":"Nuestra Historia"},"content":{"rendered":"<p style=\"text-align: justify\"><span style=\"font-size: 14pt\">En el a\u00f1o 1934, el\u00a0 d\u00eda 13 de junio, bajo la direcci\u00f3n de Emile Gouiran, se funda el Instituto de Filosof\u00eda; el cual viene a llenar un vac\u00edo en el \u00e1mbito acad\u00e9mico, pero tambi\u00e9n en el orden cultural de la Ciudad de C\u00f3rdoba.<\/span><\/p>\n<p style=\"text-align: justify\"><span style=\"font-size: 14pt\">En el marco del Instituto comienza a funcionar una biblioteca, administrada por la se\u00f1ora Elisa J. Avgherino, que atend\u00eda un alto n\u00famero de pedidos y consultas de car\u00e1cter bibliogr\u00e1fico.\u00a0 El movimiento general pronto fue de tal magnitud, que se requirieron dos turnos de biblioteca para atender eficientemente todos los pedidos.<\/span><\/p>\n<p style=\"text-align: justify\"><span style=\"font-size: 14pt\">En 1940, el Honorable Consejo Superior, decide establecer un Instituto con rasgos propios, para lo cual sanciona la Ordenanza de creaci\u00f3n del Instituto de Humanidades, el 18 de enero de ese a\u00f1o, sobre la base del Instituto de Filosof\u00eda y comprendi\u00e9ndolo.<\/span><\/p>\n<p style=\"text-align: justify\"><span style=\"font-size: 14pt\">Es el reglamento de este Instituto, en su articulo 19 \u00ab<em>Sobre el funcionamiento de la Biblioteca<\/em>\u00ab, que se dictan las primeras pautas destinada\u00a0 al tratamiento del material blibliogr\u00e1fico y reglamentaci\u00f3n\u00a0 para los usuarios<\/span><\/p>\n<p style=\"text-align: justify\"><span style=\"font-size: 14pt\">Finalmente, dichos Institutos se transformaron en Facultad de Filosof\u00eda y Humanidades, el 25 de septiembre de 1946. El fondo bibliogr\u00e1fico perteneciente al Instituto de Humanidades se convierte en Biblioteca Central de esta Facultad.<\/span><\/p>\n<p style=\"text-align: justify\"><img data-recalc-dims=\"1\" loading=\"lazy\" decoding=\"async\" data-attachment-id=\"2415\" data-permalink=\"https:\/\/ffyh.unc.edu.ar\/biblioteca\/sobre-la-biblioteca\/nuestra-historia\/c\/\" data-orig-file=\"https:\/\/i0.wp.com\/ffyh.unc.edu.ar\/biblioteca\/wp-content\/uploads\/sites\/4\/2018\/05\/c.jpg?fit=744%2C516&amp;ssl=1\" data-orig-size=\"744,516\" data-comments-opened=\"0\" data-image-meta=\"{&quot;aperture&quot;:&quot;0&quot;,&quot;credit&quot;:&quot;&quot;,&quot;camera&quot;:&quot;&quot;,&quot;caption&quot;:&quot;&quot;,&quot;created_timestamp&quot;:&quot;0&quot;,&quot;copyright&quot;:&quot;&quot;,&quot;focal_length&quot;:&quot;0&quot;,&quot;iso&quot;:&quot;0&quot;,&quot;shutter_speed&quot;:&quot;0&quot;,&quot;title&quot;:&quot;&quot;,&quot;orientation&quot;:&quot;0&quot;}\" data-image-title=\"c\" data-image-description=\"\" data-image-caption=\"\" data-medium-file=\"https:\/\/i0.wp.com\/ffyh.unc.edu.ar\/biblioteca\/wp-content\/uploads\/sites\/4\/2018\/05\/c.jpg?fit=300%2C208&amp;ssl=1\" data-large-file=\"https:\/\/i0.wp.com\/ffyh.unc.edu.ar\/biblioteca\/wp-content\/uploads\/sites\/4\/2018\/05\/c.jpg?fit=744%2C516&amp;ssl=1\" class=\"size-full wp-image-2415 aligncenter\" src=\"https:\/\/i0.wp.com\/ffyh.unc.edu.ar\/biblioteca\/wp-content\/uploads\/sites\/4\/2018\/05\/c.jpg?resize=744%2C516\" alt=\"\" width=\"744\" height=\"516\" srcset=\"https:\/\/i0.wp.com\/ffyh.unc.edu.ar\/biblioteca\/wp-content\/uploads\/sites\/4\/2018\/05\/c.jpg?w=744&amp;ssl=1 744w, https:\/\/i0.wp.com\/ffyh.unc.edu.ar\/biblioteca\/wp-content\/uploads\/sites\/4\/2018\/05\/c.jpg?resize=300%2C208&amp;ssl=1 300w\" sizes=\"auto, (max-width: 744px) 100vw, 744px\" \/> <span style=\"font-size: 14pt\">Tambi\u00e9n pasaron a depender de esta Facultad los Institutos de Antropolog\u00eda, Ing. An\u00edbal Montes, con su Biblioteca y el Instituto de Estudios Americanistas, Mons. Pablo Cabrera, con su Biblioteca y Fondo Documental; constituido por una donaci\u00f3n de libros, documentos y manuscritos, as\u00ed como tambi\u00e9n, su valioso mobiliario. Esta\u00a0 donaci\u00f3n\u00a0 se efectu\u00f3 seg\u00fan cla\u00fasula\u00a0 testamentaria, de julio 23 de 1936 por\u00a0 Monse\u00f1or Pablo Cabrera.<\/span><\/p>\n<p style=\"text-align: justify\"><span style=\"font-size: 14pt\">Durante el transcurso de los a\u00f1os, se fueron creando las distintas escuelas que integran hoy esta Facultad; Escuela de Artes, Archivolog\u00eda, Bibliotecolog\u00eda, Ciencias de la Educaci\u00f3n, Filosof\u00eda, Historia, Letras Cl\u00e1sicas, Letras\u00a0 Modernas y\u00a0 Psicolog\u00eda.<br \/>\n<\/span><\/p>\n<p>\u00a0 \u00a0 <img data-recalc-dims=\"1\" loading=\"lazy\" decoding=\"async\" data-attachment-id=\"2416\" data-permalink=\"https:\/\/ffyh.unc.edu.ar\/biblioteca\/sobre-la-biblioteca\/nuestra-historia\/d\/\" data-orig-file=\"https:\/\/i0.wp.com\/ffyh.unc.edu.ar\/biblioteca\/wp-content\/uploads\/sites\/4\/2018\/05\/d.jpg?fit=744%2C484&amp;ssl=1\" data-orig-size=\"744,484\" data-comments-opened=\"0\" data-image-meta=\"{&quot;aperture&quot;:&quot;0&quot;,&quot;credit&quot;:&quot;&quot;,&quot;camera&quot;:&quot;&quot;,&quot;caption&quot;:&quot;&quot;,&quot;created_timestamp&quot;:&quot;0&quot;,&quot;copyright&quot;:&quot;&quot;,&quot;focal_length&quot;:&quot;0&quot;,&quot;iso&quot;:&quot;0&quot;,&quot;shutter_speed&quot;:&quot;0&quot;,&quot;title&quot;:&quot;&quot;,&quot;orientation&quot;:&quot;0&quot;}\" data-image-title=\"d\" data-image-description=\"\" data-image-caption=\"\" data-medium-file=\"https:\/\/i0.wp.com\/ffyh.unc.edu.ar\/biblioteca\/wp-content\/uploads\/sites\/4\/2018\/05\/d.jpg?fit=300%2C195&amp;ssl=1\" data-large-file=\"https:\/\/i0.wp.com\/ffyh.unc.edu.ar\/biblioteca\/wp-content\/uploads\/sites\/4\/2018\/05\/d.jpg?fit=744%2C484&amp;ssl=1\" class=\"size-full wp-image-2416 aligncenter\" src=\"https:\/\/i0.wp.com\/ffyh.unc.edu.ar\/biblioteca\/wp-content\/uploads\/sites\/4\/2018\/05\/d.jpg?resize=744%2C484\" alt=\"\" width=\"744\" height=\"484\" srcset=\"https:\/\/i0.wp.com\/ffyh.unc.edu.ar\/biblioteca\/wp-content\/uploads\/sites\/4\/2018\/05\/d.jpg?w=744&amp;ssl=1 744w, https:\/\/i0.wp.com\/ffyh.unc.edu.ar\/biblioteca\/wp-content\/uploads\/sites\/4\/2018\/05\/d.jpg?resize=300%2C195&amp;ssl=1 300w\" sizes=\"auto, (max-width: 744px) 100vw, 744px\" \/><\/p>\n<p style=\"text-align: justify\"><span style=\"font-size: 14pt\">El d\u00eda 1 de septiembre de 1999, se culmina con la tarea de unificaci\u00f3n de las Bibliotecas: Central, de la Escuela de Archivolog\u00eda, de Bibliotecolog\u00eda y las dependientes de los Insti<\/span><span style=\"font-size: 14pt\">tutos de Estudios Americanistas y de Antropolog\u00eda, en un nuevo edificio acondicionado a tal fin, las cuales\u00a0 se encont<\/span><span style=\"font-size: 14pt\">raban funcionando en distintos edificios de la ciudad Universitaria.<\/span><\/p>\n<p style=\"text-align: justify\"><span style=\"font-size: 14pt\">Con esta unificaci\u00f3n\u00a0 queda formada la Biblioteca \u00abElma Kohlmeyer de Estrabou\u00bb organizada en distintos Departamentos y Secciones.<\/span><\/p>\n<p style=\"text-align: justify\"><strong>\u00a0<span style=\"font-size: 14pt\">DIRECTORES DE LA BIBLIOTECA<\/span><\/strong><\/p>\n<p style=\"text-align: justify\"><span style=\"font-size: 14pt\">La\u00a0<strong>Biblioteca \u201c<a href=\"https:\/\/ffyh.unc.edu.ar\/biblioteca\/presentacion\/#lectura\">Elma Kohlmeyer de Estrabou<\/a>\u201d\u00a0<\/strong>surgi\u00f3 al crearse\u00a0<\/span><span style=\"font-size: 14pt\">el Instituto de Filosof\u00eda de la UNC el 13 de junio de 1934 con la direcci\u00f3n del Prof. Emile Gouiran.<\/span><\/p>\n<p style=\"text-align: justify\"><span style=\"font-size: 14pt\">En 1947 la Biblioteca funcionaba en el edificio Stabio sito en Av. Gral. Paz 120, siendo la Directora la Sra. Nelly Fournier de Pastore.<\/span><\/p>\n<p style=\"text-align: justify\"><span style=\"font-size: 14pt\">De 1952 a 1955 se nombra como jefe de Biblioteca al prof. Jos\u00e9 Mar\u00eda Fragueiro.<\/span><\/p>\n<p style=\"text-align: justify\"><span style=\"font-size: 14pt\">De 1957 a 1959 fue Directora la profesora Marta Couruchet y ese<\/span><span style=\"font-size: 14pt\">\u00a0a\u00f1o se produjo el traslado a las instalaciones del Pabell\u00f3n Residencial.<\/span><\/p>\n<p style=\"text-align: justify\"><span style=\"font-size: 14pt\">A posteriori se hace cargo de la direcci\u00f3n la prof. Elma Kohlmeyer de Estrabou. Con motivo de los 50 a\u00f1os de la Facultad, la Biblioteca Central recibe su nombre.<\/span><\/p>\n<p style=\"text-align: justify\"><span style=\"font-size: 14pt\">De 1965 hasta 1990 se desempe\u00f1a como directora la Bibliotecaria Srta. Alicia Goubessian.<\/span><\/p>\n<p style=\"text-align: justify\"><span style=\"font-size: 14pt\">De 1990, dirige la Bca. la Bib. Teresa Cap<\/span><span style=\"font-size: 14pt\">devila de Diez, quien a trav\u00e9s de su proyecto, logr\u00f3 la informatizaci\u00f3n completa de la Bca.<\/span><\/p>\n<p style=\"text-align: justify\"><span style=\"font-size: 14pt\">A partir del 2000 se hace cargo de la Direcci\u00f3n la Lic. Alicia Centeno Sosa.<\/span><\/p>\n<p style=\"text-align: justify\"><span style=\"font-size: 14pt\">Y desde febrero de 2017, asume como Directora la Lic. Alejandra Greiff<\/span><\/p>\n","protected":false},"excerpt":{"rendered":"<div class=\"entry-summary\">\nEn el a\u00f1o 1934, el\u00a0 d\u00eda 13 de junio, bajo la direcci\u00f3n de Emile Gouiran, se funda el Instituto de&hellip;\n<\/div>\n<div class=\"link-more\"><a href=\"https:\/\/ffyh.unc.edu.ar\/biblioteca\/sobre-la-biblioteca\/nuestra-historia\/\" class=\"more-link\">Continuar leyendo<span class=\"screen-reader-text\"> &ldquo;Nuestra Historia&rdquo;<\/span>&hellip;<\/a><\/div>\n","protected":false},"author":1,"featured_media":0,"parent":7,"menu_order":3,"comment_status":"closed","ping_status":"open","template":"","meta":{"_acf_changed":false,"jetpack_post_was_ever_published":false,"footnotes":""},"class_list":["post-23","page","type-page","status-publish","hentry","entry"],"acf":[],"jetpack_shortlink":"https:\/\/wp.me\/P9UJM9-n","jetpack-related-posts":[],"jetpack_sharing_enabled":true,"_links":{"self":[{"href":"https:\/\/ffyh.unc.edu.ar\/biblioteca\/wp-json\/wp\/v2\/pages\/23","targetHints":{"allow":["GET"]}}],"collection":[{"href":"https:\/\/ffyh.unc.edu.ar\/biblioteca\/wp-json\/wp\/v2\/pages"}],"about":[{"href":"https:\/\/ffyh.unc.edu.ar\/biblioteca\/wp-json\/wp\/v2\/types\/page"}],"author":[{"embeddable":true,"href":"https:\/\/ffyh.unc.edu.ar\/biblioteca\/wp-json\/wp\/v2\/users\/1"}],"replies":[{"embeddable":true,"href":"https:\/\/ffyh.unc.edu.ar\/biblioteca\/wp-json\/wp\/v2\/comments?post=23"}],"version-history":[{"count":7,"href":"https:\/\/ffyh.unc.edu.ar\/biblioteca\/wp-json\/wp\/v2\/pages\/23\/revisions"}],"predecessor-version":[{"id":2537,"href":"https:\/\/ffyh.unc.edu.ar\/biblioteca\/wp-json\/wp\/v2\/pages\/23\/revisions\/2537"}],"up":[{"embeddable":true,"href":"https:\/\/ffyh.unc.edu.ar\/biblioteca\/wp-json\/wp\/v2\/pages\/7"}],"wp:attachment":[{"href":"https:\/\/ffyh.unc.edu.ar\/biblioteca\/wp-json\/wp\/v2\/media?parent=23"}],"curies":[{"name":"wp","href":"https:\/\/api.w.org\/{rel}","templated":true}]}}