{"id":2341,"date":"2018-05-14T15:21:14","date_gmt":"2018-05-14T15:21:14","guid":{"rendered":"http:\/\/ffyh.unc.edu.ar\/biblioteca\/?page_id=2341"},"modified":"2018-08-09T18:52:12","modified_gmt":"2018-08-09T18:52:12","slug":"catalogo-de-sermones-de-la-coleccion-documental-monsenor-dr-pablo-cabrera-2","status":"publish","type":"page","link":"https:\/\/ffyh.unc.edu.ar\/biblioteca\/catalogo-de-sermones-de-la-coleccion-documental-monsenor-dr-pablo-cabrera-2\/","title":{"rendered":"CAT\u00c1LOGO DE SERMONES DE LA COLECCI\u00d3N DOCUMENTAL \u201cMonse\u00f1or Dr. Pablo Cabrera\u201d"},"content":{"rendered":"<p style=\"color: #333333;text-align: justify\"><span style=\"font-size: 14pt\">En el a\u00f1o 2005, un grupo de\u00a0 profesores de la Universidad Nacional de C\u00f3rdoba, nos reunimos para redactar un proyecto relativo a Sermones, un tipo documental que hall\u00e1bamos recurrente en archivos y bibliotecas y que no hab\u00eda sido abordado de modo integral en Argentina.<\/span><\/p>\n<p style=\"color: #333333;text-align: justify\"><span style=\"font-size: 14pt\">Formamos un equipo interdisciplinario con historiadores (Ana Mar\u00eda Mart\u00ednez de S\u00e1nchez, Silvano Benito Moya, Karina Clissa y Alejandra Bustos Posse), una especialista en Letras Cl\u00e1sicas (Julieta M. Consigli) y una Archivera (Norma C. Fenoglio). El proyecto\u00a0<em>En torno a la oratoria sagrada. Oralidad y escritura en sermones coloniales,\u00a0<\/em>mereci\u00f3 acreditaci\u00f3n y subsidio de la Secretar\u00eda de Ciencia y Tecnolog\u00eda de dicha Universidad, en los per\u00edodos 2006-2007 y 2008-2009.<\/span><\/p>\n<p style=\"color: #333333;text-align: justify\"><span style=\"font-size: 14pt\">La decisi\u00f3n de que integrara el equipo la Arch. Norma C. Fenoglio, permiti\u00f3 realizar la confecci\u00f3n de un\u00a0<em>Cat\u00e1logo<\/em>, que no s\u00f3lo representa un avance en la descripci\u00f3n archiv\u00edstica sino que result\u00f3 un \u201censayo\u201d enriquecedor de aplicaci\u00f3n de las\u00a0<em>Normas\u00a0 ISAD (G)<\/em>\u00a0a un tipo documental de una colecci\u00f3n, cuando \u00e9stas hab\u00edan sido redactadas para su empleo s\u00f3lo a Fondos Documentales.<\/span><\/p>\n<p style=\"color: #333333;text-align: justify\"><span style=\"font-size: 14pt\">El proyecto ha estado radicado en el\u00a0<em>Programa de Estudios Indianos<\/em>, del Centro de Estudios Avanzados (CONICET-UNC), y ha producido un libro, art\u00edculos y ponencias, a trav\u00e9s de los que se han expuesto los avances y conclusiones a los que se ha llegado mediante debates internos y externos al equipo.<\/span><\/p>\n<p style=\"color: #333333;text-align: justify\"><span style=\"font-size: 14pt\">Hoy concretamos una nueva publicaci\u00f3n, esta vez en un soporte que llegar\u00e1 a todo el mundo. Debemos agradecer el incondicional apoyo de nuestra Universidad, y en especial el de la directora de la Biblioteca Central \u201cElma Kohlmeyer de Estrabou\u201d de la Facultad de Filosof\u00eda y Humanidades de la Universidad Nacional de C\u00f3rdoba, Lic. Alicia Centeno, y de las bibliotecarias que trabajan en la\u00a0<em>Secci\u00f3n de Estudios Americanistas<\/em>, Mar\u00eda Luz Ch\u00e1ves y Silvia Fois, que siempre han atendido con profesionalismo nuestras consultas.<\/span><\/p>\n<p style=\"color: #333333;text-align: justify\" align=\"right\"><span style=\"font-size: 14pt\">Prof. Dra. Ana Mar\u00eda Mart\u00ednez de S\u00e1nchez<\/span><\/p>\n<p class=\"rteright\" style=\"color: #333333;text-align: justify\"><span style=\"font-size: 14pt\">C\u00f3rdoba (ARGENTINA), marzo de 2010<\/span><\/p>\n","protected":false},"excerpt":{"rendered":"<div class=\"entry-summary\">\nEn el a\u00f1o 2005, un grupo de\u00a0 profesores de la Universidad Nacional de C\u00f3rdoba, nos reunimos para redactar un proyecto&hellip;\n<\/div>\n<div class=\"link-more\"><a href=\"https:\/\/ffyh.unc.edu.ar\/biblioteca\/catalogo-de-sermones-de-la-coleccion-documental-monsenor-dr-pablo-cabrera-2\/\" class=\"more-link\">Continuar leyendo<span class=\"screen-reader-text\"> &ldquo;CAT\u00c1LOGO DE SERMONES DE LA COLECCI\u00d3N DOCUMENTAL \u201cMonse\u00f1or Dr. Pablo Cabrera\u201d&rdquo;<\/span>&hellip;<\/a><\/div>\n","protected":false},"author":7,"featured_media":0,"parent":0,"menu_order":0,"comment_status":"closed","ping_status":"closed","template":"","meta":{"_acf_changed":false,"jetpack_post_was_ever_published":false,"footnotes":""},"class_list":["post-2341","page","type-page","status-publish","hentry","entry"],"acf":[],"jetpack_shortlink":"https:\/\/wp.me\/P9UJM9-BL","jetpack-related-posts":[],"jetpack_sharing_enabled":true,"_links":{"self":[{"href":"https:\/\/ffyh.unc.edu.ar\/biblioteca\/wp-json\/wp\/v2\/pages\/2341","targetHints":{"allow":["GET"]}}],"collection":[{"href":"https:\/\/ffyh.unc.edu.ar\/biblioteca\/wp-json\/wp\/v2\/pages"}],"about":[{"href":"https:\/\/ffyh.unc.edu.ar\/biblioteca\/wp-json\/wp\/v2\/types\/page"}],"author":[{"embeddable":true,"href":"https:\/\/ffyh.unc.edu.ar\/biblioteca\/wp-json\/wp\/v2\/users\/7"}],"replies":[{"embeddable":true,"href":"https:\/\/ffyh.unc.edu.ar\/biblioteca\/wp-json\/wp\/v2\/comments?post=2341"}],"version-history":[{"count":2,"href":"https:\/\/ffyh.unc.edu.ar\/biblioteca\/wp-json\/wp\/v2\/pages\/2341\/revisions"}],"predecessor-version":[{"id":2987,"href":"https:\/\/ffyh.unc.edu.ar\/biblioteca\/wp-json\/wp\/v2\/pages\/2341\/revisions\/2987"}],"wp:attachment":[{"href":"https:\/\/ffyh.unc.edu.ar\/biblioteca\/wp-json\/wp\/v2\/media?parent=2341"}],"curies":[{"name":"wp","href":"https:\/\/api.w.org\/{rel}","templated":true}]}}