{"id":2405,"date":"2018-05-15T20:38:50","date_gmt":"2018-05-15T20:38:50","guid":{"rendered":"http:\/\/ffyh.unc.edu.ar\/biblioteca\/?page_id=2405"},"modified":"2024-09-05T18:18:53","modified_gmt":"2024-09-05T18:18:53","slug":"colecciones","status":"publish","type":"page","link":"https:\/\/ffyh.unc.edu.ar\/biblioteca\/colecciones\/","title":{"rendered":"Colecciones"},"content":{"rendered":"<h3 style=\"text-align: justify\"><strong>Profesores e Instituciones que donaron sus bibliotecas\u00a0<\/strong><\/h3>\n<p style=\"text-align: justify\">Para acceder a la informaci\u00f3n bibliogr\u00e1fica de cada colecci\u00f3n, seguir el enlace en el nombre respectivo.<\/p>\n<ul>\n<li style=\"text-align: justify\"><a href=\"http:\/\/ffyh.biblio.unc.edu.ar\/cgi-bin\/koha\/opac-search.pl?idx=callnum&amp;q=arcondo\"><strong>Arcondo<\/strong><\/a><strong>, An\u00edbal (Historia, Econom\u00eda, Literatura Francesa)<\/strong><\/li>\n<li style=\"text-align: justify\"><a href=\"http:\/\/ffyh.biblio.unc.edu.ar\/cgi-bin\/koha\/opac-search.pl?idx=callnum&amp;q=archiv\"><strong>Archivolog\u00eda<\/strong><\/a><strong>\u00a0(Archivolog\u00eda, Bibliotecolog\u00eda)<\/strong><\/li>\n<li style=\"text-align: justify\"><a href=\"http:\/\/ffyh.biblio.unc.edu.ar\/cgi-bin\/koha\/opac-search.pl?idx=callnum&amp;q=baigorria\"><strong>Baigorria<\/strong><\/a><strong>, Iv\u00e1n (Antropolog\u00eda, Cultura, Sociolog\u00eda)<\/strong><\/li>\n<li style=\"text-align: justify\"><a href=\"http:\/\/ffyh.biblio.unc.edu.ar\/cgi-bin\/koha\/opac-search.pl?idx=callnum&amp;q=bajo\"><strong>Bajo<\/strong><\/a><strong>\u00a0(Historia Argentina y Americana)<\/strong><\/li>\n<li style=\"text-align: justify\"><a href=\"http:\/\/ffyh.biblio.unc.edu.ar\/cgi-bin\/koha\/opac-search.pl?q=Banco+de+Tesis+Psicologia\"><strong>Banco de Tesis<\/strong><\/a><strong>\u00a0(Trabajos Finales de Psicolog\u00eda, Pr\u00e1cticas Pre-Profesionales, Pr\u00e1cticas Supervisadas)<\/strong><\/li>\n<li style=\"text-align: justify\"><a href=\"http:\/\/ffyh.biblio.unc.edu.ar\/cgi-bin\/koha\/opac-search.pl?idx=callnum&amp;q=Belles+Lettres\"><strong>Belles Lettres<\/strong><\/a><strong>\u00a0(Literatura Cl\u00e1sica; Filosof\u00eda Antiguaen ediciones biling\u00fces lat\u00edn-franc\u00e9s y griego-franc\u00e9s)<\/strong><\/li>\n<li style=\"text-align: justify\"><a href=\"http:\/\/ffyh.biblio.unc.edu.ar\/cgi-bin\/koha\/opac-search.pl?idx=callnum&amp;q=Bibliot+\"><strong>Bibliotecolog\u00eda<\/strong><\/a><strong>(Bibliotecolog\u00eda. Archivolog\u00eda. Documentaci\u00f3n)<\/strong><\/li>\n<li style=\"text-align: justify\"><a href=\"http:\/\/ffyh.biblio.unc.edu.ar\/cgi-bin\/koha\/opac-search.pl?idx=callnum&amp;q=Butinof\"><strong>Butinof<\/strong><\/a><strong>\u00a0(Psicolog\u00eda, Psiquiatr\u00eda)<\/strong><\/li>\n<li style=\"text-align: justify\"><a href=\"http:\/\/ffyh.biblio.unc.edu.ar\/cgi-bin\/koha\/opac-search.pl?idx=callnum&amp;q=CFA\"><strong>CFA<\/strong><\/a><strong>\u00a0(- Centro Franco Argentino : Filosof\u00eda, Literatura, Psicolog\u00eda, etc.)<\/strong><\/li>\n<li style=\"text-align: justify\"><a href=\"http:\/\/ffyh.biblio.unc.edu.ar\/cgi-bin\/koha\/opac-search.pl?idx=callnum&amp;q=cullere\"><strong>Culler\u00e9<\/strong><\/a><strong>, Jaime (Cult. General)<\/strong> &#8211;<a href=\"https:\/\/ffyh.unc.edu.ar\/biblioteca\/biografia-jaime-cullere\/\"><strong> Biograf\u00eda<\/strong><\/a><\/li>\n<li><strong><a href=\"https:\/\/ffyh.biblio.unc.edu.ar\/cgi-bin\/koha\/opac-search.pl?_wpcf7=2233&amp;_wpcf7_version=5.9.3&amp;_wpcf7_locale=es_ES&amp;_wpcf7_unit_tag=wpcf7-f2233-p2240-o1&amp;_wpcf7_container_post=2240&amp;_wpcf7_posted_data_hash=&amp;idx=&amp;q=%28su%3A%7BCOLECCI%C3%93N+ROCA%7D%29&amp;_wpcf7_ak_hp_textarea=&amp;_wpcf7_ak_js=1721839540657\">Deodoro Roca<\/a> (Filosof\u00eda y Literatura )\u00a0<\/strong>&#8211;<strong><a href=\"https:\/\/ffyh.unc.edu.ar\/biblioteca\/biografia-deodoro-roca\/\"> Biograf\u00eda<\/a>\u00a0<\/strong><\/li>\n<li style=\"text-align: justify\"><a href=\"http:\/\/ffyh.biblio.unc.edu.ar\/cgi-bin\/koha\/opac-search.pl?idx=callnum&amp;q=Dewey\"><strong>Dewey<\/strong><\/a><strong>\u00a0, John (Filosof\u00eda, Filosof\u00eda de la Educaci\u00f3n)<\/strong><\/li>\n<li style=\"text-align: justify\"><a href=\"http:\/\/ffyh.biblio.unc.edu.ar\/cgi-bin\/koha\/opac-search.pl?idx=callnum&amp;q=donghi\"><strong>Donghi<\/strong><\/a><strong>\u00a0de Halper\u00edn, Renata (Cultura Italiana, Literatura Italiana) &#8211; <a href=\"https:\/\/ffyh.unc.edu.ar\/biblioteca\/biografia-renata-donghi-de-halperin\/\">Biograf\u00eda\u00a0<\/a><\/strong><\/li>\n<li style=\"text-align: justify\"><a href=\"http:\/\/ffyh.biblio.unc.edu.ar\/cgi-bin\/koha\/opac-search.pl?idx=callnum&amp;q=Estrabou\"><strong>Estrabou<\/strong><\/a><strong>, Elma Kohlmeyer. de (Filosof\u00eda) <\/strong>&#8211;<strong><a href=\"https:\/\/ffyh.unc.edu.ar\/biblioteca\/biografia-elma-kohlmeyer-de-estrabou\/\"> Biograf\u00eda<\/a>\u00a0<\/strong><strong> \u00a0<\/strong><\/li>\n<li style=\"text-align: justify\"><a href=\"http:\/\/ffyh.biblio.unc.edu.ar\/cgi-bin\/koha\/opac-search.pl?idx=callnum&amp;q=Fogliatto\"><strong>Fogliatto<\/strong><\/a><strong>, Hermelinda(Psicolog\u00eda)<\/strong><\/li>\n<li style=\"text-align: justify\"><a href=\"http:\/\/ffyh.biblio.unc.edu.ar\/cgi-bin\/koha\/opac-search.pl?idx=su&amp;q=Fondo%20Antiguo&amp;offset=0\"><strong>Fondo Antiguo<\/strong><\/a><strong>\u00a0(Libros anteriores a 1930 en diversos idiomas y sobre diversas disciplinas)<\/strong><\/li>\n<li style=\"text-align: justify\"><a href=\"http:\/\/ffyh.biblio.unc.edu.ar\/cgi-bin\/koha\/opac-search.pl?idx=callnum&amp;q=Fulgueira\"><strong>Fulgueira<\/strong><\/a><strong>, Tom\u00e1s (Cultura General)\u00a0 &#8211; <\/strong><strong><a href=\"https:\/\/ffyh.unc.edu.ar\/biblioteca\/biografia-tomas-fulgueira\/\">Biograf\u00eda<\/a>\u00a0<\/strong><\/li>\n<li style=\"text-align: justify\"><a href=\"http:\/\/ffyh.biblio.unc.edu.ar\/cgi-bin\/koha\/opac-search.pl?idx=callnum&amp;q=Furl%C3%A1n\"><strong>Furl\u00e1n<\/strong><\/a><strong>, Augusto (Filosof\u00eda)<\/strong><\/li>\n<li><strong><a href=\"https:\/\/ffyh.biblio.unc.edu.ar\/cgi-bin\/koha\/opac-search.pl?idx=&amp;q=%28su%3A%7BCOLECCION+GALVAN+DE+SOMOZA%7D%29&amp;weight_search=1\">Galv\u00e1n de Somoza, Norma<\/a> (Historia)<\/strong><\/li>\n<li style=\"text-align: justify\"><a href=\"http:\/\/ffyh.biblio.unc.edu.ar\/cgi-bin\/koha\/opac-search.pl?idx=callnum&amp;q=Gatti\"><strong>Gatti<\/strong><\/a><strong>, Gladis(Literatura Espa\u00f1ola)<\/strong><\/li>\n<li style=\"text-align: justify\"><a href=\"http:\/\/ffyh.biblio.unc.edu.ar\/cgi-bin\/koha\/opac-search.pl?idx=callnum&amp;q=INDEC\"><strong>INDEC<\/strong><\/a><strong>(Instituto Nacional de Estad\u00edsticas y Censos)<\/strong><\/li>\n<li style=\"text-align: justify\"><a href=\"http:\/\/ffyh.biblio.unc.edu.ar\/cgi-bin\/koha\/opac-search.pl?idx=callnum&amp;q=LIJ\"><strong>LIJ<\/strong><\/a><strong>\u00a0(Liiteratura Infanto Juvenil)<\/strong><\/li>\n<li style=\"text-align: justify\"><a href=\"http:\/\/ffyh.biblio.unc.edu.ar\/cgi-bin\/koha\/opac-search.pl?idx=callnum&amp;q=col.+Malicha\"><strong>Malicha<\/strong><\/a><strong>\u00a0(Literatura Latinoamericana, Literatura Universal, Cr\u00edtica Literaria)<\/strong><\/li>\n<li style=\"text-align: justify\"><a href=\"http:\/\/ffyh.biblio.unc.edu.ar\/cgi-bin\/koha\/opac-search.pl?idx=callnum&amp;q=Miatello\"><strong>Miatello<\/strong><\/a><strong>, Roberto (Geograf\u00eda)<\/strong><\/li>\n<li style=\"text-align: justify\"><a href=\"http:\/\/ffyh.biblio.unc.edu.ar\/cgi-bin\/koha\/opac-search.pl?idx=callnum&amp;q=MSH\"><strong>MSH<\/strong><\/a><strong>\u00a0(- Maison des Sciences de l\u2019Home : En Franc\u00e9s)<\/strong><\/li>\n<li style=\"text-align: justify\"><a href=\"http:\/\/ffyh.biblio.unc.edu.ar\/cgi-bin\/koha\/opac-search.pl?idx=callnum&amp;q=Moreau\"><strong>Moreau<\/strong><\/a><strong>, Pierina Lidia (Literatura Francesa y Universal)<\/strong><\/li>\n<li style=\"text-align: justify\"><a href=\"http:\/\/ffyh.biblio.unc.edu.ar\/cgi-bin\/koha\/opac-search.pl?idx=callnum&amp;q=Moreno\"><strong>Moreno<\/strong><\/a><strong>, Alberto (Filosof\u00eda, Wittgenstein)<\/strong><\/li>\n<li style=\"text-align: justify\"><a href=\"http:\/\/ffyh.biblio.unc.edu.ar\/cgi-bin\/koha\/opac-search.pl?idx=callnum&amp;q=Mujer\"><strong>Mujer<\/strong><\/a><strong>\u00a0(Estudios de G\u00e9nero)<\/strong><\/li>\n<li style=\"text-align: justify\"><a href=\"http:\/\/ffyh.biblio.unc.edu.ar\/cgi-bin\/koha\/opac-search.pl?idx=callnum&amp;q=Murat\"><strong>Murat<\/strong><\/a><strong>, Franco (Psicolog\u00eda)<\/strong><\/li>\n<li style=\"text-align: justify\"><a href=\"http:\/\/ffyh.biblio.unc.edu.ar\/cgi-bin\/koha\/opac-search.pl?idx=callnum&amp;q=Pe%C3%B1a\"><strong>Pe\u00f1a<\/strong><\/a><strong>, Jos\u00e9 (Historia)<\/strong><\/li>\n<li style=\"text-align: justify\"><a href=\"http:\/\/ffyh.biblio.unc.edu.ar\/cgi-bin\/koha\/opac-search.pl?idx=callnum&amp;q=Progeo+\"><strong>Progeo\u00a0<\/strong><\/a><strong>(Geograf\u00eda)<\/strong><\/li>\n<li style=\"text-align: justify\"><a href=\"http:\/\/ffyh.biblio.unc.edu.ar\/cgi-bin\/koha\/opac-search.pl?idx=callnum&amp;q=Raggio\"><strong>Raggio<\/strong><\/a><strong>, Andr\u00e9s (Filosof\u00eda)<\/strong><\/li>\n<li><a href=\"http:\/\/ffyh.biblio.unc.edu.ar\/cgi-bin\/koha\/opac-search.pl?idx=callnum&amp;q=Sismondi\"><strong>Sismondi<\/strong><\/a><strong>, Adriana (Psicolog\u00eda, Psicolog\u00eda Social)<\/strong><\/li>\n<li style=\"text-align: justify\"><a href=\"http:\/\/ffyh.biblio.unc.edu.ar\/cgi-bin\/koha\/opac-search.pl?idx=callnum&amp;q=Taborda\"><strong>Taborda<\/strong><\/a><strong>, Sa\u00fal (Cult. Gral; Educaci\u00f3n)\u00a0<\/strong>&#8211;<strong><a href=\"https:\/\/ffyh.unc.edu.ar\/biblioteca\/biografia-saul-taborda\/\"> Biograf\u00eda<\/a>\u00a0<\/strong><\/li>\n<li style=\"text-align: justify\"><strong><a href=\"https:\/\/ffyh.biblio.unc.edu.ar\/cgi-bin\/koha\/opac-search.pl?idx=su&amp;q=%28su%3A%7BCOLECCION+TEOBALDO%7D%29&amp;weight_search=1\">Teobaldo<\/a>, Domingo Jos\u00e9 (Filosof\u00eda, Historia y Literatura) <\/strong>&#8211;<strong><a href=\"https:\/\/ffyh.unc.edu.ar\/biblioteca\/biografia-domingo-jose-teobaldo\/\"> Biograf\u00eda<\/a>\u00a0<\/strong><\/li>\n<li style=\"text-align: justify\"><strong><a href=\"https:\/\/ffyh.biblio.unc.edu.ar\/cgi-bin\/koha\/opac-search.pl?idx=su&amp;q=%28su%3A%7BCOLECCION+VERDUGO%7D%29&amp;weight_search=1\">Verdugo<\/a>, Iber (Literatura Hispanoamericana, An\u00e1lisis del Discurso, Cr\u00edtica Literaria)<\/strong><\/li>\n<\/ul>\n","protected":false},"excerpt":{"rendered":"<div class=\"entry-summary\">\nProfesores e Instituciones que donaron sus bibliotecas\u00a0 Para acceder a la informaci\u00f3n bibliogr\u00e1fica de cada colecci\u00f3n, seguir el enlace en&hellip;\n<\/div>\n<div class=\"link-more\"><a href=\"https:\/\/ffyh.unc.edu.ar\/biblioteca\/colecciones\/\" class=\"more-link\">Continuar leyendo<span class=\"screen-reader-text\"> &ldquo;Colecciones&rdquo;<\/span>&hellip;<\/a><\/div>\n","protected":false},"author":7,"featured_media":0,"parent":0,"menu_order":0,"comment_status":"closed","ping_status":"closed","template":"","meta":{"_acf_changed":false,"jetpack_post_was_ever_published":false,"footnotes":""},"class_list":["post-2405","page","type-page","status-publish","hentry","entry"],"acf":[],"jetpack_shortlink":"https:\/\/wp.me\/P9UJM9-CN","jetpack-related-posts":[],"jetpack_sharing_enabled":true,"_links":{"self":[{"href":"https:\/\/ffyh.unc.edu.ar\/biblioteca\/wp-json\/wp\/v2\/pages\/2405","targetHints":{"allow":["GET"]}}],"collection":[{"href":"https:\/\/ffyh.unc.edu.ar\/biblioteca\/wp-json\/wp\/v2\/pages"}],"about":[{"href":"https:\/\/ffyh.unc.edu.ar\/biblioteca\/wp-json\/wp\/v2\/types\/page"}],"author":[{"embeddable":true,"href":"https:\/\/ffyh.unc.edu.ar\/biblioteca\/wp-json\/wp\/v2\/users\/7"}],"replies":[{"embeddable":true,"href":"https:\/\/ffyh.unc.edu.ar\/biblioteca\/wp-json\/wp\/v2\/comments?post=2405"}],"version-history":[{"count":31,"href":"https:\/\/ffyh.unc.edu.ar\/biblioteca\/wp-json\/wp\/v2\/pages\/2405\/revisions"}],"predecessor-version":[{"id":18734,"href":"https:\/\/ffyh.unc.edu.ar\/biblioteca\/wp-json\/wp\/v2\/pages\/2405\/revisions\/18734"}],"wp:attachment":[{"href":"https:\/\/ffyh.unc.edu.ar\/biblioteca\/wp-json\/wp\/v2\/media?parent=2405"}],"curies":[{"name":"wp","href":"https:\/\/api.w.org\/{rel}","templated":true}]}}