{"id":25,"date":"2013-12-18T19:36:22","date_gmt":"2013-12-18T19:36:22","guid":{"rendered":"http:\/\/www.ffyh.unc.edu.ar\/biblioteca1\/?page_id=25"},"modified":"2023-02-24T19:14:48","modified_gmt":"2023-02-24T19:14:48","slug":"contacto","status":"publish","type":"page","link":"https:\/\/ffyh.unc.edu.ar\/biblioteca\/sobre-la-biblioteca\/contacto\/","title":{"rendered":"Contacto y Redes Sociales"},"content":{"rendered":"<table>\n<tbody>\n<tr>\n<td width=\"300\"><strong>BIBLIOTECA ELMA KOHLMEYER DE ESTRABOU<\/strong><\/p>\n<p>Facultad de Filosof\u00eda y Humanidades &#8211; Facultad de Psicolog\u00eda<\/p>\n<p><strong>&#8211; Direcci\u00f3n:\u00a0\u00a0\u00a0\u00a0\u00a0\u00a0\u00a0\u00a0\u00a0\u00a0\u00a0\u00a0\u00a0\u00a0\u00a0\u00a0\u00a0\u00a0\u00a0\u00a0\u00a0\u00a0\u00a0\u00a0\u00a0\u00a0\u00a0\u00a0\u00a0\u00a0\u00a0\u00a0\u00a0\u00a0\u00a0\u00a0\u00a0\u00a0\u00a0 <\/strong><\/p>\n<p>Pabell\u00f3n Agust\u00edn Tosco \u2013 M\u00f3dulo \u00abC\u00bb, Ciudad Universitaria. X5000HUA<\/p>\n<p>C\u00d3RDOBA \u2013 ARGENTINA<\/p>\n<p><strong>&#8211; Tel\u00e9fono IP:<\/strong><strong>\u00a05353610<\/strong><\/p>\n<p>Los internos que corresponden a Biblioteca son:<\/p>\n<p><strong>50029 &#8211; Dpto. de Procesos T\u00e9cnicos<\/strong><\/p>\n<p><strong>50030 &#8211; Direcci\u00f3n<\/strong><\/p>\n<p><strong>50031 &#8211; Dpto. de Hemeroteca y de Referencia<\/strong><\/p>\n<p><strong>50223 &#8211; Dpto. de Americanistas y de Antropolog\u00eda<\/strong><\/p>\n<p><strong>50310 &#8211; Servicios al P\u00fablico \/ Dpto. de Humanidades<\/strong><\/p>\n<p><strong>50400 &#8211; Dpto. de Biblioteconom\u00eda \/ Secretar\u00eda de la Biblioteca<\/strong><\/p>\n<p><strong>50401 &#8211; Dpto. de Comunicaci\u00f3n Institucional \/ Biblioteca Digital<\/strong><\/p>\n<p><strong>&#8211; Horario de atenci\u00f3n:\u00a0<\/strong>Lunes a viernes de 9:00 a 20:00 hs.<\/p>\n<p><strong>&#8211; Correo electr\u00f3nico:\u00a0<\/strong>biblio@ffyh.unc.edu.ar<\/p>\n<p><strong>&#8211; P\u00e1gina Web:\u00a0<\/strong>http:\/\/www.ffyh.unc.edu.ar\/biblioteca\/<\/p>\n<p>&#8211; <strong>Redes Sociales:\u00a0\u00a0<\/strong><\/p>\n<p><a href=\"https:\/\/www.facebook.com\/bibliotecaelmak.deestrabou\/\"><img data-recalc-dims=\"1\" loading=\"lazy\" decoding=\"async\" data-attachment-id=\"5246\" data-permalink=\"https:\/\/ffyh.unc.edu.ar\/biblioteca\/sobre-la-biblioteca\/contacto\/facebook\/\" data-orig-file=\"https:\/\/i0.wp.com\/ffyh.unc.edu.ar\/biblioteca\/wp-content\/uploads\/sites\/4\/2023\/02\/facebook.png?fit=1600%2C1600&amp;ssl=1\" data-orig-size=\"1600,1600\" data-comments-opened=\"0\" data-image-meta=\"{&quot;aperture&quot;:&quot;0&quot;,&quot;credit&quot;:&quot;&quot;,&quot;camera&quot;:&quot;&quot;,&quot;caption&quot;:&quot;&quot;,&quot;created_timestamp&quot;:&quot;0&quot;,&quot;copyright&quot;:&quot;&quot;,&quot;focal_length&quot;:&quot;0&quot;,&quot;iso&quot;:&quot;0&quot;,&quot;shutter_speed&quot;:&quot;0&quot;,&quot;title&quot;:&quot;&quot;,&quot;orientation&quot;:&quot;0&quot;}\" data-image-title=\"facebook\" data-image-description=\"\" data-image-caption=\"\" data-medium-file=\"https:\/\/i0.wp.com\/ffyh.unc.edu.ar\/biblioteca\/wp-content\/uploads\/sites\/4\/2023\/02\/facebook.png?fit=300%2C300&amp;ssl=1\" data-large-file=\"https:\/\/i0.wp.com\/ffyh.unc.edu.ar\/biblioteca\/wp-content\/uploads\/sites\/4\/2023\/02\/facebook.png?fit=1024%2C1024&amp;ssl=1\" class=\"alignleft wp-image-5246\" src=\"https:\/\/i0.wp.com\/ffyh.unc.edu.ar\/biblioteca\/wp-content\/uploads\/sites\/4\/2023\/02\/facebook.png?resize=55%2C55\" alt=\"\" width=\"55\" height=\"55\" srcset=\"https:\/\/i0.wp.com\/ffyh.unc.edu.ar\/biblioteca\/wp-content\/uploads\/sites\/4\/2023\/02\/facebook.png?resize=150%2C150&amp;ssl=1 150w, https:\/\/i0.wp.com\/ffyh.unc.edu.ar\/biblioteca\/wp-content\/uploads\/sites\/4\/2023\/02\/facebook.png?resize=300%2C300&amp;ssl=1 300w, https:\/\/i0.wp.com\/ffyh.unc.edu.ar\/biblioteca\/wp-content\/uploads\/sites\/4\/2023\/02\/facebook.png?resize=1024%2C1024&amp;ssl=1 1024w, https:\/\/i0.wp.com\/ffyh.unc.edu.ar\/biblioteca\/wp-content\/uploads\/sites\/4\/2023\/02\/facebook.png?resize=768%2C768&amp;ssl=1 768w, https:\/\/i0.wp.com\/ffyh.unc.edu.ar\/biblioteca\/wp-content\/uploads\/sites\/4\/2023\/02\/facebook.png?resize=1536%2C1536&amp;ssl=1 1536w, https:\/\/i0.wp.com\/ffyh.unc.edu.ar\/biblioteca\/wp-content\/uploads\/sites\/4\/2023\/02\/facebook.png?resize=50%2C50&amp;ssl=1 50w, https:\/\/i0.wp.com\/ffyh.unc.edu.ar\/biblioteca\/wp-content\/uploads\/sites\/4\/2023\/02\/facebook.png?w=1600&amp;ssl=1 1600w\" sizes=\"(max-width: 55px) 100vw, 55px\" \/><\/a><\/p>\n<p>&nbsp;<\/p>\n<p>&nbsp;<\/p>\n<p><a style=\"font-family: inherit;font-size: inherit\" href=\"https:\/\/www.facebook.com\/bibliotecaelmak.deestrabou\/\" target=\"_blank\" rel=\"noopener\">Facebook<\/a><span style=\"font-family: inherit;font-size: inherit;color: var(--color_content_text);background-color: var(--color_content_background)\"> \u00a0<\/span><\/p>\n<p><strong style=\"font-family: inherit;font-size: inherit;color: var(--color_content_text);background-color: var(--color_content_background)\"><a href=\"https:\/\/www.instagram.com\/bibliotecafilosofiaypsicologia\/\"><img data-recalc-dims=\"1\" loading=\"lazy\" decoding=\"async\" data-attachment-id=\"5245\" data-permalink=\"https:\/\/ffyh.unc.edu.ar\/biblioteca\/sobre-la-biblioteca\/contacto\/instagram\/\" data-orig-file=\"https:\/\/i0.wp.com\/ffyh.unc.edu.ar\/biblioteca\/wp-content\/uploads\/sites\/4\/2023\/02\/instagram.png?fit=1920%2C1080&amp;ssl=1\" data-orig-size=\"1920,1080\" data-comments-opened=\"0\" data-image-meta=\"{&quot;aperture&quot;:&quot;0&quot;,&quot;credit&quot;:&quot;&quot;,&quot;camera&quot;:&quot;&quot;,&quot;caption&quot;:&quot;&quot;,&quot;created_timestamp&quot;:&quot;0&quot;,&quot;copyright&quot;:&quot;&quot;,&quot;focal_length&quot;:&quot;0&quot;,&quot;iso&quot;:&quot;0&quot;,&quot;shutter_speed&quot;:&quot;0&quot;,&quot;title&quot;:&quot;&quot;,&quot;orientation&quot;:&quot;0&quot;}\" data-image-title=\"instagram\" data-image-description=\"\" data-image-caption=\"\" data-medium-file=\"https:\/\/i0.wp.com\/ffyh.unc.edu.ar\/biblioteca\/wp-content\/uploads\/sites\/4\/2023\/02\/instagram.png?fit=300%2C169&amp;ssl=1\" data-large-file=\"https:\/\/i0.wp.com\/ffyh.unc.edu.ar\/biblioteca\/wp-content\/uploads\/sites\/4\/2023\/02\/instagram.png?fit=1024%2C576&amp;ssl=1\" class=\"alignnone wp-image-5245\" src=\"https:\/\/i0.wp.com\/ffyh.unc.edu.ar\/biblioteca\/wp-content\/uploads\/sites\/4\/2023\/02\/instagram.png?resize=52%2C52\" alt=\"\" width=\"52\" height=\"52\" srcset=\"https:\/\/i0.wp.com\/ffyh.unc.edu.ar\/biblioteca\/wp-content\/uploads\/sites\/4\/2023\/02\/instagram.png?resize=150%2C150&amp;ssl=1 150w, https:\/\/i0.wp.com\/ffyh.unc.edu.ar\/biblioteca\/wp-content\/uploads\/sites\/4\/2023\/02\/instagram.png?resize=50%2C50&amp;ssl=1 50w\" sizes=\"(max-width: 52px) 100vw, 52px\" \/><\/a><\/strong><\/p>\n<p><a style=\"font-family: inherit;font-size: inherit\" href=\"https:\/\/www.instagram.com\/bibliotecafilosofiaypsicologia\/\" target=\"_blank\" rel=\"noopener\">Instagram<\/a><\/td>\n<\/tr>\n<\/tbody>\n<\/table>\n<p>&nbsp;<\/p>\n","protected":false},"excerpt":{"rendered":"<div class=\"entry-summary\">\nBIBLIOTECA ELMA KOHLMEYER DE ESTRABOU Facultad de Filosof\u00eda y Humanidades &#8211; Facultad de Psicolog\u00eda &#8211; Direcci\u00f3n:\u00a0\u00a0\u00a0\u00a0\u00a0\u00a0\u00a0\u00a0\u00a0\u00a0\u00a0\u00a0\u00a0\u00a0\u00a0\u00a0\u00a0\u00a0\u00a0\u00a0\u00a0\u00a0\u00a0\u00a0\u00a0\u00a0\u00a0\u00a0\u00a0\u00a0\u00a0\u00a0\u00a0\u00a0\u00a0\u00a0\u00a0\u00a0\u00a0 Pabell\u00f3n Agust\u00edn Tosco \u2013&hellip;\n<\/div>\n<div class=\"link-more\"><a href=\"https:\/\/ffyh.unc.edu.ar\/biblioteca\/sobre-la-biblioteca\/contacto\/\" class=\"more-link\">Continuar leyendo<span class=\"screen-reader-text\"> &ldquo;Contacto y Redes Sociales&rdquo;<\/span>&hellip;<\/a><\/div>\n","protected":false},"author":1,"featured_media":0,"parent":7,"menu_order":4,"comment_status":"closed","ping_status":"open","template":"","meta":{"_acf_changed":false,"saved_in_kubio":false,"jetpack_post_was_ever_published":false,"footnotes":""},"class_list":["post-25","page","type-page","status-publish","hentry","entry"],"acf":[],"kubio_ai_page_context":{"short_desc":"","purpose":"general"},"jetpack_shortlink":"https:\/\/wp.me\/P9UJM9-p","jetpack-related-posts":[],"jetpack_sharing_enabled":true,"_links":{"self":[{"href":"https:\/\/ffyh.unc.edu.ar\/biblioteca\/wp-json\/wp\/v2\/pages\/25","targetHints":{"allow":["GET"]}}],"collection":[{"href":"https:\/\/ffyh.unc.edu.ar\/biblioteca\/wp-json\/wp\/v2\/pages"}],"about":[{"href":"https:\/\/ffyh.unc.edu.ar\/biblioteca\/wp-json\/wp\/v2\/types\/page"}],"author":[{"embeddable":true,"href":"https:\/\/ffyh.unc.edu.ar\/biblioteca\/wp-json\/wp\/v2\/users\/1"}],"replies":[{"embeddable":true,"href":"https:\/\/ffyh.unc.edu.ar\/biblioteca\/wp-json\/wp\/v2\/comments?post=25"}],"version-history":[{"count":26,"href":"https:\/\/ffyh.unc.edu.ar\/biblioteca\/wp-json\/wp\/v2\/pages\/25\/revisions"}],"predecessor-version":[{"id":5253,"href":"https:\/\/ffyh.unc.edu.ar\/biblioteca\/wp-json\/wp\/v2\/pages\/25\/revisions\/5253"}],"up":[{"embeddable":true,"href":"https:\/\/ffyh.unc.edu.ar\/biblioteca\/wp-json\/wp\/v2\/pages\/7"}],"wp:attachment":[{"href":"https:\/\/ffyh.unc.edu.ar\/biblioteca\/wp-json\/wp\/v2\/media?parent=25"}],"curies":[{"name":"wp","href":"https:\/\/api.w.org\/{rel}","templated":true}]}}