{"id":2566,"date":"2018-05-22T20:28:53","date_gmt":"2018-05-22T20:28:53","guid":{"rendered":"http:\/\/ffyh.unc.edu.ar\/biblioteca\/?page_id=2566"},"modified":"2025-08-22T19:26:42","modified_gmt":"2025-08-22T19:26:42","slug":"puesta-en-valor-del-fondo-antiguo-de-la-biblioteca-elma-k-de-estrabou-facultad-de-filosofia-y-humanidades-y-facultad-de-psicologia-unc","status":"publish","type":"page","link":"https:\/\/ffyh.unc.edu.ar\/biblioteca\/puesta-en-valor-del-fondo-antiguo-de-la-biblioteca-elma-k-de-estrabou-facultad-de-filosofia-y-humanidades-y-facultad-de-psicologia-unc\/","title":{"rendered":"Puesta en valor del Fondo Antiguo de la Biblioteca \u201cElma K. de Estrabou\u201d Facultad de Filosof\u00eda y Humanidades y Facultad de Psicolog\u00eda UNC"},"content":{"rendered":"<p class=\"h3\" style=\"text-align: justify\"><strong>1. Introducci\u00f3n<\/strong><\/p>\n<p style=\"text-align: justify\">La\u00a0<strong>Biblioteca<\/strong><strong>\u00a0\u201cElma K. de Estrabou\u201d<\/strong>\u00a0surgi\u00f3 al crearse el Instituto de Filosof\u00eda de la UNC el 13 de junio de 1934 con la direcci\u00f3n del Prof. Emile Gouiran. Sobre la base de esta estructura, el 18 de enero de 1940, el Honorable Consejo Superior de la Universidad Nacional de C\u00f3rdoba cre\u00f3 el Instituto de Filosof\u00eda y Humanidades y, posteriormente, el 25 de septiembre de 1946, lo transform\u00f3 en Facultad de Filosof\u00eda y Humanidades.<\/p>\n<p style=\"text-align: justify\">Como Facultad agrup\u00f3 las escuelas de Archivolog\u00eda, Artes, Bibliotecolog\u00eda, Ciencias de la Educaci\u00f3n, Filosof\u00eda, Historia, Letras Cl\u00e1sicas, Letras Modernas y Psicolog\u00eda y sus respectivas bibliotecas, aunque durante muchos a\u00f1os \u00e9stas funcionaron en distintos pabellones y con denominaciones diferentes tales como biblioteca Central, Biblioteca de Artes, de Archivolog\u00eda, de Bibliotecolog\u00eda, del Instituto de Antropolog\u00eda y del Instituto de Estudios Americanistas.<\/p>\n<p style=\"text-align: justify\">A partir del 1\u00ba de Septiembre de 1999, se unificaron todas las bibliotecas, con excepci\u00f3n de la Biblioteca de la Escuela de Artes, actualmente Facultad, para prestar sus servicios a todas las escuelas dependientes de la Facultad de Filosof\u00eda y Humanidades, en el nuevo edificio \u201cPabell\u00f3n Agust\u00edn Tosco\u201d ubicado en el M\u00f3dulo \u201cC\u201d, de la Ciudad Universitaria.<\/p>\n<p style=\"text-align: justify\">La Biblioteca Central \u201cElma K. de Estrabou\u201d cuenta con un\u00a0<strong>fondo bibliogr\u00e1fico<\/strong>\u00a0de aproximadamente 150.000 vol\u00famenes, 3.800 t\u00edtulos de publicaciones peri\u00f3dicas, m\u00e1s de 13000 documentos hist\u00f3ricos, mapas, planos, fotograf\u00edas, facs\u00edmiles de c\u00f3dices, etc.<\/p>\n<p style=\"text-align: justify\">Se conforma por las Secciones Humanidades, las Secciones de Antropolog\u00eda y la de Estudios Americanistas las que comparten el mismo espacio f\u00edsico y la Hemeroteca.<\/p>\n<p style=\"text-align: justify\">El material bibliogr\u00e1fico de las secciones de Antropolog\u00eda y de Estudios Americanistas pertenec\u00edan los ex institutos de Antropolog\u00eda Ing. An\u00edbal Montes y de Estudios Americanistas Monse\u00f1or Pablo Cabrera respectivamente.<\/p>\n<p style=\"text-align: justify\">Este \u00faltimo fue creado en 1936 para honrar la memoria de Monse\u00f1or Pablo Cabrera, por orden del Consejo Superior. Su finalidad era continuar la obra iniciada por el Monse\u00f1or, conservar y estudiar los documento y libros de su colecci\u00f3n, extender las investigaciones hist\u00f3ricas, paleogr\u00e1ficas, archiv\u00edsticas y de otras ciencias auxiliares de la historia; estimular las vocaciones de investigadores y colaborar con otros institutos similares del pa\u00eds y del extranjero.<\/p>\n<p class=\"h3\" style=\"text-align: justify\"><strong>\u00a02.\u00a0<\/strong><strong>El Fondo antiguo<\/strong><\/p>\n<p style=\"text-align: justify\">Por criterio de la Biblioteca el fondo antiguo est\u00e1 conformado por los impresos anteriores a 1930 y por la Colecci\u00f3n documental Monse\u00f1or Pablo Cabrera.<\/p>\n<p style=\"text-align: justify\">El material editado proviene de distintas donaciones recibidas por los ex institutos, especialmente de la Colecci\u00f3n de Monse\u00f1or Pablo Cabrera,\u00a0 y por donaciones m\u00e1s recientes como la biblioteca personal de la profesora Renata Donghi de Halperin, quien fuera docente en la Escuela de Letras de la Facultad de Filosof\u00eda y Humanidades.<\/p>\n<p style=\"text-align: justify\"><strong>2.1 Fondo Impreso<\/strong><\/p>\n<p style=\"text-align: justify\">El patrimonio edito identificado y procesado se constituye de 8 t\u00edtulos del siglo XVI, 12 del siglo XVII, 58 obras del siglo XVIII, 138 t\u00edtulos de libros y 5 de publicaciones peri\u00f3dicas editados entre 1800 y 1850 y 937 libros y 23 publicaciones peri\u00f3dicas editadas entre los a\u00f1os 1851 y 1900.<\/p>\n<p style=\"text-align: justify\">Al mencionado fondo se suman aproximadamente 60 t\u00edtulos publicados entre los siglos XVI y XVIII, 120 impresos entre 1800 y 1850 y 150 entre los a\u00f1os 1851-1900. Dichos t\u00edtulos forman parte de la colecci\u00f3n Cabrera que no est\u00e1 ingresada en su totalidad en la base. El \u00fanico instrumento de recuperaci\u00f3n es el cat\u00e1logo manual de autor y t\u00edtulo.<\/p>\n<p style=\"text-align: justify\">Las obras anteriores a 1801 provienen en su mayor\u00eda de imprentas europeas teniendo mayor visibilidad las de Venecia, Roma, Amberes, Amsterdam, Par\u00eds, Lyon, Madrid, Barcelona y Sevilla. Tambi\u00e9n est\u00e1n presentes impresores de Lima y de Buenos Aires.<\/p>\n<p style=\"text-align: justify\">Dentro de los impresores podemos destacar del siglo XVI Enrique Estienne de Francia y Luca Antonio Giunta de Italia,\u00a0 de los siglos XVII y XVIII Christophe Plant\u00edn y sucesores, impresor franc\u00e9s radicado en Amberes, de los siglos XVII y XIX los impresores franceses Didot,\u00a0 el famoso cart\u00f3grafo Guillermo Blaue de los pa\u00edses bajos, el espa\u00f1ol Joaqu\u00edn Ibarra.<\/p>\n<p style=\"text-align: justify\">De Lima merece citar la obra impresa por Antonio Ricardi, primer impresor en esa ciudad procedente de Saluzzo, Italia (Sosa, 1972)<\/p>\n<p style=\"text-align: justify\">Mart\u00ednez, Juan.\u00a0\u00a0<em>\u201cVocabulario en la lengua general del Per\u00fa llamada quichua y en la lengua espa\u00f1ola\u201d.<\/em>\u00a0Lima : Antonio Ricardi, 1604.<\/p>\n<p style=\"text-align: justify\">Y otros 5 t\u00edtulos del\u00a0 siglo XVIII impresos por la Oficina de los Hu\u00e9rfanos tambi\u00e9n conocida como Imprenta Real de los Hu\u00e9rfanos.<\/p>\n<p style=\"text-align: justify\">Del mismo siglo, impresas en Buenos Aires hay 3 obras identificadas de la Imprenta de los ni\u00f1os exp\u00f3sitos pero, de acuerdo a relevamientos del cat\u00e1logo manual las obras de esta imprenta son m\u00e1s.<\/p>\n<p style=\"text-align: justify\">Tambi\u00e9n est\u00e1n presentes las imprentas de la Independencia y la de Gandarillas.<\/p>\n<p style=\"text-align: justify\">Entre las obras m\u00e1s antiguas, adem\u00e1s de biblias en diversas versiones, devocionarios, misales y vocabularios se encuentran t\u00edtulos de Isocrates, Santo Tom\u00e1s de Aquino, Pedro Ribadeneira, Lucio Seneca y Seneca el viejo, Ciceron, Machiavello y Charlevoix entre otros.<\/p>\n<p style=\"text-align: justify\"><strong>\u00a02.2 La Colecci\u00f3n documental<\/strong><\/p>\n<p style=\"text-align: justify\">La Colecci\u00f3n documental M. Pablo Cabrera est\u00e1 constituida por 13.270 documentos, que comprenden 70.958 folios en distintos formatos y soportes, tanto impresos como manuscritos producidos entre 1573 y 1970.<\/p>\n<p style=\"text-align: justify\">Desde el punto de vista archiv\u00edstico se trata de una colecci\u00f3n artificial, reuni\u00f3n de piezas documentales aisladas, p\u00fablicas o privadas, desgajadas intencionalmente por el coleccionista de aquella organicidad original en que fueron producidas. (Benito Moya, 2002). Son mayormente documentos sueltos, ordenados num\u00e9ricamente, guardados en cajas algunos y encuadernados otros. El orden no corresponde a ninguna clasificaci\u00f3n por materias ni cronol\u00f3gica, sino al tiempo de adquisici\u00f3n y a temas de estudio de Monse\u00f1or Pablo Cabrera (Tanodi, 1956).<\/p>\n<p style=\"text-align: justify\">Las piezas que componen esta colecci\u00f3n fueron reunidas por Pablo Cabrera, entre fines del siglo XIX y principios del XX. La proveniencia archiv\u00edstica es diversa: de repositorios del Arzobispado de C\u00f3rdoba, fondos conservados en el Archivo de la Provincia de C\u00f3rdoba, y de la Universidad, archivos eclesi\u00e1sticos de la di\u00f3cesis de C\u00f3rdoba, y de familias tradicionales cordobesas, vinculadas con Monse\u00f1or que donaron papeles privados, como cartas, poemas, manuscritos e impresos. Los lugares de procedencia son Madrid, Segovia, San Lorenzo, Lima, Santiago de Chile, La Plata, Buenos Aires, Mendoza, San Juan, Santiago del Estero, Salta, Tucum\u00e1n.<\/p>\n<p style=\"text-align: justify\">Los documentos pueden dividirse, sin embargo, en dos grandes grupos:<\/p>\n<p style=\"text-align: justify\">Per\u00edodo hisp\u00e1nico (siglos XVI, XVII, XVIII y primera d\u00e9cada del XIX). Se refieren principalmente al tema indigenista: aspectos ling\u00fc\u00edsticos y etnogr\u00e1ficos: encomiendas, pleitos, peticiones, visitas, etc., que reflejan la situaci\u00f3n del indio. Material para estudio econ\u00f3mico; posesi\u00f3n de la tierra, (mercedes, compra y venta de chacras y casas, pleitos sobre posesiones), Censos, escrituras de obligaciones, venta de mulatos, recibos de entierros, adoctrinamientos, misas; testamentos, capellan\u00edas, etc.<\/p>\n<p style=\"text-align: justify\">Tema eclesi\u00e1stico: oposiciones y nombramientos para Curatos, designaciones de cl\u00e9rigos, visitas diocesanas, establecimientos de colegios religiosos, certificados de grados y diversas provisiones y c\u00e9dulas reales sobre el gobierno eclesi\u00e1stico.<\/p>\n<p style=\"text-align: justify\">En s\u00edntesis documentos producidos por instituciones metropolitanas, como C\u00e9dulas Reales, papeles capitulares, eclesi\u00e1sticos y particulares que reflejan la sociedad colonial en su conjunto a trav\u00e9s de documentos \u00fanicos.<\/p>\n<p style=\"text-align: justify\">Per\u00edodo nacional: predominan los documentos referidos a asuntos eclesi\u00e1sticos, de gobierno, Universidad, hacienda y una numerosa correspondencia particular de familias conocidas de C\u00f3rdoba (Lozano, Lastra, Tagle, Fragueiro, etc.). Por su significaci\u00f3n hist\u00f3rica hay que destacar tambi\u00e9n diversas cartas del General\u00a0 Manuel Belgrano y del General San Mart\u00edn durante su permanencia en Mendoza y Santiago de Chile.<\/p>\n<p class=\"h3\" style=\"text-align: justify\"><strong>3. Proyectos en curso<\/strong><\/p>\n<p style=\"text-align: justify\">La Biblioteca participa de dos proyectos, uno interno que es la \u201cC<strong>onservaci\u00f3n preventiva y puesta en valor de las obras impresas editadas antes de 1930 presentes en la Secci\u00f3n Humanidades\u201d\u00a0<\/strong>y, el segundo que es la \u201cD<strong>igitalizaci\u00f3n de la Colecci\u00f3n Documental Monse\u00f1or Pablo Cabrera\u201d,<\/strong>\u00a0parte del proyecto macro\u00a0<strong>\u201cDesarrollo e implementaci\u00f3n de la Colecci\u00f3n Digital de la Universidad Nacional de C\u00f3rdoba\/Universidad Complutense de Madrid\u201d.<\/strong><\/p>\n<p style=\"text-align: justify\"><strong>3.1 Digitalizaci\u00f3n de la Colecci\u00f3n Documental Monse\u00f1or Pablo Cabrera<\/strong><\/p>\n<p style=\"text-align: justify\">Objetivo<\/p>\n<p style=\"text-align: justify\">Resguardar la documentaci\u00f3n hist\u00f3rica, patrimonio de la universidad, y garantizar su acceso.<\/p>\n<p style=\"text-align: justify\">Para llevar a cabo las tareas previas a la digitalizaci\u00f3n y posterior difusi\u00f3n en l\u00ednea de la colecci\u00f3n, dentro del marco del proyecto ya mencionado, se plantearon una serie de objetivos particulares:<\/p>\n<ol style=\"text-align: justify\">\n<li>Diagnosticar y registrar el estado de conservaci\u00f3n de la colecci\u00f3n.<\/li>\n<li>Efectuar la limpieza de documentos.<\/li>\n<\/ol>\n<p style=\"text-align: justify\">iii.\u00a0\u00a0\u00a0\u00a0\u00a0\u00a0\u00a0\u00a0 Aplicar medidas de preservaci\u00f3n y conservaci\u00f3n preventiva.<\/p>\n<ol style=\"text-align: justify\">\n<li>Estabilizar los documentos da\u00f1ados para su manipulaci\u00f3n durante la digitalizaci\u00f3n.<\/li>\n<li>Intervenir los documentos cuando sea necesario para su correcta lectura.<\/li>\n<li>Reemplazar las unidades de conservaci\u00f3n no adecuadas por otras de calidad archiv\u00edstica.<\/li>\n<\/ol>\n<p style=\"text-align: justify\">El trabajo fue dividido en dos etapas:<\/p>\n<ol style=\"text-align: justify\">\n<li>Diagn\u00f3stico y limpieza en seco<\/li>\n<li>Estabilizaci\u00f3n e intervenci\u00f3n de documentos<\/li>\n<\/ol>\n<p style=\"text-align: justify\">Procedimientos realizados<\/p>\n<p style=\"text-align: justify\">Adem\u00e1s de la limpieza de cada folio, se aplicaron medidas de conservaci\u00f3n, se retiraron gran cantidad de ganchos met\u00e1licos, alfileres y papeles ajenos a los documentos, entre otros.<\/p>\n<p style=\"text-align: justify\">Asimismo, como medida de seguridad, los documentos que por su fragilidad o estado de\u00a0 deterioro corren riesgo de p\u00e9rdidas de informaci\u00f3n, se colocaron provisoriamente en bolsas de polipropileno que ser\u00e1n reemplazadas por sobres de cartulina libre de \u00e1cido y por los contenedores (cajas, carpetas y paquetes).<\/p>\n<p style=\"text-align: justify\">Se realizaron intervenciones destinadas a evitar la p\u00e9rdida de fragmentos de documentos deteriorados, o da\u00f1os mayores con el objeto de posibilitar la lectura de la informaci\u00f3n en folios doblados o cosidos como:<\/p>\n<ul style=\"text-align: justify\">\n<li>Desdoblamiento por medio de humectaci\u00f3n<\/li>\n<\/ul>\n<ul style=\"text-align: justify\">\n<li>Desdoblamiento en seco<\/li>\n<li>Pegado de rasgados<\/li>\n<li>Corte de hilos<\/li>\n<\/ul>\n<p style=\"text-align: justify\">Para el pegado de rasgados se emplean engrudo de almid\u00f3n de trigo y papel japon\u00e9s, materiales libres de \u00e1cido.<\/p>\n<p style=\"text-align: justify\">Hasta el momento se ha reparado el 80 % de los documentos deteriorados y estamos pr\u00f3ximos a la \u00faltima etapa de digitalizaci\u00f3n.<\/p>\n<table>\n<tbody>\n<tr>\n<td><strong>AUTORES<\/strong><\/p>\n<p>Sonia Mangas y Federico Zeballos<\/td>\n<\/tr>\n<\/tbody>\n<\/table>\n<p style=\"text-align: right\"><a href=\"https:\/\/ffyh.unc.edu.ar\/biblioteca\/fondo-antiguo-3\/\">VOLVER<\/a><\/p>\n","protected":false},"excerpt":{"rendered":"<div class=\"entry-summary\">\n1. Introducci\u00f3n La\u00a0Biblioteca\u00a0\u201cElma K. de Estrabou\u201d\u00a0surgi\u00f3 al crearse el Instituto de Filosof\u00eda de la UNC el 13 de junio de&hellip;\n<\/div>\n<div class=\"link-more\"><a href=\"https:\/\/ffyh.unc.edu.ar\/biblioteca\/puesta-en-valor-del-fondo-antiguo-de-la-biblioteca-elma-k-de-estrabou-facultad-de-filosofia-y-humanidades-y-facultad-de-psicologia-unc\/\" class=\"more-link\">Continuar leyendo<span class=\"screen-reader-text\"> &ldquo;Puesta en valor del Fondo Antiguo de la Biblioteca \u201cElma K. de Estrabou\u201d Facultad de Filosof\u00eda y Humanidades y Facultad de Psicolog\u00eda UNC&rdquo;<\/span>&hellip;<\/a><\/div>\n","protected":false},"author":7,"featured_media":0,"parent":0,"menu_order":0,"comment_status":"closed","ping_status":"closed","template":"","meta":{"_acf_changed":false,"jetpack_post_was_ever_published":false,"footnotes":""},"class_list":["post-2566","page","type-page","status-publish","hentry","entry"],"acf":[],"jetpack_shortlink":"https:\/\/wp.me\/P9UJM9-Fo","jetpack-related-posts":[],"jetpack_sharing_enabled":true,"_links":{"self":[{"href":"https:\/\/ffyh.unc.edu.ar\/biblioteca\/wp-json\/wp\/v2\/pages\/2566","targetHints":{"allow":["GET"]}}],"collection":[{"href":"https:\/\/ffyh.unc.edu.ar\/biblioteca\/wp-json\/wp\/v2\/pages"}],"about":[{"href":"https:\/\/ffyh.unc.edu.ar\/biblioteca\/wp-json\/wp\/v2\/types\/page"}],"author":[{"embeddable":true,"href":"https:\/\/ffyh.unc.edu.ar\/biblioteca\/wp-json\/wp\/v2\/users\/7"}],"replies":[{"embeddable":true,"href":"https:\/\/ffyh.unc.edu.ar\/biblioteca\/wp-json\/wp\/v2\/comments?post=2566"}],"version-history":[{"count":3,"href":"https:\/\/ffyh.unc.edu.ar\/biblioteca\/wp-json\/wp\/v2\/pages\/2566\/revisions"}],"predecessor-version":[{"id":20721,"href":"https:\/\/ffyh.unc.edu.ar\/biblioteca\/wp-json\/wp\/v2\/pages\/2566\/revisions\/20721"}],"wp:attachment":[{"href":"https:\/\/ffyh.unc.edu.ar\/biblioteca\/wp-json\/wp\/v2\/media?parent=2566"}],"curies":[{"name":"wp","href":"https:\/\/api.w.org\/{rel}","templated":true}]}}