{"id":2591,"date":"2018-05-23T18:10:38","date_gmt":"2018-05-23T18:10:38","guid":{"rendered":"http:\/\/ffyh.unc.edu.ar\/biblioteca\/?page_id=2591"},"modified":"2023-02-28T20:01:47","modified_gmt":"2023-02-28T20:01:47","slug":"normativas","status":"publish","type":"page","link":"https:\/\/ffyh.unc.edu.ar\/biblioteca\/normativas\/","title":{"rendered":"Normativas"},"content":{"rendered":"<ul>\n<li><a href=\"https:\/\/ffyh.unc.edu.ar\/biblioteca\/pautas-y-procedimientos-recomendados\/\"><strong>Pautas y procedimientos<\/strong><\/a>\u00a0para la solicitud de servicios de la Colecci\u00f3n \u201cMonse\u00f1or Pablo Cabrera\u201d : documentos manuscritos e impresos.<\/li>\n<li><strong><a href=\"https:\/\/ffyh.unc.edu.ar\/biblioteca\/procedimientos-para-la-consulta-de-documentos-digitalizados-2\/\">Procedimientos para la consulta de documentos digitalizados<\/a><\/strong><\/li>\n<\/ul>\n<p><strong>Pautas y procedimientos recomendados\u00a0\u00a0\u00a0\u00a0\u00a0\u00a0\u00a0\u00a0\u00a0<\/strong><\/p>\n<p style=\"text-align: justify\">La consulta de los documentos de la Colecci\u00f3n \u201cMonse\u00f1or Pablo Cabrera\u201d se realiza \u00fanicamente a trav\u00e9s de los microfilms; estos se pueden leer directamente en el\u00a0<a href=\"http:\/\/www.ffyh.unc.edu.ar\/biblioteca\/pautas-y-procedimientos-recomendados#archivo\"><strong>Archivo del Arzobispado de C\u00f3rdoba<\/strong><\/a>, de lunes a viernes en el horario de 8:00 hs. a 12:00 hs.<\/p>\n<p style=\"text-align: justify\">Por otra parte, se sugiere a los\/as\u00a0 usuarios\/as concurrir al Departamento de <strong>\u201cEstudios Americanistas y de Antropolog\u00eda\u201d<\/strong>, de lunes a viernes de <strong>14:00 a 19:00 hs.\u00a0 <\/strong>para acceder al cat\u00e1logo de la colecci\u00f3n y ubicar los documentos pertinentes. En tal caso podr\u00e1n consultar :<\/p>\n<ol>\n<li><strong>Base de datos<\/strong>\u00a0en la terminal de la Secci\u00f3n Humanidades<\/li>\n<li><strong>Fichero manual cronol\u00f3gico :<\/strong>ordenado por a\u00f1o, desde el S. XVI al XX.<\/li>\n<\/ol>\n<p style=\"text-align: justify\">En todos los casos, los\/as usuarios\/as cuentan con el asesoramiento y ayuda del personal bibliotecario. Ante cualquier duda, dirigirse a la responsable de la Secci\u00f3n.<\/p>\n<p><strong>ARCHIVO EL ARZOBISPADO DE C\u00d3RDOBA\u00a0<\/strong>(La visita debe acordarse directamente con el archivo. En este caso no necesita llenar ninguna solicitud)<\/p>\n<p><strong>Direcci\u00f3n :<\/strong>\u00a0Obispo Trejo Esq. Hip\u00f3lito Irigoyen<\/p>\n<p><strong>Tel\u00e9fono :<\/strong>\u00a0laboral 4221015 y 4238942\u00a0 int.114 \/ particular 4761237<\/p>\n<p><strong>Horario :<\/strong>\u00a08:00 a 12:00 hs.<\/p>\n<p><strong>Encargada :<\/strong>\u00a0Mar\u00eda Celina Audisio<\/p>\n<p style=\"text-align: right\"><a href=\"https:\/\/ffyh.unc.edu.ar\/biblioteca\/dpto-de-estudios-americanistas-y-de-antropologia\/\">VOLVER<\/a><\/p>\n<p>&nbsp;<\/p>\n","protected":false},"excerpt":{"rendered":"<div class=\"entry-summary\">\nPautas y procedimientos\u00a0para la solicitud de servicios de la Colecci\u00f3n \u201cMonse\u00f1or Pablo Cabrera\u201d : documentos manuscritos e impresos. Procedimientos para&hellip;\n<\/div>\n<div class=\"link-more\"><a href=\"https:\/\/ffyh.unc.edu.ar\/biblioteca\/normativas\/\" class=\"more-link\">Continuar leyendo<span class=\"screen-reader-text\"> &ldquo;Normativas&rdquo;<\/span>&hellip;<\/a><\/div>\n","protected":false},"author":7,"featured_media":0,"parent":0,"menu_order":0,"comment_status":"closed","ping_status":"closed","template":"","meta":{"_acf_changed":false,"jetpack_post_was_ever_published":false,"footnotes":""},"class_list":["post-2591","page","type-page","status-publish","hentry","entry"],"acf":[],"jetpack_shortlink":"https:\/\/wp.me\/P9UJM9-FN","jetpack-related-posts":[],"jetpack_sharing_enabled":true,"_links":{"self":[{"href":"https:\/\/ffyh.unc.edu.ar\/biblioteca\/wp-json\/wp\/v2\/pages\/2591","targetHints":{"allow":["GET"]}}],"collection":[{"href":"https:\/\/ffyh.unc.edu.ar\/biblioteca\/wp-json\/wp\/v2\/pages"}],"about":[{"href":"https:\/\/ffyh.unc.edu.ar\/biblioteca\/wp-json\/wp\/v2\/types\/page"}],"author":[{"embeddable":true,"href":"https:\/\/ffyh.unc.edu.ar\/biblioteca\/wp-json\/wp\/v2\/users\/7"}],"replies":[{"embeddable":true,"href":"https:\/\/ffyh.unc.edu.ar\/biblioteca\/wp-json\/wp\/v2\/comments?post=2591"}],"version-history":[{"count":7,"href":"https:\/\/ffyh.unc.edu.ar\/biblioteca\/wp-json\/wp\/v2\/pages\/2591\/revisions"}],"predecessor-version":[{"id":5264,"href":"https:\/\/ffyh.unc.edu.ar\/biblioteca\/wp-json\/wp\/v2\/pages\/2591\/revisions\/5264"}],"wp:attachment":[{"href":"https:\/\/ffyh.unc.edu.ar\/biblioteca\/wp-json\/wp\/v2\/media?parent=2591"}],"curies":[{"name":"wp","href":"https:\/\/api.w.org\/{rel}","templated":true}]}}