{"id":2593,"date":"2018-05-23T18:13:06","date_gmt":"2018-05-23T18:13:06","guid":{"rendered":"http:\/\/ffyh.unc.edu.ar\/biblioteca\/?page_id=2593"},"modified":"2023-02-28T20:02:55","modified_gmt":"2023-02-28T20:02:55","slug":"normas-politicas-particulares-del-departamento","status":"publish","type":"page","link":"https:\/\/ffyh.unc.edu.ar\/biblioteca\/normas-politicas-particulares-del-departamento\/","title":{"rendered":"Pol\u00edticas particulares del Departamento"},"content":{"rendered":"<p style=\"text-align: justify\">Las caracter\u00edsticas particulares del Departamento permiten una relaci\u00f3n m\u00e1s personalizada con el usuario. Este contacto permite realizar excepciones con docentes y tambi\u00e9n con los alumnos.<\/p>\n<p style=\"text-align: justify\">Se debe aclarar en especial a<strong>\u00a0los alumnos<\/strong>\u00a0que las excepciones\u00a0<strong>s\u00f3lo se realizan en \u00e9ste Departamento.<\/strong><\/p>\n<p><strong>Excepciones m\u00e1s frecuentes:<\/strong><\/p>\n<ul>\n<li>\n<p style=\"text-align: justify\"><em>B\u00fasqueda en base de datos:\u00a0<\/em>realizar las b\u00fasquedas a usuarios con dificultades para manejar la PC.<\/p>\n<\/li>\n<li>\n<p style=\"text-align: justify\"><em>Consulta de revistas<\/em>: estanter\u00eda abierta. Se solicita al usuario ingresar a la estanter\u00eda sin pertenencias y en presencia del bibliotecario a cargo de la atenci\u00f3n.<\/p>\n<\/li>\n<li>\n<p style=\"text-align: justify\"><em>Consulta en sala<\/em>: se permite consultar el material si no han tra\u00eddo documento con la condici\u00f3n de hacerlo \u00fanicamente en presencia del bibliotecario en el Departamento. Sin identificaci\u00f3n, no podr\u00e1 sacar el material a la sala de lectura central.<\/p>\n<\/li>\n<li>\n<p style=\"text-align: justify\"><em>Pr\u00e9stamo de material:\u00a0<\/em>por m\u00e1s de una semana. Ej : en vez de 7 d\u00edas, se les presta por 9, siempre que el libro no sea de mucha demanda. Especialmente a los docentes, a los alumnos sobre todo del interior que suelen venir uno o d\u00edas a cursar, a aquellos que por alguna raz\u00f3n de fuerza mayor no pueden venir, etc.)<\/p>\n<\/li>\n<li>\n<p style=\"text-align: justify\"><em>Renovaci\u00f3n de material:\u00a0<\/em>Se puede realizar cualquier d\u00eda. Solo se debe evaluar la demanda. Si el material es muy solicitado se le solicita al usuario renovar al d\u00eda siguiente.<\/p>\n<\/li>\n<li>\n<p style=\"text-align: justify\"><em>Pr\u00e9stamo en el d\u00eda:\u00a0<\/em>luego de la devoluci\u00f3n no esperamos hasta el otro d\u00eda para prestarlo.<\/p>\n<\/li>\n<li>\n<p style=\"text-align: justify\"><em>Trabajo grupal que necesite levantar la voz<\/em>\u00a0: en el caso que haya otros usuarios, indicarles que hablen lo m\u00e1s bajo posible.<\/p>\n<p style=\"text-align: right\"><a href=\"https:\/\/ffyh.unc.edu.ar\/biblioteca\/dpto-de-estudios-americanistas-y-de-antropologia\/\">VOLVER<\/a><\/p>\n<\/li>\n<\/ul>\n","protected":false},"excerpt":{"rendered":"<div class=\"entry-summary\">\nLas caracter\u00edsticas particulares del Departamento permiten una relaci\u00f3n m\u00e1s personalizada con el usuario. Este contacto permite realizar excepciones con docentes&hellip;\n<\/div>\n<div class=\"link-more\"><a href=\"https:\/\/ffyh.unc.edu.ar\/biblioteca\/normas-politicas-particulares-del-departamento\/\" class=\"more-link\">Continuar leyendo<span class=\"screen-reader-text\"> &ldquo;Pol\u00edticas particulares del Departamento&rdquo;<\/span>&hellip;<\/a><\/div>\n","protected":false},"author":7,"featured_media":0,"parent":0,"menu_order":0,"comment_status":"closed","ping_status":"closed","template":"","meta":{"_acf_changed":false,"jetpack_post_was_ever_published":false,"footnotes":""},"class_list":["post-2593","page","type-page","status-publish","hentry","entry"],"acf":[],"jetpack_shortlink":"https:\/\/wp.me\/P9UJM9-FP","jetpack-related-posts":[],"jetpack_sharing_enabled":true,"_links":{"self":[{"href":"https:\/\/ffyh.unc.edu.ar\/biblioteca\/wp-json\/wp\/v2\/pages\/2593","targetHints":{"allow":["GET"]}}],"collection":[{"href":"https:\/\/ffyh.unc.edu.ar\/biblioteca\/wp-json\/wp\/v2\/pages"}],"about":[{"href":"https:\/\/ffyh.unc.edu.ar\/biblioteca\/wp-json\/wp\/v2\/types\/page"}],"author":[{"embeddable":true,"href":"https:\/\/ffyh.unc.edu.ar\/biblioteca\/wp-json\/wp\/v2\/users\/7"}],"replies":[{"embeddable":true,"href":"https:\/\/ffyh.unc.edu.ar\/biblioteca\/wp-json\/wp\/v2\/comments?post=2593"}],"version-history":[{"count":7,"href":"https:\/\/ffyh.unc.edu.ar\/biblioteca\/wp-json\/wp\/v2\/pages\/2593\/revisions"}],"predecessor-version":[{"id":5265,"href":"https:\/\/ffyh.unc.edu.ar\/biblioteca\/wp-json\/wp\/v2\/pages\/2593\/revisions\/5265"}],"wp:attachment":[{"href":"https:\/\/ffyh.unc.edu.ar\/biblioteca\/wp-json\/wp\/v2\/media?parent=2593"}],"curies":[{"name":"wp","href":"https:\/\/api.w.org\/{rel}","templated":true}]}}