{"id":2595,"date":"2018-05-23T18:39:36","date_gmt":"2018-05-23T18:39:36","guid":{"rendered":"http:\/\/ffyh.unc.edu.ar\/biblioteca\/?page_id=2595"},"modified":"2023-02-28T20:04:18","modified_gmt":"2023-02-28T20:04:18","slug":"mas-informacion-sobre-el-dpto-de-estudios-americanistas-y-de-antropologia","status":"publish","type":"page","link":"https:\/\/ffyh.unc.edu.ar\/biblioteca\/mas-informacion-sobre-el-dpto-de-estudios-americanistas-y-de-antropologia\/","title":{"rendered":"M\u00e1s informaci\u00f3n sobre el Dpto. de Estudios Americanistas y de Antropolog\u00eda"},"content":{"rendered":"<p><img data-recalc-dims=\"1\" loading=\"lazy\" decoding=\"async\" data-attachment-id=\"2596\" data-permalink=\"https:\/\/ffyh.unc.edu.ar\/biblioteca\/mas-informacion-sobre-el-dpto-de-estudios-americanistas-y-de-antropologia\/m-2\/\" data-orig-file=\"https:\/\/i0.wp.com\/ffyh.unc.edu.ar\/biblioteca\/wp-content\/uploads\/sites\/4\/2018\/05\/m-1.jpg?fit=744%2C533&amp;ssl=1\" data-orig-size=\"744,533\" data-comments-opened=\"0\" data-image-meta=\"{&quot;aperture&quot;:&quot;0&quot;,&quot;credit&quot;:&quot;&quot;,&quot;camera&quot;:&quot;&quot;,&quot;caption&quot;:&quot;&quot;,&quot;created_timestamp&quot;:&quot;0&quot;,&quot;copyright&quot;:&quot;&quot;,&quot;focal_length&quot;:&quot;0&quot;,&quot;iso&quot;:&quot;0&quot;,&quot;shutter_speed&quot;:&quot;0&quot;,&quot;title&quot;:&quot;&quot;,&quot;orientation&quot;:&quot;0&quot;}\" data-image-title=\"m\" data-image-description=\"\" data-image-caption=\"\" data-medium-file=\"https:\/\/i0.wp.com\/ffyh.unc.edu.ar\/biblioteca\/wp-content\/uploads\/sites\/4\/2018\/05\/m-1.jpg?fit=300%2C215&amp;ssl=1\" data-large-file=\"https:\/\/i0.wp.com\/ffyh.unc.edu.ar\/biblioteca\/wp-content\/uploads\/sites\/4\/2018\/05\/m-1.jpg?fit=744%2C533&amp;ssl=1\" class=\"size-full wp-image-2596 aligncenter\" src=\"https:\/\/i0.wp.com\/ffyh.unc.edu.ar\/biblioteca\/wp-content\/uploads\/sites\/4\/2018\/05\/m-1.jpg?resize=744%2C533\" alt=\"\" width=\"744\" height=\"533\" srcset=\"https:\/\/i0.wp.com\/ffyh.unc.edu.ar\/biblioteca\/wp-content\/uploads\/sites\/4\/2018\/05\/m-1.jpg?w=744&amp;ssl=1 744w, https:\/\/i0.wp.com\/ffyh.unc.edu.ar\/biblioteca\/wp-content\/uploads\/sites\/4\/2018\/05\/m-1.jpg?resize=300%2C215&amp;ssl=1 300w\" sizes=\"auto, (max-width: 744px) 100vw, 744px\" \/><\/p>\n<p><strong>SECTOR ESTUDIOS AMERICANISTAS<\/strong><\/p>\n<p style=\"text-align: justify\">La Biblioteca, creada en el a\u00f1o 1936 para honrar la memoria de Monse\u00f1or Pablo Cabrera, surgi\u00f3 como el eslab\u00f3n fundamental del Instituto de Estudios Americanistas, fundado ese a\u00f1o por orden del Consejo Superior. Su finalidad era continuar la obra iniciada por el Monse\u00f1or, conservar y estudiar los documentos y libros de su colecci\u00f3n, extender las investigaciones hist\u00f3ricas, paleogr\u00e1ficas, archiv\u00edsticas y de otras ciencias auxiliares de la historia; estimular las vocaciones de investigadores y colaborar con otros institutos similares del pa\u00eds y del extranjero. Tal como lo cita la rese\u00f1a de historia institucional de la Escuela de Historia de la Facultad de Filosof\u00eda y Humanidades \u201c<em>el Instituto de Estudios Americanistas fue el motor que alent\u00f3 la formaci\u00f3n de los primeros historiadores profesionales y docentes en la ense\u00f1anza de la Historia.\u201d<\/em><\/p>\n<p style=\"text-align: justify\">Este Sector posee un enorme valor para la investigaci\u00f3n en Ciencias Sociales por la antig\u00fcedad y exclusividad de gran parte de sus vol\u00famenes y por su colecci\u00f3n documental. Est\u00e1 formada por <em>15.000 libros aproximadamente, muchos de ellos ediciones \u00fanicas, 13.100 documentos hist\u00f3ricos (siglos XVI al XX), 6.000 folletos, cartas topogr\u00e1ficas, mapas, planos y fotos. Tambi\u00e9n posee una hemeroteca especializada con 630 t\u00edtulos de publicaciones peri\u00f3dicas y diarios del siglo XIX. El Sector de Estudios <\/em>Americanistas cuenta con material muy valioso por su contenido, y forma (encuadernaci\u00f3n, impresi\u00f3n ilustraci\u00f3n). Adem\u00e1s cabe destacar la presencia de un mapa con caracter\u00edsticas especiales realizado en el a\u00f1o 1775 por el cart\u00f3grafo del rey, Cano y Olmedilla. Tambi\u00e9n se encuentran los \u00e1lbumes en exposici\u00f3n, realizados en homenaje a Monse\u00f1or Pablo Cabrera en oportunidad de cumplir 50 a\u00f1os de sacerdocio.<\/p>\n<p style=\"text-align: justify\">El material, referido especialmente a Historia Americana, Argentina y Cordobesa, Ciencias Sociales, Pol\u00edtica, Religi\u00f3n, Historia de la Medicina, est\u00e1 destinado y orientado a investigadores, docentes y alumnos de Historia. A partir del a\u00f1o 2003 tambi\u00e9n sirve de apoyo a los investigadores, docentes y alumnos de la carrera de Geograf\u00eda creada en ese a\u00f1o. Pero por la importancia y exclusividad del material actualmente asisten para consulta en sala numerosos investigadores de otras disciplinas y tambi\u00e9n alumnos de escuelas secundarias derivados a este Departamento por docentes usuarios de la Biblioteca. En los \u00faltimos a\u00f1os el mismo es frecuentado en progresivo aumento por investigadores de otras provincias y de otros pa\u00edses como Estados Unidos, Francia y Espa\u00f1a, Venezuela, Brasil y M\u00e9xico.<\/p>\n<p><strong>SECTOR ESTUDIOS AMERICANISTAS &#8211; COLECCIONES ESPECIALES\u00a0<\/strong><\/p>\n<p><strong>+ Colecci\u00f3n Documental (Manuscritos de 1573-1930)<\/strong><\/p>\n<p><img data-recalc-dims=\"1\" loading=\"lazy\" decoding=\"async\" data-attachment-id=\"2598\" data-permalink=\"https:\/\/ffyh.unc.edu.ar\/biblioteca\/mas-informacion-sobre-el-dpto-de-estudios-americanistas-y-de-antropologia\/o-2\/\" data-orig-file=\"https:\/\/i0.wp.com\/ffyh.unc.edu.ar\/biblioteca\/wp-content\/uploads\/sites\/4\/2018\/05\/o-1.jpg?fit=744%2C992&amp;ssl=1\" data-orig-size=\"744,992\" data-comments-opened=\"0\" data-image-meta=\"{&quot;aperture&quot;:&quot;0&quot;,&quot;credit&quot;:&quot;&quot;,&quot;camera&quot;:&quot;&quot;,&quot;caption&quot;:&quot;&quot;,&quot;created_timestamp&quot;:&quot;0&quot;,&quot;copyright&quot;:&quot;&quot;,&quot;focal_length&quot;:&quot;0&quot;,&quot;iso&quot;:&quot;0&quot;,&quot;shutter_speed&quot;:&quot;0&quot;,&quot;title&quot;:&quot;&quot;,&quot;orientation&quot;:&quot;0&quot;}\" data-image-title=\"o\" data-image-description=\"\" data-image-caption=\"\" data-medium-file=\"https:\/\/i0.wp.com\/ffyh.unc.edu.ar\/biblioteca\/wp-content\/uploads\/sites\/4\/2018\/05\/o-1.jpg?fit=225%2C300&amp;ssl=1\" data-large-file=\"https:\/\/i0.wp.com\/ffyh.unc.edu.ar\/biblioteca\/wp-content\/uploads\/sites\/4\/2018\/05\/o-1.jpg?fit=744%2C992&amp;ssl=1\" class=\"wp-image-2598 alignleft\" src=\"https:\/\/i0.wp.com\/ffyh.unc.edu.ar\/biblioteca\/wp-content\/uploads\/sites\/4\/2018\/05\/o-1.jpg?resize=331%2C441\" alt=\"\" width=\"331\" height=\"441\" srcset=\"https:\/\/i0.wp.com\/ffyh.unc.edu.ar\/biblioteca\/wp-content\/uploads\/sites\/4\/2018\/05\/o-1.jpg?w=744&amp;ssl=1 744w, https:\/\/i0.wp.com\/ffyh.unc.edu.ar\/biblioteca\/wp-content\/uploads\/sites\/4\/2018\/05\/o-1.jpg?resize=225%2C300&amp;ssl=1 225w\" sizes=\"auto, (max-width: 331px) 100vw, 331px\" \/><\/p>\n<p style=\"text-align: justify\">Destacamos este material por ser la \u00fanica colecci\u00f3n de fuentes documentales pertenecientes a la Biblioteca, con la intenci\u00f3n de dar a conocer a todo el personal su importancia, caracter\u00edsticas del material y del acceso.<\/p>\n<p style=\"text-align: justify\"><strong><em>Origen:\u00a0<\/em><\/strong>Piezas reunidas por Monse\u00f1or a fines del S XIX al XX por donaciones de conocidas familias tradicionales cordobesas.<\/p>\n<p style=\"text-align: justify\"><strong><em>Caracter\u00edsticas de la\u00a0 colecci\u00f3n<\/em><\/strong>: Papeles sueltos ordenados por inventario, sin organizaci\u00f3n tem\u00e1tica. Los temas de los documentos son historia, ling\u00fc\u00edstica, econom\u00eda, codicolog\u00eda, paleograf\u00eda, filosof\u00eda.<\/p>\n<p style=\"text-align: justify\">A pesar de no contar con una organizaci\u00f3n tem\u00e1tica a fines de su descripci\u00f3n los documentos pueden dividirse en dos grandes grupos:<\/p>\n<ul>\n<li>\n<p style=\"text-align: justify\"><strong>Per\u00edodo hisp\u00e1nico\u00a0<\/strong>(siglos XVI, XVII, XVIII y primera d\u00e9cada del XIX). Se refieren principalmente al tema indigenista: encomiendas, pleitos, peticiones, visitas, etc., que reflejan la situaci\u00f3n del indio. Y tambi\u00e9n documentos producidos por instituciones metropolitanas, como C\u00e9dulas Reales, papeles capitulares, eclesi\u00e1sticos y particulares que reflejan la sociedad colonial en su conjunto a trav\u00e9s de documentos \u00fanicos.<\/p>\n<\/li>\n<li>\n<p style=\"text-align: justify\"><strong>Per\u00edodo nacional: <\/strong>predominan los documentos referidos a asuntos eclesi\u00e1sticos, de gobierno, Universidad, hacienda y una numerosa correspondencia particular de familias conocidas de C\u00f3rdoba. Por su significaci\u00f3n hist\u00f3rica hay que destacar tambi\u00e9n diversas cartas del General Manuel Belgrano y del General San Mart\u00edn durante su permanencia en Mendoza y Santiago de Chile.<\/p>\n<\/li>\n<\/ul>\n<p><strong>Preservaci\u00f3n y conservaci\u00f3n de la colecci\u00f3n documental<\/strong><\/p>\n<p><img data-recalc-dims=\"1\" loading=\"lazy\" decoding=\"async\" data-attachment-id=\"2599\" data-permalink=\"https:\/\/ffyh.unc.edu.ar\/biblioteca\/mas-informacion-sobre-el-dpto-de-estudios-americanistas-y-de-antropologia\/p-2\/\" data-orig-file=\"https:\/\/i0.wp.com\/ffyh.unc.edu.ar\/biblioteca\/wp-content\/uploads\/sites\/4\/2018\/05\/p-1.jpg?fit=744%2C740&amp;ssl=1\" data-orig-size=\"744,740\" data-comments-opened=\"0\" data-image-meta=\"{&quot;aperture&quot;:&quot;0&quot;,&quot;credit&quot;:&quot;&quot;,&quot;camera&quot;:&quot;&quot;,&quot;caption&quot;:&quot;&quot;,&quot;created_timestamp&quot;:&quot;0&quot;,&quot;copyright&quot;:&quot;&quot;,&quot;focal_length&quot;:&quot;0&quot;,&quot;iso&quot;:&quot;0&quot;,&quot;shutter_speed&quot;:&quot;0&quot;,&quot;title&quot;:&quot;&quot;,&quot;orientation&quot;:&quot;0&quot;}\" data-image-title=\"p\" data-image-description=\"\" data-image-caption=\"\" data-medium-file=\"https:\/\/i0.wp.com\/ffyh.unc.edu.ar\/biblioteca\/wp-content\/uploads\/sites\/4\/2018\/05\/p-1.jpg?fit=300%2C298&amp;ssl=1\" data-large-file=\"https:\/\/i0.wp.com\/ffyh.unc.edu.ar\/biblioteca\/wp-content\/uploads\/sites\/4\/2018\/05\/p-1.jpg?fit=744%2C740&amp;ssl=1\" class=\"wp-image-2599 aligncenter\" src=\"https:\/\/i0.wp.com\/ffyh.unc.edu.ar\/biblioteca\/wp-content\/uploads\/sites\/4\/2018\/05\/p-1.jpg?resize=512%2C509\" alt=\"\" width=\"512\" height=\"509\" srcset=\"https:\/\/i0.wp.com\/ffyh.unc.edu.ar\/biblioteca\/wp-content\/uploads\/sites\/4\/2018\/05\/p-1.jpg?w=744&amp;ssl=1 744w, https:\/\/i0.wp.com\/ffyh.unc.edu.ar\/biblioteca\/wp-content\/uploads\/sites\/4\/2018\/05\/p-1.jpg?resize=150%2C150&amp;ssl=1 150w, https:\/\/i0.wp.com\/ffyh.unc.edu.ar\/biblioteca\/wp-content\/uploads\/sites\/4\/2018\/05\/p-1.jpg?resize=300%2C298&amp;ssl=1 300w, https:\/\/i0.wp.com\/ffyh.unc.edu.ar\/biblioteca\/wp-content\/uploads\/sites\/4\/2018\/05\/p-1.jpg?resize=50%2C50&amp;ssl=1 50w\" sizes=\"auto, (max-width: 512px) 100vw, 512px\" \/><\/p>\n<p style=\"text-align: justify\">A fin de evitar el deterioro de la\u00a0colecci\u00f3n y conservar as\u00ed este valioso patrimonio de la Universidad y para garantizar la doble misi\u00f3n de preservar y permitir el acceso a la informaci\u00f3n, en 1998 se procedi\u00f3 a la\u00a0<em>microfilmaci\u00f3n<\/em>\u00a0de todos los documentos, de los cuales se cuenta con 50 rollos. Los mismos pueden consultarse concurriendo al Archivo del Arzobispado.<\/p>\n<p style=\"text-align: justify\">A partir del a\u00f1o 1996 se procedi\u00f3 a la\u00a0<em>automatizaci\u00f3n del fichero cronol\u00f3gico<\/em>, pudiendo hoy consultarse la base de datos de los documentos en pantalla, lo que permite una r\u00e1pida ubicaci\u00f3n tem\u00e1tica y recuperaci\u00f3n de la informaci\u00f3n por parte de los investigadores a trav\u00e9s de los descriptores. Esa base de datos realizada por el Dr. Silvano Benito Moya bajo la direcci\u00f3n de la Dra. Ana Martinez y la colaboraci\u00f3n del personal de la Biblioteca.<\/p>\n<p style=\"text-align: justify\">En cuanto al Proyecto de Digitalizaci\u00f3n, producto del convenio entre la Universidad Nacional de C\u00f3rdoba y la Universidad Complutense de Madrid, financiado por AECI,\u00a0 ha incluido en la primera etapa la digitalizaci\u00f3n de Documentos Hist\u00f3ricos.<\/p>\n<p><strong>+Libros espa\u00f1oles<\/strong><\/p>\n<p style=\"text-align: justify\"><em>Obras editadas en Espa\u00f1a entre los siglos XVI-XIX compiladas en un Cat\u00e1logo editado en CD-ROM. Las caracter\u00edsticas de la colecci\u00f3n son:\u00a0<\/em>belleza singular, encuadernaci\u00f3n en pergamino, adornados por vi\u00f1etas e imponentes ilustraciones, libros\u00a0<strong>editados en imprentas,\u00a0<\/strong>no manuscritos. Tem\u00e1tica:\u00a0<strong><em>S. XVI<\/em><\/strong><em>:<\/em>\u00a0religi\u00f3n (hagiograf\u00edas, constituciones, etc.), historia de Am\u00e9rica, asuntos jur\u00eddicos, literatura.\u00a0<strong><em>S. XVII<\/em><\/strong>: espectro m\u00e1s amplio, incluye desde Biblias a temas cient\u00edficos, acent\u00faan la historia de Am\u00e9rica (conquista) y las obras evangelizadoras jesuitas. Cabe destacar las ediciones de la Biblia Vulgata latina traducida por el padre Felipe de San Miguel, primera versi\u00f3n en espa\u00f1ol, prohibidas por el Concilio de Trento, y reci\u00e9n autorizadas en 1872<strong>.\u00a0<em>S 19(XIX<\/em><\/strong><em>)<\/em>: desbordan el abanico tem\u00e1tico descrito, debido al libre acceso a los textos y mejoras en las comunicaciones interoce\u00e1nicas. Las materias acompa\u00f1an el desarrollo de las ciencias y pensamientos, aumentando la producci\u00f3n escrita. Es importante recalcar el incremento en la producci\u00f3n de libros a trav\u00e9s de la imprenta, que causa una mayor circulaci\u00f3n de textos y un acceso menos restringido a ellos.<\/p>\n<p><strong>SECTOR ANTROPOLOG\u00cdA<\/strong><strong><br \/>\n<\/strong><\/p>\n<p><img data-recalc-dims=\"1\" loading=\"lazy\" decoding=\"async\" data-attachment-id=\"2597\" data-permalink=\"https:\/\/ffyh.unc.edu.ar\/biblioteca\/mas-informacion-sobre-el-dpto-de-estudios-americanistas-y-de-antropologia\/n-2\/\" data-orig-file=\"https:\/\/i0.wp.com\/ffyh.unc.edu.ar\/biblioteca\/wp-content\/uploads\/sites\/4\/2018\/05\/n-1.jpg?fit=744%2C558&amp;ssl=1\" data-orig-size=\"744,558\" data-comments-opened=\"0\" data-image-meta=\"{&quot;aperture&quot;:&quot;0&quot;,&quot;credit&quot;:&quot;&quot;,&quot;camera&quot;:&quot;&quot;,&quot;caption&quot;:&quot;&quot;,&quot;created_timestamp&quot;:&quot;0&quot;,&quot;copyright&quot;:&quot;&quot;,&quot;focal_length&quot;:&quot;0&quot;,&quot;iso&quot;:&quot;0&quot;,&quot;shutter_speed&quot;:&quot;0&quot;,&quot;title&quot;:&quot;&quot;,&quot;orientation&quot;:&quot;0&quot;}\" data-image-title=\"n\" data-image-description=\"\" data-image-caption=\"\" data-medium-file=\"https:\/\/i0.wp.com\/ffyh.unc.edu.ar\/biblioteca\/wp-content\/uploads\/sites\/4\/2018\/05\/n-1.jpg?fit=300%2C225&amp;ssl=1\" data-large-file=\"https:\/\/i0.wp.com\/ffyh.unc.edu.ar\/biblioteca\/wp-content\/uploads\/sites\/4\/2018\/05\/n-1.jpg?fit=744%2C558&amp;ssl=1\" class=\"wp-image-2597 aligncenter\" src=\"https:\/\/i0.wp.com\/ffyh.unc.edu.ar\/biblioteca\/wp-content\/uploads\/sites\/4\/2018\/05\/n-1.jpg?resize=589%2C442\" alt=\"\" width=\"589\" height=\"442\" srcset=\"https:\/\/i0.wp.com\/ffyh.unc.edu.ar\/biblioteca\/wp-content\/uploads\/sites\/4\/2018\/05\/n-1.jpg?w=744&amp;ssl=1 744w, https:\/\/i0.wp.com\/ffyh.unc.edu.ar\/biblioteca\/wp-content\/uploads\/sites\/4\/2018\/05\/n-1.jpg?resize=300%2C225&amp;ssl=1 300w\" sizes=\"auto, (max-width: 589px) 100vw, 589px\" \/><\/p>\n<p style=\"text-align: justify\">Contiene material de folklore, etnolog\u00eda, arqueolog\u00eda, m\u00fasica, religi\u00f3n y ling\u00fc\u00edstica. Su acervo est\u00e1 compuesto por 5000 libros, 3000 folletos y 400 t\u00edtulos de publicaciones peri\u00f3dicas. Se puede destacar en la colecci\u00f3n de materiales valiosos y \u00fanicos libros editados en 1800 y obras de Florentino Ameghino, Max Hule, Adam Quiroga, Pedro de Angelis, Anibal Montes, Antonio Serrano, Alberto Rex Gonz\u00e1lez, etc., y las ediciones facsimilares de c\u00f3dices como el Bodley, Peresianus, Azoyu, Borgia, Borb\u00f3nico, Dresde, etc., diccionarios de lenguas abor\u00edgenes, cr\u00f3nicas, etc.<\/p>\n<p style=\"text-align: justify\">Est\u00e1 orientada especialmente a investigadores, eruditos y estudiosos de disciplinas como arqueolog\u00eda, antropolog\u00eda, m\u00fasica, ling\u00fcistas, y a alumnos especialmente de Historia, Antropolog\u00eda, Artes y otras carreras vinculadas con ciencias sociales.<\/p>\n<p><img data-recalc-dims=\"1\" loading=\"lazy\" decoding=\"async\" data-attachment-id=\"2600\" data-permalink=\"https:\/\/ffyh.unc.edu.ar\/biblioteca\/mas-informacion-sobre-el-dpto-de-estudios-americanistas-y-de-antropologia\/q-2\/\" data-orig-file=\"https:\/\/i0.wp.com\/ffyh.unc.edu.ar\/biblioteca\/wp-content\/uploads\/sites\/4\/2018\/05\/q-1.jpg?fit=718%2C1024&amp;ssl=1\" data-orig-size=\"718,1024\" data-comments-opened=\"0\" data-image-meta=\"{&quot;aperture&quot;:&quot;0&quot;,&quot;credit&quot;:&quot;&quot;,&quot;camera&quot;:&quot;&quot;,&quot;caption&quot;:&quot;&quot;,&quot;created_timestamp&quot;:&quot;0&quot;,&quot;copyright&quot;:&quot;&quot;,&quot;focal_length&quot;:&quot;0&quot;,&quot;iso&quot;:&quot;0&quot;,&quot;shutter_speed&quot;:&quot;0&quot;,&quot;title&quot;:&quot;&quot;,&quot;orientation&quot;:&quot;0&quot;}\" data-image-title=\"q\" data-image-description=\"\" data-image-caption=\"\" data-medium-file=\"https:\/\/i0.wp.com\/ffyh.unc.edu.ar\/biblioteca\/wp-content\/uploads\/sites\/4\/2018\/05\/q-1.jpg?fit=210%2C300&amp;ssl=1\" data-large-file=\"https:\/\/i0.wp.com\/ffyh.unc.edu.ar\/biblioteca\/wp-content\/uploads\/sites\/4\/2018\/05\/q-1.jpg?fit=718%2C1024&amp;ssl=1\" class=\"wp-image-2600 aligncenter\" src=\"https:\/\/i0.wp.com\/ffyh.unc.edu.ar\/biblioteca\/wp-content\/uploads\/sites\/4\/2018\/05\/q-1.jpg?resize=584%2C833\" alt=\"\" width=\"584\" height=\"833\" srcset=\"https:\/\/i0.wp.com\/ffyh.unc.edu.ar\/biblioteca\/wp-content\/uploads\/sites\/4\/2018\/05\/q-1.jpg?w=718&amp;ssl=1 718w, https:\/\/i0.wp.com\/ffyh.unc.edu.ar\/biblioteca\/wp-content\/uploads\/sites\/4\/2018\/05\/q-1.jpg?resize=210%2C300&amp;ssl=1 210w\" sizes=\"auto, (max-width: 584px) 100vw, 584px\" \/><\/p>\n<p><strong>PROYECTOS DE AMBOS SECTORES<\/strong><\/p>\n<ol>\n<li>\n<p style=\"text-align: justify\"><strong>Reconversi\u00f3n de cat\u00e1logo<\/strong>: completar una base de datos actualizada que permita la recuperaci\u00f3n fiable y \u00e1gil de todo el material que conforma el departamento para facilitar el trabajo de investigaci\u00f3n y estudio a sus numerosos usuarios. Tambi\u00e9n la reconversi\u00f3n implica facilitar la integraci\u00f3n a cat\u00e1logos colectivos, como el de la Biblioteca Nacional de Fondos Antiguos de la Rep\u00fablica Argentina y el de la Biblioteca Nacional de Espa\u00f1a de Fondos Antiguos de Hispanoam\u00e9rica.\u00a0 Tambi\u00e9n se ha completado hace unos a\u00f1os la incorporaci\u00f3n de los diarios, en su mayor\u00eda del siglo XIX, a la base de revistas de la Biblioteca.<\/p>\n<\/li>\n<li><strong>Procesamiento de materiales especiales<\/strong><\/li>\n<\/ol>\n<ul>\n<li>\n<p style=\"text-align: justify\"><strong>Fotograf\u00edas.<\/strong>Proyecto en curso. El Departamento posee material fotogr\u00e1fico.<\/p>\n<\/li>\n<li>\n<p style=\"text-align: justify\"><strong>Material cartogr\u00e1fico<em>.\u00a0<\/em><\/strong>Incluye planos, cartas topogr\u00e1ficas y mapas.<\/p>\n<\/li>\n<li>\n<p style=\"text-align: justify\"><strong>Apuntes de Monse\u00f1or Pablo Cabrera.\u00a0<\/strong>Manuscritos personales de obras editas e in\u00e9ditas de su autor\u00eda y notas de investigaci\u00f3n.<\/p>\n<\/li>\n<li>\n<p style=\"text-align: justify\"><strong>Papeles del ex Instituto de Estudios Americanistas:<\/strong>\u00a0Materiales vinculados con los procesos acad\u00e9micos y administrativos del instituto. Interesante material para investigadores para lo cual se deber\u00eda componer un equipo interdisciplinario de historiadores, archiv\u00f3logos y bibliotec\u00f3logos.<\/p>\n<\/li>\n<\/ul>\n<p style=\"text-align: right\"><a href=\"https:\/\/ffyh.unc.edu.ar\/biblioteca\/dpto-de-estudios-americanistas-y-de-antropologia\/\">VOLVER<\/a><\/p>\n","protected":false},"excerpt":{"rendered":"<div class=\"entry-summary\">\nSECTOR ESTUDIOS AMERICANISTAS La Biblioteca, creada en el a\u00f1o 1936 para honrar la memoria de Monse\u00f1or Pablo Cabrera, surgi\u00f3 como&hellip;\n<\/div>\n<div class=\"link-more\"><a href=\"https:\/\/ffyh.unc.edu.ar\/biblioteca\/mas-informacion-sobre-el-dpto-de-estudios-americanistas-y-de-antropologia\/\" class=\"more-link\">Continuar leyendo<span class=\"screen-reader-text\"> &ldquo;M\u00e1s informaci\u00f3n sobre el Dpto. de Estudios Americanistas y de Antropolog\u00eda&rdquo;<\/span>&hellip;<\/a><\/div>\n","protected":false},"author":7,"featured_media":0,"parent":0,"menu_order":0,"comment_status":"closed","ping_status":"closed","template":"","meta":{"_acf_changed":false,"jetpack_post_was_ever_published":false,"footnotes":""},"class_list":["post-2595","page","type-page","status-publish","hentry","entry"],"acf":[],"jetpack_shortlink":"https:\/\/wp.me\/P9UJM9-FR","jetpack-related-posts":[],"jetpack_sharing_enabled":true,"_links":{"self":[{"href":"https:\/\/ffyh.unc.edu.ar\/biblioteca\/wp-json\/wp\/v2\/pages\/2595","targetHints":{"allow":["GET"]}}],"collection":[{"href":"https:\/\/ffyh.unc.edu.ar\/biblioteca\/wp-json\/wp\/v2\/pages"}],"about":[{"href":"https:\/\/ffyh.unc.edu.ar\/biblioteca\/wp-json\/wp\/v2\/types\/page"}],"author":[{"embeddable":true,"href":"https:\/\/ffyh.unc.edu.ar\/biblioteca\/wp-json\/wp\/v2\/users\/7"}],"replies":[{"embeddable":true,"href":"https:\/\/ffyh.unc.edu.ar\/biblioteca\/wp-json\/wp\/v2\/comments?post=2595"}],"version-history":[{"count":16,"href":"https:\/\/ffyh.unc.edu.ar\/biblioteca\/wp-json\/wp\/v2\/pages\/2595\/revisions"}],"predecessor-version":[{"id":5266,"href":"https:\/\/ffyh.unc.edu.ar\/biblioteca\/wp-json\/wp\/v2\/pages\/2595\/revisions\/5266"}],"wp:attachment":[{"href":"https:\/\/ffyh.unc.edu.ar\/biblioteca\/wp-json\/wp\/v2\/media?parent=2595"}],"curies":[{"name":"wp","href":"https:\/\/api.w.org\/{rel}","templated":true}]}}