{"id":2609,"date":"2018-05-23T18:59:34","date_gmt":"2018-05-23T18:59:34","guid":{"rendered":"http:\/\/ffyh.unc.edu.ar\/biblioteca\/?page_id=2609"},"modified":"2018-05-30T20:20:08","modified_gmt":"2018-05-30T20:20:08","slug":"mas-informacion-sobre-el-dpto-de-hemeroteca","status":"publish","type":"page","link":"https:\/\/ffyh.unc.edu.ar\/biblioteca\/mas-informacion-sobre-el-dpto-de-hemeroteca\/","title":{"rendered":"M\u00e1s informaci\u00f3n sobre el Dpto. de Hemeroteca"},"content":{"rendered":"<p style=\"text-align: justify\"><span style=\"font-size: 14pt\">Las publicaciones peri\u00f3dicas, en formato impreso o electr\u00f3nico, constituyen una de las fuentes de informaci\u00f3n de mayor importancia en las bibliotecas universitarias y\/o acad\u00e9micas : ofrecen informaci\u00f3n de vanguardia y actualizada, mucha de ella no disponibles en libros, permiten conocer las corrientes de inter\u00e9s u opini\u00f3n p\u00fablica, complementan la literatura propia de cada materia.<\/span><\/p>\n<p style=\"text-align: justify\"><span style=\"font-size: 14pt\">El Dpto.\u00a0<strong>\u00abHemeroteca\u00bb\u00a0<\/strong>gestiona la colecci\u00f3n de publicaciones peri\u00f3dicas de la biblioteca de aproximadamente 3500 t\u00edtulos, que cubren las \u00e1reas de Filosof\u00eda, Psicolog\u00eda, Ciencias de la Educaci\u00f3n, Historia, Letras Modernas y Cl\u00e1sicas, Bibliotecolog\u00eda y Archivolog\u00eda. Incluye\u00a0 los t\u00edtulos de revistas de la Secci\u00f3n de Antropolog\u00eda. Dentro de su acervo se cuentan revistas muy importantes como: \u201cSur\u201d Fundada y dirigida por Victoria Ocampo (1891-1979),Sur se convirti\u00f3 en una de las m\u00e1s importantes revistas literarias del mundo, \u201cNosotros\u201d (1907-1943)<strong>,<\/strong>\u201cRevista de Occidente (1923-2010).<\/span><\/p>\n<p style=\"text-align: justify\"><img data-recalc-dims=\"1\" loading=\"lazy\" decoding=\"async\" data-attachment-id=\"2443\" data-permalink=\"https:\/\/ffyh.unc.edu.ar\/biblioteca\/dpto-de-hemeroteca\/q\/\" data-orig-file=\"https:\/\/i0.wp.com\/ffyh.unc.edu.ar\/biblioteca\/wp-content\/uploads\/sites\/4\/2018\/05\/q.jpg?fit=744%2C558&amp;ssl=1\" data-orig-size=\"744,558\" data-comments-opened=\"0\" data-image-meta=\"{&quot;aperture&quot;:&quot;0&quot;,&quot;credit&quot;:&quot;&quot;,&quot;camera&quot;:&quot;&quot;,&quot;caption&quot;:&quot;&quot;,&quot;created_timestamp&quot;:&quot;0&quot;,&quot;copyright&quot;:&quot;&quot;,&quot;focal_length&quot;:&quot;0&quot;,&quot;iso&quot;:&quot;0&quot;,&quot;shutter_speed&quot;:&quot;0&quot;,&quot;title&quot;:&quot;&quot;,&quot;orientation&quot;:&quot;0&quot;}\" data-image-title=\"q\" data-image-description=\"\" data-image-caption=\"\" data-medium-file=\"https:\/\/i0.wp.com\/ffyh.unc.edu.ar\/biblioteca\/wp-content\/uploads\/sites\/4\/2018\/05\/q.jpg?fit=300%2C225&amp;ssl=1\" data-large-file=\"https:\/\/i0.wp.com\/ffyh.unc.edu.ar\/biblioteca\/wp-content\/uploads\/sites\/4\/2018\/05\/q.jpg?fit=744%2C558&amp;ssl=1\" class=\"size-full wp-image-2443 aligncenter\" src=\"https:\/\/i0.wp.com\/ffyh.unc.edu.ar\/biblioteca\/wp-content\/uploads\/sites\/4\/2018\/05\/q.jpg?resize=744%2C558\" alt=\"\" width=\"744\" height=\"558\" srcset=\"https:\/\/i0.wp.com\/ffyh.unc.edu.ar\/biblioteca\/wp-content\/uploads\/sites\/4\/2018\/05\/q.jpg?w=744&amp;ssl=1 744w, https:\/\/i0.wp.com\/ffyh.unc.edu.ar\/biblioteca\/wp-content\/uploads\/sites\/4\/2018\/05\/q.jpg?resize=300%2C225&amp;ssl=1 300w\" sizes=\"auto, (max-width: 744px) 100vw, 744px\" \/><\/p>\n<p style=\"text-align: justify\"><span style=\"font-size: 14pt\">Durante el 2010 se incorporaron nuevos t\u00edtulos para la Facultad de Psicolog\u00eda como ser: Vertex (20 a\u00f1os), Revista de Historia de la Psicolog\u00eda (colecci\u00f3n completa), Psicolog\u00eda Conductual (10 a\u00f1os), Revista Mexicana de Psicolog\u00eda (colecci\u00f3n completa), Mente y Cerebro (9 a\u00f1os), Psicolog\u00eda Social (2010).<\/span><\/p>\n<p style=\"text-align: justify\"><span style=\"font-size: 14pt\">La base de datos de las publicaciones peri\u00f3dicas siempre estuvo separada de la base de libros y en otro formato, con la incorporaci\u00f3n a la Biblioteca del Sistema Integrado Koha, se debi\u00f3 hacer la reconversi\u00f3n de los registros al formato bibliogr\u00e1fico MARC21, y as\u00ed paso a formar parte, junto con los libros, de un \u00fanico cat\u00e1logo general.<\/span><\/p>\n<p style=\"text-align: justify\"><span style=\"font-size: 14pt\">Algunas revistas ya presentan sus \u00edndices incorporados a los registros y pr\u00f3ximamente se ir\u00e1n incorporando todos los \u00edndices de las revistas m\u00e1s consultadas.<\/span><\/p>\n","protected":false},"excerpt":{"rendered":"<div class=\"entry-summary\">\nLas publicaciones peri\u00f3dicas, en formato impreso o electr\u00f3nico, constituyen una de las fuentes de informaci\u00f3n de mayor importancia en las&hellip;\n<\/div>\n<div class=\"link-more\"><a href=\"https:\/\/ffyh.unc.edu.ar\/biblioteca\/mas-informacion-sobre-el-dpto-de-hemeroteca\/\" class=\"more-link\">Continuar leyendo<span class=\"screen-reader-text\"> &ldquo;M\u00e1s informaci\u00f3n sobre el Dpto. de Hemeroteca&rdquo;<\/span>&hellip;<\/a><\/div>\n","protected":false},"author":7,"featured_media":0,"parent":0,"menu_order":0,"comment_status":"closed","ping_status":"closed","template":"","meta":{"_acf_changed":false,"jetpack_post_was_ever_published":false,"footnotes":""},"class_list":["post-2609","page","type-page","status-publish","hentry","entry"],"acf":[],"jetpack_shortlink":"https:\/\/wp.me\/P9UJM9-G5","jetpack-related-posts":[],"jetpack_sharing_enabled":true,"_links":{"self":[{"href":"https:\/\/ffyh.unc.edu.ar\/biblioteca\/wp-json\/wp\/v2\/pages\/2609","targetHints":{"allow":["GET"]}}],"collection":[{"href":"https:\/\/ffyh.unc.edu.ar\/biblioteca\/wp-json\/wp\/v2\/pages"}],"about":[{"href":"https:\/\/ffyh.unc.edu.ar\/biblioteca\/wp-json\/wp\/v2\/types\/page"}],"author":[{"embeddable":true,"href":"https:\/\/ffyh.unc.edu.ar\/biblioteca\/wp-json\/wp\/v2\/users\/7"}],"replies":[{"embeddable":true,"href":"https:\/\/ffyh.unc.edu.ar\/biblioteca\/wp-json\/wp\/v2\/comments?post=2609"}],"version-history":[{"count":3,"href":"https:\/\/ffyh.unc.edu.ar\/biblioteca\/wp-json\/wp\/v2\/pages\/2609\/revisions"}],"predecessor-version":[{"id":2688,"href":"https:\/\/ffyh.unc.edu.ar\/biblioteca\/wp-json\/wp\/v2\/pages\/2609\/revisions\/2688"}],"wp:attachment":[{"href":"https:\/\/ffyh.unc.edu.ar\/biblioteca\/wp-json\/wp\/v2\/media?parent=2609"}],"curies":[{"name":"wp","href":"https:\/\/api.w.org\/{rel}","templated":true}]}}