{"id":2661,"date":"2018-06-05T18:02:01","date_gmt":"2018-06-05T18:02:01","guid":{"rendered":"http:\/\/ffyh.unc.edu.ar\/biblioteca\/?page_id=2661"},"modified":"2018-06-05T18:02:01","modified_gmt":"2018-06-05T18:02:01","slug":"formulario-rdu","status":"publish","type":"page","link":"https:\/\/ffyh.unc.edu.ar\/biblioteca\/formulario-rdu\/","title":{"rendered":"Formulario RDU"},"content":{"rendered":"\n<div class=\"wpcf7 no-js\" id=\"wpcf7-f2660-o1\" lang=\"es-ES\" dir=\"ltr\" data-wpcf7-id=\"2660\">\n<div class=\"screen-reader-response\"><p role=\"status\" aria-live=\"polite\" aria-atomic=\"true\"><\/p> <ul><\/ul><\/div>\n<form action=\"\/biblioteca\/wp-json\/wp\/v2\/pages\/2661#wpcf7-f2660-o1\" method=\"post\" class=\"wpcf7-form init\" aria-label=\"Formulario de contacto\" novalidate=\"novalidate\" data-status=\"init\">\n<fieldset class=\"hidden-fields-container\"><input type=\"hidden\" name=\"_wpcf7\" value=\"2660\" \/><input type=\"hidden\" name=\"_wpcf7_version\" value=\"6.1.5\" \/><input type=\"hidden\" name=\"_wpcf7_locale\" value=\"es_ES\" \/><input type=\"hidden\" name=\"_wpcf7_unit_tag\" value=\"wpcf7-f2660-o1\" \/><input type=\"hidden\" name=\"_wpcf7_container_post\" value=\"0\" \/><input type=\"hidden\" name=\"_wpcf7_posted_data_hash\" value=\"\" \/><input type=\"hidden\" name=\"_wpcf7_recaptcha_response\" value=\"\" \/>\n<\/fieldset>\n<p><label>T\u00edtulo completo de la tesis:*<br \/>\n<span class=\"wpcf7-form-control-wrap\" data-name=\"titulo\"><input size=\"40\" maxlength=\"400\" class=\"wpcf7-form-control wpcf7-text wpcf7-validates-as-required\" aria-required=\"true\" aria-invalid=\"false\" value=\"\" type=\"text\" name=\"titulo\" \/><\/span> <\/label>\n<\/p>\n<p><label> Apellido y nombre completo de los autores:*<br \/>\n<span class=\"wpcf7-form-control-wrap\" data-name=\"autores\"><input size=\"40\" maxlength=\"400\" class=\"wpcf7-form-control wpcf7-text wpcf7-validates-as-required\" aria-required=\"true\" aria-invalid=\"false\" value=\"\" type=\"text\" name=\"autores\" \/><\/span> <\/label>\n<\/p>\n<p><label>Palabras clave de las materias:*<br \/>\n<span class=\"wpcf7-form-control-wrap\" data-name=\"palabras\"><input size=\"40\" maxlength=\"400\" class=\"wpcf7-form-control wpcf7-text wpcf7-validates-as-required\" aria-required=\"true\" aria-invalid=\"false\" value=\"\" type=\"text\" name=\"palabras\" \/><\/span> <\/label>\n<\/p>\n<p><label>Resumen:*<br \/>\n<span class=\"wpcf7-form-control-wrap\" data-name=\"resumen\"><input size=\"40\" maxlength=\"400\" class=\"wpcf7-form-control wpcf7-text wpcf7-validates-as-required\" aria-required=\"true\" aria-invalid=\"false\" value=\"\" type=\"text\" name=\"resumen\" \/><\/span> <\/label>\n<\/p>\n<p><label>T\u00edtulo al que opta:*<br \/>\n<span class=\"wpcf7-form-control-wrap\" data-name=\"descripcion\"><input size=\"40\" maxlength=\"400\" class=\"wpcf7-form-control wpcf7-text wpcf7-validates-as-required\" aria-required=\"true\" aria-invalid=\"false\" value=\"\" type=\"text\" name=\"descripcion\" \/><\/span> <\/label>\n<\/p>\n<p><label>Apellido y nombre completo del director de tesis:*<br \/>\n<span class=\"wpcf7-form-control-wrap\" data-name=\"director\"><input size=\"40\" maxlength=\"400\" class=\"wpcf7-form-control wpcf7-text wpcf7-validates-as-required\" aria-required=\"true\" aria-invalid=\"false\" value=\"\" type=\"text\" name=\"director\" \/><\/span> <\/label>\n<\/p>\n<p><label> Apellido y nombre completo de los colaboradores de tesis:<br \/>\n<span class=\"wpcf7-form-control-wrap\" data-name=\"colaboradores\"><input size=\"40\" maxlength=\"400\" class=\"wpcf7-form-control wpcf7-text\" aria-invalid=\"false\" value=\"\" type=\"text\" name=\"colaboradores\" \/><\/span> <\/label>\n<\/p>\n<p><label>Fecha de aprobaci\u00f3n:*<br \/>\n<span class=\"wpcf7-form-control-wrap\" data-name=\"fecha\"><input class=\"wpcf7-form-control wpcf7-date wpcf7-validates-as-required wpcf7-validates-as-date\" aria-required=\"true\" aria-invalid=\"false\" value=\"\" type=\"date\" name=\"fecha\" \/><\/span> <\/label>\n<\/p>\n<p><label> Email del usuario:*<br \/>\n<span class=\"wpcf7-form-control-wrap\" data-name=\"mail\"><input size=\"40\" maxlength=\"400\" class=\"wpcf7-form-control wpcf7-email wpcf7-validates-as-required wpcf7-text wpcf7-validates-as-email\" aria-required=\"true\" aria-invalid=\"false\" value=\"\" type=\"email\" name=\"mail\" \/><\/span> <\/label>\n<\/p>\n<p>LICENCIE SU TRABAJO\n<\/p>\n<p>\u00bfQuiere permitir usos comerciales de su obra?*<br \/>\n<span class=\"wpcf7-form-control-wrap\" data-name=\"radio-22\"><span class=\"wpcf7-form-control wpcf7-radio\" id=\"usos\"><span class=\"wpcf7-list-item first\"><label><input type=\"radio\" name=\"radio-22\" value=\"Compartir igual\" checked=\"checked\" \/><span class=\"wpcf7-list-item-label\">Compartir igual<\/span><\/label><\/span><span class=\"wpcf7-list-item\"><label><input type=\"radio\" name=\"radio-22\" value=\"Si\" \/><span class=\"wpcf7-list-item-label\">Si<\/span><\/label><\/span><span class=\"wpcf7-list-item last\"><label><input type=\"radio\" name=\"radio-22\" value=\"No\" \/><span class=\"wpcf7-list-item-label\">No<\/span><\/label><\/span><\/span><\/span>\n<\/p>\n<p>\u00bfQuiere permitir modificaciones de su obra?*<br \/>\n<span class=\"wpcf7-form-control-wrap\" data-name=\"radio-954\"><span class=\"wpcf7-form-control wpcf7-radio\" id=\"modificaciones\"><span class=\"wpcf7-list-item first\"><label><input type=\"radio\" name=\"radio-954\" value=\"Si\" checked=\"checked\" \/><span class=\"wpcf7-list-item-label\">Si<\/span><\/label><\/span><span class=\"wpcf7-list-item last\"><label><input type=\"radio\" name=\"radio-954\" value=\"No\" \/><span class=\"wpcf7-list-item-label\">No<\/span><\/label><\/span><\/span><\/span>\n<\/p>\n<p>LICENCIA DE DISTRIBUCI\u00d3N:\n<\/p>\n<p style=\"text-align: justify;\">Queda un \u00faltimo paso: para permitir a RDU reproducir, traducir y distribuir su env\u00edo a trav\u00e9s del mundo, necesitamos su conformidad en los siguientes t\u00e9rminos.\n<\/p>\n<p style=\"text-align: justify;\">Conceda la licencia de distribuci\u00f3n est\u00e1ndar seleccionando 'Conceder licencia' y pulsando 'Completar env\u00edo'.\n<\/p>\n<p>Licencia de Distribuci\u00f3n No Exclusiva\n<\/p>\n<p style=\"text-align: justify;\">Para que el Repositorio de la Universidad Nacional de C\u00f3rdoba pueda reproducir y comunicar p\u00fablicamente su documento es necesario la aceptaci\u00f3n de los siguientes t\u00e9rminos. Por favor, lea las siguientes condiciones de licencia:\n<\/p>\n<p style=\"text-align: justify;\">1. Aceptando esta licencia, usted (el autor\/es o el propietario\/s de los derechos de autor) garantiza a la Universidad Nacional de C\u00f3rdoba el derecho no exclusivo de archivar, reproducir, convertir (como se define m\u00e1s abajo), comunicar y\/o distribuir su documento mundialmente en formato electr\u00f3nico.\n<\/p>\n<p style=\"text-align: justify;\">2. Tambi\u00e9n est\u00e1 de acuerdo con que la Universidad Nacional de C\u00f3rdoba pueda conservar m\u00e1s de una copia de este documento y, sin alterar su contenido, convertirlo a cualquier formato de fichero, medio o soporte, para prop\u00f3sitos de seguridad, preservaci\u00f3n y acceso.\n<\/p>\n<p style=\"text-align: justify;\">3. Declara que el documento es un trabajo original suyo y\/o que tiene el derecho para otorgar los derechos contenidos en esta licencia. Tambi\u00e9n declara que su documento no infringe, en tanto en cuanto le sea posible saber, los derechos de autor de ninguna otra persona o entidad.\n<\/p>\n<p style=\"text-align: justify;\">4. Si el documento contiene materiales de los cuales no tiene los derechos de autor, declara que ha obtenido el permiso sin restricci\u00f3n del propietario de los derechos de autor para otorgar a la Universidad Nacional de C\u00f3rdoba los derechos requeridos por esta licencia, y que ese material cuyos derechos son de terceros est\u00e1 claramente identificado y reconocido en el texto o contenido del documento entregado.\n<\/p>\n<p style=\"text-align: justify;\">5. Si el documento se basa en una obra que ha sido patrocinada o apoyada por una agencia u organizaci\u00f3n diferente de la Universidad Nacional de C\u00f3rdoba, se presupone que se ha cumplido con cualquier derecho de revisi\u00f3n u otras obligaciones requeridas por este contrato o acuerdo.\n<\/p>\n<p style=\"text-align: justify;\">6. La Universidad Nacional de C\u00f3rdoba identificar\u00e1 claramente su\/s nombre\/s como el\/los autor\/es o propietario\/s de los derechos del documento, y no har\u00e1 ninguna alteraci\u00f3n de su documento diferente a las permitidas en esta licencia.\n<\/p>\n<p style=\"text-align: justify;\">Si tiene alguna duda sobre la licencia, por favor, contacte con el administrador del sistema.\n<\/p>\n<p>Licencia de distribuci\u00f3n\u00a0 \u00a0\u00a0\u00a0\u00a0\u00a0<br \/>\n<span class=\"wpcf7-form-control-wrap\" data-name=\"acceptance-318\"><span class=\"wpcf7-form-control wpcf7-acceptance\"><span class=\"wpcf7-list-item\"><label><input type=\"checkbox\" name=\"acceptance-318\" value=\"1\" id=\"conceder\" aria-invalid=\"false\" \/><span class=\"wpcf7-list-item-label\">Conceder licencia<\/span><\/label><\/span><\/span><\/span>\n<\/p>\n<p><input class=\"wpcf7-form-control wpcf7-submit has-spinner\" type=\"submit\" value=\"Enviar\" \/>\n<\/p><p style=\"display: none !important;\" class=\"akismet-fields-container\" data-prefix=\"_wpcf7_ak_\"><label>&#916;<textarea name=\"_wpcf7_ak_hp_textarea\" cols=\"45\" rows=\"8\" maxlength=\"100\"><\/textarea><\/label><input type=\"hidden\" id=\"ak_js_1\" name=\"_wpcf7_ak_js\" value=\"83\"\/><script>document.getElementById( \"ak_js_1\" ).setAttribute( \"value\", ( new Date() ).getTime() );<\/script><\/p><div class=\"wpcf7-response-output\" aria-hidden=\"true\"><\/div>\n<\/form>\n<\/div>\n\n","protected":false},"excerpt":{"rendered":"<div class=\"link-more\"><a href=\"https:\/\/ffyh.unc.edu.ar\/biblioteca\/formulario-rdu\/\" class=\"more-link\">Continuar leyendo<span class=\"screen-reader-text\"> &ldquo;Formulario RDU&rdquo;<\/span>&hellip;<\/a><\/div>\n","protected":false},"author":7,"featured_media":0,"parent":0,"menu_order":0,"comment_status":"closed","ping_status":"closed","template":"","meta":{"_acf_changed":false,"jetpack_post_was_ever_published":false,"footnotes":""},"class_list":["post-2661","page","type-page","status-publish","hentry","entry"],"acf":[],"jetpack_shortlink":"https:\/\/wp.me\/P9UJM9-GV","jetpack-related-posts":[],"jetpack_sharing_enabled":true,"_links":{"self":[{"href":"https:\/\/ffyh.unc.edu.ar\/biblioteca\/wp-json\/wp\/v2\/pages\/2661","targetHints":{"allow":["GET"]}}],"collection":[{"href":"https:\/\/ffyh.unc.edu.ar\/biblioteca\/wp-json\/wp\/v2\/pages"}],"about":[{"href":"https:\/\/ffyh.unc.edu.ar\/biblioteca\/wp-json\/wp\/v2\/types\/page"}],"author":[{"embeddable":true,"href":"https:\/\/ffyh.unc.edu.ar\/biblioteca\/wp-json\/wp\/v2\/users\/7"}],"replies":[{"embeddable":true,"href":"https:\/\/ffyh.unc.edu.ar\/biblioteca\/wp-json\/wp\/v2\/comments?post=2661"}],"version-history":[{"count":1,"href":"https:\/\/ffyh.unc.edu.ar\/biblioteca\/wp-json\/wp\/v2\/pages\/2661\/revisions"}],"predecessor-version":[{"id":2662,"href":"https:\/\/ffyh.unc.edu.ar\/biblioteca\/wp-json\/wp\/v2\/pages\/2661\/revisions\/2662"}],"wp:attachment":[{"href":"https:\/\/ffyh.unc.edu.ar\/biblioteca\/wp-json\/wp\/v2\/media?parent=2661"}],"curies":[{"name":"wp","href":"https:\/\/api.w.org\/{rel}","templated":true}]}}