{"id":2846,"date":"2018-06-12T19:14:09","date_gmt":"2018-06-12T19:14:09","guid":{"rendered":"http:\/\/ffyh.unc.edu.ar\/biblioteca\/?page_id=2846"},"modified":"2018-06-12T19:14:09","modified_gmt":"2018-06-12T19:14:09","slug":"politicas-de-comunicacion-2","status":"publish","type":"page","link":"https:\/\/ffyh.unc.edu.ar\/biblioteca\/politicas-de-comunicacion-2\/","title":{"rendered":"Pol\u00edticas de Comunicaci\u00f3n"},"content":{"rendered":"<ul>\n<li><span style=\"font-size: 14pt\"><strong>Comunicaci\u00f3n externa<\/strong><\/span><\/li>\n<\/ul>\n<p style=\"text-align: justify\"><span style=\"font-size: 14pt\"><strong>Biblioteca FFyH \u2013 PSI (lista de distribuci\u00f3n PRESTA LISTA).\u00a0<\/strong>Comunicaci\u00f3n con los lectores e Instituciones \u00a0asociados a la Biblioteca, acerca de las operatorias previstas a lo largo del a\u00f1o como: pr\u00e9stamos de verano, cambio de horario, receso invernal, cierre imprevisto, etc.<\/span><\/p>\n<p style=\"text-align: justify\"><span style=\"font-size: 14pt\"><strong>\u00a0<\/strong>El objetivo de la comunicaci\u00f3n con el afuera es: Informar acerca de las actividades, productos o servicios de la instituci\u00f3n. Difundir las actividades de extensi\u00f3n: presentaci\u00f3n de libros, etc.-<br \/>\n<\/span><\/p>\n<ul>\n<li style=\"text-align: justify\"><span style=\"font-size: 14pt\"><strong>\u00a0Comunicaci\u00f3n interna<\/strong><\/span><\/li>\n<\/ul>\n<p style=\"text-align: justify\"><span style=\"font-size: 14pt\"><strong>Comunicaci\u00f3n Biblioteca FFyH &#8211; Psi.\u00a0<\/strong>Temas de \u00edndole Institucional, operatorias y\/o pol\u00edticas de la Biblioteca, reglamentaciones, convocatoria a reuniones, etc.<\/span><\/p>\n<p style=\"text-align: justify\"><span style=\"font-size: 14pt\"><strong>Biblioteca Central de Filosof\u00eda.\u00a0<\/strong>Novedades, cursos, pedidos de los usuarios u otras Instituciones, son respondidas o reenviadas en funci\u00f3n de su naturaleza, a los distintos departamentos de la Biblioteca.<\/span><\/p>\n<p style=\"text-align: justify\"><span style=\"font-size: 14pt\">El Departamento difundir\u00e1 informaci\u00f3n de car\u00e1cter informativo del \u00e1mbito bibliotecario. Oferta de cursos, congresos, etc. relacionados con la profesi\u00f3n, organizados por la propia Biblioteca, Universidad o cualquier otra instituci\u00f3n.<\/span><\/p>\n<p style=\"text-align: justify\"><span style=\"font-size: 14pt\">Informaci\u00f3n espec\u00edfica de la Biblioteca: reuniones de personal, operatorias, etc.<\/span><\/p>\n","protected":false},"excerpt":{"rendered":"<div class=\"entry-summary\">\nComunicaci\u00f3n externa Biblioteca FFyH \u2013 PSI (lista de distribuci\u00f3n PRESTA LISTA).\u00a0Comunicaci\u00f3n con los lectores e Instituciones \u00a0asociados a la Biblioteca,&hellip;\n<\/div>\n<div class=\"link-more\"><a href=\"https:\/\/ffyh.unc.edu.ar\/biblioteca\/politicas-de-comunicacion-2\/\" class=\"more-link\">Continuar leyendo<span class=\"screen-reader-text\"> &ldquo;Pol\u00edticas de Comunicaci\u00f3n&rdquo;<\/span>&hellip;<\/a><\/div>\n","protected":false},"author":7,"featured_media":0,"parent":0,"menu_order":0,"comment_status":"closed","ping_status":"closed","template":"","meta":{"_acf_changed":false,"jetpack_post_was_ever_published":false,"footnotes":""},"class_list":["post-2846","page","type-page","status-publish","hentry","entry"],"acf":[],"jetpack_shortlink":"https:\/\/wp.me\/P9UJM9-JU","jetpack-related-posts":[],"jetpack_sharing_enabled":true,"_links":{"self":[{"href":"https:\/\/ffyh.unc.edu.ar\/biblioteca\/wp-json\/wp\/v2\/pages\/2846","targetHints":{"allow":["GET"]}}],"collection":[{"href":"https:\/\/ffyh.unc.edu.ar\/biblioteca\/wp-json\/wp\/v2\/pages"}],"about":[{"href":"https:\/\/ffyh.unc.edu.ar\/biblioteca\/wp-json\/wp\/v2\/types\/page"}],"author":[{"embeddable":true,"href":"https:\/\/ffyh.unc.edu.ar\/biblioteca\/wp-json\/wp\/v2\/users\/7"}],"replies":[{"embeddable":true,"href":"https:\/\/ffyh.unc.edu.ar\/biblioteca\/wp-json\/wp\/v2\/comments?post=2846"}],"version-history":[{"count":1,"href":"https:\/\/ffyh.unc.edu.ar\/biblioteca\/wp-json\/wp\/v2\/pages\/2846\/revisions"}],"predecessor-version":[{"id":2847,"href":"https:\/\/ffyh.unc.edu.ar\/biblioteca\/wp-json\/wp\/v2\/pages\/2846\/revisions\/2847"}],"wp:attachment":[{"href":"https:\/\/ffyh.unc.edu.ar\/biblioteca\/wp-json\/wp\/v2\/media?parent=2846"}],"curies":[{"name":"wp","href":"https:\/\/api.w.org\/{rel}","templated":true}]}}