{"id":2907,"date":"2018-07-24T19:54:18","date_gmt":"2018-07-24T19:54:18","guid":{"rendered":"http:\/\/ffyh.unc.edu.ar\/biblioteca\/?page_id=2907"},"modified":"2018-07-24T19:54:18","modified_gmt":"2018-07-24T19:54:18","slug":"licencias-creative-commons","status":"publish","type":"page","link":"https:\/\/ffyh.unc.edu.ar\/biblioteca\/licencias-creative-commons\/","title":{"rendered":"LICENCIAS CREATIVE COMMONS"},"content":{"rendered":"<p style=\"text-align: justify\">Las Licencias Creative Commons complementan el r\u00e9gimen legal de Derechos de Autor; con las licencias el autor autoriza el uso de su obra por terceros, en el contexto de Internet. El autor sigue manteniendo todos los derechos sobre su obra, as\u00ed por ejemplo, que una licencia CC indique la prohibici\u00f3n de hacer un uso comercial de \u00e9sta, no afecta en nada el derecho del autor a comercializar esa obra (las licencias afectan a los usuarios no a los autores que las utilizan).<\/p>\n<p style=\"text-align: justify\">Creative Commons establece cuatro condiciones de uso que, combinadas entre s\u00ed, dan lugar a seis licencias a escoger.\u00a0Todas las licencias implican el <em>reconocimiento de la autor\u00eda<\/em> de la obra.Creative Commons habilita la descarga, el uso y compartici\u00f3n de los contenidos siempre que se mencionen la obra y al autor original. en el momento de escoger una licencia Creative Commons, existen dos opciones para tener\u00a0 en cuenta: * si se van a permitir usos comerciales de la obra; *si se va a permitir hacer obras derivadas de la obra\u00a0 original.<\/p>\n","protected":false},"excerpt":{"rendered":"<div class=\"entry-summary\">\nLas Licencias Creative Commons complementan el r\u00e9gimen legal de Derechos de Autor; con las licencias el autor autoriza el uso&hellip;\n<\/div>\n<div class=\"link-more\"><a href=\"https:\/\/ffyh.unc.edu.ar\/biblioteca\/licencias-creative-commons\/\" class=\"more-link\">Continuar leyendo<span class=\"screen-reader-text\"> &ldquo;LICENCIAS CREATIVE COMMONS&rdquo;<\/span>&hellip;<\/a><\/div>\n","protected":false},"author":7,"featured_media":0,"parent":0,"menu_order":0,"comment_status":"closed","ping_status":"closed","template":"","meta":{"_acf_changed":false,"saved_in_kubio":false,"jetpack_post_was_ever_published":false,"footnotes":""},"class_list":["post-2907","page","type-page","status-publish","hentry","entry"],"acf":[],"kubio_ai_page_context":{"short_desc":"","purpose":"general"},"jetpack_shortlink":"https:\/\/wp.me\/P9UJM9-KT","jetpack-related-posts":[],"jetpack_sharing_enabled":true,"_links":{"self":[{"href":"https:\/\/ffyh.unc.edu.ar\/biblioteca\/wp-json\/wp\/v2\/pages\/2907","targetHints":{"allow":["GET"]}}],"collection":[{"href":"https:\/\/ffyh.unc.edu.ar\/biblioteca\/wp-json\/wp\/v2\/pages"}],"about":[{"href":"https:\/\/ffyh.unc.edu.ar\/biblioteca\/wp-json\/wp\/v2\/types\/page"}],"author":[{"embeddable":true,"href":"https:\/\/ffyh.unc.edu.ar\/biblioteca\/wp-json\/wp\/v2\/users\/7"}],"replies":[{"embeddable":true,"href":"https:\/\/ffyh.unc.edu.ar\/biblioteca\/wp-json\/wp\/v2\/comments?post=2907"}],"version-history":[{"count":1,"href":"https:\/\/ffyh.unc.edu.ar\/biblioteca\/wp-json\/wp\/v2\/pages\/2907\/revisions"}],"predecessor-version":[{"id":2908,"href":"https:\/\/ffyh.unc.edu.ar\/biblioteca\/wp-json\/wp\/v2\/pages\/2907\/revisions\/2908"}],"wp:attachment":[{"href":"https:\/\/ffyh.unc.edu.ar\/biblioteca\/wp-json\/wp\/v2\/media?parent=2907"}],"curies":[{"name":"wp","href":"https:\/\/api.w.org\/{rel}","templated":true}]}}